{"id":244867,"date":"2023-03-31T11:49:45","date_gmt":"2023-03-31T10:49:45","guid":{"rendered":"https:\/\/www.elche.es\/?page_id=244867"},"modified":"2023-03-31T12:07:51","modified_gmt":"2023-03-31T11:07:51","slug":"transparencia","status":"publish","type":"page","link":"https:\/\/www.elche.es\/va\/recursos-humans\/transparencia\/","title":{"rendered":"Transpar\u00e8ncia"},"content":{"rendered":"<div class=\"wpb-content-wrapper\"><p>[vc_row full_width=&#8221;stretch_row&#8221; css=&#8221;.vc_custom_1475488224066{background-color: #dddde0 !important;}&#8221;][vc_column][vc_column_text]<nav aria-label=\"breadcrumbs\">\n            <div class=\"breadcrumb-container theme1\">\n                <ol>\n                                    <\/ol>\n            <\/div>\n        <\/nav>    <script type=\"application\/ld+json\">\n        {\n            \"@context\": \"http:\/\/schema.org\",\n            \"@type\": \"BreadcrumbList\",\n            \"itemListElement\": [\n                            ]\n        }\n    <\/script>\n    <style type=\"text\/css\">\n        .breadcrumb-container {\n            font-size: 13px;\n        }\n\n        .breadcrumb-container ul {\n            margin: 0;\n            padding: 0;\n        }\n\n        .breadcrumb-container li {\n            box-sizing: unset;\n            display: inline-block;\n            margin: 0;\n            padding: 0;\n        }\n\n        .breadcrumb-container li a {\n            box-sizing: unset;\n            padding: 0 10px;\n        }\n\n        .breadcrumb-container {\n            font-size: 3 !important;\n                    }\n\n        .breadcrumb-container li a {\n            color: #0a0a0a !important;\n            font-size: 3 !important;\n            line-height: 3 !important;\n                    }\n\n        .breadcrumb-container li .separator {\n            font-size: 3 !important;\n                    }\n\n        .breadcrumb-container li:last-child .separator {\n            display: none;\n        }\n    <\/style>\n    <style type=\"text\/css\">\n        .breadcrumb-container.theme1 li {\n            margin: 0;\n            padding: 0;\n        }\n        .breadcrumb-container.theme1 a {\n            background: ;\n            display: inline-block;\n            margin: 0 5px;\n            padding: 5px 10px;\n            text-decoration: none;\n        }\n    <\/style>\n        <style type=\"text\/css\">\n            <\/style>\n    <script>\n            <\/script>\n[\/vc_column_text][\/vc_column][\/vc_row][vc_row type=&#8221;1&#8243; style=&#8221;regular&#8221; align=&#8221;none&#8221; font_size=&#8221;&#8221; font_weight=&#8221;inherit&#8221; color=&#8221;&#8221; icon=&#8221;inherit&#8221; image=&#8221;none&#8221; picture=&#8221;&#8221; image_size=&#8221;small&#8221; position=&#8221;left&#8221; id=&#8221;&#8221; class=&#8221;titulo-pagina&#8221; animation=&#8221;none&#8221; top=&#8221;small&#8221; bottom=&#8221;inherit&#8221; left=&#8221;inherit&#8221; right=&#8221;inherit&#8221;][vc_column]<h1 class=\"sc_title sc_title_regular titulo-pagina margin_top_small\">Transpar\u00e8ncia<\/h1>[\/vc_column][\/vc_row][vc_row css=&#8221;.vc_custom_1678971836942{background-color: #dddde0 !important;}&#8221; el_id=&#8221;bloque_basica&#8221;][vc_column]<h5 class=\"sc_title sc_title_regular subtitulosapartados \">Compatibilitats de personal<\/h5>[vc_column_text]Relaci\u00f3 del personal empleat p\u00fablic autoritzat per l&#8217;\u00f2rgan municipal competent per a compatibilitzar la seua activitat amb l&#8217;acompliment d&#8217;un segon lloc de treball, c\u00e0rrec o activitat en el sector p\u00fablic o privat.[\/vc_column_text][vc_tta_accordion active_section=&#8221;-0&#8243; css=&#8221;.vc_custom_1680258424878{margin-top: 30px !important;}&#8221;][vc_tta_section title=&#8221;COMPATIBILITATS 2023&#8243; tab_id=&#8221;1680258211605-bb136a26-a725&#8243;][vc_column_text]\n<table id=\"tablepress-121\" class=\"tablepress tablepress-id-121\">\n<thead>\n<tr class=\"row-1\">\n\t<th class=\"column-1\">\u00d3RGANO<\/th><th class=\"column-2\">FECHA ACUERDO<\/th><th class=\"column-3\">EXPEDIENTE<\/th><th class=\"column-4\">IDENTIFICACI\u00d3N<\/th><th class=\"column-5\">DEPENDENCIA<\/th><th class=\"column-6\">PUESTO AUTORIZADO <\/th><th class=\"column-7\">DESTINO<\/th>\n<\/tr>\n<\/thead>\n<tbody class=\"row-striping\">\n<tr class=\"row-2\">\n\t<td class=\"column-1\">JGL<\/td><td class=\"column-2\">27\/12\/2023<\/td><td class=\"column-3\">2023\/73142Y<\/td><td class=\"column-4\">Miguel \u00c1ngel Miralles Amor\u00f3s<\/td><td class=\"column-5\">Empresa y Empleo<\/td><td class=\"column-6\">Profesor\/a asociado. Departamento de Estudios Econ\u00f3micos y Financieros<\/td><td class=\"column-7\">Universidad Miguel Hern\u00e1ndez de Elche<\/td>\n<\/tr>\n<tr class=\"row-3\">\n\t<td class=\"column-1\">JGL<\/td><td class=\"column-2\">27\/12\/2023<\/td><td class=\"column-3\">2023\/86509X<\/td><td class=\"column-4\">Josefa Garc\u00eda Ros<\/td><td class=\"column-5\">Intervenci\u00f3n<\/td><td class=\"column-6\">Profesor\/a asociada. Departamento de Ciencia Jur\u00eddica<\/td><td class=\"column-7\">Universidad Miguel Hern\u00e1ndez de Elche<\/td>\n<\/tr>\n<tr class=\"row-4\">\n\t<td class=\"column-1\">JGL<\/td><td class=\"column-2\">27\/12\/2023<\/td><td class=\"column-3\">2023\/86558J<\/td><td class=\"column-4\">Cristina Llopis Serrano<\/td><td class=\"column-5\">Asesor\u00eda Jur\u00eddica<\/td><td class=\"column-6\">Profesor\/a asociada. Departamento de Derecho Administrativo<\/td><td class=\"column-7\">Universidad de Alicante<\/td>\n<\/tr>\n<\/tbody>\n<\/table>\n<!-- #tablepress-121 from cache -->[\/vc_column_text][\/vc_tta_section][vc_tta_section title=&#8221;COMPATIBILITATS 2022&#8243; tab_id=&#8221;1680258211629-3ba022dc-c677&#8243;][vc_column_text]\n<table id=\"tablepress-120\" class=\"tablepress tablepress-id-120 responsive\">\n<thead>\n<tr class=\"row-1\">\n\t<th class=\"column-1\">\u00d3RGANO<\/th><th class=\"column-2\">FECHA ACUERDO<\/th><th class=\"column-3\">EXPEDIENTE<\/th><th class=\"column-4\">IDENTIFICACI\u00d3N<\/th><th class=\"column-5\">DEPENDENCIA<\/th><th class=\"column-6\">PUESTO AUTORIZADO <\/th><th class=\"column-7\">DESTINO<\/th>\n<\/tr>\n<\/thead>\n<tbody class=\"row-striping\">\n<tr class=\"row-2\">\n\t<td class=\"column-1\">JGL<\/td><td class=\"column-2\">11\/03\/2022<\/td><td class=\"column-3\">2021\/76030G<\/td><td class=\"column-4\">Cristina Llopis Serrano<\/td><td class=\"column-5\">Asesor\u00eda Jur\u00eddica<\/td><td class=\"column-6\">Profesor\/a Asociado. Departamento de Derecho Administrativo.<\/td><td class=\"column-7\">Universidad de Alicante<\/td>\n<\/tr>\n<tr class=\"row-3\">\n\t<td class=\"column-1\">JGL<\/td><td class=\"column-2\">18\/03\/2022<\/td><td class=\"column-3\">2021\/84350K<\/td><td class=\"column-4\">Josefa Garc\u00eda Ros<\/td><td class=\"column-5\">Intervenci\u00f3n<\/td><td class=\"column-6\">Profesor\/a Asociado en el  Departamento de Ciencia Jur\u00eddica.<\/td><td class=\"column-7\">Universidad Miguel Hern\u00e1ndez de Elche<\/td>\n<\/tr>\n<tr class=\"row-4\">\n\t<td class=\"column-1\">JGL<\/td><td class=\"column-2\">13\/04\/2022<\/td><td class=\"column-3\">2022\/15518R<\/td><td class=\"column-4\">Vicente D\u00edez Mach\u00edn<\/td><td class=\"column-5\">Sanidad<\/td><td class=\"column-6\">Profesor\/a Asociado. Departamento de Estudios Jur\u00eddicos del Estado y  \u00c1rea de conocimientos de Derecho Administrativo.<\/td><td class=\"column-7\">Universidad de Alicante<\/td>\n<\/tr>\n<tr class=\"row-5\">\n\t<td class=\"column-1\">JGL<\/td><td class=\"column-2\">27\/05\/2022<\/td><td class=\"column-3\">2022\/15497A<\/td><td class=\"column-4\">Jos\u00e9 Antonio Galiano Ibarra<\/td><td class=\"column-5\">Innovaci\u00f3n y Recursos Humanos<\/td><td class=\"column-6\">Profesor\/a Asociado. Departamento de An\u00e1lisis Econ\u00f3mico Aplicado.<\/td><td class=\"column-7\">Universidad de Alicante<\/td>\n<\/tr>\n<tr class=\"row-6\">\n\t<td class=\"column-1\">JGL<\/td><td class=\"column-2\">18\/11\/2022<\/td><td class=\"column-3\">2022\/57690Z<\/td><td class=\"column-4\">Miguel \u00c1ngel Miralles Amor\u00f3s<\/td><td class=\"column-5\">Empresa y Empleo<\/td><td class=\"column-6\">Profesor\/a Asociado. Departamento de Estudios Econ\u00f3micos y Financieros<\/td><td class=\"column-7\">Universidad Miguel Hern\u00e1ndez de Elche<\/td>\n<\/tr>\n<tr class=\"row-7\">\n\t<td class=\"column-1\">JGL<\/td><td class=\"column-2\">18\/11\/2022<\/td><td class=\"column-3\">2022\/58885J<\/td><td class=\"column-4\">Ic\u00edar Mart\u00edn Llaguno<\/td><td class=\"column-5\">Prevenci\u00f3n de Riesgos Laborales<\/td><td class=\"column-6\">Profesor\/a Asociada. Departamento de Qu\u00edmica Anal\u00edtica, Nutrici\u00f3n y Bromatolog\u00eda<\/td><td class=\"column-7\">Universidad de Alicante<\/td>\n<\/tr>\n<tr class=\"row-8\">\n\t<td class=\"column-1\">JGL<\/td><td class=\"column-2\">25\/11\/2022<\/td><td class=\"column-3\">2022\/71738D<\/td><td class=\"column-4\">Cristina Llopis Serrano<\/td><td class=\"column-5\">Asesor\u00eda Jur\u00eddica<\/td><td class=\"column-6\">Profesor\/a Asociada. Departamento de Derecho Administrativo<\/td><td class=\"column-7\">Universidad de Alicante<\/td>\n<\/tr>\n<tr class=\"row-9\">\n\t<td class=\"column-1\">JGL<\/td><td class=\"column-2\">25\/11\/2022<\/td><td class=\"column-3\">2022\/71803D<\/td><td class=\"column-4\">Jos\u00e9 Antonio Galiano Ibarra<\/td><td class=\"column-5\">Innovaci\u00f3n y Recursos Humanos<\/td><td class=\"column-6\">Profesor\/a Asociado. Departamento de An\u00e1lisis Econ\u00f3mico Aplicado<\/td><td class=\"column-7\">Universidad de Alicante<\/td>\n<\/tr>\n<tr class=\"row-10\">\n\t<td class=\"column-1\">JGL<\/td><td class=\"column-2\">02\/12\/2022<\/td><td class=\"column-3\">2022\/92091F<\/td><td class=\"column-4\">Ana Vanesa Mas Gonz\u00e1lez<\/td><td class=\"column-5\">Educaci\u00f3n<\/td><td class=\"column-6\">Cargo electo. Concejala sin dedicaci\u00f3n<\/td><td class=\"column-7\">Ayuntamiento Crevillente<\/td>\n<\/tr>\n<\/tbody>\n<\/table>\n<!-- #tablepress-120 from cache -->[\/vc_column_text][\/vc_tta_section][\/vc_tta_accordion][\/vc_column][\/vc_row][vc_row][vc_column][vc_empty_space][\/vc_column][\/vc_row][vc_row css=&#8221;.vc_custom_1678971836942{background-color: #dddde0 !important;}&#8221;][vc_column]<h5 class=\"sc_title sc_title_regular subtitulosapartados \">Representaci\u00f3 dels treballadors<\/h5>[vc_column_text]Informaci\u00f3 estad\u00edstica sobre les organitzacions sindicals dels empleats p\u00fablics[\/vc_column_text][vc_tta_accordion active_section=&#8221;99999&#8243; css=&#8221;.vc_custom_1680256637398{margin-top: 30px !important;}&#8221;][vc_tta_section title=&#8221;Informaci\u00f3 relativa a les eleccions sindicals celebrades en 2023&#8243; tab_id=&#8221;1680256267994-7ef90bc6-7ef7&#8243;][vc_column_text]\n<table id=\"tablepress-132\" class=\"tablepress tablepress-id-132 responsive\">\n<thead>\n<tr class=\"row-1\">\n\t<td class=\"column-1\"><\/td><th class=\"column-2\">Delegados. Miembros Junta de Personal<br \/>\n<\/th><th class=\"column-3\">Delegados acuerdo<\/th><th class=\"column-4\">Delegados secci\u00f3n sindical<br \/>\n<\/th><th class=\"column-5\">Delegados Comit\u00e9 de Empresa<br \/>\n<\/th><th class=\"column-6\">Delegados prevenci\u00f3n<br \/>\n<\/th><th class=\"column-7\">Horas sindicales<br \/>\n<\/th>\n<\/tr>\n<\/thead>\n<tbody class=\"row-striping row-hover\">\n<tr class=\"row-2\">\n\t<td class=\"column-1\">CC.OO.<\/td><td class=\"column-2\">7<\/td><td class=\"column-3\">1<\/td><td class=\"column-4\">2<\/td><td class=\"column-5\">5<\/td><td class=\"column-6\"><\/td><td class=\"column-7\"><\/td>\n<\/tr>\n<tr class=\"row-3\">\n\t<td class=\"column-1\">CSIF<\/td><td class=\"column-2\">5<\/td><td class=\"column-3\">1<\/td><td class=\"column-4\">2<\/td><td class=\"column-5\"><\/td><td class=\"column-6\"><\/td><td class=\"column-7\"><\/td>\n<\/tr>\n<tr class=\"row-4\">\n\t<td class=\"column-1\">CGT<\/td><td class=\"column-2\">0<\/td><td class=\"column-3\"><\/td><td class=\"column-4\"><\/td><td class=\"column-5\"><\/td><td class=\"column-6\"><\/td><td class=\"column-7\"><\/td>\n<\/tr>\n<tr class=\"row-5\">\n\t<td class=\"column-1\">FESEP<\/td><td class=\"column-2\">2<\/td><td class=\"column-3\">1<\/td><td class=\"column-4\">2<\/td><td class=\"column-5\">1<\/td><td class=\"column-6\"><\/td><td class=\"column-7\"><\/td>\n<\/tr>\n<tr class=\"row-6\">\n\t<td class=\"column-1\">SI-USOCV<\/td><td class=\"column-2\">6<\/td><td class=\"column-3\">1<\/td><td class=\"column-4\">2<\/td><td class=\"column-5\">3<\/td><td class=\"column-6\"><\/td><td class=\"column-7\"><\/td>\n<\/tr>\n<tr class=\"row-7\">\n\t<td class=\"column-1\">UGT<\/td><td class=\"column-2\">3<\/td><td class=\"column-3\">1<\/td><td class=\"column-4\">2<\/td><td class=\"column-5\"><\/td><td class=\"column-6\"><\/td><td class=\"column-7\"><\/td>\n<\/tr>\n<\/tbody>\n<\/table>\n<!-- #tablepress-132 from cache -->[\/vc_column_text][\/vc_tta_section][vc_tta_section title=&#8221;Informaci\u00f3 relativa a les eleccions sindicals celebrades en 2019&#8243; tab_id=&#8221;1680256061339-1106772c-ab71&#8243;][vc_column_text]\n<table id=\"tablepress-129\" class=\"tablepress tablepress-id-129 responsive\">\n<thead>\n<tr class=\"row-1\">\n\t<td class=\"column-1\"><\/td><th class=\"column-2\">Delegados <br \/>\n<\/th><th class=\"column-3\">Delegados liberados<br \/>\n<\/th><th class=\"column-4\">Delegados secci\u00f3n sindical<br \/>\n<\/th><th class=\"column-5\">Delegados Junta de Personal<br \/>\n<\/th><th class=\"column-6\">Delegados Comit\u00e9 de Empresa<br \/>\n<\/th><th class=\"column-7\">Delegados prevenci\u00f3n<br \/>\n<\/th><th class=\"column-8\">Horas sindicales<br \/>\n<\/th>\n<\/tr>\n<\/thead>\n<tbody class=\"row-striping row-hover\">\n<tr class=\"row-2\">\n\t<td class=\"column-1\">CC.OO.<\/td><td class=\"column-2\">2<\/td><td class=\"column-3\">0<\/td><td class=\"column-4\">0<\/td><td class=\"column-5\">6<\/td><td class=\"column-6\">2<\/td><td class=\"column-7\">1 Laboral<br \/>\n1 Funcionarial<\/td><td class=\"column-8\">380<\/td>\n<\/tr>\n<tr class=\"row-3\">\n\t<td class=\"column-1\">UGT<\/td><td class=\"column-2\">2<\/td><td class=\"column-3\">0<\/td><td class=\"column-4\">0<\/td><td class=\"column-5\">4<\/td><td class=\"column-6\">0<\/td><td class=\"column-7\">1<\/td><td class=\"column-8\">280<\/td>\n<\/tr>\n<tr class=\"row-4\">\n\t<td class=\"column-1\">CSIF<\/td><td class=\"column-2\">2<\/td><td class=\"column-3\">0<\/td><td class=\"column-4\">0<\/td><td class=\"column-5\">4<\/td><td class=\"column-6\">0<\/td><td class=\"column-7\">1<\/td><td class=\"column-8\">240<\/td>\n<\/tr>\n<tr class=\"row-5\">\n\t<td class=\"column-1\">SI<\/td><td class=\"column-2\">2<\/td><td class=\"column-3\">0<\/td><td class=\"column-4\">0<\/td><td class=\"column-5\">4<\/td><td class=\"column-6\">1<\/td><td class=\"column-7\">1<\/td><td class=\"column-8\">240<\/td>\n<\/tr>\n<tr class=\"row-6\">\n\t<td class=\"column-1\">FESEP<\/td><td class=\"column-2\">2<\/td><td class=\"column-3\">0<\/td><td class=\"column-4\">0<\/td><td class=\"column-5\">4<\/td><td class=\"column-6\">0<\/td><td class=\"column-7\">1<\/td><td class=\"column-8\">240<\/td>\n<\/tr>\n<tr class=\"row-7\">\n\t<td class=\"column-1\">SPPME-USO<\/td><td class=\"column-2\">1<\/td><td class=\"column-3\">0<\/td><td class=\"column-4\">0<\/td><td class=\"column-5\">1<\/td><td class=\"column-6\">0<\/td><td class=\"column-7\">0<\/td><td class=\"column-8\">80<\/td>\n<\/tr>\n<\/tbody>\n<\/table>\n<!-- #tablepress-129 from cache -->[\/vc_column_text][\/vc_tta_section][vc_tta_section title=&#8221;Informaci\u00f3 relativa a les eleccions sindicals celebrades en 2015&#8243; tab_id=&#8221;1680251930014-e5cb2c3d-2618&#8243;][vc_column_text]\n<table id=\"tablepress-130\" class=\"tablepress tablepress-id-130 responsive\">\n<thead>\n<tr class=\"row-1\">\n\t<td class=\"column-1\"><\/td><th class=\"column-2\">Delegados <br \/>\n<\/th><th class=\"column-3\">Delegados liberados<br \/>\n<\/th><th class=\"column-4\">Delegados secci\u00f3n sindical<br \/>\n<\/th><th class=\"column-5\">Delegados Junta de Personal<br \/>\n<\/th><th class=\"column-6\">Delegados Comit\u00e9 de Empresa<br \/>\n<\/th><th class=\"column-7\">Delegados prevenci\u00f3n<br \/>\n<\/th><th class=\"column-8\">Horas sindicales<br \/>\n<\/th>\n<\/tr>\n<\/thead>\n<tbody class=\"row-striping row-hover\">\n<tr class=\"row-2\">\n\t<td class=\"column-1\">CC.OO.<\/td><td class=\"column-2\">11<\/td><td class=\"column-3\">3<\/td><td class=\"column-4\">2<\/td><td class=\"column-5\">7<\/td><td class=\"column-6\">2<\/td><td class=\"column-7\">1<\/td><td class=\"column-8\">480<\/td>\n<\/tr>\n<tr class=\"row-3\">\n\t<td class=\"column-1\">UGT<\/td><td class=\"column-2\">7<\/td><td class=\"column-3\">2<\/td><td class=\"column-4\">2<\/td><td class=\"column-5\">3<\/td><td class=\"column-6\">2<\/td><td class=\"column-7\">1<\/td><td class=\"column-8\">280<\/td>\n<\/tr>\n<tr class=\"row-4\">\n\t<td class=\"column-1\">CSIF<\/td><td class=\"column-2\">1<\/td><td class=\"column-3\">0<\/td><td class=\"column-4\">1<\/td><td class=\"column-5\">0<\/td><td class=\"column-6\">0<\/td><td class=\"column-7\">0<\/td><td class=\"column-8\">40<\/td>\n<\/tr>\n<tr class=\"row-5\">\n\t<td class=\"column-1\">SI<\/td><td class=\"column-2\">7<\/td><td class=\"column-3\">0<\/td><td class=\"column-4\">2<\/td><td class=\"column-5\">4<\/td><td class=\"column-6\">1<\/td><td class=\"column-7\">1<\/td><td class=\"column-8\">280<\/td>\n<\/tr>\n<tr class=\"row-6\">\n\t<td class=\"column-1\">SEP<\/td><td class=\"column-2\">5<\/td><td class=\"column-3\">0<\/td><td class=\"column-4\">2<\/td><td class=\"column-5\">3<\/td><td class=\"column-6\">0<\/td><td class=\"column-7\">1<\/td><td class=\"column-8\">200<\/td>\n<\/tr>\n<tr class=\"row-7\">\n\t<td class=\"column-1\">SPPLB<\/td><td class=\"column-2\">3<\/td><td class=\"column-3\">0<\/td><td class=\"column-4\">1<\/td><td class=\"column-5\">2<\/td><td class=\"column-6\">0<\/td><td class=\"column-7\">0<\/td><td class=\"column-8\">120<\/td>\n<\/tr>\n<tr class=\"row-8\">\n\t<td class=\"column-1\">INTERINOS<\/td><td class=\"column-2\">2<\/td><td class=\"column-3\">0<\/td><td class=\"column-4\">0<\/td><td class=\"column-5\">0<\/td><td class=\"column-6\">0<\/td><td class=\"column-7\">0<\/td><td class=\"column-8\">80<\/td>\n<\/tr>\n<tr class=\"row-9\">\n\t<td class=\"column-1\"><\/td><td class=\"column-2\"><\/td><td class=\"column-3\"><\/td><td class=\"column-4\"><\/td><td class=\"column-5\"><\/td><td class=\"column-6\"><\/td><td class=\"column-7\"><\/td><td class=\"column-8\"><\/td>\n<\/tr>\n<\/tbody>\n<\/table>\n<!-- #tablepress-130 from cache -->[\/vc_column_text][\/vc_tta_section][\/vc_tta_accordion][\/vc_column][\/vc_row][vc_row][vc_column][vc_empty_space][vc_empty_space][\/vc_column][\/vc_row]<\/p>\n<\/div>","protected":false},"excerpt":{"rendered":"<p>[vc_row full_width=&#8221;stretch_row&#8221; css=&#8221;.vc_custom_1475488224066{background-color: #dddde0 !important;}&#8221;][vc_column][vc_column_text][\/vc_column_text][\/vc_column][\/vc_row][vc_row type=&#8221;1&#8243; style=&#8221;regular&#8221; align=&#8221;none&#8221; font_size=&#8221;&#8221; font_weight=&#8221;inherit&#8221; color=&#8221;&#8221; icon=&#8221;inherit&#8221; image=&#8221;none&#8221; picture=&#8221;&#8221; image_size=&#8221;small&#8221; position=&#8221;left&#8221; id=&#8221;&#8221; class=&#8221;titulo-pagina&#8221; animation=&#8221;none&#8221; top=&#8221;small&#8221; bottom=&#8221;inherit&#8221; left=&#8221;inherit&#8221; right=&#8221;inherit&#8221;][vc_column][\/vc_column][\/vc_row][vc_row css=&#8221;.vc_custom_1678971836942{background-color: #dddde0 !important;}&#8221; el_id=&#8221;bloque_basica&#8221;][vc_column][vc_column_text]Relaci\u00f3 del personal empleat [&hellip;]<\/p>\n","protected":false},"author":139,"featured_media":0,"parent":6954,"menu_order":0,"comment_status":"closed","ping_status":"closed","template":"","meta":{"footnotes":""},"class_list":["post-244867","page","type-page","status-publish","hentry"],"_links":{"self":[{"href":"https:\/\/www.elche.es\/va\/wp-json\/wp\/v2\/pages\/244867","targetHints":{"allow":["GET"]}}],"collection":[{"href":"https:\/\/www.elche.es\/va\/wp-json\/wp\/v2\/pages"}],"about":[{"href":"https:\/\/www.elche.es\/va\/wp-json\/wp\/v2\/types\/page"}],"author":[{"embeddable":true,"href":"https:\/\/www.elche.es\/va\/wp-json\/wp\/v2\/users\/139"}],"replies":[{"embeddable":true,"href":"https:\/\/www.elche.es\/va\/wp-json\/wp\/v2\/comments?post=244867"}],"version-history":[{"count":0,"href":"https:\/\/www.elche.es\/va\/wp-json\/wp\/v2\/pages\/244867\/revisions"}],"up":[{"embeddable":true,"href":"https:\/\/www.elche.es\/va\/wp-json\/wp\/v2\/pages\/6954"}],"wp:attachment":[{"href":"https:\/\/www.elche.es\/va\/wp-json\/wp\/v2\/media?parent=244867"}],"curies":[{"name":"wp","href":"https:\/\/api.w.org\/{rel}","templated":true}]}}