{"id":247330,"date":"2023-04-24T10:24:48","date_gmt":"2023-04-24T08:24:48","guid":{"rendered":"https:\/\/www.elche.es\/?page_id=247330"},"modified":"2024-06-14T19:33:22","modified_gmt":"2024-06-14T17:33:22","slug":"agenda-institucional","status":"publish","type":"page","link":"https:\/\/www.elche.es\/va\/agenda-institucional\/","title":{"rendered":"Agenda institucional"},"content":{"rendered":"<div class=\"wpb-content-wrapper\"><p>[vc_row full_width=&#8221;stretch_row_content_no_spaces&#8221; css=&#8221;.vc_custom_1663588492163{background-position: center !important;background-repeat: no-repeat !important;background-size: cover !important;}&#8221; el_class=&#8221;cuadrocabecerafoto&#8221;][vc_column][vc_single_image image=&#8221;210289&#8243; img_size=&#8221;full&#8221; alignment=&#8221;center&#8221; el_class=&#8221;cabecerasolofoto&#8221;][\/vc_column][\/vc_row][vc_row][vc_column]<div class=\"templatera_shortcode\"><div id=\"bloque_menu_enlaces\" data-vc-full-width=\"true\" data-vc-full-width-init=\"false\" data-vc-stretch-content=\"true\" class=\"vc_row wpb_row vc_row-fluid bloquemnuestop vc_custom_1629977340156 vc_row-has-fill vc_row-no-padding\"><div class=\"wpb_column vc_column_container vc_col-sm-12\"><div class=\"vc_column-inner\"><div class=\"wpb_wrapper\">\r\n        \r\n        <a class=\"menuVC\"  href=\"https:\/\/www.elche.es\/va\/ajuntament-delx\/organizacio-municipal\/\"> <span> Organitzaci\u00f3 <\/span><\/a>\r\n        \r\n        <a class=\"menuVC\"  href=\"https:\/\/www.elche.es\/va\/ajuntament-delx\/corporacio-municipal\/\"> <span> Corporaci\u00f3 <\/span><\/a>\r\n        \r\n        <a class=\"menuVC\"  href=\"https:\/\/www.elche.es\/va\/ajuntament-delx\/composicio-del-govern-municipal\/\"> <span> El Ple <\/span><\/a>\r\n        \r\n        <a class=\"menuVC\"  href=\"https:\/\/www.elche.es\/va\/ajuntament-delx\/grups-politics\/\"> <span> Grups pol\u00edtics <\/span><\/a>\r\n        \r\n        <a class=\"menuVC\"  href=\"https:\/\/www.elche.es\/va\/ajuntament-delx\/societats-municipals\/\"> <span> Societats municipals <\/span><\/a>\r\n        \r\n        <a class=\"menuVC\"  href=\"https:\/\/www.elche.es\/va\/ajuntament-delx\/plans-i-programes\/\"> <span> Plans i programes <\/span><\/a>\r\n        \r\n        <a class=\"menuVC\"  href=\"https:\/\/www.elche.es\/va\/ajuntament-delx\/informacion-sobre-actuaciones-de-los-miembros-de-la-oposicion-relacionadas-con-el-control-de-gobierno\/\"> <span> Control de govern <\/span><\/a>\r\n        \r\n        <a class=\"menuVC\"  href=\"https:\/\/www.elche.es\/va\/ajuntament-delx\/resolucions-judicials\/\"> <span> Resolucions judicials <\/span><\/a>\r\n        \r\n        <a class=\"menuVC\"  href=\"https:\/\/www.elche.es\/va\/agenda-institucional\/\"> <span> Agenda institucional <\/span><\/a><\/div><\/div><\/div><\/div><div class=\"vc_row-full-width vc_clearfix\"><\/div>\r\n<\/div>[\/vc_column][\/vc_row][vc_row][vc_column]<h3 class=\"sc_title sc_title_regular transparenciastitulos \">Agenda institucional<\/h3>[\/vc_column][\/vc_row][vc_row][vc_column]<a href=\"https:\/\/www.elche.es\/wp-content\/uploads\/2024\/05\/Agendajunio2324.pdf\" target=\"_blank\" class=\"sc_button sc_button_square sc_button_style_filled style_original sc_button_size_large alignleft btndentropagina margin_right_small margin_bottom_small margin_left_null\">Agenda alcalde d&#8217;Elx juny 2023 &#8211; juny 2024<\/a>[vc_raw_html]JTNDY2VudGVyJTNFJTNDaWZyYW1lJTIwc3JjJTNEJTIyaHR0cHMlM0ElMkYlMkZvdXRsb29rLm9mZmljZTM2NS5jb20lMkZvd2ElMkZjYWxlbmRhciUyRjQxNDFlYzUyNzg5MzQ4N2ZhM2FjZjMyZWVmODI2YzY5JTQwZWxjaGUuZXMlMkY4NDVhODc1OWViZDM0MTAyYTFkNzM2YzBiODc3OGZmNTgwNjE5NTI1MjMxMTIwODEyNzAlMkZjYWxlbmRhci5odG1sJTIyJTIwd2lkdGglM0QlMjIxMDAlMjUlMjIlMjBoZWlnaHQlM0QlMjIxMDAlMjUlMjIlM0UlM0MlMkZpZnJhbWUlM0UlM0MlMkZjZW50ZXIlM0U=[\/vc_raw_html][\/vc_column][\/vc_row][vc_row type=&#8221;square&#8221; style_color=&#8221;original&#8221; style=&#8221;filled&#8221; size=&#8221;large&#8221; icon=&#8221;inherit&#8221; color=&#8221;&#8221; bg_color=&#8221;&#8221; align=&#8221;left&#8221; link=&#8221;&#8221; target=&#8221;_blank&#8221; popup=&#8221;&#8221; rel=&#8221;&#8221; id=&#8221;&#8221; class=&#8221;btndentropagina&#8221; animation=&#8221;none&#8221; width=&#8221;&#8221; height=&#8221;&#8221; top=&#8221;small&#8221; bottom=&#8221;tiny&#8221; left=&#8221;null&#8221; right=&#8221;small&#8221;][vc_column][\/vc_column][\/vc_row]<\/p>\n<\/div>","protected":false},"excerpt":{"rendered":"Organitzaci\u00f3 Corporaci\u00f3 El Ple Grups pol\u00edtics Societats municipals Plans i programes Control de govern Resolucions judicials Agenda institucional Agenda institucionalAgenda alcalde d'Elx juny 2023 - juny 2024","protected":false},"author":139,"featured_media":0,"parent":0,"menu_order":0,"comment_status":"closed","ping_status":"closed","template":"","meta":{"footnotes":""},"class_list":["post-247330","page","type-page","status-publish","hentry"],"_links":{"self":[{"href":"https:\/\/www.elche.es\/va\/wp-json\/wp\/v2\/pages\/247330","targetHints":{"allow":["GET"]}}],"collection":[{"href":"https:\/\/www.elche.es\/va\/wp-json\/wp\/v2\/pages"}],"about":[{"href":"https:\/\/www.elche.es\/va\/wp-json\/wp\/v2\/types\/page"}],"author":[{"embeddable":true,"href":"https:\/\/www.elche.es\/va\/wp-json\/wp\/v2\/users\/139"}],"replies":[{"embeddable":true,"href":"https:\/\/www.elche.es\/va\/wp-json\/wp\/v2\/comments?post=247330"}],"version-history":[{"count":3,"href":"https:\/\/www.elche.es\/va\/wp-json\/wp\/v2\/pages\/247330\/revisions"}],"predecessor-version":[{"id":303275,"href":"https:\/\/www.elche.es\/va\/wp-json\/wp\/v2\/pages\/247330\/revisions\/303275"}],"wp:attachment":[{"href":"https:\/\/www.elche.es\/va\/wp-json\/wp\/v2\/media?parent=247330"}],"curies":[{"name":"wp","href":"https:\/\/api.w.org\/{rel}","templated":true}]}}