{"id":248196,"date":"2023-04-28T11:15:41","date_gmt":"2023-04-28T09:15:41","guid":{"rendered":"https:\/\/www.elche.es\/comerc\/no-es-la-fuerza-es-tu-madre\/"},"modified":"2023-05-04T10:00:10","modified_gmt":"2023-05-04T08:00:10","slug":"no-es-la-forca-es-la-teua-mare","status":"publish","type":"page","link":"https:\/\/www.elche.es\/va\/comerc\/no-es-la-forca-es-la-teua-mare\/","title":{"rendered":"No \u00e9s la for\u00e7a, \u00e9s la teua mare"},"content":{"rendered":"<div class=\"wpb-content-wrapper\"><p>[vc_row][vc_column]<div class=\"templatera_shortcode\"><div data-vc-full-width=\"true\" data-vc-full-width-init=\"false\" class=\"vc_row wpb_row vc_row-fluid slidersecciones vc_custom_1664278174677 vc_row-has-fill\"><div class=\"wpb_column vc_column_container vc_col-sm-12\"><div class=\"vc_column-inner\"><div class=\"wpb_wrapper\"><h2 style=\"color: #ffffff;text-align: center;font-family:Ubuntu;font-weight:700;font-style:normal\" class=\"vc_custom_heading vc_do_custom_heading sombraTitulo cabeceramovil\" >COMER\u00c7<\/h2><\/div><\/div><\/div><\/div><div class=\"vc_row-full-width vc_clearfix\"><\/div><div id=\"bloque_menu_enlaces\" data-vc-full-width=\"true\" data-vc-full-width-init=\"false\" data-vc-stretch-content=\"true\" class=\"vc_row wpb_row vc_row-fluid bloque_menu_paginas abajoslider bloquemnuestop bloquemnuestopbajo oculto vc_custom_1707832233466 vc_row-has-fill vc_row-no-padding\"><div class=\"wpb_column vc_column_container vc_col-sm-12\"><div class=\"vc_column-inner\"><div class=\"wpb_wrapper\">\r\n        \r\n        <a class=\"menuVC\"  href=\"https:\/\/www.elche.es\/va\/comerc\"> <span> Inici <\/span><\/a>\r\n        \r\n        <a class=\"menuVC\"  href=\"https:\/\/www.elche.es\/va\/comerc\/guia-per-a-acostar-la-sostenibilitat-a-restaurants-i-a-establiments-comercials-delx\/\"> <span> Guia per a acostar la sostenibilitat <\/span><\/a>\r\n        \r\n        <a class=\"menuVC\"  href=\"https:\/\/www.elxbonoconsumo.es\/\"> <span> Bons Consum <\/span><\/a><\/div><\/div><\/div><\/div><div class=\"vc_row-full-width vc_clearfix\"><\/div><\/div>[\/vc_column][\/vc_row][vc_row][vc_column]<h1 class=\"sc_title sc_title_regular titulo-pagina margin_top_small\">No \u00e9s la for\u00e7a, \u00e9s la teua mare<\/h1>[vc_column_text css=&#8221;.vc_custom_1683187201607{margin-bottom: 15px !important;}&#8221;]Les mares tenen un poder que no \u00e9s d&#8217;aquest m\u00f3n&#8230;<\/p>\n<p>Per aix\u00f2 s&#8217;ho mereixen tot.<\/p>\n<p>Amb aquesta campanya &#8220;gal\u00e0ctica&#8221;, des de la Regidoria de Comer\u00e7 volem animar la ciutadania a comprar els regals del Dia de la Mare al comer\u00e7 local. I ho fem a trav\u00e9s de tres espots que recorren i reinterpreten en clau de ci\u00e8ncia-ficci\u00f3 la relaci\u00f3 entre una mare i el seu fill.<\/p>\n<p>I \u00e9s que les nostres mares sempre s\u00f3n aqu\u00ed, ja siga per a treure&#8217;ns d&#8217;una dificultat o per a acompanyar-nos en els moments m\u00e9s importants de la nostra vida; una caracter\u00edstica que comparteixen amb les botigues de sempre d&#8217;Elx, a les quals tamb\u00e9 podem trobar el regal perfecte per a cada ocasi\u00f3.[\/vc_column_text][\/vc_column][\/vc_row][vc_row][vc_column][vc_empty_space height=&#8221;&#8221;][vc_empty_space][vc_video link=&#8221;https:\/\/www.youtube.com\/playlist?list=PLL7aRccIha_JR4FqwPiY7LvLg0lrzgNGh&#8221;][\/vc_column][\/vc_row][vc_column][\/vc_column][vc_column][\/vc_column]<\/p>\n<\/div>","protected":false},"excerpt":{"rendered":"COMER\u00c7 Inici Guia per a acostar la sostenibilitat Bons Consum No \u00e9s la for\u00e7a, \u00e9s la teua mare Les mares tenen un poder que no \u00e9s d'aquest m\u00f3n... Per aix\u00f2 [...]","protected":false},"author":131,"featured_media":0,"parent":117757,"menu_order":0,"comment_status":"closed","ping_status":"closed","template":"","meta":{"footnotes":""},"class_list":["post-248196","page","type-page","status-publish","hentry"],"_links":{"self":[{"href":"https:\/\/www.elche.es\/va\/wp-json\/wp\/v2\/pages\/248196","targetHints":{"allow":["GET"]}}],"collection":[{"href":"https:\/\/www.elche.es\/va\/wp-json\/wp\/v2\/pages"}],"about":[{"href":"https:\/\/www.elche.es\/va\/wp-json\/wp\/v2\/types\/page"}],"author":[{"embeddable":true,"href":"https:\/\/www.elche.es\/va\/wp-json\/wp\/v2\/users\/131"}],"replies":[{"embeddable":true,"href":"https:\/\/www.elche.es\/va\/wp-json\/wp\/v2\/comments?post=248196"}],"version-history":[{"count":0,"href":"https:\/\/www.elche.es\/va\/wp-json\/wp\/v2\/pages\/248196\/revisions"}],"up":[{"embeddable":true,"href":"https:\/\/www.elche.es\/va\/wp-json\/wp\/v2\/pages\/117757"}],"wp:attachment":[{"href":"https:\/\/www.elche.es\/va\/wp-json\/wp\/v2\/media?parent=248196"}],"curies":[{"name":"wp","href":"https:\/\/api.w.org\/{rel}","templated":true}]}}