{"id":248524,"date":"2023-05-02T11:23:05","date_gmt":"2023-05-02T09:23:05","guid":{"rendered":"https:\/\/www.elche.es\/?page_id=248524"},"modified":"2023-05-02T11:40:14","modified_gmt":"2023-05-02T09:40:14","slug":"agenda-urbana","status":"publish","type":"page","link":"https:\/\/www.elche.es\/va\/agenda-urbana\/","title":{"rendered":"Agenda Urbana"},"content":{"rendered":"<div class=\"wpb-content-wrapper\"><p>[vc_row][vc_column width=&#8221;2\/3&#8243;]<h1 class=\"sc_title sc_title_regular titulo-pagina margin_top_small\">Agenda Urbana &#8211; Concurs de fotografia &#8220;La ciutat que tu vols&#8221;<\/h1>[vc_empty_space height=&#8221;15px&#8221;][vc_column_text]L&#8217;Ajuntament d&#8217;Elx est\u00e0 elaborant la seua Agenda Urbana.\u00a0 Llan\u00e7a per aix\u00f2 un concurs de fotografia.<\/p>\n<h4>BASES DEL CONCURS: LA CIUTAT QUE TU VOLS<\/h4>\n<h4>Context<\/h4>\n<p style=\"text-align: justify;\">L&#8217;Ajuntament d&#8217;Elx est\u00e0 elaborant la seua Agenda Urbana, un document per a guiar l&#8217;actuaci\u00f3 municipal a mitj\u00e0 i a llarg termini.<br \/>\nPer aix\u00f2, est\u00e0 treballant en la definici\u00f3 d&#8217;un model de ciutat que responga a les aspiracions dels seus habitants i que estiga en l\u00ednia amb les orientacions de l&#8217;Agenda Urbana Espanyola i amb altres documents estrat\u00e8gics.<br \/>\nA trav\u00e9s d&#8217;un concurs de fotografia es busca involucrar il\u00b7licitans i il\u00b7licitanes en la definici\u00f3 d&#8217;aquest model de ciutat amb imatges d&#8217;Elx o d&#8217;altres ciutats que reflectisquen les fortaleses presents o les aspiracions de la ciutat del futur.<\/p>\n<h4><span dir=\"ltr\" role=\"presentation\">Com participar?<\/span><\/h4>\n<p style=\"text-align: justify;\">El concurs es realitza a trav\u00e9s d&#8217;Instagram. L&#8217;enviament de propostes i les comunicacions entre participants i organitzaci\u00f3 es du a terme en aquesta xarxa social. Cada proposta consistir\u00e0 en una fotografia i un text explicatiu de no m\u00e9s de 50 paraules.<br \/>\nLes propostes s&#8217;enviaran per missatge privat a @elx_agendaurbana i seran publicades com a post en aquest compte, sempre que s&#8217;ajusten a les bases.<br \/>\nPer a participar ser\u00e0 necessari:<\/p>\n<ul>\n<li class=\"page\" role=\"region\" data-page-number=\"1\" aria-label=\"P\u00e1gina 1\" data-loaded=\"true\"><span dir=\"ltr\" role=\"presentation\">Seguir el compte<\/span> <span dir=\"ltr\" role=\"presentation\">@<\/span><span dir=\"ltr\" role=\"presentation\">elx_agendaurbana;<\/span><\/li>\n<li class=\"page\" role=\"region\" data-page-number=\"1\" aria-label=\"P\u00e1gina 1\" data-loaded=\"true\"><span dir=\"ltr\" role=\"presentation\">Comentar en el post en el qual s&#8217;ha incl\u00f2s la teua fotografia;<\/span><\/li>\n<li class=\"page\" role=\"region\" data-page-number=\"1\" aria-label=\"P\u00e1gina 1\" data-loaded=\"true\"><span dir=\"ltr\" role=\"presentation\">Publicar el post en la teua hist\u00f2ria;<\/span><\/li>\n<\/ul>\n<h4 class=\"page\" role=\"region\" data-page-number=\"1\" aria-label=\"P\u00e1gina 1\" data-loaded=\"true\"><span dir=\"ltr\" role=\"presentation\">Qu\u00e8 es valora?<\/span><\/h4>\n<div class=\"page\" style=\"text-align: justify;\" role=\"region\" data-page-number=\"1\" aria-label=\"P\u00e1gina 1\" data-loaded=\"true\">Les fotografies han de retratar elements en una ciutat. Poden referir-se tant al terme municipal d&#8217;Elx com a altres ciutats. Si es refereixen a Elx, has d&#8217;explicar com en la fotografia hi ha alguna cosa que es podria potenciar per a fer una ciutat millor. Si la fotografia \u00e9s d&#8217;una altra ciutat, has d&#8217;explicar com hi ha en aquesta elements que es podrien portar a Elx per a fer una ciutat millor.<br \/>\nEs valorar\u00e0 de manera conjunta fotografia i text i es triar\u00e0 la proposta que es considere m\u00e9s innovadora. Les propostes hauran de referir-se a un o diversos dels valors de l&#8217;Agenda Urbana d&#8217;Elx: prosperitat econ\u00f2mica, medi ambient sostenible, una ciutat socialment solid\u00e0ria i compartida i territorialment equilibrada.<\/div>\n<h4 class=\"page\" role=\"region\" data-page-number=\"1\" aria-label=\"P\u00e1gina 1\" data-loaded=\"true\"><span dir=\"ltr\" role=\"presentation\">Quin \u00e9s el termini per a participar?<\/span><\/h4>\n<div class=\"page\" role=\"region\" data-page-number=\"1\" aria-label=\"P\u00e1gina 1\" data-loaded=\"true\">Poden enviar-se fotografies des del 21 d&#8217;abril fins al 14 de maig. La comunicaci\u00f3 del guanyador o la guanyadora s&#8217;efectuar\u00e0 el 19 de maig a trav\u00e9s del compte d&#8217;Instagram.<\/div>\n<h4 class=\"page\" role=\"region\" data-page-number=\"1\" aria-label=\"P\u00e1gina 1\" data-loaded=\"true\"><span dir=\"ltr\" role=\"presentation\">Quantes vegades puc participar?<\/span><\/h4>\n<div class=\"page\" role=\"region\" data-page-number=\"1\" aria-label=\"P\u00e1gina 1\" data-loaded=\"true\">Cada compte pot enviar un m\u00e0xim de 3 fotografies mentre estiga obert el concurs.<\/div>\n<h4 class=\"page\" role=\"region\" data-page-number=\"1\" aria-label=\"P\u00e1gina 1\" data-loaded=\"true\"><span dir=\"ltr\" role=\"presentation\">Quin \u00e9s el premi?<\/span><\/h4>\n<div class=\"page\" style=\"text-align: justify;\" role=\"region\" data-page-number=\"1\" aria-label=\"P\u00e1gina 1\" data-loaded=\"true\">El guanyador o guanyadora rebr\u00e0 una Tauleta (Apple 2022 iPad de 10,9 Polzades (Wi-Fi, 64 GB) &#8211; Blau (10a generaci\u00f3) o equivalent.<\/div>\n<h4 class=\"page\" role=\"region\" data-page-number=\"1\" aria-label=\"P\u00e1gina 1\" data-loaded=\"true\"><span dir=\"ltr\" role=\"presentation\">Qui pot participar?<\/span><\/h4>\n<div class=\"page\" style=\"text-align: justify;\" role=\"region\" data-page-number=\"1\" aria-label=\"P\u00e1gina 1\" data-loaded=\"true\"><span dir=\"ltr\" role=\"presentation\">Poden participar totes les persones empadronades a Elx. L&#8217;empadronament es comprovar\u00e0 nom\u00e9s en relaci\u00f3 al guanyador o la guanyadora abans de l&#8217;entrega del premi.<\/span><\/div>\n<h4 class=\"page\" role=\"region\" data-page-number=\"1\" aria-label=\"P\u00e1gina 1\" data-loaded=\"true\">Com se seleccionar\u00e0 la proposta guanyadora?<\/h4>\n<div class=\"page\" style=\"text-align: justify;\" role=\"region\" data-page-number=\"1\" aria-label=\"P\u00e1gina 1\" data-loaded=\"true\">La decisi\u00f3 l&#8217;adoptar\u00e0 un jurat compost per t\u00e8cnics municipals. No podr\u00e0 formar part del jurat cap persona que tinga conflicte d&#8217;inter\u00e9s en relaci\u00f3 amb algun dels participants.<br \/>\nEl jurat justificar\u00e0 els m\u00e8rits de proposta guanyadora. En cas d&#8217;haver-hi diverses propostes similars en m\u00e8rit, podr\u00e0 acudir-se al sorteig entre aquestes per a la selecci\u00f3 final.<\/div>\n<h4 class=\"page\" role=\"region\" data-page-number=\"1\" aria-label=\"P\u00e1gina 1\" data-loaded=\"true\">Acceptaci\u00f3 de les bases<\/h4>\n<div class=\"page\" style=\"text-align: justify;\" role=\"region\" data-page-number=\"1\" aria-label=\"P\u00e1gina 1\" data-loaded=\"true\">La participaci\u00f3 en el concurs implica l&#8217;acceptaci\u00f3 incondicional de les bases. No seran considerades per a la seua valoraci\u00f3 propostes que no s&#8217;ajusten a aquestes o que tinguen intencions partidistes. Qualsevol aspecte no contemplat en les bases ser\u00e0 resolt per l&#8217;Ajuntament, sense contravindre de cap manera tot all\u00f2 estipulat ac\u00ed.<\/div>\n<div class=\"page\" style=\"text-align: justify;\" role=\"region\" data-page-number=\"1\" aria-label=\"P\u00e1gina 1\" data-loaded=\"true\"><strong>Cessi\u00f3 de drets<\/strong><\/div>\n<div role=\"region\" data-page-number=\"1\" aria-label=\"P\u00e1gina 1\" data-loaded=\"true\"><\/div>\n<div class=\"page\" style=\"text-align: justify;\" role=\"region\" data-page-number=\"1\" aria-label=\"P\u00e1gina 1\" data-loaded=\"true\">Quan s&#8217;envia una proposta es declara ser titular dels drets en relaci\u00f3 amb aquesta. La participaci\u00f3 en el concurs, implica la cessi\u00f3 dels drets de reproducci\u00f3 de la fotografia en temes relacionats amb l&#8217;Agenda Urbana d&#8217;Elx, sense limitar en cap altra manera els drets del propietari.<\/div>\n<div class=\"page\" role=\"region\" data-page-number=\"2\" aria-label=\"P\u00e1gina 2\" data-loaded=\"true\">\n<div class=\"canvasWrapper\"><\/div>\n<\/div>\n<p>[\/vc_column_text][\/vc_column][vc_column width=&#8221;1\/3&#8243;][vc_single_image image=&#8221;247138&#8243; img_size=&#8221;full&#8221;][\/vc_column][\/vc_row]<\/p>\n<\/div>","protected":false},"excerpt":{"rendered":"<p>[vc_row][vc_column width=&#8221;2\/3&#8243;][vc_empty_space height=&#8221;15px&#8221;][vc_column_text]L&#8217;Ajuntament d&#8217;Elx est\u00e0 elaborant la seua Agenda Urbana.\u00a0 Llan\u00e7a per aix\u00f2 un concurs de fotografia. BASES DEL CONCURS: LA CIUTAT QUE TU VOLS Context L&#8217;Ajuntament d&#8217;Elx est\u00e0 elaborant [&hellip;]<\/p>\n","protected":false},"author":139,"featured_media":0,"parent":0,"menu_order":0,"comment_status":"closed","ping_status":"closed","template":"","meta":{"footnotes":""},"class_list":["post-248524","page","type-page","status-publish","hentry"],"_links":{"self":[{"href":"https:\/\/www.elche.es\/va\/wp-json\/wp\/v2\/pages\/248524","targetHints":{"allow":["GET"]}}],"collection":[{"href":"https:\/\/www.elche.es\/va\/wp-json\/wp\/v2\/pages"}],"about":[{"href":"https:\/\/www.elche.es\/va\/wp-json\/wp\/v2\/types\/page"}],"author":[{"embeddable":true,"href":"https:\/\/www.elche.es\/va\/wp-json\/wp\/v2\/users\/139"}],"replies":[{"embeddable":true,"href":"https:\/\/www.elche.es\/va\/wp-json\/wp\/v2\/comments?post=248524"}],"version-history":[{"count":0,"href":"https:\/\/www.elche.es\/va\/wp-json\/wp\/v2\/pages\/248524\/revisions"}],"wp:attachment":[{"href":"https:\/\/www.elche.es\/va\/wp-json\/wp\/v2\/media?parent=248524"}],"curies":[{"name":"wp","href":"https:\/\/api.w.org\/{rel}","templated":true}]}}