{"id":25249,"date":"2017-06-01T11:33:01","date_gmt":"2017-06-01T10:33:01","guid":{"rendered":"http:\/\/www.elche.es\/va\/benestar-social\/cartera-de-serveis\/dependencia\/tramites\/"},"modified":"2022-06-20T07:41:41","modified_gmt":"2022-06-20T06:41:41","slug":"prestacions-economiques","status":"publish","type":"page","link":"https:\/\/www.elche.es\/va\/derechos-sociales\/cartera-de-serveis\/serveis-de-promocio-de-lautonomia\/prestacions-economiques\/","title":{"rendered":"Prestacions Econ\u00f2miques"},"content":{"rendered":"<div class=\"wpb-content-wrapper\"><p>[vc_row full_width=&#8221;stretch_row&#8221;][vc_column][vc_column_text]<nav aria-label=\"breadcrumbs\">\n            <div class=\"breadcrumb-container theme1\">\n                <ol>\n                                    <\/ol>\n            <\/div>\n        <\/nav>    <script type=\"application\/ld+json\">\n        {\n            \"@context\": \"http:\/\/schema.org\",\n            \"@type\": \"BreadcrumbList\",\n            \"itemListElement\": [\n                            ]\n        }\n    <\/script>\n    <style type=\"text\/css\">\n        .breadcrumb-container {\n            font-size: 13px;\n        }\n\n        .breadcrumb-container ul {\n            margin: 0;\n            padding: 0;\n        }\n\n        .breadcrumb-container li {\n            box-sizing: unset;\n            display: inline-block;\n            margin: 0;\n            padding: 0;\n        }\n\n        .breadcrumb-container li a {\n            box-sizing: unset;\n            padding: 0 10px;\n        }\n\n        .breadcrumb-container {\n            font-size: 3 !important;\n                    }\n\n        .breadcrumb-container li a {\n            color: #0a0a0a !important;\n            font-size: 3 !important;\n            line-height: 3 !important;\n                    }\n\n        .breadcrumb-container li .separator {\n            font-size: 3 !important;\n                    }\n\n        .breadcrumb-container li:last-child .separator {\n            display: none;\n        }\n    <\/style>\n    <style type=\"text\/css\">\n        .breadcrumb-container.theme1 li {\n            margin: 0;\n            padding: 0;\n        }\n        .breadcrumb-container.theme1 a {\n            background: ;\n            display: inline-block;\n            margin: 0 5px;\n            padding: 5px 10px;\n            text-decoration: none;\n        }\n    <\/style>\n        <style type=\"text\/css\">\n            <\/style>\n    <script>\n            <\/script>\n[\/vc_column_text][\/vc_column][\/vc_row][vc_row][vc_column]<h3 class=\"sc_title sc_title_regular\">Prestacions Econ\u00f2miques<\/h3>\r\n        <p>\r\n        <span class=\"enlaces-titulo\"> AJUDES PER AL DESENVOLUPAMENT PERSONAL DE PERSONES MAJORS <\/span> <span><a class=\"enlaces-link\" target='_blank'href=\"https:\/\/www.elche.es\/va\/derechos-sociales\/cartera-de-serveis\/serveis-de-promocio-de-lautonomia\/prestacions-economiques\/ajudes-per-al-desenvoluptamentpersonal-de-persones-majores\/ \">Veure enlla\u00e7<\/a><\/span>\r\n        <br>\r\n        <span class=\"enlaces-descripcion\">Tenen com a objecte donar suport a persones majors, amb problemes motors o sensorials, per al manteniment en el seu entorn social, incrementant-ne l\u2019autonomia, potenciant les seues possibilitats, i afavorint les relacions i la integraci\u00f3 en la societat.<\/span>\r\n        <\/p>\r\n        <hr class=\"enlaces-separador\">\r\n        \r\n        <p>\r\n        <span class=\"enlaces-titulo\"> AJUDES PERSONALS DE PROMOCI\u00d3 DE L\u2019AUTONOMIA PERSONAL <\/span> <span><a class=\"enlaces-link\" target='_blank'href=\"https:\/\/www.elche.es\/va\/benestar-social\/cartera-de-serveis\/dependencia\/tramits\/ajudes-personals-de-promocio-de-lautonomia-personal\/ \">Veure enlla\u00e7<\/a><\/span>\r\n        <br>\r\n        <span class=\"enlaces-descripcion\"><\/span>\r\n        <\/p>\r\n        <hr class=\"enlaces-separador\">\r\n        \r\n        <p>\r\n        <span class=\"enlaces-titulo\"> ABONAMENT RESPIR TERCERA EDAT <\/span> <span><a class=\"enlaces-link\" target='_blank'href=\"https:\/\/www.elche.es\/va\/abonament-respir-tercera-edat\/ \">Veure enlla\u00e7<\/a><\/span>\r\n        <br>\r\n        <span class=\"enlaces-descripcion\">Tenen com a objecte finan\u00e7ar diferents modalitats d'estades de car\u00e0cter temporal o no permanent en resid\u00e8ncies de tercera edat<\/span>\r\n        <\/p>\r\n        <hr class=\"enlaces-separador\">\r\n        \r\n        <p>\r\n        <span class=\"enlaces-titulo\"> COMPLEMENT A LA PENSI\u00d3 NO CONTRIBUTIVA PER AL LLOGUER <\/span> <span><a class=\"enlaces-link\" target='_blank'href=\"https:\/\/www.elche.es\/va\/benestar-social\/cartera-de-serveis\/dependencia\/tramits\/complement-a-la-pensio-no-contributiva-par-al-lloguer\/ \">Veure enlla\u00e7<\/a><\/span>\r\n        <br>\r\n        <span class=\"enlaces-descripcion\">\u00c9s una ajuda de 525 euros anuals, per a ajudar les persones que perceben una PNC (Pensi\u00f3 no Contributiva) i que viuen en un habitatge en r\u00e8gim de lloguer<\/span>\r\n        <\/p>\r\n        <hr class=\"enlaces-separador\">\r\n        \r\n        <p>\r\n        <span class=\"enlaces-titulo\"> PENSIONS NO CONTRIBUTIVES <\/span> <span><a class=\"enlaces-link\" target='_blank'href=\"https:\/\/www.elche.es\/va\/benestar-social\/cartera-de-serveis\/dependencia\/tramits\/pensions-no-contributives\/ \">Veure enlla\u00e7<\/a><\/span>\r\n        <br>\r\n        <span class=\"enlaces-descripcion\">L'objecte d'aquesta pensi\u00f3 \u00e9s proporcionar una prestaci\u00f3 econ\u00f2mica i una assist\u00e8ncia medicofarmac\u00e8utica gratu\u00efta, aix\u00ed com serveis socials complementaris a persones que no hagen cotitzat o que ho hagen fet de forma insuficient.<\/span>\r\n        <\/p>\r\n        <hr class=\"enlaces-separador\">\r\n        \r\n        <p>\r\n        <span class=\"enlaces-titulo\"> PRESTACIONS ECON\u00d2MIQUES INDIVIDUALITZADES PER A LA SUPRESSI\u00d3 DE BARRERES ARQUITECT\u00d2NIQUES PER A PERSONES MAJORS <\/span> <span><a class=\"enlaces-link\" target='_blank'href=\"https:\/\/www.elche.es\/va\/derechos-sociales\/cartera-de-serveis\/serveis-de-promocio-de-lautonomia\/prestacions-economiques\/prestacions-economiques\/ \">Veure enlla\u00e7<\/a><\/span>\r\n        <br>\r\n        <span class=\"enlaces-descripcion\">Es comprenen en l'objecte d'aquesta subvenci\u00f3 totes aquelles subvencions per a l'eliminaci\u00f3 de barreres arquitect\u00f2niques existents en l\u2019habitatge propi o en l'edifici de la persona major que obstaculitzen la seua mobilitat, incloent-hi aquelles transformacions o reformes que contribueixen a evitar els obstacles i a facilitar la mobilitat.<\/span>\r\n        <\/p>\r\n        <hr class=\"enlaces-separador\">\r\n        \r\n        <p>\r\n        <span class=\"enlaces-titulo\"> SOL\u00b7LICITUD DEL RECONEIXEMENT, DECLARACI\u00d3 I QUALIFICACI\u00d3 DEL GRAU DE DISCAPACITAT <\/span> <span><a class=\"enlaces-link\" target='_blank'href=\"https:\/\/www.elche.es\/va\/benestar-social\/cartera-de-serveis\/dependencia\/tramits\/sollicitud-grau-discapacitat\/ \">Veure enlla\u00e7<\/a><\/span>\r\n        <br>\r\n        <span class=\"enlaces-descripcion\">La qualificaci\u00f3 del grau de discapacitat permet l'acc\u00e9s del ciutad\u00e0 als beneficis, drets econ\u00f2mics i serveis que els organismes p\u00fablics atorguen.<\/span>\r\n        <\/p>\r\n        <hr class=\"enlaces-separador\">\r\n        \r\n        <p>\r\n        <span class=\"enlaces-titulo\"> SUBSIDI DE MOBILITAT I COMPENSACI\u00d3 PER DESPESES DE TRANSPORT (SMDT) <\/span> <span><a class=\"enlaces-link\" target='_blank'href=\"https:\/\/www.elche.es\/va\/benestar-social\/cartera-de-serveis\/dependencia\/tramits\/subsidi-movilitat-despese-transport\/ \">Veure enlla\u00e7<\/a><\/span>\r\n        <br>\r\n        <span class=\"enlaces-descripcion\">El subsidi de mobilitat i compensaci\u00f3 per despeses de transport consistir\u00e0 en una prestaci\u00f3 econ\u00f2mica, de car\u00e0cter peri\u00f2dic, destinada a atendre les despeses originades per despla\u00e7aments fora del seu domicili habitual d'aquelles persones amb diversitat funcional que, per ra\u00f3 de la seua discapacitat, tinguen greus dificultats per a utilitzar transports col\u00b7lectius.<\/span>\r\n        <\/p>\r\n        <hr class=\"enlaces-separador\">\r\n        \r\n        <p>\r\n        <span class=\"enlaces-titulo\"> PRESTACIONS ECON\u00d2MIQUES INDIVIDUALS PER A LES PERSONES AMB DIVERSITAT FUNCIONAL. AJUDES PER A L'ATENCI\u00d2 ESPECIALIRZADA EN CENTRES RESIDENCIALS <\/span> <span><a class=\"enlaces-link\" target='_blank'href=\"https:\/\/www.elche.es\/va\/derechos-sociales\/cartera-de-serveis\/serveis-de-promocio-de-lautonomia\/prestacions-economiques\/prestaciones-economicas-individuales-para-las-personas-con-diversidad-funcional-ayudas-para-la-atencion-especializada-en-centros-residenciales\/ \">Veure enlla\u00e7<\/a><\/span>\r\n        <br>\r\n        <span class=\"enlaces-descripcion\"><\/span>\r\n        <\/p>\r\n        <hr class=\"enlaces-separador\">\r\n        [\/vc_column][\/vc_row]<\/p>\n<\/div>","protected":false},"excerpt":{"rendered":"<p>[vc_row full_width=&#8221;stretch_row&#8221;][vc_column][vc_column_text][\/vc_column_text][\/vc_column][\/vc_row][vc_row][vc_column][\/vc_column][\/vc_row]<\/p>\n","protected":false},"author":46,"featured_media":0,"parent":183795,"menu_order":0,"comment_status":"closed","ping_status":"closed","template":"","meta":{"footnotes":""},"class_list":["post-25249","page","type-page","status-publish","hentry"],"_links":{"self":[{"href":"https:\/\/www.elche.es\/va\/wp-json\/wp\/v2\/pages\/25249","targetHints":{"allow":["GET"]}}],"collection":[{"href":"https:\/\/www.elche.es\/va\/wp-json\/wp\/v2\/pages"}],"about":[{"href":"https:\/\/www.elche.es\/va\/wp-json\/wp\/v2\/types\/page"}],"author":[{"embeddable":true,"href":"https:\/\/www.elche.es\/va\/wp-json\/wp\/v2\/users\/46"}],"replies":[{"embeddable":true,"href":"https:\/\/www.elche.es\/va\/wp-json\/wp\/v2\/comments?post=25249"}],"version-history":[{"count":0,"href":"https:\/\/www.elche.es\/va\/wp-json\/wp\/v2\/pages\/25249\/revisions"}],"up":[{"embeddable":true,"href":"https:\/\/www.elche.es\/va\/wp-json\/wp\/v2\/pages\/183795"}],"wp:attachment":[{"href":"https:\/\/www.elche.es\/va\/wp-json\/wp\/v2\/media?parent=25249"}],"curies":[{"name":"wp","href":"https:\/\/api.w.org\/{rel}","templated":true}]}}