{"id":258286,"date":"2023-07-24T12:59:25","date_gmt":"2023-07-24T10:59:25","guid":{"rendered":"https:\/\/www.elche.es\/?page_id=258286"},"modified":"2025-08-05T11:08:59","modified_gmt":"2025-08-05T09:08:59","slug":"casa-de-la-dona","status":"publish","type":"page","link":"https:\/\/www.elche.es\/va\/casa-de-la-dona\/","title":{"rendered":"Casa de la Dona"},"content":{"rendered":"<div class=\"wpb-content-wrapper\"><p>[vc_row full_width=&#8221;stretch_row_content_no_spaces&#8221; css=&#8221;.vc_custom_1663588492163{background-position: center !important;background-repeat: no-repeat !important;background-size: cover !important;}&#8221; el_class=&#8221;cuadrocabecerafoto&#8221;][vc_column offset=&#8221;vc_hidden-sm vc_hidden-xs&#8221;][vc_single_image image=&#8221;260027&#8243; img_size=&#8221;full&#8221; alignment=&#8221;center&#8221; el_class=&#8221;cabecerasolofoto&#8221;][\/vc_column][\/vc_row][vc_row full_width=&#8221;stretch_row_content_no_spaces&#8221; css=&#8221;.vc_custom_1663588492163{background-position: center !important;background-repeat: no-repeat !important;background-size: cover !important;}&#8221; el_class=&#8221;cuadrocabecerafoto&#8221;][vc_column offset=&#8221;vc_hidden-lg vc_hidden-md&#8221;][vc_single_image image=&#8221;260025&#8243; img_size=&#8221;full&#8221; alignment=&#8221;center&#8221; el_class=&#8221;cabecerasolofoto&#8221;][\/vc_column][\/vc_row][vc_row type=&#8221;1&#8243; style=&#8221;regular&#8221; align=&#8221;none&#8221; font_size=&#8221;&#8221; font_weight=&#8221;inherit&#8221; color=&#8221;&#8221; icon=&#8221;inherit&#8221; image=&#8221;none&#8221; picture=&#8221;&#8221; image_size=&#8221;small&#8221; position=&#8221;left&#8221; id=&#8221;&#8221; class=&#8221;titulo-pagina&#8221; animation=&#8221;none&#8221; top=&#8221;small&#8221; bottom=&#8221;inherit&#8221; left=&#8221;inherit&#8221; right=&#8221;inherit&#8221;][vc_column]<h1 class=\"sc_title sc_title_regular titulo-pagina margin_top_small\">CASA de la DONA<\/h1>[\/vc_column][\/vc_row][vc_row][vc_column][vc_column_text]<strong>Quina \u00e9s la comesa dels punts violetes d&#8217;atenci\u00f3 a la dona?<br \/>\n<\/strong>Oferir la informaci\u00f3 necess\u00e0ria per a saber com actuar davant un cas de viol\u00e8ncia contra la dona[\/vc_column_text][vc_column_text css=&#8221;.vc_custom_1690797617060{margin-top: 20px !important;}&#8221;]<\/p>\n<ul>\n<li>Has sigut testimoni d&#8217;una agressi\u00f3?<\/li>\n<li>Alg\u00fa que conec \u00e9s v\u00edctima<\/li>\n<li>Alg\u00fa del meu entorn \u00e9s v\u00edctima<\/li>\n<li>Ets tu la v\u00edctima?<\/li>\n<\/ul>\n<p>[\/vc_column_text][\/vc_column][\/vc_row][vc_row css=&#8221;.vc_custom_1690528322501{margin-top: 30px !important;margin-bottom: 30px !important;padding-top: 20px !important;padding-right: 40px !important;padding-bottom: 20px !important;padding-left: 40px !important;background-color: #84348b !important;}&#8221;][vc_column][vc_column_text css=&#8221;.vc_custom_1690528263188{margin-top: 40px !important;margin-bottom: 40px !important;}&#8221;]<\/p>\n<p style=\"text-align: center;\"><span style=\"color: #ffffff;\">Ac\u00e9rcate a un punto violeta de atenci\u00f3n a la mujer o Llama a la polic\u00eda \/091, emergencias \/112, guardia civil, polic\u00eda local \/092<\/span><\/p>\n<p>[\/vc_column_text][\/vc_column][\/vc_row][vc_row][vc_column][vc_column_text css=&#8221;.vc_custom_1690375252693{margin-top: 40px !important;margin-bottom: 40px !important;}&#8221;]<\/p>\n<hr \/>\n<p>[\/vc_column_text][\/vc_column][\/vc_row][vc_row][vc_column][vc_single_image image=&#8221;342354&#8243; img_size=&#8221;full&#8221; onclick=&#8221;link_image&#8221; css=&#8221;&#8221;][\/vc_column][\/vc_row][vc_row][vc_column][vc_column_text css=&#8221;.vc_custom_1690375252693{margin-top: 40px !important;margin-bottom: 40px !important;}&#8221;]<\/p>\n<hr \/>\n<p>[\/vc_column_text][\/vc_column][\/vc_row][vc_row][vc_column][vc_single_image image=&#8221;258805&#8243; img_size=&#8221;full&#8221; onclick=&#8221;custom_link&#8221; img_link_target=&#8221;_blank&#8221; link=&#8221;https:\/\/alertcops.ses.mir.es\/publico\/alertcops\/&#8221;][\/vc_column][\/vc_row]<\/p>\n<\/div>","protected":false},"excerpt":{"rendered":"<p>[vc_row full_width=&#8221;stretch_row_content_no_spaces&#8221; css=&#8221;.vc_custom_1663588492163{background-position: center !important;background-repeat: no-repeat !important;background-size: cover !important;}&#8221; el_class=&#8221;cuadrocabecerafoto&#8221;][vc_column offset=&#8221;vc_hidden-sm vc_hidden-xs&#8221;][vc_single_image image=&#8221;260027&#8243; img_size=&#8221;full&#8221; alignment=&#8221;center&#8221; el_class=&#8221;cabecerasolofoto&#8221;][\/vc_column][\/vc_row][vc_row full_width=&#8221;stretch_row_content_no_spaces&#8221; css=&#8221;.vc_custom_1663588492163{background-position: center !important;background-repeat: no-repeat !important;background-size: cover !important;}&#8221; el_class=&#8221;cuadrocabecerafoto&#8221;][vc_column offset=&#8221;vc_hidden-lg vc_hidden-md&#8221;][vc_single_image image=&#8221;260025&#8243; img_size=&#8221;full&#8221; alignment=&#8221;center&#8221; [&hellip;]<\/p>\n","protected":false},"author":139,"featured_media":0,"parent":0,"menu_order":0,"comment_status":"closed","ping_status":"closed","template":"","meta":{"footnotes":""},"class_list":["post-258286","page","type-page","status-publish","hentry"],"_links":{"self":[{"href":"https:\/\/www.elche.es\/va\/wp-json\/wp\/v2\/pages\/258286","targetHints":{"allow":["GET"]}}],"collection":[{"href":"https:\/\/www.elche.es\/va\/wp-json\/wp\/v2\/pages"}],"about":[{"href":"https:\/\/www.elche.es\/va\/wp-json\/wp\/v2\/types\/page"}],"author":[{"embeddable":true,"href":"https:\/\/www.elche.es\/va\/wp-json\/wp\/v2\/users\/139"}],"replies":[{"embeddable":true,"href":"https:\/\/www.elche.es\/va\/wp-json\/wp\/v2\/comments?post=258286"}],"version-history":[{"count":6,"href":"https:\/\/www.elche.es\/va\/wp-json\/wp\/v2\/pages\/258286\/revisions"}],"predecessor-version":[{"id":342356,"href":"https:\/\/www.elche.es\/va\/wp-json\/wp\/v2\/pages\/258286\/revisions\/342356"}],"wp:attachment":[{"href":"https:\/\/www.elche.es\/va\/wp-json\/wp\/v2\/media?parent=258286"}],"curies":[{"name":"wp","href":"https:\/\/api.w.org\/{rel}","templated":true}]}}