{"id":261441,"date":"2023-08-22T13:09:18","date_gmt":"2023-08-22T11:09:18","guid":{"rendered":"https:\/\/www.elche.es\/educacio\/homologacio-titols\/"},"modified":"2025-04-03T13:40:43","modified_gmt":"2025-04-03T11:40:43","slug":"homologacio-titols","status":"publish","type":"page","link":"https:\/\/www.elche.es\/va\/educacio\/homologacio-titols\/","title":{"rendered":"Homologaci\u00f3 T\u00edtols"},"content":{"rendered":"<div class=\"wpb-content-wrapper\"><p>[vc_row full_width=&#8221;stretch_row&#8221; css=&#8221;.vc_custom_1692686294357{background-image: url(https:\/\/www.elche.es\/wp-content\/uploads\/2023\/08\/estudiante-anonimo-tomando-notas-scaled.jpg?id=261072) !important;background-position: center !important;background-repeat: no-repeat !important;background-size: cover !important;}&#8221; el_id=&#8221;bloque_titulo&#8221; el_class=&#8221;slidersecciones&#8221;][vc_column][vc_custom_heading text=&#8221;Homologaci\u00f3 T\u00edtols&#8221; font_container=&#8221;tag:h2|text_align:center|color:%23ffffff&#8221; google_fonts=&#8221;font_family:Ubuntu%3A300%2C300italic%2Cregular%2Citalic%2C500%2C500italic%2C700%2C700italic|font_style:700%20bold%20regular%3A700%3Anormal&#8221; el_class=&#8221;sombraTitulo cabeceramovil&#8221;][\/vc_column][\/vc_row][vc_row][vc_column][\/vc_column][\/vc_row][vc_row full_width=&#8221;stretch_row&#8221; css=&#8221;.vc_custom_1475484188729{background-color: #dddde0 !important;}&#8221;][vc_column offset=&#8221;vc_hidden-sm vc_hidden-xs&#8221;][vc_column_text]<nav aria-label=\"breadcrumbs\">\n            <div class=\"breadcrumb-container theme1\">\n                <ol>\n                                    <\/ol>\n            <\/div>\n        <\/nav>    <script type=\"application\/ld+json\">\n        {\n            \"@context\": \"http:\/\/schema.org\",\n            \"@type\": \"BreadcrumbList\",\n            \"itemListElement\": [\n                            ]\n        }\n    <\/script>\n    <style type=\"text\/css\">\n        .breadcrumb-container {\n            font-size: 13px;\n        }\n\n        .breadcrumb-container ul {\n            margin: 0;\n            padding: 0;\n        }\n\n        .breadcrumb-container li {\n            box-sizing: unset;\n            display: inline-block;\n            margin: 0;\n            padding: 0;\n        }\n\n        .breadcrumb-container li a {\n            box-sizing: unset;\n            padding: 0 10px;\n        }\n\n        .breadcrumb-container {\n            font-size: 3 !important;\n                    }\n\n        .breadcrumb-container li a {\n            color: #0a0a0a !important;\n            font-size: 3 !important;\n            line-height: 3 !important;\n                    }\n\n        .breadcrumb-container li .separator {\n            font-size: 3 !important;\n                    }\n\n        .breadcrumb-container li:last-child .separator {\n            display: none;\n        }\n    <\/style>\n    <style type=\"text\/css\">\n        .breadcrumb-container.theme1 li {\n            margin: 0;\n            padding: 0;\n        }\n        .breadcrumb-container.theme1 a {\n            background: ;\n            display: inline-block;\n            margin: 0 5px;\n            padding: 5px 10px;\n            text-decoration: none;\n        }\n    <\/style>\n        <style type=\"text\/css\">\n            <\/style>\n    <script>\n            <\/script>\n[\/vc_column_text][\/vc_column][\/vc_row][vc_row full_width=&#8221;stretch_row&#8221; css=&#8221;.vc_custom_1622009936662{background-color: #ffffff !important;}&#8221;][vc_column]<h3 class=\"sc_title sc_title_regular sc_align_center margin_top_tiny margin_bottom_tiny\" style=\"````text-align:center;\"><\/p>\n<h3 style=\"text-align: left;\">Homologaci\u00f3 de t\u00edtols o convalidaci\u00f3 d&#8217;estudis estrangers no universitaris<\/h3>\n<p><\/h3>[vc_column_text css=&#8221;&#8221;]Homologar t\u00edtols estrangers amb els equivalents espanyols no universitaris \u00e9s recon\u00e9ixer la seua validesa oficial a Espanya.<\/p>\n<p>Convalidar estudis estrangers pels equivalents espanyols no universitaris permet continuar estudis en un centre docent espanyol.<\/p>\n<p>INSTRUCCIONS:<\/p>\n<p>Per a la sol\u00b7licitud d&#8217;homologaci\u00f3, convalidaci\u00f3 o equival\u00e8ncia l&#8217;abonament de la taxa no eximeix de la necessitat d&#8217;emplenar i presentar el model oficial de sol\u00b7licitud d&#8217;homologaci\u00f3, convalidaci\u00f3 o equival\u00e8ncia, acompanyat de la documentaci\u00f3 preceptiva.<\/p>\n<p>La sol\u00b7licitud d&#8217;homologaci\u00f3, convalidaci\u00f3 o equival\u00e8ncia ha de presentar-se acompanyada del Model 790 (amb certificaci\u00f3 mec\u00e0nica o signatura autoritzada que acredite el pagament), en la manera anteriorment descrita, o ben acompanyada de justificaci\u00f3 suficient de l&#8217;ingr\u00e9s o la transfer\u00e8ncia en el compte restringit que s&#8217;ha assenyalat.<\/p>\n<p><a href=\"https:\/\/sede.educacion.gob.es\/aefpc\/servlet\/verdocumento\">Desc\u00e0rrega del Model 790<\/a><\/p>\n<p><a href=\"https:\/\/www.educacionyfp.gob.es\/dam\/jcr:7862606d-5908-4d9e-b147-ec65ac682deb\/ayuda-solicitud-hom.pdf\">Ajuda per a l&#8217;emplenament de la sol\u00b7licitud d&#8217;homologaci\u00f3 de t\u00edtols o convalidaci\u00f3 d&#8217;estudis estrangers no universitaris.<\/a><\/p>\n<p>PRESENTACI\u00d3 DE LA SOL\u00b7LICITUD:<\/p>\n<p>Les sol\u00b7licituds i escrits podran presentar-se en qualsevol de les depend\u00e8ncies contemplades en l&#8217;article 16.4 de la Llei 39\/2015, d&#8217;1 d&#8217;octubre, del Procediment Administratiu Com\u00fa de les Administracions P\u00fabliques. <a title=\"Enlace externo, se abre en ventana nueva.\" href=\"http:\/\/administracion.gob.es\/pagFront\/atencionCiudadana\/oficinas\/encuentraOficina.htm#.VkNuCNIve1t\" target=\"_blank\" rel=\"external noopener\">Consulta les oficines de registre<\/a><\/p>\n<p><strong>ACC\u00c9S AL TR\u00c0MIT:<\/strong><\/p>\n<p><a href=\"https:\/\/sede.educacion.gob.es\/sede\/login\/inicio.jjsp?idConvocatoria=46\">Seu Electr\u00f2nica &#8211; Ministeri d&#8217;Educaci\u00f3 i Formaci\u00f3 Professional (educacion.gob.es)<\/a>[\/vc_column_text]<h5 class=\"sc_title sc_title_regular subtitulosapartados \" style=\"````\"><\/p>\n<h3>Preguntes Freq\u00fcents<\/h3>\n<p><\/h5>[\/vc_column][\/vc_row][vc_row][vc_column][vc_tta_accordion style=&#8221;outline&#8221; color=&#8221;turquoise&#8221; active_section=&#8221;1&#8243; collapsible_all=&#8221;true&#8221;][vc_tta_section title=&#8221;Qu\u00e8 puc homologar o convalidar?&#8221; tab_id=&#8221;1692610388703-49f2dbb7-7f87&#8243;][vc_column_text]Els t\u00edtols o estudis estrangers han de complir els seg\u00fcents requisits:<\/p>\n<p>1-Han de ser <strong>oficials<\/strong> en el sistema educatiu del pa\u00eds al qual corresponguen.<\/p>\n<p>2-Els estudis estrangers han d&#8217;estar <strong>totalment superats.<\/strong><\/p>\n<p>3-Ha d&#8217;haver superat <strong>tots i cadascun dels cursos anteriors.<\/strong><\/p>\n<p>4-Ha d&#8217;existir suficient equival\u00e8ncia amb els estudis o el t\u00edtol espanyol que siga, tant a nivell acad\u00e8mic, com en duraci\u00f3 i contingut.<\/p>\n<p>5-Si els estudis s&#8217;han realitzat en un centre estranger a Espanya, a m\u00e9s de complir la normativa d&#8217;homologaci\u00f3, el centre ha d&#8217;estar autoritzat per a impartir aqueixos estudis.<\/p>\n<p>6-L&#8217;alumnat procedent del sistema educatiu espanyol que sol\u00b7licite l&#8217;homologaci\u00f3 als t\u00edtols de Graduat en Educaci\u00f3 Secund\u00e0ria Obligat\u00f2ria o Batxiller, o la convalidaci\u00f3 dels estudis de Batxillerat, <strong>haur\u00e0 d&#8217;haver aprovat tants cursos correlatius i complets com li queden pendents per a acabar l&#8217;Educaci\u00f3 Secund\u00e0ria Obligat\u00f2ria o el Batxillerat a Espanya, respectivament.<\/strong><\/p>\n<p>Tinga en compte que <span style=\"text-decoration: underline;\"><strong>NO S&#8217;HOMOLOGUEN O CONVALIDEN<\/strong><\/span> els seg\u00fcents t\u00edtols o estudis:<\/p>\n<p>1-Assignatures soltes<\/p>\n<p>2-Els <strong>t\u00edtols ja obtinguts<\/strong> i els cursos realitzats en el sistema educatiu espanyol<\/p>\n<p>3-Estudis cursats en centres estrangers <strong>no autoritzats<\/strong> situats a Espanya<\/p>\n<p>4-Estudis estrangers que no condueixen a t\u00edtols amb validesa acad\u00e8mica oficial<\/p>\n<p>5-T\u00edtols, diplomes, certificats o estudis estrangers que no formen part del sistema educatiu estranger<\/p>\n<p>6-Les homologacions o convalidacions obtingudes en un tercer pa\u00eds[\/vc_column_text][\/vc_tta_section][vc_tta_section title=&#8221;A quins t\u00edtols espanyols es pot homologar els meus estudis estrangers?&#8221; tab_id=&#8221;1692610388730-dd7d3e48-0ae9&#8243;][vc_column_text]<\/p>\n<p style=\"text-align: justify;\"><strong>Educaci\u00f3n Secundaria Obligatoria (E.S.O.):<\/strong> El T\u00edtulo de Graduado o Graduada en Educaci\u00f3n Secundaria Obligatoria se obtiene tras la plena superaci\u00f3n de 10 a\u00f1os de escolarizaci\u00f3n en Espa\u00f1a. Permite el acceso al Bachillerato y a los Ciclos formativos de Grado Medio.<\/p>\n<p style=\"text-align: justify;\"><strong>Bachillerato:<\/strong> El T\u00edtulo de Bachiller se obtiene tras la plena superaci\u00f3n de 12 a\u00f1os de escolarizaci\u00f3n. Permite el acceso a la Universidad. La convalidaci\u00f3n por 1\u00ba de bachillerato permite la continuidad de estudios de 2\u00ba de Bachillerato.<\/p>\n<p style=\"text-align: justify;\"><strong>Formaci\u00f3n profesional:<\/strong> Tras el T\u00edtulo de Graduado o Graduada en Educaci\u00f3n Secundaria Obligatoria. Los Ciclos Formativos de Grado Medio (2 cursos acad\u00e9micos) conducen al t\u00edtulo de T\u00e9cnico y que forman parte de la educaci\u00f3n secundaria post-obligatoria. Los Ciclos Formativos de Grado Superior (2 cursos acad\u00e9micos tras la obtenci\u00f3n del t\u00edtulo de Bachiller, con car\u00e1cter general) conducen al t\u00edtulo de T\u00e9cnico Superior que forma parte de la educaci\u00f3n superior.<\/p>\n<p style=\"text-align: justify;\"><strong>Ense\u00f1anzas art\u00edsticas profesionales:<\/strong> Tienen esta condici\u00f3n las ense\u00f1anzas profesionales de M\u00fasica y Danza (que conducen al t\u00edtulo de T\u00e9cnico), as\u00ed como los grados medio y superior de Artes Pl\u00e1sticas y Dise\u00f1o (onducen a T\u00edtulos de T\u00e9cnico o de T\u00e9cnico Superior.<\/p>\n<p style=\"text-align: justify;\"><strong>Ense\u00f1anzas art\u00edsticas superiores:<\/strong> Las ense\u00f1anzas art\u00edsticas superiores son equivalentes a Grados Universitarios. Su denominaci\u00f3n es T\u00edtulo Superior o T\u00edtulos de M\u00e1ster en Ense\u00f1anzas Art\u00edsticas<\/p>\n<p>Educaci\u00f3 Secund\u00e0ria Obligat\u00f2ria (E.S.O.): El T\u00edtol de Graduat o Graduada en Educaci\u00f3 Secund\u00e0ria Obligat\u00f2ria s&#8217;obt\u00e9 despr\u00e9s de la plena superaci\u00f3 de 10 anys d&#8217;escolaritzaci\u00f3 a Espanya. Permet l&#8217;acc\u00e9s al Batxillerat i als Cicles formatius de Grau Mitj\u00e0.<\/p>\n<p>Batxillerat: El T\u00edtol de Batxiller s&#8217;obt\u00e9 despr\u00e9s de la plena superaci\u00f3 de 12 anys d&#8217;escolaritzaci\u00f3. Permet l&#8217;acc\u00e9s a la Universitat. La convalidaci\u00f3 per 1r de batxillerat permet la continu\u00eftat d&#8217;estudis de 2n de Batxillerat.<\/p>\n<p>Formaci\u00f3 professional: Despr\u00e9s del T\u00edtol de Graduat o Graduada en Educaci\u00f3 Secund\u00e0ria Obligat\u00f2ria. Els Cicles Formatius de Grau Mitj\u00e0 (2 cursos acad\u00e8mics) condueixen al t\u00edtol de T\u00e8cnic i que formen part de l&#8217;educaci\u00f3 secund\u00e0ria post-obligat\u00f2ria. Els Cicles Formatius de Grau Superior (2 cursos acad\u00e8mics despr\u00e9s de l&#8217;obtenci\u00f3 del t\u00edtol de Batxiller, amb car\u00e0cter general) condueixen al t\u00edtol de T\u00e8cnic Superior que forma part de l&#8217;educaci\u00f3 superior.<\/p>\n<p>Ensenyaments art\u00edstics professionals: Tenen aquesta condici\u00f3 els ensenyaments professionals de M\u00fasica i Dansa (que condueixen al t\u00edtol de T\u00e8cnic), aix\u00ed com els graus mitj\u00e0 i superior d&#8217;Arts Pl\u00e0stiques i Disseny (condueixen a T\u00edtols de T\u00e8cnic o de T\u00e8cnic Superior.<\/p>\n<p>Ensenyaments art\u00edstics superiors: Els ensenyaments art\u00edstics superiors s\u00f3n equivalents a Graus Universitaris. La seua denominaci\u00f3 \u00e9s T\u00edtol Superior o T\u00edtols de M\u00e0ster en Ensenyaments Art\u00edstics<\/p>\n<p>Ensenyaments esportius: Els ensenyaments esportius tenen com a finalitat preparar als alumnes per a l&#8217;activitat professional en el sistema esportiu i facilitar l&#8217;adaptaci\u00f3 dels t\u00e8cnics formats a l&#8217;evoluci\u00f3 del m\u00f3n laboral i esportiu i a la ciutadania activa. Condueixen a T\u00edtols de T\u00e8cnic Esportiu o de T\u00e8cnic Esportiu Superior.<br \/>\n[\/vc_column_text][\/vc_tta_section][vc_tta_section title=&#8221;A qu\u00e8 corresponen els estudis del meu pa\u00eds?&#8221; tab_id=&#8221;1692613293528-cbdbdf32-f065&#8243;][vc_column_text]En molts casos, existeixen equival\u00e8ncies entre els estudis estrangers i els espanyols, nom\u00e9s per als ensenyaments d&#8217;educaci\u00f3 Secund\u00e0ria Obligat\u00f2ria i Batxillerat. Pot veure l&#8217;equival\u00e8ncia del seu pa\u00eds (si est\u00e0 incl\u00f2s) ac\u00ed:<br \/>\n<strong>REPOSITORI DE SISTEMES EDUCATIUS.<\/strong>[\/vc_column_text][\/vc_tta_section][vc_tta_section title=&#8221;Com inicie la meua homologaci\u00f3 o convalidaci\u00f3?&#8221; tab_id=&#8221;1692613360400-af1b6c1a-f4b0&#8243;][vc_column_text]Per a iniciar procediment d&#8217;homologaci\u00f3 o convalidaci\u00f3 es necessita:<br \/>\n1. Presentar una sol\u00b7licitud en una oficina de registre<br \/>\n2. Aportar la documentaci\u00f3 acad\u00e8mica<br \/>\n3. Acreditar el pagament de la taxa 079 per l&#8217;import que corresponga amb la seua sol\u00b7licitud (l&#8217;homologaci\u00f3 al T\u00edtol de Graduat o Graduada en Educaci\u00f3 Secund\u00e0ria Obligat\u00f2ria \u00e9s <strong>gratu\u00efta<\/strong>).[\/vc_column_text][\/vc_tta_section][vc_tta_section title=&#8221;Quina documentaci\u00f3 acad\u00e8mica \u00e9s necess\u00e0ria?&#8221; tab_id=&#8221;1692613475375-04bcb366-43e2&#8243;][vc_column_text]<br \/>\n<strong>En tots els casos:<\/strong><\/p>\n<p>\u2022 C\u00f2pia (aut\u00e8ntica\/verificada) del t\u00edtol o diploma oficial: acredita la superaci\u00f3 completa dels estudis (i ex\u00e0mens) finals corresponents.<\/p>\n<p>\u2022 C\u00f2pia (aut\u00e8ntica\/verificada) del certificat oficial: acreditativa els cursos superats, les<br \/>\nassignatures estudiades, les qualificacions obtingudes i els anys acad\u00e8mics en qu\u00e8 es van realitzar.<\/p>\n<p>Per a Homologaci\u00f3 a Graduat o Graduada en ESO: els 4 \u00faltims cursos<br \/>\nPer a Homologaci\u00f3 a T\u00edtol de Batxiller: els 3 \u00faltims cursos<br \/>\nPer a Convalidaci\u00f3 per 1r de Batxillerat: els 3 \u00faltims cursos<\/p>\n<p><strong>Si ha realitzat estudis previs als estudis estrangers en el sistema educatiu espanyol:<\/strong><\/p>\n<p>\u2022 C\u00f2pia (verificada) del certificat acad\u00e8mic oficial. Tamb\u00e9 ser\u00e0 v\u00e0lid el llibre d&#8217;escolaritat, llibre de qualificacions i\/o de l&#8217;historial acad\u00e8mic.<\/p>\n<p><strong>NOTA: Les c\u00f2pies aut\u00e8ntiques\/verificades es realitzen en qualsevol registre d&#8217;una administraci\u00f3 espanyola, presentant l&#8217;original (que es retorna una vegada realitzat l&#8217;escaneig del document).<\/strong><br \/>\n[\/vc_column_text][\/vc_tta_section][vc_tta_section title=&#8221;Com ha de ser la documentaci\u00f3 que presente?&#8221; tab_id=&#8221;1692613747429-a29d5f8a-1252&#8243;][vc_column_text]Els documents han de ser oficials, han d&#8217;estar legalitzats i vindre acompanyats de traducci\u00f3 oficial al castell\u00e0.[\/vc_column_text][\/vc_tta_section][vc_tta_section title=&#8221;Com pague la taxa?&#8221; tab_id=&#8221;1692613848890-4749bfa8-5f9e&#8221;][vc_column_text]<br \/>\n\u2022 \u201cEXEMPLAR PER A l&#8217;ADMINISTRACI\u00d3\u201d de l&#8217;abonament de la taxa corresponent (excepte per a l&#8217;homologaci\u00f3 al t\u00edtol de Graduat o Graduada en ESO) validat pel banc.<\/p>\n<p>Pagament a Espanya: Taxa 079<br \/>\nPagament a l&#8217;estranger: Ingr\u00e9s o transfer\u00e8ncia a favor del Ministeri d&#8217;Educaci\u00f3 i Formaci\u00f3 Professional. Compte ES27 9000 0001 2002 5310 8018. Banc d&#8217;Espanya, amb domicili en Carrer Alcal\u00e1 48, 28014-Madrid (Espanya).<br \/>\nIBAN: ES27 9000 0001 2002 5310 8018 BIC: ESPBESMMXXX<\/p>\n<p>IMPORTANT: <strong>Ha de pagar l&#8217;import <span style=\"text-decoration: underline;\">total<\/span> de la taxa.<\/strong> Les despeses de transfer\u00e8ncia (o qualsevol altra comissi\u00f3) seran sempre pel seu compte.<\/p>\n<p>\u2022 Sol\u00b7licitud (disponible en Seu Electr\u00f2nica del Ministeri)<\/p>\n<p>\u2022 I si designa un\/a representant: Escrit original autoritzant representant perqu\u00e8 actue en el seu nom, juntament amb el document acreditatiu de la identitat del representant (NIF \/ Passaport \/ NIE\/ un altre document). No ser\u00e0 necessari aportar fotoc\u00f2pia del NIF si el representant presta consentiment per a la verificaci\u00f3 de les dades d&#8217;identitat a trav\u00e9s del Sistema de Verificaci\u00f3 de Dades (Reial decret 522\/2006, de 28 d&#8217;abril) i en aquest cas ha d&#8217;indicar-ho expressament<br \/>\n[\/vc_column_text][\/vc_tta_section][vc_tta_section title=&#8221;On presente la sol\u00b7licitud i tota la documentaci\u00f3?&#8221; tab_id=&#8221;1692614235802-d37c03af-ce58&#8243;][vc_column_text css=&#8221;&#8221;]En qualsevol oficina de Registre. Per exemple:<br \/>\nRegistre General d&#8217;este Ministeri (C\/ Los Madrazo, 15)<br \/>\n\u00c0rees Funcionals d&#8217;Alta Inspecci\u00f3 d&#8217;Educaci\u00f3 de les Delegacions del Govern en les Comunitats Aut\u00f2nomes, o Direccions Provincials d&#8217;este Ministeri en Ceuta i Melilla.<\/p>\n<p><a href=\"https:\/\/administracion.gob.es\/pag_Home\/atencionCiudadana\/encuentraTuOficina\/OficinasRegistro.html\">Consulta a les oficines de registre<\/a>[\/vc_column_text][\/vc_tta_section][vc_tta_section title=&#8221;Qui tramita la meua sol\u00b7licitud?&#8221; tab_id=&#8221;1692614465401-c41882bb-e9fc&#8221;][vc_column_text]La tramitaci\u00f3 dels expedients dep\u00e9n del seu lloc de resid\u00e8ncia.<\/p>\n<ul>\n<li>Amb domicili a Catalunya: <a href=\"https:\/\/triaeducativa.gencat.cat\/ca\/inici\">Enlla\u00e7 al servei competent<\/a><\/li>\n<li>Amb domicili en Galicia: <a href=\"https:\/\/www.edu.xunta.gal\/portal\/es\/taxonomy\/term\/1732\">Enlla\u00e7 servei competent<\/a><\/li>\n<li>Amb domicili en el Pa\u00eds Basc: <a href=\"https:\/\/www.euskadi.eus\/homologacion-o-convalidacion-de-titulos-o-estudios-extranjeros-no-universitarios\/web01-a3hakade\/es\/\">Enlla\u00e7 al servei competent<\/a><\/li>\n<li>En qualsevol altre lloc d&#8217;Espanya:<\/li>\n<\/ul>\n<ol>\n<li style=\"text-align: justify;\">Les \u00c0rees d&#8217;Alta Inspecci\u00f3n d&#8217;Educaci\u00f3 en les Delegacions del Govern en les Comunitats Aut\u00f2nomes, si els estudis estan recollits en taules d&#8217;equival\u00e8ncia.<\/li>\n<li style=\"text-align: justify;\">Les direccions Provincials del Ministeri a Ceuta i Melilla.<\/li>\n<li style=\"text-align: justify;\">El Ministeri d&#8217;Educaci\u00f3 i Formaci\u00f3 Professional, a trav\u00e9s de la Subdirecci\u00f3 General d&#8217;Ordenaci\u00f3 Acad\u00e8mica (Educaci\u00f3 Secund\u00e0ria Obligat\u00f2ria i Batxillerat -si els estudis o t\u00edtols no estan recollits en taules d&#8217;equival\u00e8ncia-; Estudis d&#8217;Ensenyaments Art\u00edstics i Ensenyaments Esportius) o la Subdirecci\u00f3 General d&#8217;Orientaci\u00f3 i Formaci\u00f3 Professional (t\u00edtols i estudis estrangers de Formaci\u00f3 Professional).<\/li>\n<\/ol>\n<p><strong>Fora d&#8217;Espanya:<\/strong> Les Conselleries d&#8217;Educaci\u00f3 de les Ambaixades d&#8217;Espanya a l&#8217;estranger.<\/p>\n<p>IMPORTANT: <strong>Es recomana que presente la seua sol\u00b7licitud.<\/strong> D&#8217;aquesta manera la tramitaci\u00f3 ser\u00e0 m\u00e9s \u00e0gil.[\/vc_column_text][\/vc_tta_section][vc_tta_section title=&#8221;He de traduir els documents?&#8221; tab_id=&#8221;1692614996359-cbb01172-622c&#8221;][vc_column_text]<\/p>\n<p style=\"text-align: justify;\">Si els documents que presenta no estan en castell\u00e0, hauran d&#8217;anar acompanyats de traducci\u00f3 oficial al castell\u00e0. La traducci\u00f3 oficial podr\u00e0 fer-se:<\/p>\n<ul>\n<li style=\"text-align: justify;\">Per traductor jurat, degudament autoritzat o inscrit a Espanya.<\/li>\n<li style=\"text-align: justify;\">Per qualsevol representaci\u00f3 diplom\u00e0tica o consular d&#8217;Espanya a l&#8217;estranger.<\/li>\n<li style=\"text-align: justify;\">Per la representaci\u00f3 diplom\u00e0tica o consular a Espanya del pa\u00eds del qual \u00e9s ciutad\u00e0 el sol\u00b7licitant o, en el seu cas, del de proced\u00e8ncia del document.<\/li>\n<li style=\"text-align: justify;\">Per un traductor oficial a l&#8217;estranger i degudament legalitzada la signatura d&#8217;aquest traductor oficial.<\/li>\n<\/ul>\n<p>[\/vc_column_text][\/vc_tta_section][vc_tta_section title=&#8221;He de legalitzar els meus documents?&#8221; tab_id=&#8221;1692615222166-02adf72f-4f3a&#8221;][vc_column_text]Per a t\u00edtols o certificacions acad\u00e8miques, la legalitzaci\u00f3 consisteix, amb car\u00e0cter general, en el <strong>reconeixement de l&#8217;autoritat educativa<\/strong> que expedeix el document original.<\/p>\n<p>MOLT IMPORTANT: No es legalitza la signatura de qui tradueix la documentaci\u00f3.<\/p>\n<p>Si els documents venen des dels estats membres de la <strong>\u00a0Uni\u00f3 Europea, Su\u00efssa o signataris de l&#8217;Acord sobre l&#8217;Espai Econ\u00f2mic Europeu no necessiten legalitzaci\u00f3.<\/strong><\/p>\n<p>En els altres casos, els documents expedits a l&#8217;estranger hauran d&#8217;estar degudament legalitzats:<\/p>\n<p style=\"padding-left: 40px;\">\u2022 Documents expedits en pa\u00efsos que han subscrit el Conveni de la Haia. \u00c9s suficient amb la<br \/>\nlegalitzaci\u00f3 \u00fanica o &#8220;postil\u00b7la&#8221; estesa per les autoritats competents del pa\u00eds.<\/p>\n<p style=\"padding-left: 40px;\">\u2022 Documents expedits en la resta dels pa\u00efsos: Hauran de legalitzar-se per via diplom\u00e0tica. Per a<br \/>\naix\u00f2, el procediment generalment \u00e9s el seg\u00fcent:<\/p>\n<ul>\n<li style=\"list-style-type: none;\">\n<ul style=\"list-style-type: circle;\">\n<li>Ministeri d&#8217;Educaci\u00f3 del seu pa\u00eds d&#8217;origen per a t\u00edtols i certificats d&#8217;estudis.<\/li>\n<li>Ministeri corresponent per a certificats de naixement i nacionalitat.<\/li>\n<li>Ministeri d&#8217;Afers exteriors del pa\u00eds on es van expedir aquests documents.<\/li>\n<li>Representaci\u00f3 diplom\u00e0tica o consular d&#8217;Espanya en aquest pa\u00eds.<\/li>\n<\/ul>\n<\/li>\n<\/ul>\n<p>[\/vc_column_text][\/vc_tta_section][vc_tta_section title=&#8221;Com acaba el procediment?&#8221; tab_id=&#8221;1692615375701-a3cecef1-94c2&#8243;][vc_column_text]<\/p>\n<p style=\"text-align: justify;\">Si compleix amb tots els requisits, el sol\u00b7licitant recollir\u00e0 un document (&#8220;credencial&#8221;) que indicar\u00e0 la convalidaci\u00f3 o homologaci\u00f3 concedida (una notificaci\u00f3 li dir\u00e0 on i quan recollir-la. Les credencials acrediten la superaci\u00f3 dels estudis o la possessi\u00f3 del t\u00edtol espanyol corresponent).<\/p>\n<p>[\/vc_column_text][\/vc_tta_section][vc_tta_section title=&#8221;Com acaba el procediment?&#8221; tab_id=&#8221;1692615516969-f88db821-e7e5&#8243;][vc_column_text]<\/p>\n<p style=\"text-align: justify;\">El termini per a la resoluci\u00f3 dels expedients d&#8217;homologaci\u00f3 o convalidaci\u00f3 \u00e9s el termini general de tot procediment administratiu. Tinga en compte que els terminis compten des que l&#8217;expedient compte amb TOTS els elements correctament (sol\u00b7licitud, taxa, documentaci\u00f3 acad\u00e8mica, legalitzaci\u00f3 i traducci\u00f3 en el seu cas&#8230;). Preste molta atenci\u00f3 a emplenar tots els camps en la seua sol\u00b7licitud i acompanyar tota la documentaci\u00f3 correctament.<\/p>\n<p>[\/vc_column_text][\/vc_tta_section][vc_tta_section title=&#8221;Recursos&#8221; tab_id=&#8221;1692615666753-4a80c502-1caf&#8221;][vc_column_text]<\/p>\n<p style=\"text-align: justify;\">Si no est\u00e0 d&#8217;acord amb la resoluci\u00f3 del procediment podr\u00e0 impugnar-la. La notificaci\u00f3 de la resoluci\u00f3 a l&#8217;interessat inclou la indicaci\u00f3 dels recursos que procedeixen, \u00f2rgan davant el qual hagueren de presentar-se i termini per a interposar-ho.<\/p>\n<p>[\/vc_column_text][\/vc_tta_section][\/vc_tta_accordion][\/vc_column][\/vc_row]<\/p>\n<\/div>","protected":false},"excerpt":{"rendered":"Homologaci\u00f3 T\u00edtols Homologaci\u00f3 de t\u00edtols o convalidaci\u00f3 d'estudis estrangers no universitaris Homologar t\u00edtols estrangers amb els equivalents espanyols no universitaris \u00e9s recon\u00e9ixer la seua validesa oficial a Espanya. Convalidar estudis [...]","protected":false},"author":131,"featured_media":0,"parent":4782,"menu_order":0,"comment_status":"closed","ping_status":"closed","template":"","meta":{"footnotes":""},"class_list":["post-261441","page","type-page","status-publish","hentry"],"_links":{"self":[{"href":"https:\/\/www.elche.es\/va\/wp-json\/wp\/v2\/pages\/261441","targetHints":{"allow":["GET"]}}],"collection":[{"href":"https:\/\/www.elche.es\/va\/wp-json\/wp\/v2\/pages"}],"about":[{"href":"https:\/\/www.elche.es\/va\/wp-json\/wp\/v2\/types\/page"}],"author":[{"embeddable":true,"href":"https:\/\/www.elche.es\/va\/wp-json\/wp\/v2\/users\/131"}],"replies":[{"embeddable":true,"href":"https:\/\/www.elche.es\/va\/wp-json\/wp\/v2\/comments?post=261441"}],"version-history":[{"count":5,"href":"https:\/\/www.elche.es\/va\/wp-json\/wp\/v2\/pages\/261441\/revisions"}],"predecessor-version":[{"id":331585,"href":"https:\/\/www.elche.es\/va\/wp-json\/wp\/v2\/pages\/261441\/revisions\/331585"}],"up":[{"embeddable":true,"href":"https:\/\/www.elche.es\/va\/wp-json\/wp\/v2\/pages\/4782"}],"wp:attachment":[{"href":"https:\/\/www.elche.es\/va\/wp-json\/wp\/v2\/media?parent=261441"}],"curies":[{"name":"wp","href":"https:\/\/api.w.org\/{rel}","templated":true}]}}