{"id":261488,"date":"2023-08-23T09:52:05","date_gmt":"2023-08-23T07:52:05","guid":{"rendered":"https:\/\/www.elche.es\/educacio\/ciutat-educadora\/"},"modified":"2023-08-30T10:23:53","modified_gmt":"2023-08-30T08:23:53","slug":"ciutat-educadora","status":"publish","type":"page","link":"https:\/\/www.elche.es\/va\/educacio\/ciutat-educadora\/","title":{"rendered":"Ciutat educadora"},"content":{"rendered":"<div class=\"wpb-content-wrapper\"><p>[vc_row full_width=&#8221;stretch_row&#8221; css=&#8221;.vc_custom_1693383762316{background-image: url(https:\/\/www.elche.es\/wp-content\/uploads\/2023\/08\/ciudad-educadora-val.jpg?id=261475) !important;background-position: center !important;background-repeat: no-repeat !important;background-size: cover !important;}&#8221; el_id=&#8221;bloque_titulo&#8221; el_class=&#8221;slidersecciones&#8221;][vc_column][vc_custom_heading text=&#8221;&#8221; font_container=&#8221;tag:h2|text_align:center|color:%23ffffff&#8221; google_fonts=&#8221;font_family:Ubuntu%3A300%2C300italic%2Cregular%2Citalic%2C500%2C500italic%2C700%2C700italic|font_style:700%20bold%20regular%3A700%3Anormal&#8221; css_animation=&#8221;left-to-right&#8221; el_class=&#8221;sombraTitulo cabeceramovil&#8221;][\/vc_column][\/vc_row][vc_row][vc_column]<div class=\"templatera_shortcode\"><div id=\"bloque_menu_enlaces\" data-vc-full-width=\"true\" data-vc-full-width-init=\"false\" data-vc-stretch-content=\"true\" class=\"vc_row wpb_row vc_row-fluid bloque_menu_paginas bloquemnuestop vc_custom_1621932290718 vc_row-has-fill vc_row-no-padding\"><div class=\"enlacesdeportes wpb_column vc_column_container vc_col-sm-12\"><div class=\"vc_column-inner\"><div class=\"wpb_wrapper\">\r\n        \r\n        <a class=\"menuVC\"  href=\"https:\/\/www.elche.es\/va\/educacio\/campanya-escolaritzacio\/escoles-infantils-municipals-2\/\"> <span> Escoles Infantils Municipals <\/span><\/a>\r\n        \r\n        <a class=\"menuVC\"  href=\"https:\/\/www.elche.es\/va\/educacio\/calendari-escolar\/\"> <span> Calendari <\/span><\/a>\r\n        \r\n        <a class=\"menuVC\"  href=\"https:\/\/www.elche.es\/va\/educacio\/campanya-escolaritzacio-a-elx\/\"> <span> Escolaritzaci\u00f3 <\/span><\/a>\r\n        \r\n        <a class=\"menuVC\"  href=\"https:\/\/www.elche.es\/va\/educacio\/centres-educatius\/\"> <span> Centres Educatius <\/span><\/a>\r\n        \r\n        <a class=\"menuVC\"  href=\"https:\/\/www.fpelx.es\/\"> <span> FP <\/span><\/a>\r\n        \r\n        <a class=\"menuVC\"  href=\"https:\/\/www.elche.es\/va\/educacio\/becas-y-subvenciones\/\"> <span> Beques i Subvencions <\/span><\/a>\r\n        \r\n        <a class=\"menuVC\"  href=\"https:\/\/www.elche.es\/va\/educacio\/servicios-y-actividades\/\"> <span> Serveis i Activitats <\/span><\/a>\r\n        \r\n        <a class=\"menuVC\"  href=\"https:\/\/www.elche.es\/va\/educacio\/programa-absentisme-escolar\/\"> <span> Absentisme escolar <\/span><\/a>\r\n        \r\n        <a class=\"menuVC\"  href=\"https:\/\/www.elche.es\/va\/educacio\/tramites\/\"> <span> Tr\u00e0mits <\/span><\/a>\r\n        \r\n        <a class=\"menuVC\"  href=\"https:\/\/www.elche.es\/va\/normativa-educacio-a-elx\/\"> <span> Normativa <\/span><\/a><\/div><\/div><\/div><\/div><div class=\"vc_row-full-width vc_clearfix\"><\/div><\/div>[\/vc_column][\/vc_row][vc_row full_width=&#8221;stretch_row&#8221; css=&#8221;.vc_custom_1621941339260{background-color: #dddde0 !important;}&#8221;][vc_column][vc_column_text]<nav aria-label=\"breadcrumbs\">\n            <div class=\"breadcrumb-container theme1\">\n                <ol>\n                                    <\/ol>\n            <\/div>\n        <\/nav>    <script type=\"application\/ld+json\">\n        {\n            \"@context\": \"http:\/\/schema.org\",\n            \"@type\": \"BreadcrumbList\",\n            \"itemListElement\": [\n                            ]\n        }\n    <\/script>\n    <style type=\"text\/css\">\n        .breadcrumb-container {\n            font-size: 13px;\n        }\n\n        .breadcrumb-container ul {\n            margin: 0;\n            padding: 0;\n        }\n\n        .breadcrumb-container li {\n            box-sizing: unset;\n            display: inline-block;\n            margin: 0;\n            padding: 0;\n        }\n\n        .breadcrumb-container li a {\n            box-sizing: unset;\n            padding: 0 10px;\n        }\n\n        .breadcrumb-container {\n            font-size: 3 !important;\n                    }\n\n        .breadcrumb-container li a {\n            color: #0a0a0a !important;\n            font-size: 3 !important;\n            line-height: 3 !important;\n                    }\n\n        .breadcrumb-container li .separator {\n            font-size: 3 !important;\n                    }\n\n        .breadcrumb-container li:last-child .separator {\n            display: none;\n        }\n    <\/style>\n    <style type=\"text\/css\">\n        .breadcrumb-container.theme1 li {\n            margin: 0;\n            padding: 0;\n        }\n        .breadcrumb-container.theme1 a {\n            background: ;\n            display: inline-block;\n            margin: 0 5px;\n            padding: 5px 10px;\n            text-decoration: none;\n        }\n    <\/style>\n        <style type=\"text\/css\">\n            <\/style>\n    <script>\n            <\/script>\n[\/vc_column_text][\/vc_column][\/vc_row][vc_row type=&#8221;5&#8243; style=&#8221;regular&#8221; align=&#8221;none&#8221; font_size=&#8221;&#8221; font_weight=&#8221;inherit&#8221; color=&#8221;&#8221; icon=&#8221;inherit&#8221; image=&#8221;none&#8221; picture=&#8221;&#8221; image_size=&#8221;small&#8221; position=&#8221;left&#8221; id=&#8221;&#8221; class=&#8221;subtitulosapartados&#8221; animation=&#8221;none&#8221; top=&#8221;inherit&#8221; bottom=&#8221;inherit&#8221; left=&#8221;inherit&#8221; right=&#8221;inherit&#8221;][vc_column]<h5 class=\"sc_title sc_title_regular subtitulosapartados \"><\/p>\n<h3>Ciutat Educadora<\/h3>\n<p><\/h5>[\/vc_column][\/vc_row][vc_row][vc_column][vc_empty_space][\/vc_column][\/vc_row][vc_row][vc_column][vc_empty_space][\/vc_column][\/vc_row][vc_row][vc_column][vc_column_text]<br \/>\nLa Ciutat Educadora \u00e9s aquella ciutat que aposta per l&#8217;educaci\u00f3 com a eina de transformaci\u00f3 social, mobilitzant i articulant el m\u00e0xim nombre possible d&#8217;agents educatius que incideixen en el territori. Parlem d&#8217;una educaci\u00f3 al llarg de tota la vida que travessa les diferents esferes de la vida ciutadana.<\/p>\n<p>Ser una Ciutat Educadora implica situar l&#8217;educaci\u00f3 com a eix central del projecte de ciutat. Aix\u00f2 comporta la presa de consci\u00e8ncia que les diferents pol\u00edtiques i actuacions que es proposen i posen en marxa des de les diferents inst\u00e0ncies i serveis municipals (com a urbanisme, medi ambient, mobilitat, cultura, esport, salut, etc.) transmeten coneixements i eduquen, de manera intencional o no, en uns determinats valors i actituds.<\/p>\n<p>La Ciutat Educadora ha de ser entesa com un projecte de ciutat que comporta una governan\u00e7a en xarxa, que es fonamenta en el di\u00e0leg i la col\u00b7laboraci\u00f3 entre el govern municipal i la societat civil, aix\u00ed com amb altres ciutats del m\u00f3n.<br \/>\n[\/vc_column_text][vc_empty_space][\/vc_column][\/vc_row][vc_row type=&#8221;square&#8221; style_color=&#8221;original&#8221; style=&#8221;filled&#8221; size=&#8221;small&#8221; icon=&#8221;inherit&#8221; color=&#8221;&#8221; bg_color=&#8221;&#8221; align=&#8221;center&#8221; link=&#8221;https:\/\/www.elche.es\/promocion-economica\/emprendimiento\/programas-emprendimiento\/premio-emprendedor-del-mes\/&#8221; target=&#8221;_blank&#8221; popup=&#8221;&#8221; rel=&#8221;&#8221; id=&#8221;&#8221; class=&#8221;&#8221; animation=&#8221;none&#8221; width=&#8221;&#8221; height=&#8221;&#8221; top=&#8221;inherit&#8221; bottom=&#8221;inherit&#8221; left=&#8221;inherit&#8221; right=&#8221;inherit&#8221;][vc_column width=&#8221;1\/3&#8243;][\/vc_column][vc_column width=&#8221;1\/3&#8243;]<a href=\"https:\/\/educacionaspe.es\/wp-content\/uploads\/2020\/11\/ES_Carta.pdf\" target=\"_blank\" class=\"sc_button sc_button_square sc_button_style_filled style_original sc_button_size_small aligncenter  sc_button_iconed icon-file-pdf\">Carta Ciutat Educadora<\/a>[\/vc_column][vc_column width=&#8221;1\/3&#8243;][\/vc_column][\/vc_row]<\/p>\n<\/div>","protected":false},"excerpt":{"rendered":"Escoles Infantils Municipals Calendari Escolaritzaci\u00f3 Centres Educatius FP Beques i Subvencions Serveis i Activitats Absentisme escolar Tr\u00e0mits Normativa Ciutat Educadora La Ciutat Educadora \u00e9s aquella ciutat que aposta per l'educaci\u00f3 [...]","protected":false},"author":131,"featured_media":0,"parent":4782,"menu_order":5,"comment_status":"closed","ping_status":"closed","template":"","meta":{"footnotes":""},"class_list":["post-261488","page","type-page","status-publish","hentry"],"_links":{"self":[{"href":"https:\/\/www.elche.es\/va\/wp-json\/wp\/v2\/pages\/261488","targetHints":{"allow":["GET"]}}],"collection":[{"href":"https:\/\/www.elche.es\/va\/wp-json\/wp\/v2\/pages"}],"about":[{"href":"https:\/\/www.elche.es\/va\/wp-json\/wp\/v2\/types\/page"}],"author":[{"embeddable":true,"href":"https:\/\/www.elche.es\/va\/wp-json\/wp\/v2\/users\/131"}],"replies":[{"embeddable":true,"href":"https:\/\/www.elche.es\/va\/wp-json\/wp\/v2\/comments?post=261488"}],"version-history":[{"count":5,"href":"https:\/\/www.elche.es\/va\/wp-json\/wp\/v2\/pages\/261488\/revisions"}],"predecessor-version":[{"id":261815,"href":"https:\/\/www.elche.es\/va\/wp-json\/wp\/v2\/pages\/261488\/revisions\/261815"}],"up":[{"embeddable":true,"href":"https:\/\/www.elche.es\/va\/wp-json\/wp\/v2\/pages\/4782"}],"wp:attachment":[{"href":"https:\/\/www.elche.es\/va\/wp-json\/wp\/v2\/media?parent=261488"}],"curies":[{"name":"wp","href":"https:\/\/api.w.org\/{rel}","templated":true}]}}