{"id":261706,"date":"2023-08-16T14:10:28","date_gmt":"2023-08-16T12:10:28","guid":{"rendered":"https:\/\/www.elche.es\/educacio\/servicios-y-actividades\/"},"modified":"2025-04-03T14:06:57","modified_gmt":"2025-04-03T12:06:57","slug":"servicios-y-actividades","status":"publish","type":"page","link":"https:\/\/www.elche.es\/va\/educacio\/servicios-y-actividades\/","title":{"rendered":"Servicis i Activitats"},"content":{"rendered":"<div class=\"wpb-content-wrapper\"><p>[vc_row full_width=&#8221;stretch_row&#8221; css=&#8221;.vc_custom_1692186923066{background-image: url(https:\/\/www.elche.es\/wp-content\/uploads\/2023\/08\/ninos-alrededor-mesa-escuelas-scaled.jpg?id=261158) !important;background-position: center !important;background-repeat: no-repeat !important;background-size: cover !important;}&#8221; el_id=&#8221;bloque_titulo&#8221; el_class=&#8221;slidersecciones&#8221;][vc_column][vc_custom_heading text=&#8221;Servicis i activitats&#8221; font_container=&#8221;tag:h2|text_align:center|color:%23ffffff&#8221; google_fonts=&#8221;font_family:Ubuntu%3A300%2C300italic%2Cregular%2Citalic%2C500%2C500italic%2C700%2C700italic|font_style:700%20bold%20regular%3A700%3Anormal&#8221; css_animation=&#8221;left-to-right&#8221; css=&#8221;&#8221; el_class=&#8221;sombraTitulo cabeceramovil&#8221;][\/vc_column][\/vc_row][vc_row][vc_column]<div class=\"templatera_shortcode\"><div id=\"bloque_menu_enlaces\" data-vc-full-width=\"true\" data-vc-full-width-init=\"false\" data-vc-stretch-content=\"true\" class=\"vc_row wpb_row vc_row-fluid bloque_menu_paginas bloquemnuestop vc_custom_1621932290718 vc_row-has-fill vc_row-no-padding\"><div class=\"enlacesdeportes wpb_column vc_column_container vc_col-sm-12\"><div class=\"vc_column-inner\"><div class=\"wpb_wrapper\">\r\n        \r\n        <a class=\"menuVC\"  href=\"https:\/\/www.elche.es\/va\/educacio\/campanya-escolaritzacio\/escoles-infantils-municipals-2\/\"> <span> Escoles Infantils Municipals <\/span><\/a>\r\n        \r\n        <a class=\"menuVC\"  href=\"https:\/\/www.elche.es\/va\/educacio\/calendari-escolar\/\"> <span> Calendari <\/span><\/a>\r\n        \r\n        <a class=\"menuVC\"  href=\"https:\/\/www.elche.es\/va\/educacio\/campanya-escolaritzacio-a-elx\/\"> <span> Escolaritzaci\u00f3 <\/span><\/a>\r\n        \r\n        <a class=\"menuVC\"  href=\"https:\/\/www.elche.es\/va\/educacio\/centres-educatius\/\"> <span> Centres Educatius <\/span><\/a>\r\n        \r\n        <a class=\"menuVC\"  href=\"https:\/\/www.fpelx.es\/\"> <span> FP <\/span><\/a>\r\n        \r\n        <a class=\"menuVC\"  href=\"https:\/\/www.elche.es\/va\/educacio\/becas-y-subvenciones\/\"> <span> Beques i Subvencions <\/span><\/a>\r\n        \r\n        <a class=\"menuVC\"  href=\"https:\/\/www.elche.es\/va\/educacio\/servicios-y-actividades\/\"> <span> Serveis i Activitats <\/span><\/a>\r\n        \r\n        <a class=\"menuVC\"  href=\"https:\/\/www.elche.es\/va\/educacio\/programa-absentisme-escolar\/\"> <span> Absentisme escolar <\/span><\/a>\r\n        \r\n        <a class=\"menuVC\"  href=\"https:\/\/www.elche.es\/va\/educacio\/tramites\/\"> <span> Tr\u00e0mits <\/span><\/a>\r\n        \r\n        <a class=\"menuVC\"  href=\"https:\/\/www.elche.es\/va\/normativa-educacio-a-elx\/\"> <span> Normativa <\/span><\/a><\/div><\/div><\/div><\/div><div class=\"vc_row-full-width vc_clearfix\"><\/div><\/div>[\/vc_column][\/vc_row][vc_row full_width=&#8221;stretch_row&#8221; css=&#8221;.vc_custom_1621941339260{background-color: #dddde0 !important;}&#8221;][vc_column][vc_column_text]<nav aria-label=\"breadcrumbs\">\n            <div class=\"breadcrumb-container theme1\">\n                <ol>\n                                    <\/ol>\n            <\/div>\n        <\/nav>    <script type=\"application\/ld+json\">\n        {\n            \"@context\": \"http:\/\/schema.org\",\n            \"@type\": \"BreadcrumbList\",\n            \"itemListElement\": [\n                            ]\n        }\n    <\/script>\n    <style type=\"text\/css\">\n        .breadcrumb-container {\n            font-size: 13px;\n        }\n\n        .breadcrumb-container ul {\n            margin: 0;\n            padding: 0;\n        }\n\n        .breadcrumb-container li {\n            box-sizing: unset;\n            display: inline-block;\n            margin: 0;\n            padding: 0;\n        }\n\n        .breadcrumb-container li a {\n            box-sizing: unset;\n            padding: 0 10px;\n        }\n\n        .breadcrumb-container {\n            font-size: 3 !important;\n                    }\n\n        .breadcrumb-container li a {\n            color: #0a0a0a !important;\n            font-size: 3 !important;\n            line-height: 3 !important;\n                    }\n\n        .breadcrumb-container li .separator {\n            font-size: 3 !important;\n                    }\n\n        .breadcrumb-container li:last-child .separator {\n            display: none;\n        }\n    <\/style>\n    <style type=\"text\/css\">\n        .breadcrumb-container.theme1 li {\n            margin: 0;\n            padding: 0;\n        }\n        .breadcrumb-container.theme1 a {\n            background: ;\n            display: inline-block;\n            margin: 0 5px;\n            padding: 5px 10px;\n            text-decoration: none;\n        }\n    <\/style>\n        <style type=\"text\/css\">\n            <\/style>\n    <script>\n            <\/script>\n[\/vc_column_text][\/vc_column][\/vc_row][vc_row type=&#8221;5&#8243; style=&#8221;regular&#8221; align=&#8221;none&#8221; font_size=&#8221;&#8221; font_weight=&#8221;inherit&#8221; color=&#8221;&#8221; icon=&#8221;inherit&#8221; image=&#8221;none&#8221; picture=&#8221;&#8221; image_size=&#8221;small&#8221; position=&#8221;left&#8221; id=&#8221;&#8221; class=&#8221;subtitulosapartados&#8221; animation=&#8221;none&#8221; top=&#8221;inherit&#8221; bottom=&#8221;inherit&#8221; left=&#8221;inherit&#8221; right=&#8221;inherit&#8221;][vc_column]<h5 class=\"sc_title sc_title_regular subtitulosapartados \"><\/p>\n<h3>Servicis<\/h3>\n<p><\/h5><div class=\"sc_line sc_line_position_center_center sc_line_style_solid\" style=\"border-top-style:solid;\"><\/div>[vc_tta_accordion style=&#8221;outline&#8221; shape=&#8221;square&#8221; color=&#8221;turquoise&#8221; gap=&#8221;3&#8243; active_section=&#8221;0&#8243; collapsible_all=&#8221;true&#8221;][vc_tta_section title=&#8221;Escola fam\u00edlies&#8221; tab_id=&#8221;1692252475535-c8a7645e-f9f4&#8243;][vc_column_text css=&#8221;&#8221;]PROJECTE ESCOLA DE FAM\u00cdLIA.<\/p>\n<p>La fam\u00edlia \u00e9s el primer agent socialitzador dels fills i filles, per la qual cosa educar b\u00e9 \u00e9s un repte, una responsabilitat i una de les majors satisfaccions. Actualment la societat complexa i les seues influ\u00e8ncies en els xiquets i xiquetes fa que ens enfrontem a un repte.<\/p>\n<p>Les escoles de fam\u00edlies s\u00f3n reunions que proporcionen un marc ideal per a intercanviar experi\u00e8ncies i contrastar rutines en l&#8217;educaci\u00f3 dins de la llar familiar.<\/p>\n<p>Aquest recurs \u00e9s fonamental per als centres educatius i les fam\u00edlies, ja que es crea un espai d&#8217;intercanvi d&#8217;informaci\u00f3 i reflexi\u00f3 sobre els temes que m\u00e9s preocupen en l&#8217;\u00e0mbit familiar al llarg de tota la inf\u00e0ncia i l&#8217;adolesc\u00e8ncia.<\/p>\n<p>OBJECTIU GENERAL<\/p>\n<p>Acompanyar les fam\u00edlies en l&#8217;educaci\u00f3 dels seus fills al llarg de l&#8217;etapa educativa obligat\u00f2ria, aportant-hi recursos i eines que faciliten la comunicaci\u00f3 i conviv\u00e8ncia tant en l&#8217;\u00e0mbit familiar com en l&#8217;escolar, aplicant-hi les t\u00e8cniques de crian\u00e7a positiva.<\/p>\n<p>OBJECTIUS ESPEC\u00cdFICS<\/p>\n<p>&#8211; Programar diverses sessions d&#8217;escoles de fam\u00edlies en els CEIP, adaptant-hi la<br \/>\ninformaci\u00f3 i els recursos a les edats dels xiquets.<\/p>\n<p>&#8211; Proporcionar informaci\u00f3 sobre els temes que m\u00e9s preocupen en l&#8217;\u00e0mbit<br \/>\nfamiliar.<\/p>\n<p>&#8211; Proporcionar eines per a la resoluci\u00f3 de possibles conflictes que sorgeixen en la conviv\u00e8ncia.<\/p>\n<p>&#8211; Intercanviar experi\u00e8ncies entre les fam\u00edlies assistents.[\/vc_column_text][\/vc_tta_section][vc_tta_section title=&#8221;Artter\u00e0pia&#8221; tab_id=&#8221;1692252475547-0a4dbf4f-2443&#8243;][vc_column_text]<br \/>\nPrograma destinat a centres educatius d&#8217;infantil, prim\u00e0ria i secund\u00e0ria, que disposen d&#8217;aula espec\u00edfica d&#8217;educaci\u00f3 especial i treballen amb alumnes amb necessitats educatives especials. Entre els objectius del programa estan:<\/p>\n<ul>\n<li>Desenvolupament d&#8217;un programa terap\u00e8utic i rehabilitador, dirigit a desenvolupar la integraci\u00f3 sensorial i les capacitats psicof\u00edsiques dels xiquets i xiquetes amb NEE.<\/li>\n<li>Desenvolupar les seues compet\u00e8ncies corporals, tant psicof\u00edsiques com art\u00edstiques o creatives, dirigides a millorar la integraci\u00f3 sensorial, el desenvolupament personal i l&#8217;adquisici\u00f3 de millors compet\u00e8ncies socials i cognitives.<\/li>\n<li>Desenvolupar totes les compet\u00e8ncies relacionades amb l&#8217;expressi\u00f3, comunicaci\u00f3 i interacci\u00f3 social.<\/li>\n<\/ul>\n<p>[\/vc_column_text][\/vc_tta_section][vc_tta_section title=&#8221;Fem Escola&#8221; tab_id=&#8221;1692252561410-1fb3c8e9-3cbf&#8221;][vc_column_text]<br \/>\nEn el curs 2020\/21, gr\u00e0cies a la subvenci\u00f3 de la Conselleria d&#8217;Educaci\u00f3, Cultura i Esport destinada a la realitzaci\u00f3 d&#8217;activitats de suport educatiu i altres activitats extraescolars, culturals i esportives, l&#8217;Ajuntament d&#8217;Elx va implementar el projecte \u201cFEM ESCOLA ELX\u201d, amb l&#8217;objectiu de pal\u00b7liar els efectes del confinament conseq\u00fc\u00e8ncia de l&#8217;emerg\u00e8ncia sanit\u00e0ria provocada per la COVID 19 en la poblaci\u00f3 de 3 a 18 anys.<\/p>\n<p>Despr\u00e9s de l&#8217;avaluaci\u00f3 positiva, en el curs 2021\/22 es va realitzar el FEM ESCOLA II amb l&#8217;objectiu de continuar fomentant la participaci\u00f3 i afavorir l&#8217;acc\u00e9s a les activitats extraescolars, culturals, complement\u00e0ries i esportives de la poblaci\u00f3 escolar a Elx.<\/p>\n<p>En aquest sentit, el projecte pret\u00e9n, de manera transversal i inclusiva, garantir l&#8217;equitat i la igualtat d&#8217;oportunitats de l&#8217;alumnat de 3 a 18 anys incidint en l&#8217;edat d&#8217;escolaritzaci\u00f3 obligat\u00f2ria.<\/p>\n<p>Donada la nostra experi\u00e8ncia en el tipus d&#8217;activitats i la seua repercussi\u00f3 positiva en la poblaci\u00f3 a la qual va dirigida, s&#8217;ha redactat aquest nou projecte FEM ESCOLA III basat en l&#8217;experi\u00e8ncia de tots els agents participants, per la qual cosa s&#8217;han mantingut les activitats de cursos anteriors que han tingut una gran participaci\u00f3 i avaluaci\u00f3 positiva, afegint activitats que permeten la conciliaci\u00f3 familiar durant els per\u00edodes de reducci\u00f3 de l&#8217;horari lectiu dels mesos de setembre i juny, aix\u00ed com durant els per\u00edodes de vacances escolars, tal qual apareix en la RESOLUCI\u00d3 de 26 de maig de 2022, de la Conselleria d&#8217;Educaci\u00f3, Cultura i Esport.<br \/>\n[\/vc_column_text][\/vc_tta_section][vc_tta_section title=&#8221;Orientaci\u00f3 educativa&#8221; tab_id=&#8221;1692252877551-b6eac6f8-7999&#8243;][vc_column_text css=&#8221;&#8221;]<\/p>\n<p style=\"text-align: justify;\">En la Regidoria d&#8217;Educaci\u00f3 assessorem i orientem les persones que busquen informaci\u00f3 sobre qualsevol tema d&#8217;educaci\u00f3 que siga de la nostra compet\u00e8ncia, o derivem als departaments o recursos que els puguen interessar.<\/p>\n<p>[\/vc_column_text][\/vc_tta_section][vc_tta_section title=&#8221;Viu aprenent&#8221; tab_id=&#8221;1692252908758-c3a4e8a7-c325&#8243;][vc_column_text]<br \/>\nEl programa Viu Aprenent \u00e9s un taller d&#8217;alfabetitzaci\u00f3 dirigit a persones adultes d&#8217;edats compreses entre els 45 i els 85 anys, amb una mitjana de 67 anys.<\/p>\n<p>Amb el qual es pret\u00e9n iniciar, afermar i perfeccionar la lectura i l&#8217;escriptura, i les<br \/>\noperacions b\u00e0siques matem\u00e0tiques, partint dels coneixements previs i de les<br \/>\nmotivacions de l&#8217;alumnat. Utilitzant una din\u00e0mica de classe que afavorisca la creaci\u00f3 d&#8217;un ambient motivador, creant un sentit cr\u00edtic alhora que una actitud tolerant davant la diversitat d&#8217;idees, opinions, creences, caracter\u00edstiques individuals, etc.<\/p>\n<p>Mitjan\u00e7ant la realitzaci\u00f3 de fitxes de treball i exercicis en la pissarra de dificultat creixent adequats a cada nivell, guiats per la professora.<br \/>\n[\/vc_column_text][\/vc_tta_section][\/vc_tta_accordion][\/vc_column][\/vc_row][vc_row type=&#8221;5&#8243; style=&#8221;regular&#8221; align=&#8221;none&#8221; font_size=&#8221;&#8221; font_weight=&#8221;inherit&#8221; color=&#8221;&#8221; icon=&#8221;inherit&#8221; image=&#8221;none&#8221; picture=&#8221;&#8221; image_size=&#8221;small&#8221; position=&#8221;left&#8221; id=&#8221;&#8221; class=&#8221;subtitulosapartados&#8221; animation=&#8221;none&#8221; top=&#8221;inherit&#8221; bottom=&#8221;inherit&#8221; left=&#8221;inherit&#8221; right=&#8221;inherit&#8221;][vc_column]<h5 class=\"sc_title sc_title_regular subtitulosapartados \"><\/p>\n<h3>Activitats<\/h3>\n<p><\/h5><div class=\"sc_line sc_line_position_center_center sc_line_style_solid\" style=\"border-top-style:solid;\"><\/div>[vc_tta_accordion style=&#8221;outline&#8221; shape=&#8221;square&#8221; color=&#8221;turquoise&#8221; gap=&#8221;3&#8243; active_section=&#8221;0&#8243; collapsible_all=&#8221;true&#8221;][vc_tta_section title=&#8221;Visites escolars sal\u00f3 de plens&#8221; tab_id=&#8221;1692252983422-493b9128-6890&#8243;][vc_column_text]<br \/>\nL&#8217;activitat \u201cVisita el teu Ajuntament\u201d \u00e9s una iniciativa posada en marxa pel Consistori il\u00b7licit\u00e0 a trav\u00e9s de la Regidoria d&#8217;Educaci\u00f3.<\/p>\n<p>Consta de dos itineraris; d&#8217;una banda, la visita al Sal\u00f3 de Plens, els estudiants dels centres educatius s\u00f3n rebuts pel personal t\u00e8cnic del departament de Protocol i a continuaci\u00f3 per l&#8217;edil d&#8217;educaci\u00f3. La regidora els explica la hist\u00f2ria del Sal\u00f3, les funcions municipals i els serveis que ofereixen les regidories. D&#8217;altra banda, tamb\u00e9 es pot sol\u00b7licitar l&#8217;assist\u00e8ncia al Ple Municipal, per a con\u00e9ixer, de primera m\u00e0, el funcionament de la instituci\u00f3 democr\u00e0tica.<\/p>\n<p>L&#8217;objectiu principal \u00e9s acostar i donar a con\u00e9ixer la instituci\u00f3 als estudiants de prim\u00e0ria, secund\u00e0ria i centres formatius de la ciutat i comprendre quina \u00e9s la funci\u00f3 de l&#8217;ajuntament i la seua import\u00e0ncia com a instituci\u00f3 democr\u00e0tica.<\/p>\n<p>Va dirigit a tot l&#8217;alumnat, encara que s&#8217;orienta a partir del 2n cicle de prim\u00e0ria pel contingut curricular.<br \/>\n[\/vc_column_text]<a href=\"https:\/\/www.elche.es\/wp-content\/uploads\/2023\/09\/Modelo-visitas-escolares-pleno.pdf\" target=\"_blank\" class=\"sc_button sc_button_square sc_button_style_filled style_dark sc_button_size_small aligncenter\">SOLICITUD VISITES ESCOLARS<\/a>[vc_column_text]<\/p>\n<p style=\"text-align: center;\">(Enviar el formulari emplenat al correu d&#8217; educacion@elche.es)<\/p>\n<p>[\/vc_column_text][\/vc_tta_section][vc_tta_section title=&#8221;Visites escolars Ple&#8221; tab_id=&#8221;1692252983446-2516518a-f62c&#8221;][vc_column_text]<\/p>\n<p style=\"text-align: justify;\">Els mesos triats pels centres escolars van ser de febrer a maig de 2022. Van participar un total de 18 grups escolars. D&#8217;aqueixos 18, 7 corresponien als IES Misteri d\u2019Elx, Nit de l\u2019Alba i Sixto Marco. Els 11 grups restants van ser dels CEIPs Princesa d&#8217;Ast\u00faries, Reis Cat\u00f2lics, El Pl\u00e0, Jesuitines i Sant Antoni. A m\u00e9s, vam tindre quatre grups ERASMUS, amb alumnat procedent de Maced\u00f2nia, Turquia i Pol\u00f2nia.<\/p>\n<p>[\/vc_column_text]<a href=\"https:\/\/www.elche.es\/wp-content\/uploads\/2023\/09\/Modelo-visitas-escolares-pleno.pdf\" target=\"_blank\" class=\"sc_button sc_button_square sc_button_style_filled style_original sc_button_size_small aligncenter\" style=\"````\">SOL\u00b7LICITUD VISITES ESCOLARS<\/a>[vc_column_text]<\/p>\n<p style=\"text-align: center;\">(Enviar el formulari emplenat al correu d&#8217; educacion@elche.es)<\/p>\n<p>[\/vc_column_text][\/vc_tta_section][vc_tta_section title=&#8221;Tallers prevenci\u00f3 contra la viol\u00e8ncia&#8221; tab_id=&#8221;1692252983471-52822bad-416b&#8221;][vc_column_text]<br \/>\nEl Projecte proposa abordar la problem\u00e0tica de l&#8217;Assetjament escolar i ciberbullying d&#8217;una forma global. La proposta de la Fundaci\u00f3 Anar s&#8217;enfoca a aconseguir 30 centres educatius del municipi d&#8217;Elx, oferint tallers impartits per psic\u00f2legs de la Fundaci\u00f3, que es recolzaria en mat\u00e8ria audiovisual i jocs.<\/p>\n<p>L&#8217;objectiu ser\u00e0 donar eines als xiquets i xiquetes de les aules dels centres educatius d&#8217;Elx que reben la formaci\u00f3, potenciant un clima de conviv\u00e8ncia basat en l&#8217;empatia, el respecte i l&#8217;assertivitat amb la finalitat de promoure activitats prosocials en l&#8217;alumnat que fomenten la conviv\u00e8ncia entre iguals i la prevenci\u00f3 de l&#8217;assetjament escolar i el ciberbullying.[\/vc_column_text][\/vc_tta_section][vc_tta_section title=&#8221;Tallers salut CEU&#8221; tab_id=&#8221;1692252983494-e0702b46-53c3&#8243;][vc_column_text]<\/p>\n<p style=\"text-align: justify;\">Temes i activitats tractades en el curs 2022-2023: alimentaci\u00f3 saludable, primers auxilis, \u00fas responsable de NNTT, ergonomia i higiene postural, educaci\u00f3 sexual, Prevenci\u00f3 de bullying.<\/p>\n<p>[\/vc_column_text][\/vc_tta_section][vc_tta_section title=&#8221;Tallers alimentaci\u00f3 UA&#8221; tab_id=&#8221;1692252983513-13f625a9-32f2&#8243;][vc_column_text]<br \/>\nDes de la Universitat d&#8217;Alacant, estem organitzant amb els nostres estudiants de Nutrici\u00f3 Humana i Diet\u00e8tica la realitzaci\u00f3 de xarrades sobre alimentaci\u00f3 saludable. Aquestes xarrades estan dirigides a alumnat d&#8217;infantil, prim\u00e0ria i secund\u00e0ria.<\/p>\n<p>Una alimentaci\u00f3 i nutrici\u00f3 adequades s\u00f3n importants en totes les etapes de la vida, per\u00f2 particularment ho s\u00f3n durant la inf\u00e0ncia i l&#8217;adolesc\u00e8ncia, etapes claus en l&#8217;adquisici\u00f3 dels estils de vida saludables.<\/p>\n<p>Objectiu: Millorar els h\u00e0bits alimentaris dels escolars i fomentar una alimentaci\u00f3 sana, variada i equilibrada.<\/p>\n<p>Destinataris: Alumnes d&#8217;infantil de 5 anys i alumnes de prim\u00e0ria.<br \/>\n[\/vc_column_text][\/vc_tta_section][\/vc_tta_accordion][\/vc_column][\/vc_row]<\/p>\n<\/div>","protected":false},"excerpt":{"rendered":"Servicis i activitats Escoles Infantils Municipals Calendari Escolaritzaci\u00f3 Centres Educatius FP Beques i Subvencions Serveis i Activitats Absentisme escolar Tr\u00e0mits Normativa Servicis Escola fam\u00edlies PROJECTE ESCOLA DE FAM\u00cdLIA. La fam\u00edlia [...]","protected":false},"author":131,"featured_media":0,"parent":4782,"menu_order":5,"comment_status":"closed","ping_status":"closed","template":"","meta":{"footnotes":""},"class_list":["post-261706","page","type-page","status-publish","hentry"],"_links":{"self":[{"href":"https:\/\/www.elche.es\/va\/wp-json\/wp\/v2\/pages\/261706","targetHints":{"allow":["GET"]}}],"collection":[{"href":"https:\/\/www.elche.es\/va\/wp-json\/wp\/v2\/pages"}],"about":[{"href":"https:\/\/www.elche.es\/va\/wp-json\/wp\/v2\/types\/page"}],"author":[{"embeddable":true,"href":"https:\/\/www.elche.es\/va\/wp-json\/wp\/v2\/users\/131"}],"replies":[{"embeddable":true,"href":"https:\/\/www.elche.es\/va\/wp-json\/wp\/v2\/comments?post=261706"}],"version-history":[{"count":5,"href":"https:\/\/www.elche.es\/va\/wp-json\/wp\/v2\/pages\/261706\/revisions"}],"predecessor-version":[{"id":331603,"href":"https:\/\/www.elche.es\/va\/wp-json\/wp\/v2\/pages\/261706\/revisions\/331603"}],"up":[{"embeddable":true,"href":"https:\/\/www.elche.es\/va\/wp-json\/wp\/v2\/pages\/4782"}],"wp:attachment":[{"href":"https:\/\/www.elche.es\/va\/wp-json\/wp\/v2\/media?parent=261706"}],"curies":[{"name":"wp","href":"https:\/\/api.w.org\/{rel}","templated":true}]}}