{"id":263166,"date":"2023-09-15T13:57:30","date_gmt":"2023-09-15T11:57:30","guid":{"rendered":"https:\/\/www.elche.es\/?page_id=263166"},"modified":"2023-09-15T14:50:45","modified_gmt":"2023-09-15T12:50:45","slug":"promocioesportbase","status":"publish","type":"page","link":"https:\/\/www.elche.es\/va\/esports\/promocioesportbase\/","title":{"rendered":"Promoci\u00f3 Esport Base"},"content":{"rendered":"<div class=\"wpb-content-wrapper\"><p>[vc_row full_width=&#8221;stretch_row&#8221; css=&#8221;.vc_custom_1685610365103{background-image: url(https:\/\/www.elche.es\/wp-content\/uploads\/2023\/06\/promocion-deporte.png?id=253032) !important;background-position: center !important;background-repeat: no-repeat !important;background-size: cover !important;}&#8221; el_class=&#8221;slidersecciones&#8221;][vc_column][vc_custom_heading text=&#8221;PROMOCI\u00d3 ESPORT BASE&#8221; font_container=&#8221;tag:h1|text_align:center|color:%23ffffff&#8221; google_fonts=&#8221;font_family:Ubuntu%3A300%2C300italic%2Cregular%2Citalic%2C500%2C500italic%2C700%2C700italic|font_style:700%20bold%20regular%3A700%3Anormal&#8221; el_class=&#8221;sombraTitulo cabeceramovil&#8221;][\/vc_column][\/vc_row][vc_row][vc_column][\/vc_column][\/vc_row][vc_row full_width=&#8221;stretch_row&#8221; css=&#8221;.vc_custom_1475484188729{background-color: #dddde0 !important;}&#8221;][vc_column][vc_column_text]<nav aria-label=\"breadcrumbs\">\n            <div class=\"breadcrumb-container theme1\">\n                <ol>\n                                    <\/ol>\n            <\/div>\n        <\/nav>    <script type=\"application\/ld+json\">\n        {\n            \"@context\": \"http:\/\/schema.org\",\n            \"@type\": \"BreadcrumbList\",\n            \"itemListElement\": [\n                            ]\n        }\n    <\/script>\n    <style type=\"text\/css\">\n        .breadcrumb-container {\n            font-size: 13px;\n        }\n\n        .breadcrumb-container ul {\n            margin: 0;\n            padding: 0;\n        }\n\n        .breadcrumb-container li {\n            box-sizing: unset;\n            display: inline-block;\n            margin: 0;\n            padding: 0;\n        }\n\n        .breadcrumb-container li a {\n            box-sizing: unset;\n            padding: 0 10px;\n        }\n\n        .breadcrumb-container {\n            font-size: 3 !important;\n                    }\n\n        .breadcrumb-container li a {\n            color: #0a0a0a !important;\n            font-size: 3 !important;\n            line-height: 3 !important;\n                    }\n\n        .breadcrumb-container li .separator {\n            font-size: 3 !important;\n                    }\n\n        .breadcrumb-container li:last-child .separator {\n            display: none;\n        }\n    <\/style>\n    <style type=\"text\/css\">\n        .breadcrumb-container.theme1 li {\n            margin: 0;\n            padding: 0;\n        }\n        .breadcrumb-container.theme1 a {\n            background: ;\n            display: inline-block;\n            margin: 0 5px;\n            padding: 5px 10px;\n            text-decoration: none;\n        }\n    <\/style>\n        <style type=\"text\/css\">\n            <\/style>\n    <script>\n            <\/script>\n[\/vc_column_text][\/vc_column][\/vc_row][vc_row full_width=&#8221;stretch_row&#8221; css=&#8221;.vc_custom_1680165765474{background-color: #ffffff !important;}&#8221;][vc_column]<h1 class=\"sc_title sc_title_regular titulo-pagina margin_top_small\">PROGRAMES<\/h1>[\/vc_column][\/vc_row][vc_row full_width=&#8221;stretch_row&#8221; css=&#8221;.vc_custom_1680165711257{background-color: #ffffff !important;}&#8221;][vc_column width=&#8221;1\/3&#8243;][vc_single_image image=&#8221;253078&#8243; img_size=&#8221;300&#215;150&#8243; onclick=&#8221;custom_link&#8221; link=&#8221;#extraescolares&#8221;][\/vc_column][vc_column width=&#8221;1\/3&#8243;][vc_single_image image=&#8221;262422&#8243; img_size=&#8221;300&#215;150&#8243; onclick=&#8221;custom_link&#8221; link=&#8221;#escuelas&#8221;][\/vc_column][vc_column width=&#8221;1\/3&#8243;][vc_single_image image=&#8221;253066&#8243; img_size=&#8221;300&#215;150&#8243; onclick=&#8221;custom_link&#8221; link=&#8221;#campanas&#8221;][\/vc_column][\/vc_row][vc_row css=&#8221;.vc_custom_1475850882313{margin-top: 40px !important;margin-bottom: 40px !important;background-color: #ffffff !important;}&#8221;][vc_column]<div class=\"sc_section\"><div class=\"sc_section_inner\"><div class=\"sc_content content_wrap\">\n\t<div class=\"wpb_text_column wpb_content_element\" >\n\t\t<div class=\"wpb_wrapper\">\n\t\t\t<p>El programa de <strong>Promoci\u00f3 Esport Base<\/strong> \u00e9s un projecte dedicat i destinat als xiquets i xiquetes en edat escolar que fomenta la pr\u00e0ctica esportiva, i mitjan\u00e7ant aquesta, l&#8217;alumnat participant rep una formaci\u00f3 integral i es beneficia dels m\u00faltiples aspectes positius que la pr\u00e0ctica esportiva comporta en aspectes f\u00edsics, psicol\u00f2gics i socials.<\/p>\n<p>Un programa esportiu i educatiu basat en 3 grans blocs on diferents entitats esportives treballen en conjunt per a aconseguir que l&#8217;esport siga un mitj\u00e0 favorable en el desenvolupament esportiu i personal de cada participant.<\/p>\n\n\t\t<\/div>\n\t<\/div>\n<div class=\"vc_empty_space\"   style=\"height: 1px\"><span class=\"vc_empty_space_inner\"><\/span><\/div><\/div><\/div><\/div>[\/vc_column][\/vc_row][vc_row full_width=&#8221;stretch_row&#8221; css=&#8221;.vc_custom_1686292742814{background-color: #dddde0 !important;}&#8221;][vc_column]<div class=\"sc_section\"><div class=\"sc_section_inner\"><div class=\"sc_content content_wrap\"><h1 class=\"sc_title sc_title_regular titulo-pagina margin_top_small\">ACTIVITATS ESPORTIVES EXTRAESCOLARS<\/h1>\n\t<div class=\"wpb_text_column wpb_content_element\" >\n\t\t<div class=\"wpb_wrapper\">\n\t\t\t<p>Les <strong>activitats esportives extraescolars<\/strong> \u00e9s un programa municipal per a fomentar la pr\u00e0ctica esportiva de tot l&#8217;alumnat en l&#8217;\u00e0mbit escolar.<\/p>\n<p>Unes activitats que es desenvolupen dins de cadascun dels centres educatius i que engloben una \u00e0mplia oferta d&#8217;activitats esportives per a tota mena d&#8217;edats des d&#8217;infantil de 4 anys fins a secund\u00e0ria.<\/p>\n<p>S&#8217;ofereix un servei el m\u00e9s econ\u00f2mic possible perqu\u00e8 l&#8217;esport siga accessible a totes les fam\u00edlies i d&#8217;aquesta manera tots els xiquets\/es puguen aconseguir un desenvolupament progressiu esportiu, educatiu, f\u00edsic i social. Gaudint i divertint-se alhora que aprenen valors fonamentals que ajuden a la millora esportiva i personal de cada participant.<\/p>\n\n\t\t<\/div>\n\t<\/div>\n<div class=\"vc_empty_space\"   style=\"height: 1px\"><span class=\"vc_empty_space_inner\"><\/span><\/div>\r\n        <p>\r\n        <span class=\"enlaces-titulo\"> Oferta d'activitats esportives <\/span> <span><a class=\"enlaces-link\" target='_blank'href=\"https:\/\/www.elche.es\/wp-content\/uploads\/2023\/06\/OFERTA-ACTIVIDADES-1.jpeg \">Veure enlla\u00e7<\/a><\/span>\r\n        <br>\r\n        <span class=\"enlaces-descripcion\"><\/span>\r\n        <\/p>\r\n        <hr class=\"enlaces-separador\">\r\n        <div class=\"vc_empty_space\"   style=\"height: 1px\"><span class=\"vc_empty_space_inner\"><\/span><\/div>\r\n        <p>\r\n        <span class=\"enlaces-titulo\"> Horaris d'activitats esportives als centres escolars <\/span> <span><a class=\"enlaces-link\" target='_blank'href=\"https:\/\/www.elche.es\/wp-content\/uploads\/2023\/06\/HORARIO-ACTIVIDADES-DEPORTIVAS-ESCOLARES.pdf \">Veure enlla\u00e7<\/a><\/span>\r\n        <br>\r\n        <span class=\"enlaces-descripcion\"><\/span>\r\n        <\/p>\r\n        <hr class=\"enlaces-separador\">\r\n        <div class=\"vc_empty_space\"   style=\"height: 1px\"><span class=\"vc_empty_space_inner\"><\/span><\/div>\r\n        <p>\r\n        <span class=\"enlaces-titulo\"> Informaci\u00f3 dels pagaments <\/span> <span><a class=\"enlaces-link\" target='_blank'href=\"https:\/\/www.elche.es\/wp-content\/uploads\/2023\/06\/INFORMACION-PAGOS.jpeg \">Veure enlla\u00e7<\/a><\/span>\r\n        <br>\r\n        <span class=\"enlaces-descripcion\"><\/span>\r\n        <\/p>\r\n        <hr class=\"enlaces-separador\">\r\n        <div class=\"vc_empty_space\"   style=\"height: 1px\"><span class=\"vc_empty_space_inner\"><\/span><\/div>\n\t<div class=\"wpb_text_column wpb_content_element\" >\n\t\t<div class=\"wpb_wrapper\">\n\t\t\t<p><span style=\"color: #ff0000; font-size: 24pt;\"><strong>La preinscripci\u00f3 es realitzar\u00e0 en l\u00ednia fins el 22\/09 de 2023<\/strong><\/span><\/p>\n\n\t\t<\/div>\n\t<\/div>\n<div class=\"vc_empty_space\" id=\"&#8221;escuelas&#8221;\"  style=\"height: 1px\"><span class=\"vc_empty_space_inner\"><\/span><\/div><a href=\"https:\/\/docs.google.com\/forms\/d\/e\/1FAIpQLScUzg_pbEwhrfFd0lKYacrUWFsQcjDVTJ2McqUcvvU8NAWGHw\/viewform?usp=sf_link\" class=\"sc_button sc_button_square sc_button_style_filled style_original sc_button_size_medium aligncenter boton3d \">Inscriu-te<\/a><div class=\"vc_empty_space\"   style=\"height: 1px\"><span class=\"vc_empty_space_inner\"><\/span><\/div><\/div><\/div><\/div>[\/vc_column][\/vc_row][vc_row full_width=&#8221;stretch_row&#8221; css=&#8221;.vc_custom_1686291993304{background-color: #ffffff !important;}&#8221;][vc_column]<div class=\"sc_section\"><div class=\"sc_section_inner\"><div class=\"sc_content content_wrap\"><h1 class=\"sc_title sc_title_regular titulo-pagina margin_top_small\">ESCOLES ESPORTIVES<\/h1><div class=\"vc_empty_space\" id=\"&#8221;cursosmunicipales&#8221;\"  style=\"height: 1px\"><span class=\"vc_empty_space_inner\"><\/span><\/div>\n\t<div class=\"wpb_text_column wpb_content_element\" >\n\t\t<div class=\"wpb_wrapper\">\n\t\t\t<p>Les <strong>escoles esportives\u00a0<\/strong>s\u00f3n un programa de l&#8217;Ajuntament d&#8217;Elx en el qual, per mediaci\u00f3 dels clubs esportius de la ciutat, els xiquets i les xiquetes puguen millorar les seues aptituds esportives mitjan\u00e7ant la pr\u00e0ctica d&#8217;un esport concret, incidint en la millora i perfeccionament dels aspectes espec\u00edfics del seu esport.<\/p>\n<p>Aquestes escoles desenvolupen la seua pr\u00e0ctica a les instal\u00b7lacions esportives municipals. Cada activitat est\u00e0 dirigida per especialistes esportius i a m\u00e9s dels entrenaments espec\u00edfics, els equips participen en competicions federades (provincials i auton\u00f2miques).<\/p>\n\n\t\t<\/div>\n\t<\/div>\n<div class=\"vc_empty_space\"   style=\"height: 1px\"><span class=\"vc_empty_space_inner\"><\/span><\/div>\r\n        <p>\r\n        <span class=\"enlaces-titulo\"> Llistat d'escoles esportives <\/span> <span><a class=\"enlaces-link\" target='_blank'href=\"https:\/\/www.elche.es\/wp-content\/uploads\/2023\/09\/ESCUELAS-DEPORTIVAS-CLUBS-2023-24.pdf \">Veure enlla\u00e7<\/a><\/span>\r\n        <br>\r\n        <span class=\"enlaces-descripcion\"><\/span>\r\n        <\/p>\r\n        <hr class=\"enlaces-separador\">\r\n        <div class=\"vc_empty_space\"   style=\"height: 1px\"><span class=\"vc_empty_space_inner\"><\/span><\/div>\r\n        <p>\r\n        <span class=\"enlaces-titulo\"> Reglament <\/span> <span><a class=\"enlaces-link\" target='_blank'href=\" \">Veure enlla\u00e7<\/a><\/span>\r\n        <br>\r\n        <span class=\"enlaces-descripcion\"><\/span>\r\n        <\/p>\r\n        <hr class=\"enlaces-separador\">\r\n        <div class=\"vc_empty_space\" id=\"&#8221;campanas&#8221;\"  style=\"height: 1px\"><span class=\"vc_empty_space_inner\"><\/span><\/div><\/div><\/div><\/div>[\/vc_column][\/vc_row][vc_row full_width=&#8221;stretch_row&#8221; css=&#8221;.vc_custom_1686292758000{background-color: #dddde0 !important;}&#8221;][vc_column]<div class=\"sc_section\"><div class=\"sc_section_inner\"><div class=\"sc_content content_wrap\"><h1 class=\"sc_title sc_title_regular titulo-pagina margin_top_small\">CAMPANYES CONEIX<\/h1>\n\t<div class=\"wpb_text_column wpb_content_element\" >\n\t\t<div class=\"wpb_wrapper\">\n\t\t\t<p>Les <strong>campanyes coneix<\/strong> formen part d&#8217;una \u00e0mplia gamma d&#8217;activitats esportives que l&#8217;Ajuntament d&#8217;Elx ofereix a trav\u00e9s de la seua Regidoria d&#8217;Esports a tots els centres educatius de la ciutat de prim\u00e0ria i secund\u00e0ria.<\/p>\n<p>\u00c9s el mateix centre educatiu qui pot triar qualsevol de les activitats que es proposen, la data m\u00e9s adequada i el curs escolar que la realitze.<\/p>\n<p>L&#8217;activitat es realitza en horari lectiu i \u00e9s impartida per t\u00e8cnics especialistes de cada modalitat esportiva acompanyats pels mateixos professors del centre.<\/p>\n<p>L&#8217;objectiu de l&#8217;activitat \u00e9s gaudir d&#8217;una jornada ludicoesportiva i compartir moments de diversi\u00f3 i aprenentatge al costat dels seus companys\/es, tenint la possibilitat de con\u00e9ixer i practicar modalitats esportives diferents a les habituals en un marc de companyonia, educaci\u00f3 i esport.<\/p>\n\n\t\t<\/div>\n\t<\/div>\n<\/div><\/div><\/div><h5 class=\"sc_title sc_title_regular subtitulosapartados \"><strong>Oferta d&#8217;activitats esportives<\/strong><\/p>\n<p><\/h5>[vc_column_text]Les inscripcions es realitzaran a trav\u00e9s del centre escolar, ja que aquestes activitats es duran a terme en horari lectiu.[\/vc_column_text][vc_empty_space][vc_empty_space][\/vc_column][\/vc_row][vc_row full_width=&#8221;stretch_row&#8221; css=&#8221;.vc_custom_1690275198995{background-color: #dddde0 !important;}&#8221;][vc_column width=&#8221;1\/6&#8243;][vc_single_image image=&#8221;258375&#8243; img_size=&#8221;300&#215;150&#8243; onclick=&#8221;custom_link&#8221; img_link_target=&#8221;_blank&#8221; link=&#8221;https:\/\/www.elche.es\/wp-content\/uploads\/2023\/07\/CAMPANA-SENDERISMO-EN-EL-MEDIO-NATURAL.pdf&#8221;][vc_empty_space][vc_empty_space][vc_empty_space][\/vc_column][vc_column width=&#8221;1\/6&#8243;][vc_single_image image=&#8221;258379&#8243; img_size=&#8221;300&#215;150&#8243; onclick=&#8221;custom_link&#8221; img_link_target=&#8221;_blank&#8221; link=&#8221;https:\/\/www.elche.es\/wp-content\/uploads\/2023\/07\/ACTIVIDAD-LUDICO-DEPORTIVA-Y-EQUITACION.pdf&#8221;][vc_empty_space][vc_empty_space][vc_empty_space][\/vc_column][vc_column width=&#8221;1\/6&#8243;][vc_single_image image=&#8221;258383&#8243; img_size=&#8221;300&#215;150&#8243; onclick=&#8221;custom_link&#8221; img_link_target=&#8221;_blank&#8221; link=&#8221;https:\/\/www.elche.es\/wp-content\/uploads\/2023\/07\/CAMPANA-VEN-A-LA-PISTA-DE-ATLETISMO.pdf&#8221;][vc_empty_space][vc_empty_space][vc_empty_space][\/vc_column][vc_column width=&#8221;1\/6&#8243;][vc_single_image image=&#8221;258387&#8243; img_size=&#8221;300&#215;150&#8243; onclick=&#8221;custom_link&#8221; img_link_target=&#8221;_blank&#8221; link=&#8221;https:\/\/www.elche.es\/wp-content\/uploads\/2023\/07\/CAMPANA-DEPORTES-DE-ARENA.pdf&#8221;][vc_empty_space][vc_empty_space][vc_empty_space][\/vc_column][vc_column width=&#8221;1\/6&#8243;][vc_single_image image=&#8221;258391&#8243; img_size=&#8221;300&#215;150&#8243; onclick=&#8221;custom_link&#8221; img_link_target=&#8221;_blank&#8221; link=&#8221;https:\/\/www.elche.es\/wp-content\/uploads\/2023\/07\/CAMPANA-DEPORTES-COLECTIVOS.pdf&#8221;][vc_empty_space][vc_empty_space][vc_empty_space][\/vc_column][vc_column width=&#8221;1\/6&#8243;][vc_single_image image=&#8221;258395&#8243; img_size=&#8221;300&#215;150&#8243; onclick=&#8221;custom_link&#8221; img_link_target=&#8221;_blank&#8221; link=&#8221;https:\/\/www.elche.es\/wp-content\/uploads\/2023\/07\/CAMPANA-CONOCE-EL-GOLF.pdf&#8221;][vc_empty_space][vc_empty_space][vc_empty_space][\/vc_column][\/vc_row][vc_row full_width=&#8221;stretch_row&#8221; css=&#8221;.vc_custom_1680165711257{background-color: #ffffff !important;}&#8221;][vc_column][vc_empty_space height=&#8221;35px&#8221;][\/vc_column][\/vc_row][vc_row][vc_column width=&#8221;1\/3&#8243;][vc_empty_space][vc_empty_space]<div id='modulo_datos_contacto'> <p class='titulo_datos_contacto'>Dades de contacte <\/p> <hr><p class=\"contactoArea\"> <i class=\"fa fa-map-marker\" aria-hidden=\"true\"><\/i>Av. de la Universitat d'Elx, 86.<\/p><p class=\"contactoArea\"><i class=\"fa fa-phone\" aria-hidden=\"true\"><\/i>966 658 122<\/p><p class=\"contactoArea\"><i class=\"fa fa-fax\" aria-hidden=\"true\"><\/i>966 658 123<\/p><p class=\"contactoArea\"><i class=\"fa fa-envelope\" aria-hidden=\"true\"><\/i><a href=\"mailto:deportes@elche.es\"> deportes@elche.es<\/a><\/p><div id='contacto-rrss'><span  style=\" padding-left: 0px; \" class=\"contactoArea rrss\"><a target=\"_blank\" href=\"https:\/\/www.facebook.com\/Elche-Ciudad-de-Deportes-Elx-Ciutat-dEsports-1215100851863825\/\"> <i class=\"fa fa-facebook-square\" aria-hidden=\"true\"><\/i><\/a><\/span><span style=\" padding-left: 0px; \" class=\"contactoArea rrss\"><a target=\"_blank\" href=\"https:\/\/twitter.com\/esportselx?lang=es\"><i class=\"fa fa-twitter\" aria-hidden=\"true\"><\/i><\/a><\/span><\/div><\/div>[vc_empty_space][vc_empty_space][vc_empty_space][vc_empty_space][\/vc_column][vc_column width=&#8221;1\/3&#8243;][vc_empty_space][vc_empty_space][vc_single_image image=&#8221;118903&#8243; img_size=&#8221;medium&#8221; alignment=&#8221;center&#8221;][vc_empty_space][\/vc_column][vc_column width=&#8221;1\/3&#8243;][vc_empty_space][vc_empty_space][sbs_wpb_openstreetmap map_style=&#8221;openstreetmap_de&#8221; map_height=&#8221;60&#8243; ctrl_mouse_zoom=&#8221;true&#8221; latitude=&#8221;38.272729&#8243; longitude=&#8221;-0.671595&#8243;][sbs_wpb_marker marker_source=&#8221;coordinates&#8221; marker_color=&#8221;red&#8221; marker_latitude=&#8221;38.272729&#8243; marker_longitude=&#8221;-0.671595&#8243;][\/sbs_wpb_marker][\/sbs_wpb_openstreetmap][\/vc_column][\/vc_row][vc_column][\/vc_column]<div class=\"sc_content content_wrap\"><\/div>\n<\/div>","protected":false},"excerpt":{"rendered":"PROMOCI\u00d3 ESPORT BASE PROGRAMES El programa de Promoci\u00f3 Esport Base \u00e9s un projecte dedicat i destinat als xiquets i xiquetes en edat escolar que fomenta la pr\u00e0ctica esportiva, i mitjan\u00e7ant [...]","protected":false},"author":139,"featured_media":0,"parent":22611,"menu_order":0,"comment_status":"closed","ping_status":"closed","template":"","meta":{"footnotes":""},"class_list":["post-263166","page","type-page","status-publish","hentry"],"_links":{"self":[{"href":"https:\/\/www.elche.es\/va\/wp-json\/wp\/v2\/pages\/263166","targetHints":{"allow":["GET"]}}],"collection":[{"href":"https:\/\/www.elche.es\/va\/wp-json\/wp\/v2\/pages"}],"about":[{"href":"https:\/\/www.elche.es\/va\/wp-json\/wp\/v2\/types\/page"}],"author":[{"embeddable":true,"href":"https:\/\/www.elche.es\/va\/wp-json\/wp\/v2\/users\/139"}],"replies":[{"embeddable":true,"href":"https:\/\/www.elche.es\/va\/wp-json\/wp\/v2\/comments?post=263166"}],"version-history":[{"count":4,"href":"https:\/\/www.elche.es\/va\/wp-json\/wp\/v2\/pages\/263166\/revisions"}],"predecessor-version":[{"id":263175,"href":"https:\/\/www.elche.es\/va\/wp-json\/wp\/v2\/pages\/263166\/revisions\/263175"}],"up":[{"embeddable":true,"href":"https:\/\/www.elche.es\/va\/wp-json\/wp\/v2\/pages\/22611"}],"wp:attachment":[{"href":"https:\/\/www.elche.es\/va\/wp-json\/wp\/v2\/media?parent=263166"}],"curies":[{"name":"wp","href":"https:\/\/api.w.org\/{rel}","templated":true}]}}