{"id":26330,"date":"2017-06-08T12:11:58","date_gmt":"2017-06-08T11:11:58","guid":{"rendered":"http:\/\/www.elche.es\/va\/participacio-ciutadana\/pressupost-participatiu\/pressupost-participatiu-2017\/propuestas-presentadas-al-pressupost-participatiu-2017\/"},"modified":"2017-07-24T08:27:32","modified_gmt":"2017-07-24T07:27:32","slug":"propuestas-presentadas-al-pressupost-participatiu-2017","status":"publish","type":"page","link":"https:\/\/www.elche.es\/va\/participacio-ciutadana\/pressupost-participatiu\/pressupost-participatiu-2017\/propuestas-presentadas-al-pressupost-participatiu-2017\/","title":{"rendered":"Propostes Presentades al Pressupost Participatiu 2017"},"content":{"rendered":"<div class=\"wpb-content-wrapper\"><p>[vc_row full_width=&#8221;stretch_row&#8221; css=&#8221;.vc_custom_1496918740970{padding-top: 120px !important;padding-right: 120px !important;padding-bottom: 270px !important;padding-left: 120px !important;background-image: url(https:\/\/www.elche.es\/wp-content\/uploads\/2016\/10\/baner-trazado-otro-1.jpg?id=25246) !important;background-position: center !important;background-repeat: no-repeat !important;background-size: cover !important;}&#8221;][vc_column][vc_custom_heading text=&#8221;Pressupost Participatiu 2017&#8243; font_container=&#8221;tag:h2|text_align:center|color:%23ffffff&#8221; google_fonts=&#8221;font_family:Ubuntu%3A300%2C300italic%2Cregular%2Citalic%2C500%2C500italic%2C700%2C700italic|font_style:700%20bold%20regular%3A700%3Anormal&#8221; css=&#8221;.vc_custom_1496918810790{padding-top: 80px !important;}&#8221; el_class=&#8221;sombraTitulo&#8221;][\/vc_column][\/vc_row][vc_row full_width=&#8221;stretch_row&#8221; css=&#8221;.vc_custom_1475484188729{background-color: #dddde0 !important;}&#8221;][vc_column][vc_column_text]<nav aria-label=\"breadcrumbs\">\n            <div class=\"breadcrumb-container theme1\">\n                <ol>\n                                    <\/ol>\n            <\/div>\n        <\/nav>    <script type=\"application\/ld+json\">\n        {\n            \"@context\": \"http:\/\/schema.org\",\n            \"@type\": \"BreadcrumbList\",\n            \"itemListElement\": [\n                            ]\n        }\n    <\/script>\n    <style type=\"text\/css\">\n        .breadcrumb-container {\n            font-size: 13px;\n        }\n\n        .breadcrumb-container ul {\n            margin: 0;\n            padding: 0;\n        }\n\n        .breadcrumb-container li {\n            box-sizing: unset;\n            display: inline-block;\n            margin: 0;\n            padding: 0;\n        }\n\n        .breadcrumb-container li a {\n            box-sizing: unset;\n            padding: 0 10px;\n        }\n\n        .breadcrumb-container {\n            font-size: 3 !important;\n                    }\n\n        .breadcrumb-container li a {\n            color: #0a0a0a !important;\n            font-size: 3 !important;\n            line-height: 3 !important;\n                    }\n\n        .breadcrumb-container li .separator {\n            font-size: 3 !important;\n                    }\n\n        .breadcrumb-container li:last-child .separator {\n            display: none;\n        }\n    <\/style>\n    <style type=\"text\/css\">\n        .breadcrumb-container.theme1 li {\n            margin: 0;\n            padding: 0;\n        }\n        .breadcrumb-container.theme1 a {\n            background: ;\n            display: inline-block;\n            margin: 0 5px;\n            padding: 5px 10px;\n            text-decoration: none;\n        }\n    <\/style>\n        <style type=\"text\/css\">\n            <\/style>\n    <script>\n            <\/script>\n[\/vc_column_text][\/vc_column][\/vc_row][vc_row][vc_column]<h3 class=\"sc_title sc_title_regular margin_top_tiny\">Propostes Presentades al Pressupost Participatiu 2017<\/h3>[vc_column_text]La Regidoria de Participaci\u00f3 ha processat les <strong>1606 propostes<\/strong> presentades per la ciutadania al <a href=\"https:\/\/www.elche.es\/va\/participacio-ciutadana\/pressupost-participatiu\/pressupost-participatiu-2017\/\"><strong>Pressupost Participatiu 2017<\/strong><\/a> per remetre-les als diferents t\u00e8cnics municipals, que seran els encarregats \/ des d&#8217;establir la viabilitat t\u00e8cnica i competencial de les propostes, aix\u00ed com l&#8217;adequaci\u00f3 de les mateixes a criteris de just\u00edcia distributiva.<\/p>\n<p><strong>Les propostes viables es faran p\u00fabliques a mitjans de setembre.<\/strong> Aquestes propostes seran prioritzades mitjan\u00e7ant un <strong>proc\u00e9s de votaci\u00f3 ciutadana<\/strong>. Tota la informaci\u00f3 referent al proc\u00e9s de 2017 la pots trobar en el seg\u00fcent <strong><a href=\"https:\/\/www.elche.es\/va\/participacio-ciutadana\/pressupost-participatiu\/pressupost-participatiu-2017\/\">enlla\u00e7<\/a><\/strong>.<\/p>\n<p>A la taula que es mostra a continuaci\u00f3 \u00e9s possible consultar la <strong>relaci\u00f3 de propostes presentades<\/strong>.[\/vc_column_text][vc_empty_space][\/vc_column][\/vc_row][vc_column][\/vc_column][vc_row][vc_column][vc_raw_html]JTNDaWZyYW1lJTIwd2lkdGglM0QlMjIxMDAlMjUlMjIlMjBoZWlnaHQlM0QlMjIxMDAlMjUlMjIlMjBzcmMlM0QlMjJodHRwcyUzQSUyRiUyRnZpZXctYXdlc29tZS10YWJsZS5jb20lMkYtS29sQ2E0ZWZ4c1hsRURQX205VyUyRnZpZXclMjIlMjBmcmFtZWJvcmRlciUzRCUyMjAlMjIlMjBhbGxvd2Z1bGxzY3JlZW4lM0UlM0MlMkZpZnJhbWUlM0U=[\/vc_raw_html][\/vc_column][\/vc_row][vc_row][vc_column][vc_empty_space][\/vc_column][\/vc_row]<\/p>\n<\/div>","protected":false},"excerpt":{"rendered":"<p>[vc_row full_width=&#8221;stretch_row&#8221; css=&#8221;.vc_custom_1496918740970{padding-top: 120px !important;padding-right: 120px !important;padding-bottom: 270px !important;padding-left: 120px !important;background-image: url(https:\/\/www.elche.es\/wp-content\/uploads\/2016\/10\/baner-trazado-otro-1.jpg?id=25246) !important;background-position: center !important;background-repeat: no-repeat !important;background-size: cover !important;}&#8221;][vc_column][vc_custom_heading text=&#8221;Pressupost Participatiu 2017&#8243; font_container=&#8221;tag:h2|text_align:center|color:%23ffffff&#8221; google_fonts=&#8221;font_family:Ubuntu%3A300%2C300italic%2Cregular%2Citalic%2C500%2C500italic%2C700%2C700italic|font_style:700%20bold%20regular%3A700%3Anormal&#8221; css=&#8221;.vc_custom_1496918810790{padding-top: 80px !important;}&#8221; el_class=&#8221;sombraTitulo&#8221;][\/vc_column][\/vc_row][vc_row full_width=&#8221;stretch_row&#8221; css=&#8221;.vc_custom_1475484188729{background-color: [&hellip;]<\/p>\n","protected":false},"author":20,"featured_media":0,"parent":13385,"menu_order":0,"comment_status":"closed","ping_status":"closed","template":"","meta":{"footnotes":""},"class_list":["post-26330","page","type-page","status-publish","hentry"],"_links":{"self":[{"href":"https:\/\/www.elche.es\/va\/wp-json\/wp\/v2\/pages\/26330","targetHints":{"allow":["GET"]}}],"collection":[{"href":"https:\/\/www.elche.es\/va\/wp-json\/wp\/v2\/pages"}],"about":[{"href":"https:\/\/www.elche.es\/va\/wp-json\/wp\/v2\/types\/page"}],"author":[{"embeddable":true,"href":"https:\/\/www.elche.es\/va\/wp-json\/wp\/v2\/users\/20"}],"replies":[{"embeddable":true,"href":"https:\/\/www.elche.es\/va\/wp-json\/wp\/v2\/comments?post=26330"}],"version-history":[{"count":0,"href":"https:\/\/www.elche.es\/va\/wp-json\/wp\/v2\/pages\/26330\/revisions"}],"up":[{"embeddable":true,"href":"https:\/\/www.elche.es\/va\/wp-json\/wp\/v2\/pages\/13385"}],"wp:attachment":[{"href":"https:\/\/www.elche.es\/va\/wp-json\/wp\/v2\/media?parent=26330"}],"curies":[{"name":"wp","href":"https:\/\/api.w.org\/{rel}","templated":true}]}}