{"id":264911,"date":"2023-09-28T11:32:40","date_gmt":"2023-09-28T09:32:40","guid":{"rendered":"https:\/\/www.elche.es\/?page_id=264911"},"modified":"2023-10-05T13:13:27","modified_gmt":"2023-10-05T11:13:27","slug":"informacion-upcca","status":"publish","type":"page","link":"https:\/\/www.elche.es\/va\/informacion-upcca\/","title":{"rendered":"Informaci\u00f3n UPCCA"},"content":{"rendered":"<div class=\"wpb-content-wrapper\"><p>[vc_row full_width=&#8221;stretch_row_content_no_spaces&#8221; css=&#8221;.vc_custom_1663588492163{background-position: center !important;background-repeat: no-repeat !important;background-size: cover !important;}&#8221; el_class=&#8221;cuadrocabecerafoto&#8221;][vc_column offset=&#8221;vc_hidden-sm vc_hidden-xs&#8221;][vc_single_image image=&#8221;261294&#8243; img_size=&#8221;full&#8221; alignment=&#8221;center&#8221; el_class=&#8221;cabecerasolofoto&#8221;][\/vc_column][\/vc_row][vc_row full_width=&#8221;stretch_row_content_no_spaces&#8221; css=&#8221;.vc_custom_1663588492163{background-position: center !important;background-repeat: no-repeat !important;background-size: cover !important;}&#8221; el_class=&#8221;cuadrocabecerafoto&#8221;][vc_column offset=&#8221;vc_hidden-lg vc_hidden-md&#8221;][vc_single_image image=&#8221;261332&#8243; img_size=&#8221;full&#8221; alignment=&#8221;center&#8221; el_class=&#8221;cabecerasolofoto&#8221;][\/vc_column][\/vc_row][vc_row][vc_column][vc_empty_space][\/vc_column][\/vc_row][vc_row type=&#8221;1&#8243; style=&#8221;regular&#8221; align=&#8221;none&#8221; font_size=&#8221;&#8221; font_weight=&#8221;inherit&#8221; color=&#8221;&#8221; icon=&#8221;inherit&#8221; image=&#8221;none&#8221; picture=&#8221;&#8221; image_size=&#8221;small&#8221; position=&#8221;left&#8221; id=&#8221;&#8221; class=&#8221;titulo-pagina&#8221; animation=&#8221;none&#8221; top=&#8221;small&#8221; bottom=&#8221;inherit&#8221; left=&#8221;inherit&#8221; right=&#8221;inherit&#8221;][vc_column]<h1 class=\"sc_title sc_title_regular titulo-pagina margin_top_small\">En aquest mes d&#8217;OCTUBRE<\/h1>[\/vc_column][\/vc_row][vc_row][vc_column][vc_column_text css=&#8221;.vc_custom_1696504013507{margin-bottom: 20px !important;}&#8221;]Aquest mes des de la UPPCA, t&#8217;oferim una guia per a fam\u00edlies. Aquesta ofereix eines educatives per a afavorir la prevenci\u00f3 des de l&#8217;\u00e0mbit familiar i, per tant, un millor maneig sobre els usos\/abusos de les possibles addiccions en els xiquets, xiquetes i adolescents.[\/vc_column_text]\r\n        <p>\r\n        <span class=\"enlaces-titulo\"> GUIA DE RECURSOS PER A LA PREVENCI\u00d3 EN ADDICCIONS <\/span> <span><a class=\"enlaces-link\" target='_blank'href=\"https:\/\/www.elche.es\/wp-content\/uploads\/2021\/11\/GUIA-UPCCA_compressed.pdf \">Veure enlla\u00e7<\/a><\/span>\r\n        <br>\r\n        <span class=\"enlaces-descripcion\"><\/span>\r\n        <\/p>\r\n        <hr class=\"enlaces-separador\">\r\n        [\/vc_column][\/vc_row][vc_row type=&#8221;5&#8243; style=&#8221;regular&#8221; align=&#8221;none&#8221; font_size=&#8221;&#8221; font_weight=&#8221;inherit&#8221; color=&#8221;&#8221; icon=&#8221;inherit&#8221; image=&#8221;none&#8221; picture=&#8221;&#8221; image_size=&#8221;small&#8221; position=&#8221;left&#8221; id=&#8221;&#8221; class=&#8221;subtitulosapartados&#8221; animation=&#8221;none&#8221; top=&#8221;inherit&#8221; bottom=&#8221;inherit&#8221; left=&#8221;inherit&#8221; right=&#8221;inherit&#8221;][vc_column][vc_column_text css=&#8221;.vc_custom_1692352234439{margin-top: 40px !important;}&#8221;]<\/p>\n<hr \/>\n<p>[\/vc_column_text]<h5 class=\"sc_title sc_title_regular subtitulosapartados margin_bottom_null\">Recursos anteriors<\/h5>[vc_tta_accordion active_section=&#8221;99&#8243;][vc_tta_section title=&#8221;Setembre&#8221; tab_id=&#8221;1696499810833-275d5359-4d37&#8243;][vc_column_text]En aquest v\u00eddeo parlem sobre els aspectes m\u00e9s rellevants relacionats amb la conducta de xiquets, xiquetes i adolescents. Per qu\u00e8 es comporta aix\u00ed el meu fill o la meua filla? Com he de reaccionar quan perd el control o es desborda emocionalment davant algun est\u00edmul?<br \/>\nConeixem la import\u00e0ncia de l&#8217;etapa del desenvolupament psicosocial per a l&#8217;elecci\u00f3 d&#8217;estrat\u00e8gies i el paper de les estructures cerebrals en relaci\u00f3 a la presa de decisions, raonament i comportament.<\/p>\n<p><a href=\"https:\/\/youtu.be\/SR968tk8RY0?list=PLL7aRccIha_KiKFcx5OG8djo2U-V1rCIw\">V\u00cdDEO YOUTUBE<\/a>[\/vc_column_text][\/vc_tta_section][vc_tta_section title=&#8221;Agost&#8221; tab_id=&#8221;1692352028902-8bf00d33-41d1&#8243;][vc_column_text]Campanya de conscienciaci\u00f3 i prevenci\u00f3 de consum d&#8217;alcohol i d&#8217;altres drogues, dirigida a adolescents en entorns d&#8217;oci nocturn. #ElsTeusRiscosNoSonElsTeusRiscos<\/p>\n<p><a href=\"https:\/\/www.youtube.com\/watch?v=oiB0c4wSzUM&amp;list=PLL7aRccIha_KiKFcx5OG8djo2U-V1rCIw&amp;index=7\" target=\"_blank\" rel=\"noopener\">V\u00cdDEO YOUTUBE<\/a>[\/vc_column_text][\/vc_tta_section][\/vc_tta_accordion][vc_column_text css=&#8221;.vc_custom_1692352814766{margin-top: 30px !important;margin-bottom: 30px !important;}&#8221;]<\/p>\n<hr \/>\n<p>[\/vc_column_text][\/vc_column][\/vc_row][vc_row css=&#8221;.vc_custom_1692352935890{margin-bottom: 60px !important;}&#8221;][vc_column width=&#8221;2\/3&#8243;][vc_column_text]La UPCCA \u00e9s un servei municipal, l&#8217;objectiu b\u00e0sic del qual \u00e9s la prevenci\u00f3 en el camp de les addiccions, aix\u00ed com la promoci\u00f3 de la salut i el benestar social a trav\u00e9s de programes familiars, educatius i comunitaris. Desenvolupa, en l&#8217;\u00e0mbit municipal, les estrat\u00e8gies pertinents dirigides a reduir o evitar l&#8217;\u00fas i\/o ab\u00fas de drogues i d&#8217;altres conductes addictives, aix\u00ed com a promoure h\u00e0bits de vida saludables (Llei 10\/2014. de 29 de desembre. de la Generalitat, de Salut de la Comunitat Valenciana). Per a aix\u00f2, compta amb professionals amb formaci\u00f3 espec\u00edfica (psic\u00f2loga\/\u00f2leg i educadora\/or social), aix\u00ed com recursos i programes acreditats oficialment.<\/p>\n<p>M\u00e9s informaci\u00f3 i tots els recursos en la nostra web de la <a href=\"https:\/\/www.elche.es\/va\/derechos-sociales\/cartera-de-serveis\/servei-daccio-comunitaria\/upcca\/\">UPCCA<\/a>[\/vc_column_text][\/vc_column][vc_column width=&#8221;1\/3&#8243;][vc_single_image image=&#8221;149621&#8243; img_size=&#8221;full&#8221;][\/vc_column][\/vc_row]<\/p>\n<\/div>","protected":false},"excerpt":{"rendered":"<p>[vc_row full_width=&#8221;stretch_row_content_no_spaces&#8221; css=&#8221;.vc_custom_1663588492163{background-position: center !important;background-repeat: no-repeat !important;background-size: cover !important;}&#8221; el_class=&#8221;cuadrocabecerafoto&#8221;][vc_column offset=&#8221;vc_hidden-sm vc_hidden-xs&#8221;][vc_single_image image=&#8221;261294&#8243; img_size=&#8221;full&#8221; alignment=&#8221;center&#8221; el_class=&#8221;cabecerasolofoto&#8221;][\/vc_column][\/vc_row][vc_row full_width=&#8221;stretch_row_content_no_spaces&#8221; css=&#8221;.vc_custom_1663588492163{background-position: center !important;background-repeat: no-repeat !important;background-size: cover !important;}&#8221; el_class=&#8221;cuadrocabecerafoto&#8221;][vc_column offset=&#8221;vc_hidden-lg vc_hidden-md&#8221;][vc_single_image image=&#8221;261332&#8243; img_size=&#8221;full&#8221; alignment=&#8221;center&#8221; [&hellip;]<\/p>\n","protected":false},"author":139,"featured_media":0,"parent":0,"menu_order":0,"comment_status":"closed","ping_status":"closed","template":"","meta":{"footnotes":""},"class_list":["post-264911","page","type-page","status-publish","hentry"],"_links":{"self":[{"href":"https:\/\/www.elche.es\/va\/wp-json\/wp\/v2\/pages\/264911","targetHints":{"allow":["GET"]}}],"collection":[{"href":"https:\/\/www.elche.es\/va\/wp-json\/wp\/v2\/pages"}],"about":[{"href":"https:\/\/www.elche.es\/va\/wp-json\/wp\/v2\/types\/page"}],"author":[{"embeddable":true,"href":"https:\/\/www.elche.es\/va\/wp-json\/wp\/v2\/users\/139"}],"replies":[{"embeddable":true,"href":"https:\/\/www.elche.es\/va\/wp-json\/wp\/v2\/comments?post=264911"}],"version-history":[{"count":4,"href":"https:\/\/www.elche.es\/va\/wp-json\/wp\/v2\/pages\/264911\/revisions"}],"predecessor-version":[{"id":265425,"href":"https:\/\/www.elche.es\/va\/wp-json\/wp\/v2\/pages\/264911\/revisions\/265425"}],"wp:attachment":[{"href":"https:\/\/www.elche.es\/va\/wp-json\/wp\/v2\/media?parent=264911"}],"curies":[{"name":"wp","href":"https:\/\/api.w.org\/{rel}","templated":true}]}}