{"id":27161,"date":"2017-06-01T12:13:51","date_gmt":"2017-06-01T11:13:51","guid":{"rendered":"http:\/\/www.elche.es\/va\/benestar-social\/cartera-de-serveis\/dependencia\/tramites\/ayudas-para-el-desarrollo-personal-de-personas-mayores\/"},"modified":"2022-06-17T09:23:11","modified_gmt":"2022-06-17T08:23:11","slug":"ajudes-per-al-desenvoluptamentpersonal-de-persones-majores","status":"publish","type":"page","link":"https:\/\/www.elche.es\/va\/derechos-sociales\/cartera-de-serveis\/serveis-de-promocio-de-lautonomia\/prestacions-economiques\/ajudes-per-al-desenvoluptamentpersonal-de-persones-majores\/","title":{"rendered":"AJUDES PER AL DESENVOLUPAMENT PERSONAL DE PERSONES MAJORS"},"content":{"rendered":"<div class=\"wpb-content-wrapper\"><p>[vc_row][vc_column][vc_column_text]<nav aria-label=\"breadcrumbs\">\n            <div class=\"breadcrumb-container theme1\">\n                <ol>\n                                    <\/ol>\n            <\/div>\n        <\/nav>    <script type=\"application\/ld+json\">\n        {\n            \"@context\": \"http:\/\/schema.org\",\n            \"@type\": \"BreadcrumbList\",\n            \"itemListElement\": [\n                            ]\n        }\n    <\/script>\n    <style type=\"text\/css\">\n        .breadcrumb-container {\n            font-size: 13px;\n        }\n\n        .breadcrumb-container ul {\n            margin: 0;\n            padding: 0;\n        }\n\n        .breadcrumb-container li {\n            box-sizing: unset;\n            display: inline-block;\n            margin: 0;\n            padding: 0;\n        }\n\n        .breadcrumb-container li a {\n            box-sizing: unset;\n            padding: 0 10px;\n        }\n\n        .breadcrumb-container {\n            font-size: 3 !important;\n                    }\n\n        .breadcrumb-container li a {\n            color: #0a0a0a !important;\n            font-size: 3 !important;\n            line-height: 3 !important;\n                    }\n\n        .breadcrumb-container li .separator {\n            font-size: 3 !important;\n                    }\n\n        .breadcrumb-container li:last-child .separator {\n            display: none;\n        }\n    <\/style>\n    <style type=\"text\/css\">\n        .breadcrumb-container.theme1 li {\n            margin: 0;\n            padding: 0;\n        }\n        .breadcrumb-container.theme1 a {\n            background: ;\n            display: inline-block;\n            margin: 0 5px;\n            padding: 5px 10px;\n            text-decoration: none;\n        }\n    <\/style>\n        <style type=\"text\/css\">\n            <\/style>\n    <script>\n            <\/script>\n[\/vc_column_text][\/vc_column][\/vc_row][vc_row][vc_column]<h3 class=\"sc_title sc_title_regular\"><\/p>\n<p style=\"text-align: center;\">AJUDES PER AL DESENVOLUPAMENT PERSONAL DE PERSONES MAJORS<\/p>\n<p><\/h3>[vc_column_text]<strong>CONCEPTO:<\/strong><\/p>\n<p>Tienen como objeto el apoyo de personas mayores, con problemas motores o sensoriales, para su mantenimiento en el propio entorno social, incrementando su autonom\u00eda, potenciando sus posibilidades, favoreciendo las relaciones y la integraci\u00f3n en la sociedad. Se articulan a trav\u00e9s de las siguientes modalidades:<\/p>\n<ol>\n<li>Ayudas t\u00e9cnicas, considerando como tales la adaptaci\u00f3n funcional del hogar y la adquisici\u00f3n de \u00fatiles necesarios para el desenvolvimiento en la vida ordinaria.<\/li>\n<li>Adaptaci\u00f3n de veh\u00edculos a motor que comprenden aquellas medidas destinadas a facilitar los desplazamientos de manera aut\u00f3noma.<\/li>\n<\/ol>\n<p><strong>\u00bfC\u00d3MO TRAMITAR?<\/strong><\/p>\n<p>De manera presencial o telem\u00e1tica.<\/p>\n<p><strong>\u00bfD\u00d3NDE DIRIGIRSE?<\/strong><\/p>\n<p>Llamar al Servicio\u00a0<a href=\"https:\/\/www.elche.es\/va\/derechos-sociales\/cartera-de-serveis\/servei-dacolliment-i-atencio-davant-situacions-de-necessitat-social\/programa-informacion\/\">SIOA<\/a>\u00a0de referencia seg\u00fan el Centro Social correspondiente a la ubicaci\u00f3n de su domicilio donde le facilitar\u00e1n la cita con la\/el Trabajadora\/or Social correspondiente.<\/p>\n<p><strong>\u00bfQUI\u00c9N LAS PUEDE SOLICITAR?<\/strong><\/p>\n<p>Personas mayores de 60 a\u00f1os, que tengan deficiencias de car\u00e1cter motor o sensorial que le impidan o dificulten su movilidad a trav\u00e9s de medios normales.[\/vc_column_text][vc_empty_space][\/vc_column][\/vc_row]<\/p>\n<\/div>","protected":false},"excerpt":{"rendered":"<p>[vc_row][vc_column][vc_column_text][\/vc_column_text][\/vc_column][\/vc_row][vc_row][vc_column][vc_column_text]CONCEPTO: Tienen como objeto el apoyo de personas mayores, con problemas motores o sensoriales, para su mantenimiento en el propio entorno social, incrementando su autonom\u00eda, potenciando sus posibilidades, favoreciendo las [&hellip;]<\/p>\n","protected":false},"author":46,"featured_media":0,"parent":25249,"menu_order":0,"comment_status":"closed","ping_status":"closed","template":"","meta":{"footnotes":""},"class_list":["post-27161","page","type-page","status-publish","hentry"],"_links":{"self":[{"href":"https:\/\/www.elche.es\/va\/wp-json\/wp\/v2\/pages\/27161","targetHints":{"allow":["GET"]}}],"collection":[{"href":"https:\/\/www.elche.es\/va\/wp-json\/wp\/v2\/pages"}],"about":[{"href":"https:\/\/www.elche.es\/va\/wp-json\/wp\/v2\/types\/page"}],"author":[{"embeddable":true,"href":"https:\/\/www.elche.es\/va\/wp-json\/wp\/v2\/users\/46"}],"replies":[{"embeddable":true,"href":"https:\/\/www.elche.es\/va\/wp-json\/wp\/v2\/comments?post=27161"}],"version-history":[{"count":0,"href":"https:\/\/www.elche.es\/va\/wp-json\/wp\/v2\/pages\/27161\/revisions"}],"up":[{"embeddable":true,"href":"https:\/\/www.elche.es\/va\/wp-json\/wp\/v2\/pages\/25249"}],"wp:attachment":[{"href":"https:\/\/www.elche.es\/va\/wp-json\/wp\/v2\/media?parent=27161"}],"curies":[{"name":"wp","href":"https:\/\/api.w.org\/{rel}","templated":true}]}}