{"id":27180,"date":"2017-06-01T12:27:27","date_gmt":"2017-06-01T11:27:27","guid":{"rendered":"http:\/\/www.elche.es\/va\/benestar-social\/cartera-de-serveis\/dependencia\/tramites\/ajudes-personals-de-promocio-de-lautonomia-personal\/"},"modified":"2022-06-20T09:58:29","modified_gmt":"2022-06-20T08:58:29","slug":"ajudes-personals-de-promocio-de-lautonomia-personal","status":"publish","type":"page","link":"https:\/\/www.elche.es\/va\/derechos-sociales\/cartera-de-serveis\/serveis-de-promocio-de-lautonomia\/prestacions-economiques\/ajudes-personals-de-promocio-de-lautonomia-personal\/","title":{"rendered":"AJUDES PERSONALS DE PROMOCI\u00d3 DE L&#8217;AUTONOMIA PERSONAL"},"content":{"rendered":"<div class=\"wpb-content-wrapper\"><p>[vc_row][vc_column][vc_column_text]<nav aria-label=\"breadcrumbs\">\n            <div class=\"breadcrumb-container theme1\">\n                <ol>\n                                    <\/ol>\n            <\/div>\n        <\/nav>    <script type=\"application\/ld+json\">\n        {\n            \"@context\": \"http:\/\/schema.org\",\n            \"@type\": \"BreadcrumbList\",\n            \"itemListElement\": [\n                            ]\n        }\n    <\/script>\n    <style type=\"text\/css\">\n        .breadcrumb-container {\n            font-size: 13px;\n        }\n\n        .breadcrumb-container ul {\n            margin: 0;\n            padding: 0;\n        }\n\n        .breadcrumb-container li {\n            box-sizing: unset;\n            display: inline-block;\n            margin: 0;\n            padding: 0;\n        }\n\n        .breadcrumb-container li a {\n            box-sizing: unset;\n            padding: 0 10px;\n        }\n\n        .breadcrumb-container {\n            font-size: 3 !important;\n                    }\n\n        .breadcrumb-container li a {\n            color: #0a0a0a !important;\n            font-size: 3 !important;\n            line-height: 3 !important;\n                    }\n\n        .breadcrumb-container li .separator {\n            font-size: 3 !important;\n                    }\n\n        .breadcrumb-container li:last-child .separator {\n            display: none;\n        }\n    <\/style>\n    <style type=\"text\/css\">\n        .breadcrumb-container.theme1 li {\n            margin: 0;\n            padding: 0;\n        }\n        .breadcrumb-container.theme1 a {\n            background: ;\n            display: inline-block;\n            margin: 0 5px;\n            padding: 5px 10px;\n            text-decoration: none;\n        }\n    <\/style>\n        <style type=\"text\/css\">\n            <\/style>\n    <script>\n            <\/script>\n[\/vc_column_text][\/vc_column][\/vc_row][vc_row][vc_column]<h3 class=\"sc_title sc_title_regular\"><\/p>\n<p style=\"text-align: center;\">AJUDES PERSONALS DE PROMOCI\u00d3 DE L&#8217;AUTONOMIA PERSONAL PER A PERSONES AMB DIVERSITAT FUNCIONAL<\/p>\n<p><\/h3>[vc_column_text]<\/p>\n<div style=\"border: 1px solid black; padding-left: 20px; padding-top: 20px; padding-bottom: 20px; background-color: white;\">\n<p><strong>CONCEPTE:<\/strong><\/p>\n<p>Es consideren ajudes personals de promoci\u00f3 de l&#8217;autonomia personal:<\/p>\n<p>\u2013 Adquisici\u00f3 d&#8217;ajudes t\u00e8cniques i productes de suport<\/p>\n<p>\u2013 Ajudes destinades a l&#8217;eliminaci\u00f3 de barreres arquitect\u00f2niques a l&#8217;interior de l&#8217;habitatge i l&#8217;adaptaci\u00f3 funcional de la llar.<\/p>\n<p>\u2013 Ajudes per a l&#8217;adaptaci\u00f3 de vehicles<\/p>\n<p>\u2013 Ajudes de transport per a l&#8217;assist\u00e8ncia a tractaments i a centres assistencials<\/p>\n<p><strong>COM TRAMITAR<\/strong><\/p>\n<p>Presencialment al PROP i a l&#8217;OMAC i telem\u00e0ticament.<\/p>\n<p><strong>Qui les pot demanar?<\/strong><\/p>\n<p>Persones, menors de 65 anys, que tinguen reconegut el grau de discapacitat i que, a m\u00e9s, existisquen defici\u00e8ncies de car\u00e0cter motor o sensorial que suposen una p\u00e8rdua d&#8217;autonomia, li impedisquen o dificulten la seua mobilitat o comunicaci\u00f3 a trav\u00e9s de mitjans normals; tinguen la seua resid\u00e8ncia legal al municipi i no superen una renda individual o per c\u00e0pita inferior al triple de l&#8217;IPREM.<\/p>\n<p><strong>On em puc informar?<\/strong><\/p>\n<p>Als diferents punts del SIOA.<\/p>\n<p><strong>Dates:<\/strong><\/p>\n<p>El termini de presentaci\u00f3 de sol\u00b7licituds ser\u00e0 d&#8217;un mes comptat a partir de l&#8217;endem\u00e0 al de la publicaci\u00f3 de la convocat\u00f2ria en el DOGV.<\/p>\n<p><strong>Preu<\/strong><strong>:<\/strong> Gratu\u00eft<\/p>\n<p><strong>Organisme responsable:<\/strong> <a href=\"https:\/\/www.gva.es\/va\/inicio\/procedimientos?id_proc=369&amp;version=amp\">CONSELLERIA D&#8217;IGUALTAT I POL\u00cdTIQUES INCLUSIVES<\/a><\/p>\n<\/div>\n<p>[\/vc_column_text][vc_empty_space][\/vc_column][\/vc_row]<\/p>\n<\/div>","protected":false},"excerpt":{"rendered":"<p>[vc_row][vc_column][vc_column_text][\/vc_column_text][\/vc_column][\/vc_row][vc_row][vc_column][vc_column_text] CONCEPTE: Es consideren ajudes personals de promoci\u00f3 de l&#8217;autonomia personal: \u2013 Adquisici\u00f3 d&#8217;ajudes t\u00e8cniques i productes de suport \u2013 Ajudes destinades a l&#8217;eliminaci\u00f3 de barreres arquitect\u00f2niques a l&#8217;interior de [&hellip;]<\/p>\n","protected":false},"author":46,"featured_media":0,"parent":25249,"menu_order":0,"comment_status":"closed","ping_status":"closed","template":"","meta":{"footnotes":""},"class_list":["post-27180","page","type-page","status-publish","hentry"],"_links":{"self":[{"href":"https:\/\/www.elche.es\/va\/wp-json\/wp\/v2\/pages\/27180","targetHints":{"allow":["GET"]}}],"collection":[{"href":"https:\/\/www.elche.es\/va\/wp-json\/wp\/v2\/pages"}],"about":[{"href":"https:\/\/www.elche.es\/va\/wp-json\/wp\/v2\/types\/page"}],"author":[{"embeddable":true,"href":"https:\/\/www.elche.es\/va\/wp-json\/wp\/v2\/users\/46"}],"replies":[{"embeddable":true,"href":"https:\/\/www.elche.es\/va\/wp-json\/wp\/v2\/comments?post=27180"}],"version-history":[{"count":0,"href":"https:\/\/www.elche.es\/va\/wp-json\/wp\/v2\/pages\/27180\/revisions"}],"up":[{"embeddable":true,"href":"https:\/\/www.elche.es\/va\/wp-json\/wp\/v2\/pages\/25249"}],"wp:attachment":[{"href":"https:\/\/www.elche.es\/va\/wp-json\/wp\/v2\/media?parent=27180"}],"curies":[{"name":"wp","href":"https:\/\/api.w.org\/{rel}","templated":true}]}}