{"id":27199,"date":"2017-06-01T12:34:35","date_gmt":"2017-06-01T11:34:35","guid":{"rendered":"http:\/\/www.elche.es\/va\/bono-respiro-tercera-edad\/"},"modified":"2022-06-17T10:11:29","modified_gmt":"2022-06-17T09:11:29","slug":"abonament-respir-tercera-edat","status":"publish","type":"page","link":"https:\/\/www.elche.es\/va\/derechos-sociales\/cartera-de-serveis\/serveis-de-promocio-de-lautonomia\/prestacions-economiques\/abonament-respir-tercera-edat\/","title":{"rendered":"ABONAMENT RESPIR TERCERA EDAT"},"content":{"rendered":"<div class=\"wpb-content-wrapper\"><p>[vc_row][vc_column][vc_column_text]<nav aria-label=\"breadcrumbs\">\n            <div class=\"breadcrumb-container theme1\">\n                <ol>\n                                    <\/ol>\n            <\/div>\n        <\/nav>    <script type=\"application\/ld+json\">\n        {\n            \"@context\": \"http:\/\/schema.org\",\n            \"@type\": \"BreadcrumbList\",\n            \"itemListElement\": [\n                            ]\n        }\n    <\/script>\n    <style type=\"text\/css\">\n        .breadcrumb-container {\n            font-size: 13px;\n        }\n\n        .breadcrumb-container ul {\n            margin: 0;\n            padding: 0;\n        }\n\n        .breadcrumb-container li {\n            box-sizing: unset;\n            display: inline-block;\n            margin: 0;\n            padding: 0;\n        }\n\n        .breadcrumb-container li a {\n            box-sizing: unset;\n            padding: 0 10px;\n        }\n\n        .breadcrumb-container {\n            font-size: 3 !important;\n                    }\n\n        .breadcrumb-container li a {\n            color: #0a0a0a !important;\n            font-size: 3 !important;\n            line-height: 3 !important;\n                    }\n\n        .breadcrumb-container li .separator {\n            font-size: 3 !important;\n                    }\n\n        .breadcrumb-container li:last-child .separator {\n            display: none;\n        }\n    <\/style>\n    <style type=\"text\/css\">\n        .breadcrumb-container.theme1 li {\n            margin: 0;\n            padding: 0;\n        }\n        .breadcrumb-container.theme1 a {\n            background: ;\n            display: inline-block;\n            margin: 0 5px;\n            padding: 5px 10px;\n            text-decoration: none;\n        }\n    <\/style>\n        <style type=\"text\/css\">\n            <\/style>\n    <script>\n            <\/script>\n[\/vc_column_text][\/vc_column][\/vc_row][vc_row][vc_column]<h3 class=\"sc_title sc_title_regular\"><\/p>\n<p style=\"text-align: center;\">ABONAMENT RESPIR TERCERA EDAT<\/p>\n<p><\/h3>[vc_column_text]<\/p>\n<div style=\"border: 1px solid black; padding-left: 20px; padding-top: 20px; padding-bottom: 20px; background-color: white;\">\n<p><strong data-insuit-uuid=\"ea57e7b4-5789-48e3-b214-7ccc0712fe75\">CONCEPTE:<\/strong><\/p>\n<p data-insuit-uuid=\"e9efcecf-c6ce-46fe-b68b-3dae29203df3\">Tenen com a objecte finan\u00e7ar diferents modalitats d&#8217;estades de car\u00e0cter temporal o no permanent en Resid\u00e8ncies de Tercera Edat, quan per necessitats que afecten persones majors o els seus cuidadors familiars, les persones majors necessiten l&#8217;atenci\u00f3 en un centre especialitzat que substitu\u00efsca les cures que, de manera habitual, es presten i\/o es reben en l&#8217;\u00e0mbit familiar.<\/p>\n<p><strong data-insuit-uuid=\"5f36094c-5cbd-4817-9da0-6694dc0fc3f8\">COM TRAMITAR?<\/strong><\/p>\n<p data-insuit-uuid=\"7923eec2-1c25-44e5-839d-ab0be1cd3cd6\">De manera presencial o telem\u00e0tica.<\/p>\n<p><strong data-insuit-uuid=\"153ea049-a6bd-440a-bf17-f2f5328ba631\">ON DIRIGIR-SE?<\/strong><\/p>\n<p data-insuit-uuid=\"829275fc-4c25-4af0-ad9c-674cdf03c3b4\">Telefonar al servei <a href=\"https:\/\/www.elche.es\/va\/derechos-sociales\/cartera-de-serveis\/servei-dacolliment-i-atencio-davant-situacions-de-necessitat-social\/programa-informacion\/\">SIOA<\/a> de refer\u00e8ncia segons el Centre Social corresponent a la ubicaci\u00f3 del seu domicili. A trav\u00e9s d&#8217;aquest servei l&#8217;orientaran sobre els impresos de sol\u00b7licitud i la documentaci\u00f3 a aportar.<\/p>\n<p><strong>QUI LES POT SOL\u00b7LICITAR?<\/strong><\/p>\n<p data-insuit-uuid=\"931fb3f4-3325-4566-a0b5-eaf7923c9265\">Persones majors de 65 anys. Tamb\u00e9 persones de 55 anys o m\u00e9s diagnosticades amb la malaltia d&#8217;alzh\u00e8imer o altres dem\u00e8ncies.<\/p>\n<p><strong>QUAN SOL\u00b7LICITAR-LES?<\/strong><\/p>\n<p data-insuit-uuid=\"eb79c352-6e1c-4a65-aa81-81d2b9025015\">El termini de presentaci\u00f3 de les sol\u00b7licituds ser\u00e0 d&#8217;un mes comptat des de l&#8217;endem\u00e0 a la publicaci\u00f3 de la convocat\u00f2ria en el DOGV<\/p>\n<p><strong>Organisme responsable:<\/strong> <a href=\"https:\/\/www.gva.es\/va\/inicio\/procedimientos?id_proc=2761\">CONSELLERIA D&#8217;IGUALTAT I POL\u00cdTIQUES INCLUSIVES<\/a><\/p>\n<\/div>\n<p>[\/vc_column_text][vc_empty_space]\r\n        <p>\r\n        <span class=\"enlaces-titulo\"> Tr\u00e0mit <\/span> <span><a class=\"enlaces-link\" href=\"https:\/\/sede.elche.es\/sta\/CarpetaPublic\/doEvent?APP_CODE=STA&amp;PAGE_CODE=CATALOGO&amp;DETALLE=6269000000563947199500 \">Veure enlla\u00e7<\/a><\/span>\r\n        <br>\r\n        <span class=\"enlaces-descripcion\"><\/span>\r\n        <\/p>\r\n        <hr class=\"enlaces-separador\">\r\n        [vc_empty_space][\/vc_column][\/vc_row][vc_row][vc_column][\/vc_column][\/vc_row]<\/p>\n<\/div>","protected":false},"excerpt":{"rendered":"<p>[vc_row][vc_column][vc_column_text][\/vc_column_text][\/vc_column][\/vc_row][vc_row][vc_column][vc_column_text] CONCEPTE: Tenen com a objecte finan\u00e7ar diferents modalitats d&#8217;estades de car\u00e0cter temporal o no permanent en Resid\u00e8ncies de Tercera Edat, quan per necessitats que afecten persones majors o els [&hellip;]<\/p>\n","protected":false},"author":46,"featured_media":0,"parent":25249,"menu_order":0,"comment_status":"closed","ping_status":"closed","template":"","meta":{"footnotes":""},"class_list":["post-27199","page","type-page","status-publish","hentry"],"_links":{"self":[{"href":"https:\/\/www.elche.es\/va\/wp-json\/wp\/v2\/pages\/27199","targetHints":{"allow":["GET"]}}],"collection":[{"href":"https:\/\/www.elche.es\/va\/wp-json\/wp\/v2\/pages"}],"about":[{"href":"https:\/\/www.elche.es\/va\/wp-json\/wp\/v2\/types\/page"}],"author":[{"embeddable":true,"href":"https:\/\/www.elche.es\/va\/wp-json\/wp\/v2\/users\/46"}],"replies":[{"embeddable":true,"href":"https:\/\/www.elche.es\/va\/wp-json\/wp\/v2\/comments?post=27199"}],"version-history":[{"count":0,"href":"https:\/\/www.elche.es\/va\/wp-json\/wp\/v2\/pages\/27199\/revisions"}],"up":[{"embeddable":true,"href":"https:\/\/www.elche.es\/va\/wp-json\/wp\/v2\/pages\/25249"}],"wp:attachment":[{"href":"https:\/\/www.elche.es\/va\/wp-json\/wp\/v2\/media?parent=27199"}],"curies":[{"name":"wp","href":"https:\/\/api.w.org\/{rel}","templated":true}]}}