{"id":27205,"date":"2017-06-05T08:45:58","date_gmt":"2017-06-05T07:45:58","guid":{"rendered":"http:\/\/www.elche.es\/va\/benestar-social\/cartera-de-serveis\/dependencia\/tramites\/complemento-a-la-pension-no-contributiva-para-el-aquiler\/"},"modified":"2022-06-17T12:02:33","modified_gmt":"2022-06-17T11:02:33","slug":"complement-a-la-pensio-no-contributiva-par-al-lloguer","status":"publish","type":"page","link":"https:\/\/www.elche.es\/va\/derechos-sociales\/cartera-de-serveis\/serveis-de-promocio-de-lautonomia\/prestacions-economiques\/complement-a-la-pensio-no-contributiva-par-al-lloguer\/","title":{"rendered":"COMPLEMENT A LA PENSI\u00d3 NO CONTRIBUTIVA PER AL LLOGUER"},"content":{"rendered":"<div class=\"wpb-content-wrapper\"><p>[vc_row][vc_column][vc_column_text]<nav aria-label=\"breadcrumbs\">\n            <div class=\"breadcrumb-container theme1\">\n                <ol>\n                                    <\/ol>\n            <\/div>\n        <\/nav>    <script type=\"application\/ld+json\">\n        {\n            \"@context\": \"http:\/\/schema.org\",\n            \"@type\": \"BreadcrumbList\",\n            \"itemListElement\": [\n                            ]\n        }\n    <\/script>\n    <style type=\"text\/css\">\n        .breadcrumb-container {\n            font-size: 13px;\n        }\n\n        .breadcrumb-container ul {\n            margin: 0;\n            padding: 0;\n        }\n\n        .breadcrumb-container li {\n            box-sizing: unset;\n            display: inline-block;\n            margin: 0;\n            padding: 0;\n        }\n\n        .breadcrumb-container li a {\n            box-sizing: unset;\n            padding: 0 10px;\n        }\n\n        .breadcrumb-container {\n            font-size: 3 !important;\n                    }\n\n        .breadcrumb-container li a {\n            color: #0a0a0a !important;\n            font-size: 3 !important;\n            line-height: 3 !important;\n                    }\n\n        .breadcrumb-container li .separator {\n            font-size: 3 !important;\n                    }\n\n        .breadcrumb-container li:last-child .separator {\n            display: none;\n        }\n    <\/style>\n    <style type=\"text\/css\">\n        .breadcrumb-container.theme1 li {\n            margin: 0;\n            padding: 0;\n        }\n        .breadcrumb-container.theme1 a {\n            background: ;\n            display: inline-block;\n            margin: 0 5px;\n            padding: 5px 10px;\n            text-decoration: none;\n        }\n    <\/style>\n        <style type=\"text\/css\">\n            <\/style>\n    <script>\n            <\/script>\n[\/vc_column_text][\/vc_column][\/vc_row][vc_row][vc_column]<h3 class=\"sc_title sc_title_regular\"><\/p>\n<p style=\"text-align: center;\">COMPLEMENT A LA PENSI\u00d3 NO CONTRIBUTIVA PER AL LLOGUER<\/p>\n<p><\/h3>[vc_column_text]<\/p>\n<div style=\"border: 1px solid black; padding-left: 20px; padding-top: 20px; padding-bottom: 20px; background-color: white;\">\n<p><strong>CONCEPTE<\/strong><\/p>\n<p>\u00c9s una ajuda de pagament \u00fanic per a donar suport a les persones que perceben una P.N.C (Pensi\u00f3 No Contributiva) i viuen en un habitatge en r\u00e8gim de lloguer.<\/p>\n<p><strong>COM TRAMITAR<\/strong><\/p>\n<p>De manera presencial i telem\u00e0tica.<\/p>\n<p><strong>Qui la pot demanar?<\/strong><\/p>\n<p>Aquelles persones que siguen benefici\u00e0ries de la Pensi\u00f3 No Contributiva, en qualsevol de les seues modalitats i que visquen de lloguer.<\/p>\n<p><strong>On es pot presentar?<\/strong><\/p>\n<p>Al PROP,\u00a0 a l&#8217;OMAC i en la seu electr\u00f2nica de l&#8217;organisme responsable.<\/p>\n<p><strong>Dates:<\/strong><\/p>\n<p>Durant tot l&#8217;any.<\/p>\n<p><strong>Preu:\u00a0<\/strong><\/p>\n<p>Gratu\u00eft<\/p>\n<p><strong>Organisme Responsable:<\/strong><\/p>\n<p><a href=\"https:\/\/www.gva.es\/va\/inicio\/procedimientos?id_proc=3380\">CONSELLERIA D&#8217;IGUALTAT I POL\u00cdTIQUES INCLUSIVES<\/a><\/p>\n<\/div>\n<p>[\/vc_column_text][vc_empty_space][\/vc_column][\/vc_row]<\/p>\n<\/div>","protected":false},"excerpt":{"rendered":"<p>[vc_row][vc_column][vc_column_text][\/vc_column_text][\/vc_column][\/vc_row][vc_row][vc_column][vc_column_text] CONCEPTE \u00c9s una ajuda de pagament \u00fanic per a donar suport a les persones que perceben una P.N.C (Pensi\u00f3 No Contributiva) i viuen en un habitatge en r\u00e8gim de [&hellip;]<\/p>\n","protected":false},"author":46,"featured_media":0,"parent":25249,"menu_order":0,"comment_status":"closed","ping_status":"closed","template":"","meta":{"footnotes":""},"class_list":["post-27205","page","type-page","status-publish","hentry"],"_links":{"self":[{"href":"https:\/\/www.elche.es\/va\/wp-json\/wp\/v2\/pages\/27205","targetHints":{"allow":["GET"]}}],"collection":[{"href":"https:\/\/www.elche.es\/va\/wp-json\/wp\/v2\/pages"}],"about":[{"href":"https:\/\/www.elche.es\/va\/wp-json\/wp\/v2\/types\/page"}],"author":[{"embeddable":true,"href":"https:\/\/www.elche.es\/va\/wp-json\/wp\/v2\/users\/46"}],"replies":[{"embeddable":true,"href":"https:\/\/www.elche.es\/va\/wp-json\/wp\/v2\/comments?post=27205"}],"version-history":[{"count":0,"href":"https:\/\/www.elche.es\/va\/wp-json\/wp\/v2\/pages\/27205\/revisions"}],"up":[{"embeddable":true,"href":"https:\/\/www.elche.es\/va\/wp-json\/wp\/v2\/pages\/25249"}],"wp:attachment":[{"href":"https:\/\/www.elche.es\/va\/wp-json\/wp\/v2\/media?parent=27205"}],"curies":[{"name":"wp","href":"https:\/\/api.w.org\/{rel}","templated":true}]}}