{"id":27229,"date":"2017-06-05T09:22:58","date_gmt":"2017-06-05T08:22:58","guid":{"rendered":"http:\/\/www.elche.es\/va\/benestar-social\/cartera-de-serveis\/dependencia\/tramites\/programa-menjar-a-casa\/"},"modified":"2024-08-08T08:47:52","modified_gmt":"2024-08-08T06:47:52","slug":"programa-menjar-a-casa","status":"publish","type":"page","link":"https:\/\/www.elche.es\/va\/derechos-sociales\/cartera-de-serveis\/serveis-de-promocio-de-lautonomia\/programa-menjar-a-casa\/","title":{"rendered":"PROGRAMA MENJAR A CASA"},"content":{"rendered":"<div class=\"wpb-content-wrapper\"><p>[vc_row][vc_column][vc_column_text]<nav aria-label=\"breadcrumbs\">\n            <div class=\"breadcrumb-container theme1\">\n                <ol>\n                                    <\/ol>\n            <\/div>\n        <\/nav>    <script type=\"application\/ld+json\">\n        {\n            \"@context\": \"http:\/\/schema.org\",\n            \"@type\": \"BreadcrumbList\",\n            \"itemListElement\": [\n                            ]\n        }\n    <\/script>\n    <style type=\"text\/css\">\n        .breadcrumb-container {\n            font-size: 13px;\n        }\n\n        .breadcrumb-container ul {\n            margin: 0;\n            padding: 0;\n        }\n\n        .breadcrumb-container li {\n            box-sizing: unset;\n            display: inline-block;\n            margin: 0;\n            padding: 0;\n        }\n\n        .breadcrumb-container li a {\n            box-sizing: unset;\n            padding: 0 10px;\n        }\n\n        .breadcrumb-container {\n            font-size: 3 !important;\n                    }\n\n        .breadcrumb-container li a {\n            color: #0a0a0a !important;\n            font-size: 3 !important;\n            line-height: 3 !important;\n                    }\n\n        .breadcrumb-container li .separator {\n            font-size: 3 !important;\n                    }\n\n        .breadcrumb-container li:last-child .separator {\n            display: none;\n        }\n    <\/style>\n    <style type=\"text\/css\">\n        .breadcrumb-container.theme1 li {\n            margin: 0;\n            padding: 0;\n        }\n        .breadcrumb-container.theme1 a {\n            background: ;\n            display: inline-block;\n            margin: 0 5px;\n            padding: 5px 10px;\n            text-decoration: none;\n        }\n    <\/style>\n        <style type=\"text\/css\">\n            <\/style>\n    <script>\n            <\/script>\n[\/vc_column_text][\/vc_column][\/vc_row][vc_row][vc_column]<h3 class=\"sc_title sc_title_regular\"><\/p>\n<p style=\"text-align: center\">PROGRAMA MENJAR A CASA<\/p>\n<p><\/h3>[vc_column_text]<strong>DESCRIPCI\u00d3 DEL SERVEI<\/strong><\/p>\n<p>El \u201cPrograma Menjar a Casa\u201d va dirigit a millorar la nutrici\u00f3 de les persones majors, ja que s&#8217;ent\u00e9n que una nutrici\u00f3 adequada contribueix de manera decisiva a la salut, al benestar i a la qualitat de vida de totes les persones, i especialment de les persones majors.<\/p>\n<p><strong>COM TRAMITAR<\/strong><\/p>\n<p>Presencial i\/o telem\u00e0ticament.<\/p>\n<p><strong>Qui?<\/strong><\/p>\n<p>\u2013 Persones majors de 65 anys<\/p>\n<p>\u2013 Persones de 60 anys en situaci\u00f3 de depend\u00e8ncia.<\/p>\n<p>\u2013 Persones amb discapacitat en situaci\u00f3 de depend\u00e8ncia, majors de 18 anys, que conviuen amb la persona major de 65 anys benefici\u00e0ria del programa.<\/p>\n<p><strong>On?<\/strong><\/p>\n<p>Telefonar al servei <a href=\"https:\/\/www.elche.es\/va\/derechos-sociales\/cartera-de-serveis\/servei-dacolliment-i-atencio-davant-situacions-de-necessitat-social\/programa-informacion\/\" data-insuit-uuid=\"df4eb11a-a3b5-4d49-a2dc-a7db74271fc8\">SIOA<\/a> de refer\u00e8ncia segons el Centre Social corresponent a la ubicaci\u00f3 del seu domicili. A trav\u00e9s d&#8217;aquest servei l&#8217;informaran dels requisits i de la documentaci\u00f3 a aportar.[\/vc_column_text][vc_empty_space][\/vc_column][\/vc_row][vc_row][vc_column]\r\n        <p>\r\n        <span class=\"enlaces-titulo\"> Tr\u00e0mits <\/span> <span><a class=\"enlaces-link\" href=\"https:\/\/sede.elche.es\/sta\/CarpetaPublic\/doEvent?APP_CODE=STA&amp;PAGE_CODE=CATALOGO&amp;DETALLE=6269000000564058899500 \">Veure enlla\u00e7<\/a><\/span>\r\n        <br>\r\n        <span class=\"enlaces-descripcion\"><\/span>\r\n        <\/p>\r\n        <hr class=\"enlaces-separador\">\r\n        [vc_empty_space][\/vc_column][\/vc_row]<\/p>\n<\/div>","protected":false},"excerpt":{"rendered":"<p>[vc_row][vc_column][vc_column_text][\/vc_column_text][\/vc_column][\/vc_row][vc_row][vc_column][vc_column_text]DESCRIPCI\u00d3 DEL SERVEI El \u201cPrograma Menjar a Casa\u201d va dirigit a millorar la nutrici\u00f3 de les persones majors, ja que s&#8217;ent\u00e9n que una nutrici\u00f3 adequada contribueix de manera decisiva a [&hellip;]<\/p>\n","protected":false},"author":46,"featured_media":0,"parent":183795,"menu_order":0,"comment_status":"closed","ping_status":"closed","template":"","meta":{"footnotes":""},"class_list":["post-27229","page","type-page","status-publish","hentry"],"_links":{"self":[{"href":"https:\/\/www.elche.es\/va\/wp-json\/wp\/v2\/pages\/27229","targetHints":{"allow":["GET"]}}],"collection":[{"href":"https:\/\/www.elche.es\/va\/wp-json\/wp\/v2\/pages"}],"about":[{"href":"https:\/\/www.elche.es\/va\/wp-json\/wp\/v2\/types\/page"}],"author":[{"embeddable":true,"href":"https:\/\/www.elche.es\/va\/wp-json\/wp\/v2\/users\/46"}],"replies":[{"embeddable":true,"href":"https:\/\/www.elche.es\/va\/wp-json\/wp\/v2\/comments?post=27229"}],"version-history":[{"count":1,"href":"https:\/\/www.elche.es\/va\/wp-json\/wp\/v2\/pages\/27229\/revisions"}],"predecessor-version":[{"id":308490,"href":"https:\/\/www.elche.es\/va\/wp-json\/wp\/v2\/pages\/27229\/revisions\/308490"}],"up":[{"embeddable":true,"href":"https:\/\/www.elche.es\/va\/wp-json\/wp\/v2\/pages\/183795"}],"wp:attachment":[{"href":"https:\/\/www.elche.es\/va\/wp-json\/wp\/v2\/media?parent=27229"}],"curies":[{"name":"wp","href":"https:\/\/api.w.org\/{rel}","templated":true}]}}