{"id":27231,"date":"2017-06-05T09:28:30","date_gmt":"2017-06-05T08:28:30","guid":{"rendered":"http:\/\/www.elche.es\/va\/benestar-social\/cartera-de-serveis\/dependencia\/tramites\/servicio-ayuda-domicilio-municipal\/"},"modified":"2022-06-17T08:51:34","modified_gmt":"2022-06-17T07:51:34","slug":"servei-ajuda-domicili-municipal","status":"publish","type":"page","link":"https:\/\/www.elche.es\/va\/derechos-sociales\/cartera-de-serveis\/serveis-de-promocio-de-lautonomia\/servei-ajuda-domicili-municipal\/","title":{"rendered":"SERVEI D&#8217;AJUDA A DOMICILI MUNICIPAL (SAD)"},"content":{"rendered":"<div class=\"wpb-content-wrapper\"><p>[vc_row][vc_column][vc_column_text]<nav aria-label=\"breadcrumbs\">\n            <div class=\"breadcrumb-container theme1\">\n                <ol>\n                                    <\/ol>\n            <\/div>\n        <\/nav>    <script type=\"application\/ld+json\">\n        {\n            \"@context\": \"http:\/\/schema.org\",\n            \"@type\": \"BreadcrumbList\",\n            \"itemListElement\": [\n                            ]\n        }\n    <\/script>\n    <style type=\"text\/css\">\n        .breadcrumb-container {\n            font-size: 13px;\n        }\n\n        .breadcrumb-container ul {\n            margin: 0;\n            padding: 0;\n        }\n\n        .breadcrumb-container li {\n            box-sizing: unset;\n            display: inline-block;\n            margin: 0;\n            padding: 0;\n        }\n\n        .breadcrumb-container li a {\n            box-sizing: unset;\n            padding: 0 10px;\n        }\n\n        .breadcrumb-container {\n            font-size: 3 !important;\n                    }\n\n        .breadcrumb-container li a {\n            color: #0a0a0a !important;\n            font-size: 3 !important;\n            line-height: 3 !important;\n                    }\n\n        .breadcrumb-container li .separator {\n            font-size: 3 !important;\n                    }\n\n        .breadcrumb-container li:last-child .separator {\n            display: none;\n        }\n    <\/style>\n    <style type=\"text\/css\">\n        .breadcrumb-container.theme1 li {\n            margin: 0;\n            padding: 0;\n        }\n        .breadcrumb-container.theme1 a {\n            background: ;\n            display: inline-block;\n            margin: 0 5px;\n            padding: 5px 10px;\n            text-decoration: none;\n        }\n    <\/style>\n        <style type=\"text\/css\">\n            <\/style>\n    <script>\n            <\/script>\n[\/vc_column_text][\/vc_column][\/vc_row][vc_row][vc_column]<h3 class=\"sc_title sc_title_regular\"><\/p>\n<p style=\"text-align: center;\">SERVEI D&#8217;AJUDA A DOMICILI MUNICIPAL (SAD)<\/p>\n<p><\/h3>[vc_column_text]<strong>DESCRIPCI\u00d3 DEL SERVEI<\/strong><\/p>\n<p>Cura i actuacions realitzades principalment al domicili i a l&#8217;entorn social de la persona amb la finalitat d&#8217;atendre les necessitats de la vida di\u00e0ria i de donar suport personal de car\u00e0cter polivalent i preventiu, seguiment i acompanyament per a les persones i, en el seu cas, unitat de conviv\u00e8ncia, que presenten dificultats f\u00edsiques, intel\u00b7lectuals, cognitives, de salut mental o socials, o que es troben en situaci\u00f3 de vulnerabilitat.<\/p>\n<p><strong>COM TRAMITAR<\/strong><\/p>\n<p>De manera presencial o telem\u00e0tica.<\/p>\n<p>Telefonar al servei <a href=\"https:\/\/www.elche.es\/va\/derechos-sociales\/cartera-de-serveis\/servei-dacolliment-i-atencio-davant-situacions-de-necessitat-social\/programa-informacion\/\">SIOA<\/a> de refer\u00e8ncia segons el Centre Social corresponent a la ubicaci\u00f3 del seu domicili. A trav\u00e9s d&#8217;aquest servei el&#8217;informaran dels requisits i de la documentaci\u00f3 a aportar.[\/vc_column_text][vc_empty_space][\/vc_column][\/vc_row][vc_row][vc_column]\r\n        <p>\r\n        <span class=\"enlaces-titulo\"> Tr\u00e0mit <\/span> <span><a class=\"enlaces-link\" href=\"https:\/\/sede.elche.es\/sta\/CarpetaPublic\/doEvent?APP_CODE=STA&amp;PAGE_CODE=CATALOGO&amp;DETALLE=6269000000564041099500&amp;lang=CA \">Veure enlla\u00e7<\/a><\/span>\r\n        <br>\r\n        <span class=\"enlaces-descripcion\"><\/span>\r\n        <\/p>\r\n        <hr class=\"enlaces-separador\">\r\n        [vc_empty_space][\/vc_column][\/vc_row]<\/p>\n<\/div>","protected":false},"excerpt":{"rendered":"<p>[vc_row][vc_column][vc_column_text][\/vc_column_text][\/vc_column][\/vc_row][vc_row][vc_column][vc_column_text]DESCRIPCI\u00d3 DEL SERVEI Cura i actuacions realitzades principalment al domicili i a l&#8217;entorn social de la persona amb la finalitat d&#8217;atendre les necessitats de la vida di\u00e0ria i de donar [&hellip;]<\/p>\n","protected":false},"author":46,"featured_media":0,"parent":183795,"menu_order":0,"comment_status":"closed","ping_status":"closed","template":"","meta":{"footnotes":""},"class_list":["post-27231","page","type-page","status-publish","hentry"],"_links":{"self":[{"href":"https:\/\/www.elche.es\/va\/wp-json\/wp\/v2\/pages\/27231","targetHints":{"allow":["GET"]}}],"collection":[{"href":"https:\/\/www.elche.es\/va\/wp-json\/wp\/v2\/pages"}],"about":[{"href":"https:\/\/www.elche.es\/va\/wp-json\/wp\/v2\/types\/page"}],"author":[{"embeddable":true,"href":"https:\/\/www.elche.es\/va\/wp-json\/wp\/v2\/users\/46"}],"replies":[{"embeddable":true,"href":"https:\/\/www.elche.es\/va\/wp-json\/wp\/v2\/comments?post=27231"}],"version-history":[{"count":0,"href":"https:\/\/www.elche.es\/va\/wp-json\/wp\/v2\/pages\/27231\/revisions"}],"up":[{"embeddable":true,"href":"https:\/\/www.elche.es\/va\/wp-json\/wp\/v2\/pages\/183795"}],"wp:attachment":[{"href":"https:\/\/www.elche.es\/va\/wp-json\/wp\/v2\/media?parent=27231"}],"curies":[{"name":"wp","href":"https:\/\/api.w.org\/{rel}","templated":true}]}}