{"id":273353,"date":"2024-01-24T08:53:08","date_gmt":"2024-01-24T06:53:08","guid":{"rendered":"https:\/\/www.elche.es\/tribunal-economico-administrativo-municipal-team-de-elche\/"},"modified":"2024-11-20T11:37:44","modified_gmt":"2024-11-20T09:37:44","slug":"tribunal-economico-administratiu-municipal-elx","status":"publish","type":"page","link":"https:\/\/www.elche.es\/va\/tribunal-economico-administratiu-municipal-elx\/","title":{"rendered":"TRIBUNAL ECONOMICOADMINISTRATIU MUNICIPAL (TEAM) D&#8217;ELX"},"content":{"rendered":"<div class=\"wpb-content-wrapper\"><p>[vc_row full_width=&#8221;stretch_row&#8221; css=&#8221;.vc_custom_1706089777890{background-image: url(https:\/\/www.elche.es\/wp-content\/uploads\/2024\/01\/cabecera-team-2.png?id=273336) !important;background-position: center !important;background-repeat: no-repeat !important;background-size: cover !important;}&#8221; el_class=&#8221;slidersecciones&#8221;][vc_column][vc_custom_heading text=&#8221;TRIBUNAL ECON\u00d2MIC ADMINISTRATIU MUNICIPAL&#8221; font_container=&#8221;tag:h2|text_align:center|color:%23ffffff&#8221; google_fonts=&#8221;font_family:Ubuntu%3A300%2C300italic%2Cregular%2Citalic%2C500%2C500italic%2C700%2C700italic|font_style:700%20bold%20regular%3A700%3Anormal&#8221; el_class=&#8221;sombraTitulo cabeceramovil&#8221;][\/vc_column][\/vc_row][vc_row el_class=&#8221;textoteam&#8221;][vc_column]<h1 class=\"sc_title sc_title_regular titulo-pagina margin_top_small\">TRIBUNAL ECONOMICOADMINISTRATIU MUNICIPAL (TEAM) ELX<\/h1>[vc_empty_space height=&#8221;1px&#8221; el_id=&#8221;presentacion&#8221;][vc_column_text]<\/p>\n<div class=\"x_elementToProof\">. <a href=\"#presentacion\">Presentaci\u00f3 TEAM ElX<\/a><\/div>\n<div class=\"x_elementToProof\">. <a href=\"#procedimiento\">Procediment reclamacions<\/a><\/div>\n<div class=\"x_elementToProof\">. <a href=\"#contacto\">Contacte<\/a><\/div>\n<div class=\"x_elementToProof\">. <a href=\"#normativa\">Normativa<\/a><\/div>\n<div>\n<hr \/>\n<\/div>\n<p>[\/vc_column_text]<h5 class=\"sc_title sc_title_regular subtitulosapartados \">PRESENTACI\u00d3 TEAM<\/h5>[vc_column_text]El Tribunal Econodministratiu Municipal de l&#8217;Ajuntament d&#8217;Elx \u00e9s l&#8217;\u00f2rgan especialitzat en el coneixement i resoluci\u00f3 de les reclamacions economicoadministratives contra els actes de gesti\u00f3, liquidaci\u00f3, recaptaci\u00f3 i inspecci\u00f3 de tributs, aix\u00ed com ingressos de dret p\u00fablic de compet\u00e8ncia municipal, el funcionament del qual es basa en criteris d&#8217;independ\u00e8ncia t\u00e8cnica, celeritat i gratu\u00eftat; aquest \u00f2rgan ha sigut creat a l&#8217;empara de l&#8217;article 137 de la Llei 7\/1985, de 2 d&#8217;abril Reguladora de les Bases de R\u00e8gim Local (LRBRL), el T\u00edtol X del qual estableix un r\u00e8gim jur\u00eddic espec\u00edfic per als municipis de gran poblaci\u00f3.<\/p>\n<p><strong>Funcions<\/strong><\/p>\n<p>A m\u00e9s de la resoluci\u00f3 de les reclamacions economicoadministratives, li correspon el dictamen sobre els projectes d&#8217;ordenances fiscals, i en el cas de ser requerit pels \u00f2rgans municipals competents en mat\u00e8ria tribut\u00e0ria, l&#8217;elaboraci\u00f3 d&#8217;estudis i propostes en aquesta mat\u00e8ria.<\/p>\n<p><strong>Composici\u00f3<\/strong><\/p>\n<ul>\n<li>Sra. EVA ALIAGA AGULL\u00d3. Presidenta (Universitat Miguel Hern\u00e1ndez)<\/li>\n<li>Sr. HILARIO SOLER MESTRE. Vocal-Vicepresident (Diputaci\u00f3 d&#8217;Alacant)<\/li>\n<li>Sra. IRENE ALBERO PARDO. Vocal- Secret\u00e0ria (Ajuntament d&#8217;Elx).<\/li>\n<\/ul>\n<p><strong>Objecte de la Reclamaci\u00f3 Economicodministrativa<\/strong><\/p>\n<p>Les reclamacions podran interposar-se davant dels seg\u00fcents actes dictats a partir de l&#8217;<b>1 DE GENER DE 2024<\/b>:<\/p>\n<ol>\n<li>a) Els actes d&#8217;aplicaci\u00f3 dels tributs municipals i d&#8217;imposici\u00f3 de sancions tribut\u00e0ries, dictats per \u00f2rgans de l&#8217;Ajuntament d&#8217;Elx (liquidacions tribut\u00e0ries, resolucions desestimat\u00f2ries de beneficis fiscals o la seua desestimaci\u00f3 per silenci administratiu, resolucions de recursos de reposici\u00f3\u2026).<\/li>\n<li>b) Els actes de gesti\u00f3 recaptat\u00f2ria d&#8217;ingressos de dret p\u00fablic, dictats per \u00f2rgans de l&#8217;Ajuntament d&#8217;Elx ( provisi\u00f3 de constrenyiment dictada per Tresorer municipal i resoluci\u00f3 del recurs de reposici\u00f3 enfront de la mateixa).<\/li>\n<li>c) Qualsevol altra mat\u00e8ria sobre la qual s&#8217;establisca aquesta possibilitat per precepte legal expr\u00e9s.<\/li>\n<\/ol>\n<p><strong>Actes exclosos:<\/strong><\/p>\n<ol>\n<li>a) Els actes administratius que imposen sancions no tribut\u00e0ries (com per exemple multes de tr\u00e0nsit o sancions urban\u00edstiques), excepte que es tracte de la seua exacci\u00f3 en via de constrenyiment.<\/li>\n<li>b) Els actes dictats per l&#8217;Organisme Aut\u00f2nom Summa Gesti\u00f3 Tribut\u00e0ria d&#8217;acord al r\u00e8gim de delegaci\u00f3 de compet\u00e8ncies en la Diputaci\u00f3 Provincial d&#8217;Alacant.<\/li>\n<li>d) Els dictats en virtut d&#8217;una norma legal que els excloga.<\/li>\n<\/ol>\n<p>[\/vc_column_text]<h5 class=\"sc_title sc_title_regular subtitulosapartados \">PROCEDIMENT RECLAMACI\u00d3<\/h5>[vc_column_text]Els actes objecte de reclamaci\u00f3 economicoadministrativa podran ser recorreguts amb car\u00e0cter previ i potestatiu, mitjan\u00e7ant Recurs de Reposici\u00f3 davant el mateix \u00f2rgan que els va dictar, o b\u00e9 directament a trav\u00e9s de la Reclamaci\u00f3, sense que puguen simultaniejar-se tots dos; si s&#8217;ha interposat recurs de reposici\u00f3, haur\u00e0 d&#8217;esperar la seua resoluci\u00f3 expressa o presumpta per a interposar la Reclamaci\u00f3, la resoluci\u00f3 de la qual esgota la via administrativa, pr\u00e8via i preceptiva a la via contenci\u00f3s administrativa.<\/p>\n<p>QUI POT INTERPOSAR-LA: els obligats tributaris, els subjectes infractors, i qualsevol altra persona els interessos leg\u00edtims de la qual resulten afectats per l&#8217;acte o l&#8217;actuaci\u00f3 tribut\u00e0ria.<\/p>\n<p>ON: a trav\u00e9s de la seu electr\u00f2nica de l&#8217;Excel\u00b7lent\u00edssim Ajuntament d&#8217;Elx, i si \u00e9s persona f\u00edsica, no obligat legal, tamb\u00e9 presencialment en qualsevol de les oficines OMAC i resta d&#8217;oficines de registre de l&#8217;art. 16.4. Llei 39\/15. i es dirigir\u00e0 a l&#8217;\u00f2rgan administratiu que haja dictat l&#8217;acte que es reclama.<\/p>\n<p>COM: mitjan\u00e7ant inst\u00e0ncia general, en la qual es recomana comen\u00e7ar assenyalant que \u00e9s una reclamaci\u00f3 economicoadministrativa, i en la qual cal identificar el reclamant, aix\u00ed com el representant quan no comparega en nom propi, acompanyant en aquest \u00faltim cas l&#8217;acreditaci\u00f3 de la representaci\u00f3, l&#8217;acte contra el qual es reclama (ADJUNTAR), el domicili per a notificacions (recomanable correu electr\u00f2nic, especialment en cas de notificaci\u00f3 electr\u00f2nica o obligat legal), i, si \u00e9s el cas, les al\u00b7legacions en qu\u00e8 es base el seu dret.<\/p>\n<p>QUAN: el termini de presentaci\u00f3 \u00e9s d&#8217;1 MES, d&#8217;acord al seg\u00fcent c\u00f2mput:<\/p>\n<ul>\n<li>Si es decideix interposar directament la reclamaci\u00f3 economicoadministrativa, des del dia en qu\u00e8 s&#8217;haja notificat l&#8217;acte contra el qual es reclama.<\/li>\n<li>Si es va interposar recurs de reposici\u00f3 pr\u00e8viament a la reclamaci\u00f3 economicoadministrativa, des del dia que s&#8217;haja notificat la resoluci\u00f3 expressa del recurs de reposici\u00f3, i si ha passat un mes sense obtindre resposta, pot considerar-se desestimat aquest recurs i pot interposar-se reclamaci\u00f3 economicoadministrativa, encara que tamb\u00e9 s&#8217;hi pot optar per esperar la resoluci\u00f3 expressa del recurs de reposici\u00f3.<\/li>\n<li>En els sup\u00f2sits de deutes de venciment peri\u00f2dic i notificaci\u00f3 col\u00b7lectiva (com el rebut anual de l&#8217;IBI), el termini per a la interposici\u00f3 es computar\u00e0 a partir de l&#8217;endem\u00e0 de la finalitzaci\u00f3 del per\u00edode voluntari de pagament.<\/li>\n<\/ul>\n<p>SUSPENSI\u00d3 ACTE: la interposici\u00f3 de la reclamaci\u00f3 no susp\u00e9n l&#8217;execuci\u00f3 de l&#8217;acte que s&#8217;impugna, llevat que:<\/p>\n<ul>\n<li>Es garantisca l&#8217;import del deute en la quantia adequada mitjan\u00e7ant dep\u00f2sit, aval o una altra forma prevista per la llei davant la Recaptaci\u00f3 municipal; si es va interposar pr\u00e8viament recurs de reposici\u00f3, i es va sol\u00b7licitar i va obtindre la suspensi\u00f3, aquesta s&#8217;est\u00e9n tamb\u00e9 a la fase de reclamaci\u00f3 economicoadministrativa sempre que les garanties aportades siguen bastants.<\/li>\n<li>S&#8217;al\u00b7legue davant el TEAM, i s&#8217;estime, que l&#8217;execuci\u00f3 pot produir perjudicis de dif\u00edcil o impossible reparaci\u00f3, o que existixen errors materials, aritm\u00e8tics o de fet en l&#8217;acte la suspensi\u00f3 del qual se sol\u00b7licita.<\/li>\n<li>En el sup\u00f2sit de sancions tribut\u00e0ries, autom\u00e0ticament se susp\u00e9n l&#8217;execuci\u00f3 per la mera interposici\u00f3.<\/li>\n<\/ul>\n<p>TERMINI RESOLUCI\u00d3 PROCEDIMENT: El termini per a resoldre la reclamaci\u00f3 \u00e9s d&#8217;1 ANY, si \u00e9s el procediment general (m\u00e9s de 6.000 \u20ac), i SIS MESOS si \u00e9s procediment abreujat (igual o inferior a 6.000 \u20ac); una vegada transcorregut el termini sense que haja sigut resolta, podr\u00e0 entendre&#8217;s desestimada per silenci administratiu i quedar\u00e0 oberta la via contenci\u00f3s administrativa.<\/p>\n<p>RECURSOS DAVANT RESOLUCI\u00d3: ser\u00e0 directament recurrible en via contenci\u00f3s administrativa davant els Jutjats d&#8217;Elx, en el termini de dos mesos des de la notificaci\u00f3 de la resoluci\u00f3, o sis mesos des de la seua desestimaci\u00f3 presumpta. No obstant aix\u00f2, cap recurs d&#8217;anul\u00b7laci\u00f3, en el termini de 15 dies, exclusivament quan s&#8217;haja declarat incorrectament la inadmissibilitat de la reclamaci\u00f3, quan s&#8217;hagen declarat inexistents les al\u00b7legacions o proves oportunament presentades, quan s&#8217;al\u00b7legue l&#8217;exist\u00e8ncia d&#8217;incongru\u00e8ncia completa i manifesta de la resoluci\u00f3 o quan s&#8217;haja procedit indegudament a l&#8217;arxiu de les actuacions per desistiment, ren\u00fancia, caducitat o satisfacci\u00f3 extraprocessal. Contra la resoluci\u00f3 tamb\u00e9 podr\u00e0 interposar-se el recurs extraordinari de revisi\u00f3 de l&#8217;art. 244 LGT.<\/p>\n<p>ALTRES Q\u00dcESTIONS D&#8217;INTER\u00c9S: Com es determina l&#8217;import de la reclamaci\u00f3?<\/p>\n<p>Si l&#8217;objecte de la reclamaci\u00f3 es refereix a un \u00fanic deute que \u00e9s objecte d&#8217;impugnaci\u00f3, la quantia ser\u00e0 la suma de l&#8217;obligaci\u00f3 principal, m\u00e9s els interessos de demora, i els rec\u00e0rrecs que procedisquen. Si la reclamaci\u00f3 es refereix a diversos deutes, la quantia vindr\u00e0 determinada pel deute de major quantia, incrementat amb els interessos de demora i rec\u00e0rrecs que procedisquen, sense que procedisca sumar els elements de tots els deutes impugnats.[\/vc_column_text]<h5 id=\"contacto\" class=\"sc_title sc_title_regular subtitulosapartados \">CONTACTE<\/h5>[vc_column_text]Correu electr\u00f2nic: <a href=\"mailto:team@elche.es\">team@elche.es<\/a><br \/>\nTel\u00e8fon: <a href=\"tel:966 65 80 75\">966 65 80 75<\/a><br \/>\nSeu: <strong>Pla\u00e7a de Baix, 1, 5\u00aa 03202 Elche.<\/strong><br \/>\nPla\u00e7a Men\u00e9ndez i Pelayo, 2, 2a planta[\/vc_column_text]<h5 id=\"normativa\" class=\"sc_title sc_title_regular subtitulosapartados \">NORMATIVA<\/h5>\r\n        <p>\r\n        <span class=\"enlaces-titulo\"> Reglament Org\u00e0nic pel qual es regula el Tribunal Economicoadministratiu Municipal d'Elx. (BOP 07-06-2023) <\/span> <span><a class=\"enlaces-link\" target='_blank'href=\"https:\/\/www.elche.es\/wp-content\/uploads\/2024\/01\/REGLAMENTO-CONSOLIDADO-TEAM-ELCHE-2023.pdf \">Veure enlla\u00e7<\/a><\/span>\r\n        <br>\r\n        <span class=\"enlaces-descripcion\">Llei 58\/2003, de 17 de desembre, General Tribut\u00e0ria.<br \/>\nR.D 520\/2005, de 13 de maig, Reglament General en mat\u00e8ria de revisi\u00f3 en via administrativa.<\/span>\r\n        <\/p>\r\n        <hr class=\"enlaces-separador\">\r\n        [\/vc_column][\/vc_row][vc_row][vc_column][vc_empty_space height=&#8221;80px&#8221;][\/vc_column][\/vc_row]<\/p>\n<\/div>","protected":false},"excerpt":{"rendered":"<p>[vc_row full_width=&#8221;stretch_row&#8221; css=&#8221;.vc_custom_1706089777890{background-image: url(https:\/\/www.elche.es\/wp-content\/uploads\/2024\/01\/cabecera-team-2.png?id=273336) !important;background-position: center !important;background-repeat: no-repeat !important;background-size: cover !important;}&#8221; el_class=&#8221;slidersecciones&#8221;][vc_column][vc_custom_heading text=&#8221;TRIBUNAL ECON\u00d2MIC ADMINISTRATIU MUNICIPAL&#8221; font_container=&#8221;tag:h2|text_align:center|color:%23ffffff&#8221; google_fonts=&#8221;font_family:Ubuntu%3A300%2C300italic%2Cregular%2Citalic%2C500%2C500italic%2C700%2C700italic|font_style:700%20bold%20regular%3A700%3Anormal&#8221; el_class=&#8221;sombraTitulo cabeceramovil&#8221;][\/vc_column][\/vc_row][vc_row el_class=&#8221;textoteam&#8221;][vc_column][vc_empty_space height=&#8221;1px&#8221; el_id=&#8221;presentacion&#8221;][vc_column_text] . Presentaci\u00f3 TEAM ElX . Procediment reclamacions [&hellip;]<\/p>\n","protected":false},"author":139,"featured_media":0,"parent":0,"menu_order":0,"comment_status":"closed","ping_status":"closed","template":"","meta":{"footnotes":""},"class_list":["post-273353","page","type-page","status-publish","hentry"],"_links":{"self":[{"href":"https:\/\/www.elche.es\/va\/wp-json\/wp\/v2\/pages\/273353","targetHints":{"allow":["GET"]}}],"collection":[{"href":"https:\/\/www.elche.es\/va\/wp-json\/wp\/v2\/pages"}],"about":[{"href":"https:\/\/www.elche.es\/va\/wp-json\/wp\/v2\/types\/page"}],"author":[{"embeddable":true,"href":"https:\/\/www.elche.es\/va\/wp-json\/wp\/v2\/users\/139"}],"replies":[{"embeddable":true,"href":"https:\/\/www.elche.es\/va\/wp-json\/wp\/v2\/comments?post=273353"}],"version-history":[{"count":5,"href":"https:\/\/www.elche.es\/va\/wp-json\/wp\/v2\/pages\/273353\/revisions"}],"predecessor-version":[{"id":317380,"href":"https:\/\/www.elche.es\/va\/wp-json\/wp\/v2\/pages\/273353\/revisions\/317380"}],"wp:attachment":[{"href":"https:\/\/www.elche.es\/va\/wp-json\/wp\/v2\/media?parent=273353"}],"curies":[{"name":"wp","href":"https:\/\/api.w.org\/{rel}","templated":true}]}}