{"id":27413,"date":"2017-06-05T09:45:58","date_gmt":"2017-06-05T08:45:58","guid":{"rendered":"http:\/\/www.elche.es\/va\/benestar-social\/cartera-de-serveis\/dependencia\/tramites\/solicitud-grado-discapacidad\/"},"modified":"2022-06-17T11:59:57","modified_gmt":"2022-06-17T10:59:57","slug":"sollicitud-grau-discapacitat","status":"publish","type":"page","link":"https:\/\/www.elche.es\/va\/derechos-sociales\/cartera-de-serveis\/serveis-de-promocio-de-lautonomia\/prestacions-economiques\/sollicitud-grau-discapacitat\/","title":{"rendered":"SOL\u00b7LICITUD DEL RECONEIXEMENT, DECLARACI\u00d3 I QUALIFICACI\u00d3 DEL GRAU DE DISCAPACITAT"},"content":{"rendered":"<div class=\"wpb-content-wrapper\"><p>[vc_row][vc_column][vc_column_text]<nav aria-label=\"breadcrumbs\">\n            <div class=\"breadcrumb-container theme1\">\n                <ol>\n                                    <\/ol>\n            <\/div>\n        <\/nav>    <script type=\"application\/ld+json\">\n        {\n            \"@context\": \"http:\/\/schema.org\",\n            \"@type\": \"BreadcrumbList\",\n            \"itemListElement\": [\n                            ]\n        }\n    <\/script>\n    <style type=\"text\/css\">\n        .breadcrumb-container {\n            font-size: 13px;\n        }\n\n        .breadcrumb-container ul {\n            margin: 0;\n            padding: 0;\n        }\n\n        .breadcrumb-container li {\n            box-sizing: unset;\n            display: inline-block;\n            margin: 0;\n            padding: 0;\n        }\n\n        .breadcrumb-container li a {\n            box-sizing: unset;\n            padding: 0 10px;\n        }\n\n        .breadcrumb-container {\n            font-size: 3 !important;\n                    }\n\n        .breadcrumb-container li a {\n            color: #0a0a0a !important;\n            font-size: 3 !important;\n            line-height: 3 !important;\n                    }\n\n        .breadcrumb-container li .separator {\n            font-size: 3 !important;\n                    }\n\n        .breadcrumb-container li:last-child .separator {\n            display: none;\n        }\n    <\/style>\n    <style type=\"text\/css\">\n        .breadcrumb-container.theme1 li {\n            margin: 0;\n            padding: 0;\n        }\n        .breadcrumb-container.theme1 a {\n            background: ;\n            display: inline-block;\n            margin: 0 5px;\n            padding: 5px 10px;\n            text-decoration: none;\n        }\n    <\/style>\n        <style type=\"text\/css\">\n            <\/style>\n    <script>\n            <\/script>\n[\/vc_column_text][\/vc_column][\/vc_row][vc_row][vc_column]<h3 class=\"sc_title sc_title_regular\"><\/p>\n<p style=\"text-align: center;\">SOL\u00b7LICITUD DEL RECONEIXEMENT, DECLARACI\u00d3 I QUALIFICACI\u00d3 DEL GRAU DE DISCAPACITAT<\/p>\n<p><\/h3>[vc_column_text]<strong>CONCEPTE<\/strong><\/p>\n<p>Sol\u00b7licitud per a obtindre el reconeixement inicial del grau de discapacitat que permet l&#8217;acc\u00e9s del ciutad\u00e0 als beneficis, drets econ\u00f2mics i serveis que els organismes p\u00fablics atorguen.<\/p>\n<p><strong>COM TRAMITAR<\/strong><\/p>\n<p>De manera presencial o telem\u00e0tica.<\/p>\n<p><strong>Qui el pot demanar?<\/strong><\/p>\n<p>Tota aquella persona empadronada en un municipi de la Comunitat Valenciana\u00a0 que presente indicadors de salut que deriven en una discapacitat.<\/p>\n<p><strong>On es pot presentar?<\/strong><\/p>\n<p>Presencialment al PROP i a l&#8217;OMAC\u00a0 i telem\u00e0ticament en la seu electr\u00f2nica de l&#8217;organisme responsable<\/p>\n<p><strong>Dates<\/strong><\/p>\n<p>Tot l&#8217;any<\/p>\n<p><strong>Preu<\/strong><\/p>\n<p>Gratu\u00eft<\/p>\n<p><strong>Organisme Responsable<\/strong><\/p>\n<p><a href=\"https:\/\/www.gva.es\/va\/inicio\/procedimientos?id_proc=376\">CONSELLERIA D&#8217;IGUALTAT I POL\u00cdTIQUES INCLUSIVES.<\/a>[\/vc_column_text][vc_empty_space][\/vc_column][\/vc_row]<\/p>\n<\/div>","protected":false},"excerpt":{"rendered":"<p>[vc_row][vc_column][vc_column_text][\/vc_column_text][\/vc_column][\/vc_row][vc_row][vc_column][vc_column_text]CONCEPTE Sol\u00b7licitud per a obtindre el reconeixement inicial del grau de discapacitat que permet l&#8217;acc\u00e9s del ciutad\u00e0 als beneficis, drets econ\u00f2mics i serveis que els organismes p\u00fablics atorguen. COM TRAMITAR [&hellip;]<\/p>\n","protected":false},"author":46,"featured_media":0,"parent":25249,"menu_order":0,"comment_status":"closed","ping_status":"closed","template":"","meta":{"footnotes":""},"class_list":["post-27413","page","type-page","status-publish","hentry"],"_links":{"self":[{"href":"https:\/\/www.elche.es\/va\/wp-json\/wp\/v2\/pages\/27413","targetHints":{"allow":["GET"]}}],"collection":[{"href":"https:\/\/www.elche.es\/va\/wp-json\/wp\/v2\/pages"}],"about":[{"href":"https:\/\/www.elche.es\/va\/wp-json\/wp\/v2\/types\/page"}],"author":[{"embeddable":true,"href":"https:\/\/www.elche.es\/va\/wp-json\/wp\/v2\/users\/46"}],"replies":[{"embeddable":true,"href":"https:\/\/www.elche.es\/va\/wp-json\/wp\/v2\/comments?post=27413"}],"version-history":[{"count":0,"href":"https:\/\/www.elche.es\/va\/wp-json\/wp\/v2\/pages\/27413\/revisions"}],"up":[{"embeddable":true,"href":"https:\/\/www.elche.es\/va\/wp-json\/wp\/v2\/pages\/25249"}],"wp:attachment":[{"href":"https:\/\/www.elche.es\/va\/wp-json\/wp\/v2\/media?parent=27413"}],"curies":[{"name":"wp","href":"https:\/\/api.w.org\/{rel}","templated":true}]}}