{"id":27432,"date":"2017-06-05T09:58:31","date_gmt":"2017-06-05T08:58:31","guid":{"rendered":"http:\/\/www.elche.es\/va\/benestar-social\/cartera-de-serveis\/dependencia\/tramites\/subsidio-movilidad-gastos-transporte\/"},"modified":"2022-06-17T12:11:33","modified_gmt":"2022-06-17T11:11:33","slug":"subsidi-movilitat-despese-transport","status":"publish","type":"page","link":"https:\/\/www.elche.es\/va\/derechos-sociales\/cartera-de-serveis\/serveis-de-promocio-de-lautonomia\/prestacions-economiques\/subsidi-movilitat-despese-transport\/","title":{"rendered":"SUBSIDI DE MOBILITAT I COMPENSACI\u00d3 PER DESPESES DE TRANSPORT (SMDT)"},"content":{"rendered":"<div class=\"wpb-content-wrapper\"><p>[vc_row][vc_column][vc_column_text]<nav aria-label=\"breadcrumbs\">\n            <div class=\"breadcrumb-container theme1\">\n                <ol>\n                                    <\/ol>\n            <\/div>\n        <\/nav>    <script type=\"application\/ld+json\">\n        {\n            \"@context\": \"http:\/\/schema.org\",\n            \"@type\": \"BreadcrumbList\",\n            \"itemListElement\": [\n                            ]\n        }\n    <\/script>\n    <style type=\"text\/css\">\n        .breadcrumb-container {\n            font-size: 13px;\n        }\n\n        .breadcrumb-container ul {\n            margin: 0;\n            padding: 0;\n        }\n\n        .breadcrumb-container li {\n            box-sizing: unset;\n            display: inline-block;\n            margin: 0;\n            padding: 0;\n        }\n\n        .breadcrumb-container li a {\n            box-sizing: unset;\n            padding: 0 10px;\n        }\n\n        .breadcrumb-container {\n            font-size: 3 !important;\n                    }\n\n        .breadcrumb-container li a {\n            color: #0a0a0a !important;\n            font-size: 3 !important;\n            line-height: 3 !important;\n                    }\n\n        .breadcrumb-container li .separator {\n            font-size: 3 !important;\n                    }\n\n        .breadcrumb-container li:last-child .separator {\n            display: none;\n        }\n    <\/style>\n    <style type=\"text\/css\">\n        .breadcrumb-container.theme1 li {\n            margin: 0;\n            padding: 0;\n        }\n        .breadcrumb-container.theme1 a {\n            background: ;\n            display: inline-block;\n            margin: 0 5px;\n            padding: 5px 10px;\n            text-decoration: none;\n        }\n    <\/style>\n        <style type=\"text\/css\">\n            <\/style>\n    <script>\n            <\/script>\n[\/vc_column_text][\/vc_column][\/vc_row][vc_row][vc_column]<h3 class=\"sc_title sc_title_regular\"><\/p>\n<p style=\"text-align: center;\">SUBSIDI DE MOBILITAT I COMPENSACI\u00d3 PER DESPESES DE TRANSPORT (SMDT)<\/p>\n<p><\/h3>[vc_column_text]<strong>CONCEPTE<\/strong><\/p>\n<p>El subsidi de mobilitat i compensaci\u00f3 per despeses de transport consistir\u00e0 en una prestaci\u00f3 econ\u00f2mica, de car\u00e0cter peri\u00f2dic destinada a atendre les despeses originades per despla\u00e7aments fora del seu domicili habitual d&#8217;aquells amb diversitat funcional que, per ra\u00f3 de la seua discapacitat tinguen greus dificultats per a utilitzar transports col\u00b7lectius.<\/p>\n<p><strong>COM TRAMITAR<\/strong><\/p>\n<p>De manera presencial o telem\u00e0tica.<\/p>\n<p><b>Qui el pot demanar?<\/b><\/p>\n<p>Persones de tres o m\u00e9s anys, amb el grau de discapacitat reconegut igual o superior al 33%, que tinga greu dificultat per a utilitzar transports col\u00b7lectius o trobar-se impossibilitat per a despla\u00e7ar-se fora de casa i que no supere els ingressos econ\u00f2mics personals del 70% de l&#8217;IPREM.<\/p>\n<p><strong>On es pot presentar?<\/strong><\/p>\n<p>Presencialment al PROP i a la OMAC i telem\u00e0ticament en la seu electr\u00f2nica de l&#8217;organisme responsable.<\/p>\n<p><strong>Dates<\/strong><\/p>\n<p>Tot l&#8217;any<\/p>\n<p><strong>Preu<\/strong><\/p>\n<p>Gratu\u00eft<\/p>\n<p><strong>Organisme Responsable<\/strong><\/p>\n<p><a href=\"https:\/\/www.gva.es\/va\/inicio\/procedimientos?id_proc=370\">CONSELLERIA D&#8217;IGUALTAT I POL\u00cdTIQUES INCLUSIVES<\/a>[\/vc_column_text][vc_empty_space][\/vc_column][\/vc_row]<\/p>\n<\/div>","protected":false},"excerpt":{"rendered":"<p>[vc_row][vc_column][vc_column_text][\/vc_column_text][\/vc_column][\/vc_row][vc_row][vc_column][vc_column_text]CONCEPTE El subsidi de mobilitat i compensaci\u00f3 per despeses de transport consistir\u00e0 en una prestaci\u00f3 econ\u00f2mica, de car\u00e0cter peri\u00f2dic destinada a atendre les despeses originades per despla\u00e7aments fora del seu [&hellip;]<\/p>\n","protected":false},"author":46,"featured_media":0,"parent":25249,"menu_order":0,"comment_status":"closed","ping_status":"closed","template":"","meta":{"footnotes":""},"class_list":["post-27432","page","type-page","status-publish","hentry"],"_links":{"self":[{"href":"https:\/\/www.elche.es\/va\/wp-json\/wp\/v2\/pages\/27432","targetHints":{"allow":["GET"]}}],"collection":[{"href":"https:\/\/www.elche.es\/va\/wp-json\/wp\/v2\/pages"}],"about":[{"href":"https:\/\/www.elche.es\/va\/wp-json\/wp\/v2\/types\/page"}],"author":[{"embeddable":true,"href":"https:\/\/www.elche.es\/va\/wp-json\/wp\/v2\/users\/46"}],"replies":[{"embeddable":true,"href":"https:\/\/www.elche.es\/va\/wp-json\/wp\/v2\/comments?post=27432"}],"version-history":[{"count":0,"href":"https:\/\/www.elche.es\/va\/wp-json\/wp\/v2\/pages\/27432\/revisions"}],"up":[{"embeddable":true,"href":"https:\/\/www.elche.es\/va\/wp-json\/wp\/v2\/pages\/25249"}],"wp:attachment":[{"href":"https:\/\/www.elche.es\/va\/wp-json\/wp\/v2\/media?parent=27432"}],"curies":[{"name":"wp","href":"https:\/\/api.w.org\/{rel}","templated":true}]}}