{"id":276839,"date":"2024-02-26T07:30:03","date_gmt":"2024-02-26T05:30:03","guid":{"rendered":"https:\/\/www.elche.es\/?page_id=276839"},"modified":"2024-02-26T07:30:03","modified_gmt":"2024-02-26T05:30:03","slug":"concurso-de-fogasetas-senior","status":"publish","type":"page","link":"https:\/\/www.elche.es\/va\/mayores\/concurso-de-fogasetas-senior\/","title":{"rendered":"Concurso de fogasetas s\u00e9nior"},"content":{"rendered":"<div class=\"wpb-content-wrapper\"><p>[vc_row full_width=&#8221;stretch_row&#8221; css=&#8221;.vc_custom_1646394841099{padding-top: 145px !important;padding-bottom: 145px !important;background: #ffffff url(https:\/\/www.elche.es\/wp-content\/uploads\/2022\/03\/slider-mayores.jpg?id=187153) !important;background-position: center !important;background-repeat: no-repeat !important;background-size: cover !important;}&#8221; el_id=&#8221;bloque_titulo&#8221; el_class=&#8221;slidersecciones&#8221;][vc_column][vc_custom_heading text=&#8221;&#8221; font_container=&#8221;tag:h2|text_align:center|color:%23ffffff&#8221; google_fonts=&#8221;font_family:Ubuntu%3A300%2C300italic%2Cregular%2Citalic%2C500%2C500italic%2C700%2C700italic|font_style:700%20bold%20regular%3A700%3Anormal&#8221; el_class=&#8221;sombraTitulo cabeceramovil&#8221;][\/vc_column][\/vc_row][vc_row full_width=&#8221;stretch_row_content_no_spaces&#8221; css=&#8221;.vc_custom_1646394565747{margin-top: -130px !important;padding-top: 10px !important;padding-right: 30px !important;padding-bottom: 10px !important;padding-left: 30px !important;background-color: rgba(0,169,151,0.8) !important;*background-color: rgb(0,169,151) !important;}&#8221; el_id=&#8221;bloque_menu_enlaces&#8221;][vc_column]<div id=\"menu\" class=\"sc_section margin_right_large margin_left_large aligncenter\"><div class=\"sc_section_inner\"><div id=\"menu_scroll\" class=\"sc_scroll sc_scroll_horizontal swiper-slider-container scroll-container\" style=\"\"><div class=\"sc_scroll_wrapper swiper-wrapper\"><div class=\"sc_scroll_slide swiper-slide\">\r\n        \r\n        <a class=\"menuVC\"  href=\"https:\/\/www.elche.es\/mayores\/consejo-de-mayores\/\"> <span> Consejo de Mayores <\/span><\/a>\r\n        \r\n        <a class=\"menuVC\"  href=\"https:\/\/www.elche.es\/mayores\/programas-y-proyectos\/\"> <span> Programas y Proyectos <\/span><\/a>\r\n        \r\n        <a class=\"menuVC\"  href=\"https:\/\/www.elche.es\/mayores\/servicios-y-recursos\/\"> <span> Servicios y Recursos <\/span><\/a>\r\n        \r\n        <a class=\"menuVC\"  href=\"https:\/\/www.elche.es\/mayores\/tarjeta-dorada\/\"> <span> Tarjeta dorada <\/span><\/a>\r\n        \r\n        <a class=\"menuVC\"  href=\"https:\/\/www.elche.es\/actividades-varias\/\"> <span> Actividades <\/span><\/a><\/div><\/div><div id=\"menu_scroll_bar\" class=\"sc_scroll_bar sc_scroll_bar_horizontal menu_scroll_bar\"><\/div><\/div><\/div><\/div>[\/vc_column][\/vc_row][vc_row full_width=&#8221;stretch_row&#8221; css=&#8221;.vc_custom_1475484188729{background-color: #dddde0 !important;}&#8221;][vc_column][vc_column_text]<nav aria-label=\"breadcrumbs\">\n            <div class=\"breadcrumb-container theme1\">\n                <ol>\n                                    <\/ol>\n            <\/div>\n        <\/nav>    <script type=\"application\/ld+json\">\n        {\n            \"@context\": \"http:\/\/schema.org\",\n            \"@type\": \"BreadcrumbList\",\n            \"itemListElement\": [\n                            ]\n        }\n    <\/script>\n    <style type=\"text\/css\">\n        .breadcrumb-container {\n            font-size: 13px;\n        }\n\n        .breadcrumb-container ul {\n            margin: 0;\n            padding: 0;\n        }\n\n        .breadcrumb-container li {\n            box-sizing: unset;\n            display: inline-block;\n            margin: 0;\n            padding: 0;\n        }\n\n        .breadcrumb-container li a {\n            box-sizing: unset;\n            padding: 0 10px;\n        }\n\n        .breadcrumb-container {\n            font-size: 3 !important;\n                    }\n\n        .breadcrumb-container li a {\n            color: #0a0a0a !important;\n            font-size: 3 !important;\n            line-height: 3 !important;\n                    }\n\n        .breadcrumb-container li .separator {\n            font-size: 3 !important;\n                    }\n\n        .breadcrumb-container li:last-child .separator {\n            display: none;\n        }\n    <\/style>\n    <style type=\"text\/css\">\n        .breadcrumb-container.theme1 li {\n            margin: 0;\n            padding: 0;\n        }\n        .breadcrumb-container.theme1 a {\n            background: ;\n            display: inline-block;\n            margin: 0 5px;\n            padding: 5px 10px;\n            text-decoration: none;\n        }\n    <\/style>\n        <style type=\"text\/css\">\n            <\/style>\n    <script>\n            <\/script>\n[\/vc_column_text][\/vc_column][\/vc_row][vc_row full_width=&#8221;stretch_row&#8221; css=&#8221;.vc_custom_1475764105820{background-color: #ffffff !important;}&#8221;][vc_column]<h1 class=\"sc_title sc_title_regular titulo-pagina margin_top_small\">Concurso de fogasetas s\u00e9nior<\/h1>[vc_column_text]Las personas interesadas deber\u00e1n cumplimentar los apartados del formulario electr\u00f3nico de inscripci\u00f3n, haciendo click en el bot\u00f3n que aparece a continuaci\u00f3n.<\/p>\n<p>El plazo de presentaci\u00f3n de solicitudes ser\u00e1 del 26 de febrero al 8 de marzo de 2024, ambos inclusive.<\/p>\n<p>Cada concursante debe hornear 2 fogasetas de 300 g cada una, aproximadamente, en su domicilio y utilizando sus propios ingredientes y medios. La mejor fogaseta se premia con un lote de utensilios de reposter\u00eda valorado en 100 \u20ac.<\/p>\n<p>No olvide leer las condiciones de participaci\u00f3n en el concurso.[\/vc_column_text][vc_empty_space height=&#8221;82px&#8221;]<div class=\"sc_section\"><div class=\"sc_section_inner\"><div class=\"columns_wrap sc_columns columns_nofluid sc_columns_count_2\"><div class=\"column-1_2 sc_column_item sc_column_item_1 odd first\"><a href=\"https:\/\/www.elche.es\/wp-content\/uploads\/2024\/02\/Condiciones-de-participacion-Concurso-de-fogasetas.pdf\" class=\"sc_button sc_button_square sc_button_style_filled style_original sc_button_size_large aligncenter\">CONDICIONES DE PARTICIPACI\u00d3N<\/a><\/div><div class=\"column-1_2 sc_column_item sc_column_item_2 even\"><a href=\"https:\/\/forms.office.com\/e\/chMiVHYuHU?origin=lprLink\" class=\"sc_button sc_button_square sc_button_style_filled style_original sc_button_size_large aligncenter\">FORMULARIO DE INSCRIPCI\u00d3N<\/a><\/div><\/div>[vc_empty_space height=&#8221;82px&#8221;]<\/div><\/div>[\/vc_column][\/vc_row][vc_row full_width=&#8221;stretch_row&#8221; css=&#8221;.vc_custom_1475764105820{background-color: #ffffff !important;}&#8221;][vc_column][vc_single_image image=&#8221;276809&#8243; img_size=&#8221;large&#8221; alignment=&#8221;center&#8221;][vc_empty_space height=&#8221;82px&#8221;][\/vc_column][\/vc_row][vc_row full_width=&#8221;stretch_row&#8221; css=&#8221;.vc_custom_1475764105820{background-color: #ffffff !important;}&#8221;][vc_column]<div class=\"sc_content content_wrap\"><div class=\"columns_wrap sc_columns columns_nofluid sc_columns_count_2\"><div class=\"column-1_2 sc_column_item sc_column_item_1 odd first\"><div id='modulo_datos_contacto'> <p class='titulo_datos_contacto'>Dades de contacte <\/p> <hr><p class=\"contactoArea\"> <i class=\"fa fa-map-marker\" aria-hidden=\"true\"><\/i>Pl. Men\u00e9ndez Pelayo, 2, bajo<\/p><p class=\"contactoArea\"><i class=\"fa fa-phone\" aria-hidden=\"true\"><\/i>966658263<\/p><p class=\"contactoArea\"><i class=\"fa fa-envelope\" aria-hidden=\"true\"><\/i><a href=\"mailto:mayores@elx.es\"> mayores@elx.es<\/a><\/p><p class=\"contactoArea\"><i class=\"fa fa-clock-o\" aria-hidden=\"true\"><\/i>Horario de 8:30 a 14:00 horas.<\/p><div id='contacto-rrss'><\/div><\/div>[vc_empty_space]<\/div><div class=\"column-1_2 sc_column_item sc_column_item_2 even\" style=\"text-align:center;\">[sbs_wpb_openstreetmap map_style=&#8221;openstreetmap_de&#8221; map_height=&#8221;60&#8243; ctrl_mouse_zoom=&#8221;true&#8221; latitude=&#8221;38.266259&#8243; longitude=&#8221;-0.698909&#8243;][sbs_wpb_marker marker_source=&#8221;coordinates&#8221; marker_color=&#8221;red&#8221; marker_latitude=&#8221;38.266259&#8243; marker_longitude=&#8221;-0.698909&#8243;][\/sbs_wpb_marker][\/sbs_wpb_openstreetmap]<\/div><\/div><\/div>[\/vc_column][\/vc_row][vc_column][\/vc_column][vc_column][\/vc_column]<\/p>\n<\/div>","protected":false},"excerpt":{"rendered":"<p>[vc_row full_width=&#8221;stretch_row&#8221; css=&#8221;.vc_custom_1646394841099{padding-top: 145px !important;padding-bottom: 145px !important;background: #ffffff url(https:\/\/www.elche.es\/wp-content\/uploads\/2022\/03\/slider-mayores.jpg?id=187153) !important;background-position: center !important;background-repeat: no-repeat !important;background-size: cover !important;}&#8221; el_id=&#8221;bloque_titulo&#8221; el_class=&#8221;slidersecciones&#8221;][vc_column][vc_custom_heading text=&#8221;&#8221; font_container=&#8221;tag:h2|text_align:center|color:%23ffffff&#8221; google_fonts=&#8221;font_family:Ubuntu%3A300%2C300italic%2Cregular%2Citalic%2C500%2C500italic%2C700%2C700italic|font_style:700%20bold%20regular%3A700%3Anormal&#8221; el_class=&#8221;sombraTitulo cabeceramovil&#8221;][\/vc_column][\/vc_row][vc_row full_width=&#8221;stretch_row_content_no_spaces&#8221; css=&#8221;.vc_custom_1646394565747{margin-top: -130px !important;padding-top: 10px !important;padding-right: 30px [&hellip;]<\/p>\n","protected":false},"author":108,"featured_media":0,"parent":16348,"menu_order":0,"comment_status":"closed","ping_status":"closed","template":"","meta":{"footnotes":""},"class_list":["post-276839","page","type-page","status-publish","hentry"],"_links":{"self":[{"href":"https:\/\/www.elche.es\/va\/wp-json\/wp\/v2\/pages\/276839","targetHints":{"allow":["GET"]}}],"collection":[{"href":"https:\/\/www.elche.es\/va\/wp-json\/wp\/v2\/pages"}],"about":[{"href":"https:\/\/www.elche.es\/va\/wp-json\/wp\/v2\/types\/page"}],"author":[{"embeddable":true,"href":"https:\/\/www.elche.es\/va\/wp-json\/wp\/v2\/users\/108"}],"replies":[{"embeddable":true,"href":"https:\/\/www.elche.es\/va\/wp-json\/wp\/v2\/comments?post=276839"}],"version-history":[{"count":0,"href":"https:\/\/www.elche.es\/va\/wp-json\/wp\/v2\/pages\/276839\/revisions"}],"up":[{"embeddable":true,"href":"https:\/\/www.elche.es\/va\/wp-json\/wp\/v2\/pages\/16348"}],"wp:attachment":[{"href":"https:\/\/www.elche.es\/va\/wp-json\/wp\/v2\/media?parent=276839"}],"curies":[{"name":"wp","href":"https:\/\/api.w.org\/{rel}","templated":true}]}}