{"id":299610,"date":"2024-05-08T13:49:10","date_gmt":"2024-05-08T11:49:10","guid":{"rendered":"https:\/\/www.elche.es\/educacio\/campanya-escolaritzacio\/escoles-infantils-municipals-2\/"},"modified":"2025-04-03T13:49:42","modified_gmt":"2025-04-03T11:49:42","slug":"escoles-infantils-municipals-2","status":"publish","type":"page","link":"https:\/\/www.elche.es\/va\/educacio\/campanya-escolaritzacio\/escoles-infantils-municipals-2\/","title":{"rendered":"Escoles Infantils Municipals"},"content":{"rendered":"<div class=\"wpb-content-wrapper\"><p>[vc_row full_width=&#8221;stretch_row&#8221; css=&#8221;.vc_custom_1706188089231{background-image: url(https:\/\/www.elche.es\/wp-content\/uploads\/2023\/12\/ELS-XIQUETS.jpg?id=270077) !important;background-position: center !important;background-repeat: no-repeat !important;background-size: cover !important;}&#8221; el_id=&#8221;bloque_titulo&#8221; el_class=&#8221;slidersecciones&#8221;][vc_column][vc_custom_heading text=&#8221;Escoles Infantils Municipals&#8221; font_container=&#8221;tag:h2|text_align:center|color:%23ffffff&#8221; google_fonts=&#8221;font_family:Ubuntu%3A300%2C300italic%2Cregular%2Citalic%2C500%2C500italic%2C700%2C700italic|font_style:700%20bold%20regular%3A700%3Anormal&#8221; el_class=&#8221;sombraTitulo cabeceramovil&#8221;][\/vc_column][\/vc_row][vc_row][vc_column]<div class=\"templatera_shortcode\"><div id=\"bloque_menu_enlaces\" data-vc-full-width=\"true\" data-vc-full-width-init=\"false\" data-vc-stretch-content=\"true\" class=\"vc_row wpb_row vc_row-fluid bloque_menu_paginas bloquemnuestop vc_custom_1621932290718 vc_row-has-fill vc_row-no-padding\"><div class=\"enlacesdeportes wpb_column vc_column_container vc_col-sm-12\"><div class=\"vc_column-inner\"><div class=\"wpb_wrapper\">\r\n        \r\n        <a class=\"menuVC\"  href=\"https:\/\/www.elche.es\/va\/educacio\/campanya-escolaritzacio\/escoles-infantils-municipals-2\/\"> <span> Escoles Infantils Municipals <\/span><\/a>\r\n        \r\n        <a class=\"menuVC\"  href=\"https:\/\/www.elche.es\/va\/educacio\/calendari-escolar\/\"> <span> Calendari <\/span><\/a>\r\n        \r\n        <a class=\"menuVC\"  href=\"https:\/\/www.elche.es\/va\/educacio\/campanya-escolaritzacio-a-elx\/\"> <span> Escolaritzaci\u00f3 <\/span><\/a>\r\n        \r\n        <a class=\"menuVC\"  href=\"https:\/\/www.elche.es\/va\/educacio\/centres-educatius\/\"> <span> Centres Educatius <\/span><\/a>\r\n        \r\n        <a class=\"menuVC\"  href=\"https:\/\/www.fpelx.es\/\"> <span> FP <\/span><\/a>\r\n        \r\n        <a class=\"menuVC\"  href=\"https:\/\/www.elche.es\/va\/educacio\/becas-y-subvenciones\/\"> <span> Beques i Subvencions <\/span><\/a>\r\n        \r\n        <a class=\"menuVC\"  href=\"https:\/\/www.elche.es\/va\/educacio\/servicios-y-actividades\/\"> <span> Serveis i Activitats <\/span><\/a>\r\n        \r\n        <a class=\"menuVC\"  href=\"https:\/\/www.elche.es\/va\/educacio\/programa-absentisme-escolar\/\"> <span> Absentisme escolar <\/span><\/a>\r\n        \r\n        <a class=\"menuVC\"  href=\"https:\/\/www.elche.es\/va\/educacio\/tramites\/\"> <span> Tr\u00e0mits <\/span><\/a>\r\n        \r\n        <a class=\"menuVC\"  href=\"https:\/\/www.elche.es\/va\/normativa-educacio-a-elx\/\"> <span> Normativa <\/span><\/a><\/div><\/div><\/div><\/div><div class=\"vc_row-full-width vc_clearfix\"><\/div><\/div>[\/vc_column][\/vc_row][vc_row full_width=&#8221;stretch_row&#8221; css=&#8221;.vc_custom_1475488224066{background-color: #dddde0 !important;}&#8221;][vc_column][vc_column_text]<nav aria-label=\"breadcrumbs\">\n            <div class=\"breadcrumb-container theme1\">\n                <ol>\n                                    <\/ol>\n            <\/div>\n        <\/nav>    <script type=\"application\/ld+json\">\n        {\n            \"@context\": \"http:\/\/schema.org\",\n            \"@type\": \"BreadcrumbList\",\n            \"itemListElement\": [\n                            ]\n        }\n    <\/script>\n    <style type=\"text\/css\">\n        .breadcrumb-container {\n            font-size: 13px;\n        }\n\n        .breadcrumb-container ul {\n            margin: 0;\n            padding: 0;\n        }\n\n        .breadcrumb-container li {\n            box-sizing: unset;\n            display: inline-block;\n            margin: 0;\n            padding: 0;\n        }\n\n        .breadcrumb-container li a {\n            box-sizing: unset;\n            padding: 0 10px;\n        }\n\n        .breadcrumb-container {\n            font-size: 3 !important;\n                    }\n\n        .breadcrumb-container li a {\n            color: #0a0a0a !important;\n            font-size: 3 !important;\n            line-height: 3 !important;\n                    }\n\n        .breadcrumb-container li .separator {\n            font-size: 3 !important;\n                    }\n\n        .breadcrumb-container li:last-child .separator {\n            display: none;\n        }\n    <\/style>\n    <style type=\"text\/css\">\n        .breadcrumb-container.theme1 li {\n            margin: 0;\n            padding: 0;\n        }\n        .breadcrumb-container.theme1 a {\n            background: ;\n            display: inline-block;\n            margin: 0 5px;\n            padding: 5px 10px;\n            text-decoration: none;\n        }\n    <\/style>\n        <style type=\"text\/css\">\n            <\/style>\n    <script>\n            <\/script>\n[\/vc_column_text][\/vc_column][\/vc_row][vc_row][vc_column][vc_custom_heading text=&#8221;Escoles Infantils Municipals&#8221; font_container=&#8221;tag:h3|text_align:center&#8221; use_theme_fonts=&#8221;yes&#8221; css=&#8221;.vc_custom_1743669727914{margin-top: 20px !important;}&#8221;][vc_column_text]A la nostra ciutat funcionen cinc Escoles Infantils Municipals (EIM): Tres d&#8217;elles (Don Honorio, Don Crisp\u00edn i Don Juliol) estan situades en el barri de Carr\u00fas, Els Xiquets en el centre urb\u00e0 i Rosa Fern\u00e1ndez en el barri dels Palmerars.<\/p>\n<p>Estes escoles estan incloses en la xarxa de centres de Conselleria d\u2019Educaci\u00f3, Universitats i Ocupaci\u00f3, i atenen els nivells de primer cicle d&#8217;educaci\u00f3 infantil.<\/p>\n<p>Les cinc escoles tenen implantat el Programa d&#8217;Educaci\u00f3 Pluriling\u00fce i Intercultural (PEPLI).[\/vc_column_text][vc_column_text][\/vc_column_text][vc_empty_space]<div class=\"columns_wrap sc_columns columns_nofluid sc_columns_count_3\"><div class=\"column-1_3 sc_column_item sc_column_item_1 odd first\">\n\t<div  class=\"wpb_single_image wpb_content_element vc_align_&#8221;center&#8221; wpb_content_element\">\n\t\t\n\t\t<figure class=\"wpb_wrapper vc_figure\">\n\t\t\t<div class=\"vc_single_image-wrapper   vc_box_border_grey\"><\/div>\n\t\t<\/figure>\n\t<\/div>\n<div class=\"vc_empty_space\"   style=\"height: 32px\"><span class=\"vc_empty_space_inner\"><\/span><\/div>\n\t<div class=\"wpb_text_column wpb_content_element\" >\n\t\t<div class=\"wpb_wrapper\">\n\t\t\t<p style=\"text-align: center;\"><a href=\"https:\/\/www.elche.es\/va\/locations\/escuela-infantil-municipal-don-julio\/\"><strong><span style=\"font-size: 18pt;\">Escola Infantil Municipal Don Julio<\/span><\/strong><\/a><\/p>\n<p style=\"text-align: center;\">Centre de titularitat Municipal<\/p>\n\n\t\t<\/div>\n\t<\/div>\n<div class=\"vc_empty_space\"   style=\"height: 32px\"><span class=\"vc_empty_space_inner\"><\/span><\/div><div id='modulo_datos_contacto'> <p class='titulo_datos_contacto'>Dades de contacte <\/p> <hr><p class=\"contactoArea\"> <i class=\"fa fa-map-marker\" aria-hidden=\"true\"><\/i>C\/Sax, 1, 03206<\/p><p class=\"contactoArea\"><i class=\"fa fa-phone\" aria-hidden=\"true\"><\/i>965 446 219<\/p><p class=\"contactoArea\"><i class=\"fa fa-envelope\" aria-hidden=\"true\"><\/i><a href=\"mailto:eidonjulio@elche.es\"> eidonjulio@elche.es<\/a><\/p><div id='contacto-rrss'><\/div><\/div><div class=\"vc_empty_space\"   style=\"height: 32px\"><span class=\"vc_empty_space_inner\"><\/span><\/div><\/div><div class=\"column-1_3 sc_column_item sc_column_item_2 even\">\n\t<div  class=\"wpb_single_image wpb_content_element vc_align_&#8221;center&#8221; wpb_content_element\">\n\t\t\n\t\t<figure class=\"wpb_wrapper vc_figure\">\n\t\t\t<div class=\"vc_single_image-wrapper   vc_box_border_grey\"><\/div>\n\t\t<\/figure>\n\t<\/div>\n<div class=\"vc_empty_space\"   style=\"height: 32px\"><span class=\"vc_empty_space_inner\"><\/span><\/div>\n\t<div class=\"wpb_text_column wpb_content_element\" >\n\t\t<div class=\"wpb_wrapper\">\n\t\t\t<p style=\"text-align: center;\"><a href=\"https:\/\/www.elche.es\/va\/locations\/escola-infantil-municipal-don-honorio\/\"><strong><span style=\"font-size: 18pt;\">Escola Infantil Municipal Don Honorio<\/span><\/strong><\/a><\/p>\n<p style=\"text-align: center;\">Centre de titularitat Municipal<\/p>\n\n\t\t<\/div>\n\t<\/div>\n<div class=\"vc_empty_space\"   style=\"height: 32px\"><span class=\"vc_empty_space_inner\"><\/span><\/div><div id='modulo_datos_contacto'> <p class='titulo_datos_contacto'>Dades de contacte <\/p> <hr><p class=\"contactoArea\"> <i class=\"fa fa-map-marker\" aria-hidden=\"true\"><\/i>C\/Sax, 7, 03206<\/p><p class=\"contactoArea\"><i class=\"fa fa-phone\" aria-hidden=\"true\"><\/i>965 446 227<\/p><p class=\"contactoArea\"><i class=\"fa fa-envelope\" aria-hidden=\"true\"><\/i><a href=\"mailto:eidonhonorio@elche.es\"> eidonhonorio@elche.es<\/a><\/p><div id='contacto-rrss'><\/div><\/div><div class=\"vc_empty_space\"   style=\"height: 32px\"><span class=\"vc_empty_space_inner\"><\/span><\/div><\/div><div class=\"column-1_3 sc_column_item sc_column_item_3 odd\">\n\t<div  class=\"wpb_single_image wpb_content_element vc_align_&#8221;center&#8221; wpb_content_element\">\n\t\t\n\t\t<figure class=\"wpb_wrapper vc_figure\">\n\t\t\t<div class=\"vc_single_image-wrapper   vc_box_border_grey\"><\/div>\n\t\t<\/figure>\n\t<\/div>\n<div class=\"vc_empty_space\"   style=\"height: 32px\"><span class=\"vc_empty_space_inner\"><\/span><\/div>\n\t<div class=\"wpb_text_column wpb_content_element\" >\n\t\t<div class=\"wpb_wrapper\">\n\t\t\t<p style=\"text-align: center;\"><a href=\"https:\/\/www.elche.es\/va\/locations\/escuela-infantil-municipal-don-crispin\/\"><strong><span style=\"font-size: 18pt;\">Escola Infantil Municipal Don Crisp\u00edn<\/span><\/strong><\/a><\/p>\n<p style=\"text-align: center;\">Centre de titularitat Municipal<\/p>\n\n\t\t<\/div>\n\t<\/div>\n<div class=\"vc_empty_space\"   style=\"height: 32px\"><span class=\"vc_empty_space_inner\"><\/span><\/div><div id='modulo_datos_contacto'> <p class='titulo_datos_contacto'>Dades de contacte <\/p> <hr><p class=\"contactoArea\"> <i class=\"fa fa-map-marker\" aria-hidden=\"true\"><\/i>C\/Sax, 9, 03206<\/p><p class=\"contactoArea\"><i class=\"fa fa-phone\" aria-hidden=\"true\"><\/i>965 446 205<\/p><p class=\"contactoArea\"><i class=\"fa fa-envelope\" aria-hidden=\"true\"><\/i><a href=\"mailto:eidoncrispin@elche.es\"> eidoncrispin@elche.es<\/a><\/p><div id='contacto-rrss'><\/div><\/div><div class=\"vc_empty_space\"   style=\"height: 32px\"><span class=\"vc_empty_space_inner\"><\/span><\/div><\/div><\/div><div class=\"columns_wrap sc_columns columns_nofluid sc_columns_count_2\"><div class=\"column-1_2 sc_column_item sc_column_item_1 odd first\">\n\t<div  class=\"wpb_single_image wpb_content_element vc_align_&#8221;center&#8221; wpb_content_element\">\n\t\t\n\t\t<figure class=\"wpb_wrapper vc_figure\">\n\t\t\t<div class=\"vc_single_image-wrapper   vc_box_border_grey\"><\/div>\n\t\t<\/figure>\n\t<\/div>\n<div class=\"vc_empty_space\"   style=\"height: 32px\"><span class=\"vc_empty_space_inner\"><\/span><\/div>\n\t<div class=\"wpb_text_column wpb_content_element\" >\n\t\t<div class=\"wpb_wrapper\">\n\t\t\t<p style=\"text-align: center;\"><a href=\"https:\/\/www.elche.es\/va\/locations\/escuela-infantil-municipal-els-xiquets\/\"><strong><span style=\"font-size: 18pt;\">Escola Infantil Municipal Els Xiquets<\/span><\/strong><\/a><\/p>\n<p style=\"text-align: center;\">Centre de titularitat Municipal<\/p>\n\n\t\t<\/div>\n\t<\/div>\n<div class=\"vc_empty_space\"   style=\"height: 32px\"><span class=\"vc_empty_space_inner\"><\/span><\/div><div id='modulo_datos_contacto'> <p class='titulo_datos_contacto'>Dades de contacte <\/p> <hr><p class=\"contactoArea\"> <i class=\"fa fa-map-marker\" aria-hidden=\"true\"><\/i>Av. de Candalix, 27, 03202<\/p><p class=\"contactoArea\"><i class=\"fa fa-phone\" aria-hidden=\"true\"><\/i>965 455 303<\/p><p class=\"contactoArea\"><i class=\"fa fa-envelope\" aria-hidden=\"true\"><\/i><a href=\"mailto:eielsxiquets@elche.es\"> eielsxiquets@elche.es<\/a><\/p><div id='contacto-rrss'><\/div><\/div><\/div><div class=\"column-1_2 sc_column_item sc_column_item_2 even\">\n\t<div  class=\"wpb_single_image wpb_content_element vc_align_&#8221;center&#8221; wpb_content_element\">\n\t\t\n\t\t<figure class=\"wpb_wrapper vc_figure\">\n\t\t\t<div class=\"vc_single_image-wrapper   vc_box_border_grey\"><\/div>\n\t\t<\/figure>\n\t<\/div>\n<div class=\"vc_empty_space\"   style=\"height: 32px\"><span class=\"vc_empty_space_inner\"><\/span><\/div>\n\t<div class=\"wpb_text_column wpb_content_element\" >\n\t\t<div class=\"wpb_wrapper\">\n\t\t\t<p style=\"text-align: center;\"><a href=\"https:\/\/www.elche.es\/va\/locations\/escuela-infantil-municipal-rosa-fernandez\/\"><strong><span style=\"font-size: 18pt;\">Escola Infantil Municipal Rosa Fern\u00e1ndez<\/span><\/strong><\/a><\/p>\n<p style=\"text-align: center;\">Centre de titularitat Municipal<\/p>\n\n\t\t<\/div>\n\t<\/div>\n<div class=\"vc_empty_space\"   style=\"height: 32px\"><span class=\"vc_empty_space_inner\"><\/span><\/div><div id='modulo_datos_contacto'> <p class='titulo_datos_contacto'>Dades de contacte <\/p> <hr><p class=\"contactoArea\"> <i class=\"fa fa-map-marker\" aria-hidden=\"true\"><\/i>C\/Taronger, 47, 03203<\/p><p class=\"contactoArea\"><i class=\"fa fa-phone\" aria-hidden=\"true\"><\/i>965 454 744<\/p><p class=\"contactoArea\"><i class=\"fa fa-envelope\" aria-hidden=\"true\"><\/i><a href=\"mailto:eirosafernandez@elche.es\"> eirosafernandez@elche.es<\/a><\/p><div id='contacto-rrss'><\/div><\/div><\/div><\/div>[vc_empty_space height=&#8221;16px&#8221;][vc_column_text]Totes les Escoles Infantils tenen aules d&#8217;1 i 2 anys. Rosa Fern\u00e1ndez i Don Juliol tenen <strong>aules de Beb\u00e9s.<\/strong> Don Honorio, Don Crisp\u00edn i Els Xiquets tenen <strong>aules de Gateig<\/strong>[\/vc_column_text][vc_custom_heading text=&#8221;Calendari i horari escolar&#8221; font_container=&#8221;tag:h3|text_align:center&#8221; use_theme_fonts=&#8221;yes&#8221;][vc_column_text]<strong><span style=\"text-decoration: underline;\">CALENDARI ESCOLAR<\/span><\/strong><\/p>\n<p>L&#8217;inici del curs i les vacacions de Nadal i Pasqua seran establides per la Conselleria d\u2019*Educaci\u00f3.<\/p>\n<p>El curs finalitza el 30 de juny. Les escoles romandran obertes fins al 15 de juliol, encara que l&#8217;assist\u00e8ncia \u00e9s volunt\u00e0ria. No s&#8217;emetran rebuts d&#8217;este per\u00edode si no s&#8217;utilitza el servici.<\/p>\n<p><span style=\"text-decoration: underline;\"><strong>HORARI<\/strong><\/span><\/p>\n<ul>\n<li>Fins al 15 de setembre: De 9.00 a 13.00 h<\/li>\n<li>Del 16 de setembre al 30 de juny: De 9.00 a 17.00 h<\/li>\n<li>De l&#8217;1 al 15 de juliol: De 9.00 a 13.00<\/li>\n<\/ul>\n<p><span style=\"text-decoration: underline;\"><strong>Horari especial<\/strong><\/span><\/p>\n<p>Entrada: De 7.30 a 9.00 h<br \/>\nEixida: De 17.00 a 18.00 h<\/p>\n<p>Al juliol no hi ha horari especial.[\/vc_column_text][vc_empty_space height=&#8221;16px&#8221;]<a href=\"https:\/\/www.elche.es\/educacion\/campana-escolarizacion-en-elche\/campana-escuelas-infantiles-municipales-elche\/\" target=\"_blank\" class=\"sc_button sc_button_square sc_button_style_filled style_original sc_button_size_small aligncenter\">MATRICULACI\u00d3 EN ESCOLES INFANTILS MUNICIPALS<\/a>[\/vc_column][\/vc_row][vc_row][vc_column][vc_empty_space][\/vc_column][\/vc_row][vc_row][vc_column]<h3 class=\"sc_title sc_title_regular margin_top_tiny\">V\u00cdDEOS<\/h3><div class=\"columns_wrap sc_columns columns_nofluid sc_columns_count_2\"><div class=\"column-1_2 sc_column_item sc_column_item_1 odd first\"><h6 class=\"sc_title sc_title_regular margin_top_tiny\">Presentaci\u00f3 Escoles Infantils Municipals<\/h6>\n\t<div class=\"wpb_video_widget wpb_content_element vc_clearfix   vc_video-aspect-ratio-169 vc_video-el-width-100 vc_video-align-left\" >\n\t\t<div class=\"wpb_wrapper\">\n\t\t\t\n\t\t\t<div class=\"wpb_video_wrapper\"><a href=\"\">&#8221;https:\/\/www.youtube.com\/watch?v=GW8e_tPxGqs&#8221;<\/a><\/div>\n\t\t<\/div>\n\t<\/div>\n<\/div><div class=\"column-1_2 sc_column_item sc_column_item_2 even\"><h6 class=\"sc_title sc_title_regular margin_top_tiny\">Escola Infantil Rosa Fern\u00e1ndez<\/h6>\n\t<div class=\"wpb_video_widget wpb_content_element vc_clearfix   vc_video-aspect-ratio-169 vc_video-el-width-100 vc_video-align-left\" >\n\t\t<div class=\"wpb_wrapper\">\n\t\t\t\n\t\t\t<div class=\"wpb_video_wrapper\"><a href=\"\">&#8221;https:\/\/youtu.be\/sOoZVAm-8MM&#8221;<\/a><\/div>\n\t\t<\/div>\n\t<\/div>\n<\/div><\/div>[vc_column_text][\/vc_column_text][vc_empty_space][\/vc_column][\/vc_row]<\/p>\n<\/div>","protected":false},"excerpt":{"rendered":"Escoles Infantils Municipals Escoles Infantils Municipals Calendari Escolaritzaci\u00f3 Centres Educatius FP Beques i Subvencions Serveis i Activitats Absentisme escolar Tr\u00e0mits Normativa Escoles Infantils Municipals A la nostra ciutat funcionen cinc [...]","protected":false},"author":131,"featured_media":0,"parent":57025,"menu_order":0,"comment_status":"closed","ping_status":"closed","template":"","meta":{"footnotes":""},"class_list":["post-299610","page","type-page","status-publish","hentry"],"_links":{"self":[{"href":"https:\/\/www.elche.es\/va\/wp-json\/wp\/v2\/pages\/299610","targetHints":{"allow":["GET"]}}],"collection":[{"href":"https:\/\/www.elche.es\/va\/wp-json\/wp\/v2\/pages"}],"about":[{"href":"https:\/\/www.elche.es\/va\/wp-json\/wp\/v2\/types\/page"}],"author":[{"embeddable":true,"href":"https:\/\/www.elche.es\/va\/wp-json\/wp\/v2\/users\/131"}],"replies":[{"embeddable":true,"href":"https:\/\/www.elche.es\/va\/wp-json\/wp\/v2\/comments?post=299610"}],"version-history":[{"count":5,"href":"https:\/\/www.elche.es\/va\/wp-json\/wp\/v2\/pages\/299610\/revisions"}],"predecessor-version":[{"id":331590,"href":"https:\/\/www.elche.es\/va\/wp-json\/wp\/v2\/pages\/299610\/revisions\/331590"}],"up":[{"embeddable":true,"href":"https:\/\/www.elche.es\/va\/wp-json\/wp\/v2\/pages\/57025"}],"wp:attachment":[{"href":"https:\/\/www.elche.es\/va\/wp-json\/wp\/v2\/media?parent=299610"}],"curies":[{"name":"wp","href":"https:\/\/api.w.org\/{rel}","templated":true}]}}