{"id":306061,"date":"2024-06-20T14:31:07","date_gmt":"2024-06-20T12:31:07","guid":{"rendered":"https:\/\/www.elche.es\/oficina-municipal-datencio-ciutadana-omac\/servicio-omac-para-personas-sordas\/"},"modified":"2024-07-11T11:01:51","modified_gmt":"2024-07-11T09:01:51","slug":"servicio-omac-para-personas-sordas","status":"publish","type":"page","link":"https:\/\/www.elche.es\/va\/oficina-municipal-datencio-ciutadana-omac\/servicio-omac-para-personas-sordas\/","title":{"rendered":"Servici de videointerpretaci\u00f3 per a persones sordes"},"content":{"rendered":"<div class=\"wpb-content-wrapper\"><p>[vc_row full_width=&#8221;stretch_row&#8221; css=&#8221;.vc_custom_1475488224066{background-color: #dddde0 !important;}&#8221;][vc_column][vc_column_text][\/vc_column_text][vc_column_text]<nav aria-label=\"breadcrumbs\">\n            <div class=\"breadcrumb-container theme1\">\n                <ol>\n                                    <\/ol>\n            <\/div>\n        <\/nav>    <script type=\"application\/ld+json\">\n        {\n            \"@context\": \"http:\/\/schema.org\",\n            \"@type\": \"BreadcrumbList\",\n            \"itemListElement\": [\n                            ]\n        }\n    <\/script>\n    <style type=\"text\/css\">\n        .breadcrumb-container {\n            font-size: 13px;\n        }\n\n        .breadcrumb-container ul {\n            margin: 0;\n            padding: 0;\n        }\n\n        .breadcrumb-container li {\n            box-sizing: unset;\n            display: inline-block;\n            margin: 0;\n            padding: 0;\n        }\n\n        .breadcrumb-container li a {\n            box-sizing: unset;\n            padding: 0 10px;\n        }\n\n        .breadcrumb-container {\n            font-size: 3 !important;\n                    }\n\n        .breadcrumb-container li a {\n            color: #0a0a0a !important;\n            font-size: 3 !important;\n            line-height: 3 !important;\n                    }\n\n        .breadcrumb-container li .separator {\n            font-size: 3 !important;\n                    }\n\n        .breadcrumb-container li:last-child .separator {\n            display: none;\n        }\n    <\/style>\n    <style type=\"text\/css\">\n        .breadcrumb-container.theme1 li {\n            margin: 0;\n            padding: 0;\n        }\n        .breadcrumb-container.theme1 a {\n            background: ;\n            display: inline-block;\n            margin: 0 5px;\n            padding: 5px 10px;\n            text-decoration: none;\n        }\n    <\/style>\n        <style type=\"text\/css\">\n            <\/style>\n    <script>\n            <\/script>\n[\/vc_column_text][\/vc_column][\/vc_row][vc_row css=&#8221;.vc_custom_1475488264405{padding-bottom: 40px !important;}&#8221; el_id=&#8221;bloque_basica&#8221;][vc_column width=&#8221;5\/6&#8243;]<h3 class=\"sc_title sc_title_regular margin_top_tiny\">Servici de videointerpretaci\u00f3 per a persones sordes o amb discapacitat auditiva.<\/h3>[vc_single_image image=&#8221;7487&#8243; img_size=&#8221;large&#8221; onclick=&#8221;custom_link&#8221; img_link_target=&#8221;_blank&#8221; link=&#8221;http:\/\/citapreviaomac.elche.es:8899\/qmaticwebbooking&#8221;][vc_empty_space]<div class=\"sc_section\"><div class=\"sc_section_inner\">[vc_column_text]<\/p>\n<div>\n<div>\n<p>Si eres una persona sorda o amb discapacitat auditiva, pots utilitzar el servici de videointerpretaci\u00f3 per a comunicar-te amb l\u2019OMAC o amb el Servici Telef\u00f2nic d\u2019Atenci\u00f3 Ciutadana 010 de l\u2019Ajuntament d\u2019Elx.<\/p>\n<p><strong>EN QU\u00c8 CONSISTIX<\/strong><br \/>\nEl servici funciona a trav\u00e9s de videotelefonades ateses per videoint\u00e8rprets de llengua de signes. La int\u00e8rpret o l\u2019int\u00e8rpret traduir\u00e0 la conversaci\u00f3 entre tu i el servici municipal triat, ja siga el servici d\u2019atenci\u00f3 telef\u00f2nica 010 o a trav\u00e9s d\u2019atenci\u00f3 presencial en qualsevol OMAC.<\/p>\n<p><strong>COM COMUNICAR-TE<\/strong><br \/>\nPots dirigir-te a la persona int\u00e8rpret de la forma que tries: en llengua de signes, amb missatges de text o usant la teua pr\u00f2pia veu. D\u2019igual manera, la persona videoint\u00e8rpret es comunicar\u00e0 amb tu en la forma que preferisques: llengua de signes, text o lectura labial.<br \/>\n<em><strong>L\u2019horari d\u2019atenci\u00f3 d\u2019este servici \u00e9s de dilluns a divendres de 9:00 a 10:00 h.<\/strong><\/em><\/p>\n<p><strong>COM ACCEDIR AL SERVICI<\/strong><\/p>\n<p><strong>Entrant en l\u2019enlla\u00e7 web des del teu tel\u00e8fon m\u00f2bil, tauleta o ordinador. <\/strong>L\u2019Ajuntament d\u2019Elx oferix el servici de videointerpretaci\u00f3 en llengua de signes per a realitzar consultes al <em><strong>servici d\u2019informaci\u00f3 010<\/strong><\/em>. A trav\u00e9s d\u2019este servici, els usuaris i usu\u00e0ries podran contactar amb el 010 utilitzant la plataforma Svisual, que permetr\u00e0 la comunicaci\u00f3 tant amb un videoint\u00e8rpret (amb llengua de signes), com via xat. D\u2019esta manera, es facilita que el servici 010 siga un servici accessible a totes les persones sordes, independentment del seu grau i tipus de discapacitat, i de si utilitzen o no la llengua de signes.<br \/>\nPer a accedir al servici, nom\u00e9s \u00e9s necessari disposar d\u2019un dispositiu amb connexi\u00f3 a internet, webcam i utilitzar un navegador compatible amb WebRTC (Chrome o Mozilla Firefox)\u2013&gt; <a href=\"https:\/\/ayuntamientoelche.svisual.org\/010\/index.php?lang=val\" target=\"_blank\" rel=\"noopener\"><em><strong>Accedix aqu\u00ed al servici<\/strong><\/em><\/a><\/p>\n<p><strong>Presencialment en qualsevol de les oficines OMAC<\/strong>, segons els dies d\u2019obertura de cada una d\u2019estes, on podr\u00e0s comunicar-te amb el personal municipal contactant amb la persona videoint\u00e8rpret des d\u2019un dispositiu disponible per a aix\u00f2, en horari de dilluns a divendres de 9:00 a 10:00 hores. Si vols agafar <strong>cita pr\u00e8via<\/strong> per a este servici <strong><em><a href=\"https:\/\/citapreviaomac.elche.es:8890\/qmaticwebbooking\/#\/\" target=\"_blank\" rel=\"noopener\">punxa aqu\u00ed<\/a>.<\/em><\/strong><\/p>\n<p><strong>SVIsual<\/strong><br \/>\nEste servici de videointerpretaci\u00f3 contractat per l\u2019Ajuntament d\u2019Elx es denomina SVIsual i el presta la Fundaci\u00f3 FESORD CV en col\u00b7laboraci\u00f3 amb la Confederaci\u00f3 Estatal de Persones Sordes (CNSE) i la seua Fundaci\u00f3.<\/p>\n<p><strong>Confidencialitat<\/strong><br \/>\nEl servici garantix la confidencialitat del servici i la total privacitat de les telefonades Els llocs de videointerpretaci\u00f3 estan dissenyats per a preservar la intimitat de les persones usu\u00e0ries i el contingut de les seues conversacions.<br \/>\nLes dades que es faciliten a SVIsual estaran protegides amb el que disposa la legislaci\u00f3 vigent en mat\u00e8ria de protecci\u00f3 de dades de car\u00e0cter personal, el RGPD (UE) 2016\/679, de 27 d\u2019abril, i la LOPD 3\/2018, de 5 de desembre, i les conversacions que tinguen lloc durant la seu a utilitzaci\u00f3 no seran gravades. SVIsual es compromet a vetlar per la privacitat de les seues persones usu\u00e0ries. M\u00e9s informaci\u00f3 sobre la pol\u00edtica de confidencialitat.<\/p>\n<\/div>\n<\/div>\n<div><\/div>\n<p>[\/vc_column_text]<\/div><\/div>[vc_empty_space][vc_widget_sidebar sidebar_id=&#8221;sidebar_custom_2&#8243;][\/vc_column][vc_column width=&#8221;1\/6&#8243;][\/vc_column][\/vc_row]<\/p>\n<\/div>","protected":false},"excerpt":{"rendered":"<p>[vc_row full_width=&#8221;stretch_row&#8221; css=&#8221;.vc_custom_1475488224066{background-color: #dddde0 !important;}&#8221;][vc_column][vc_column_text][\/vc_column_text][vc_column_text][\/vc_column_text][\/vc_column][\/vc_row][vc_row css=&#8221;.vc_custom_1475488264405{padding-bottom: 40px !important;}&#8221; el_id=&#8221;bloque_basica&#8221;][vc_column width=&#8221;5\/6&#8243;][vc_single_image image=&#8221;7487&#8243; img_size=&#8221;large&#8221; onclick=&#8221;custom_link&#8221; img_link_target=&#8221;_blank&#8221; link=&#8221;http:\/\/citapreviaomac.elche.es:8899\/qmaticwebbooking&#8221;][vc_empty_space][vc_empty_space][vc_widget_sidebar sidebar_id=&#8221;sidebar_custom_2&#8243;][\/vc_column][vc_column width=&#8221;1\/6&#8243;][\/vc_column][\/vc_row]<\/p>\n","protected":false},"author":10,"featured_media":0,"parent":6937,"menu_order":0,"comment_status":"closed","ping_status":"closed","template":"","meta":{"footnotes":""},"class_list":["post-306061","page","type-page","status-publish","hentry"],"_links":{"self":[{"href":"https:\/\/www.elche.es\/va\/wp-json\/wp\/v2\/pages\/306061","targetHints":{"allow":["GET"]}}],"collection":[{"href":"https:\/\/www.elche.es\/va\/wp-json\/wp\/v2\/pages"}],"about":[{"href":"https:\/\/www.elche.es\/va\/wp-json\/wp\/v2\/types\/page"}],"author":[{"embeddable":true,"href":"https:\/\/www.elche.es\/va\/wp-json\/wp\/v2\/users\/10"}],"replies":[{"embeddable":true,"href":"https:\/\/www.elche.es\/va\/wp-json\/wp\/v2\/comments?post=306061"}],"version-history":[{"count":5,"href":"https:\/\/www.elche.es\/va\/wp-json\/wp\/v2\/pages\/306061\/revisions"}],"predecessor-version":[{"id":306122,"href":"https:\/\/www.elche.es\/va\/wp-json\/wp\/v2\/pages\/306061\/revisions\/306122"}],"up":[{"embeddable":true,"href":"https:\/\/www.elche.es\/va\/wp-json\/wp\/v2\/pages\/6937"}],"wp:attachment":[{"href":"https:\/\/www.elche.es\/va\/wp-json\/wp\/v2\/media?parent=306061"}],"curies":[{"name":"wp","href":"https:\/\/api.w.org\/{rel}","templated":true}]}}