{"id":30944,"date":"2017-05-29T10:04:32","date_gmt":"2017-05-29T09:04:32","guid":{"rendered":"http:\/\/www.elche.es\/va\/majors\/actividades-varias\/"},"modified":"2023-06-01T12:37:02","modified_gmt":"2023-06-01T10:37:02","slug":"actividades-varias","status":"publish","type":"page","link":"https:\/\/www.elche.es\/va\/mayores\/actividades-varias\/","title":{"rendered":"Activitats"},"content":{"rendered":"<div class=\"wpb-content-wrapper\"><p>[vc_row full_width=&#8221;stretch_row&#8221; css=&#8221;.vc_custom_1475488224066{background-color: #dddde0 !important;}&#8221;][vc_column][vc_column_text]<nav aria-label=\"breadcrumbs\">\n            <div class=\"breadcrumb-container theme1\">\n                <ol>\n                                    <\/ol>\n            <\/div>\n        <\/nav>    <script type=\"application\/ld+json\">\n        {\n            \"@context\": \"http:\/\/schema.org\",\n            \"@type\": \"BreadcrumbList\",\n            \"itemListElement\": [\n                            ]\n        }\n    <\/script>\n    <style type=\"text\/css\">\n        .breadcrumb-container {\n            font-size: 13px;\n        }\n\n        .breadcrumb-container ul {\n            margin: 0;\n            padding: 0;\n        }\n\n        .breadcrumb-container li {\n            box-sizing: unset;\n            display: inline-block;\n            margin: 0;\n            padding: 0;\n        }\n\n        .breadcrumb-container li a {\n            box-sizing: unset;\n            padding: 0 10px;\n        }\n\n        .breadcrumb-container {\n            font-size: 3 !important;\n                    }\n\n        .breadcrumb-container li a {\n            color: #0a0a0a !important;\n            font-size: 3 !important;\n            line-height: 3 !important;\n                    }\n\n        .breadcrumb-container li .separator {\n            font-size: 3 !important;\n                    }\n\n        .breadcrumb-container li:last-child .separator {\n            display: none;\n        }\n    <\/style>\n    <style type=\"text\/css\">\n        .breadcrumb-container.theme1 li {\n            margin: 0;\n            padding: 0;\n        }\n        .breadcrumb-container.theme1 a {\n            background: ;\n            display: inline-block;\n            margin: 0 5px;\n            padding: 5px 10px;\n            text-decoration: none;\n        }\n    <\/style>\n        <style type=\"text\/css\">\n            <\/style>\n    <script>\n            <\/script>\n[\/vc_column_text][\/vc_column][\/vc_row][vc_row full_width=&#8221;stretch_row&#8221; css=&#8221;.vc_custom_1528702970797{padding-top: 120px !important;padding-right: 120px !important;padding-bottom: 270px !important;padding-left: 120px !important;background-image: url(https:\/\/www.elche.es\/wp-content\/uploads\/2017\/05\/VOLUNTARIADO.jpeg?id=62386) !important;background-position: center !important;background-repeat: no-repeat !important;background-size: cover !important;}&#8221;][vc_column][vc_custom_heading text=&#8221;ACTIVITATS&#8221; font_container=&#8221;tag:h2|text_align:center|color:%23ffffff&#8221; google_fonts=&#8221;font_family:Ubuntu%3A300%2C300italic%2Cregular%2Citalic%2C500%2C500italic%2C700%2C700italic|font_style:700%20bold%20regular%3A700%3Anormal&#8221; css=&#8221;.vc_custom_1510911824949{padding-top: 80px !important;}&#8221; el_class=&#8221;sombraTitulo&#8221;][\/vc_column][\/vc_row]<div id=\"sc_tabs_338489747\" class=\"sc_tabs sc_tabs_style_1\" data-active=\"0\"><ul class=\"sc_tabs_titles\"><li class=\"sc_tabs_title first\"><a href=\"#sc_tab_1496048673_1_88\" class=\"theme_button\" id=\"sc_tab_1496048673_1_88_tab\">Formaci\u00f3<\/a><\/li><li class=\"sc_tabs_title\"><a href=\"#sc_tab_1496048750858_4\" class=\"theme_button\" id=\"sc_tab_1496048750858_4_tab\">Dia Internacional Del Major<\/a><\/li><li class=\"sc_tabs_title\"><a href=\"#sc_tab_1501236026808_3\" class=\"theme_button\" id=\"sc_tab_1501236026808_3_tab\">Superxef<\/a><\/li><li class=\"sc_tabs_title\"><a href=\"#sc_tab_1501236056528_5\" class=\"theme_button\" id=\"sc_tab_1501236056528_5_tab\">Bodes d'Or<\/a><\/li><li class=\"sc_tabs_title last\"><a href=\"#sc_tab_1501236071774_1\" class=\"theme_button\" id=\"sc_tab_1501236071774_1_tab\">Tallers Benestar Social<\/a><\/li><\/ul><div id=\"sc_tab_1496048673_1_88\" class=\"sc_tabs_content odd first\">[vc_column_text]L&#8217;educaci\u00f3 cont\u00ednua o Educaci\u00f3 Permanent d&#8217;Adults s&#8217;ha convertit en un fet vital imprescindible. No es deu solament a les exig\u00e8ncies socials que afortunadament van emergint, sin\u00f3 tamb\u00e9 a les de la mateixa traject\u00f2ria vital on continuar aprenent \u00e9s continuar vivint. Per aix\u00f2, es treballa per a contribuir a la formaci\u00f3 i a l&#8217;educaci\u00f3 cont\u00ednua per als majors amb els programes d&#8217;inform\u00e0tica i de m\u00f2bil.<\/p>\n<div>La Regidoria organitza cursos b\u00e0sics d&#8217;inform\u00e0tica i de m\u00f2bil dirigits a aquelles persones que no han tingut cap oportunitat de poder familiaritzar-se amb l&#8217;\u00fas dels ordinadors i dels m\u00f2bils fins a la pr\u00e0ctica de xicotetes accions que els mantenen comunicats i informats: correu electr\u00f2nic, lectura de premsa, cerca de dades i informaci\u00f3 variada en la xarxa.<\/div>\n<div><\/div>\n<div><strong>Formaci\u00f3 en TIC. <\/strong>S&#8217;organitzen cursos d&#8217;inform\u00e0tica b\u00e0sics i avan\u00e7ats per a acostar les noves tecnologies a les persones majors amb la perspectiva d&#8217;eliminar en la mesura del possible la bretxa digital de la societat de la informaci\u00f3 i la comunicaci\u00f3 que es planteja a moltes generacions.<\/div>\n<p style=\"text-align: justify;\"><strong>Tallers majors mobilitzats<\/strong>. Pel conveni signat amb l&#8217;organitzaci\u00f3\u00a0<span class=\"hiddenSpellError\">JovesSolides<\/span>\u00a0a trav\u00e9s d&#8217;un conveni amb Vodafone, es realitzen tallers per al maneig de telefonia m\u00f2bil i\u00a0tauletes t\u00e0ctils\u00a0per part dels majors. Aquests cursos s\u00f3n gratu\u00efts i nom\u00e9s han d&#8217;acudir amb el seu propi m\u00f2bil.<\/p>\n<p>[\/vc_column_text][vc_empty_space]<\/div><div id=\"sc_tab_1496048750858_4\" class=\"sc_tabs_content even\">[vc_column_text]<\/p>\n<p style=\"text-align: justify;\">La discriminaci\u00f3 per envelliment i de vegades l&#8217;aband\u00f3 i maltractament de les persones majors \u00e9s una actitud freq\u00fcent i perjudicial que es basa en el cas que \u00e9s una norma social i, per tant, acceptable. Esta marginaci\u00f3 \u00e9s una realitat en la major part de les societats, d&#8217;una forma o una altra, i es materialitza en les actituds dels individus, les pr\u00e0ctiques institucionals i normatives, i la representaci\u00f3 medi\u00e0tica. Totes elles devaluen i exclouen a les persones majors.<\/p>\n<p style=\"text-align: justify;\">Amb motiu de la celebraci\u00f3 del dia 1 d&#8217;octubre, Dia Internacional de les Persones Majors, des de la Regidoria de Pol\u00edtiques de Majors s&#8217;organitzen diferents actes per a homenatjar i rendir tribut als nostres majors, centrats principalment en el mes d&#8217;octubre.<\/p>\n<p style=\"text-align: justify;\">La informaci\u00f3 m\u00e9s detallada respecte a les activitats i el lloc de desenvolupament es publicar\u00e0 en una data m\u00e9s pr\u00f2xima a l&#8217;esdeveniment.<\/p>\n<p>[\/vc_column_text][vc_empty_space]<\/div><div id=\"sc_tab_1501236026808_3\" class=\"sc_tabs_content odd\">[vc_column_text]<\/p>\n<p style=\"text-align: justify;\">Des de la Regidoria de Majors\u00a0 es realitza el Concurs gastron\u00f2mic Superxef Senior, on els nostres majors poden demostrar els seus dots culinaris difundiendo\u00a0 les seues virtuts i habilitats en la cuina, contribuint a la seua perman\u00e8ncia en el temps a trav\u00e9s de les noves generacions.<\/p>\n<p><a href=\"https:\/\/www.elche.es\/va\/majors\/superxef\/\">M\u00e9s Informaci\u00f3<\/a>.[\/vc_column_text][vc_empty_space]<\/div><div id=\"sc_tab_1501236056528_5\" class=\"sc_tabs_content even\">[vc_column_text]La Regidoria de Pol\u00edtiques de Majors organitza la campanya 50 ANYS JUNTS (Bodes d&#8217;Or) on s&#8217;homenatgen totes aquelles parelles que compleixen 50 anys durant l&#8217;any amb la celebraci\u00f3 d&#8217;un emotiu acte juntament amb la fam\u00edlia i els amics.<\/p>\n<div><\/div>\n<div>En aquest acte es reuneixen aquelles parelles il\u00b7licitanes interessades que han sigut inscrites pr\u00e8viament i han aportat la documentaci\u00f3 necess\u00e0ria que es requereix.<\/div>\n<div><\/div>\n<div><strong>La documentaci\u00f3 \u00e9s la seg\u00fcent:<\/strong><\/div>\n<div><\/div>\n<ul>\n<li>Full d&#8217;inscripci\u00f3: OMAC, Regidoria P. Majors o desc\u00e0rrega en la p\u00e0gina web.<\/li>\n<li>Fotoc\u00f2pia del DNI de cadascun dels membres de la parella.<\/li>\n<li>Fotoc\u00f2pia del Llibre de fam\u00edlia: Full en el qual apareix la data del casament.<\/li>\n<li>Una fotografia del casament, grand\u00e0ria 15 x 21 cm, per a utilitzar a l&#8217;exposici\u00f3 de fotografies.<\/li>\n<li>Breu hist\u00f2ria de la parella (n. de fills, treballs de la parella,\u2026).<\/li>\n<\/ul>\n<p>Les parelles interessades a participar podran presentar tota la documentaci\u00f3 des de mitjan maig fins a principis de setembre, aproximadament, en qualsevol oficina OMAC del municipi d&#8217;Elx.[\/vc_column_text]<\/div><div id=\"sc_tab_1501236071774_1\" class=\"sc_tabs_content odd\">[vc_column_text]<\/p>\n<p style=\"text-align: justify;\">El programa d&#8217;animaci\u00f3 sociocultural, a trav\u00e9s de tallers i activitats en els centres socials fonamentalment, pret\u00e9n ajudar a la ciutadania il.licitana al seu desenvolupament personal i social, a trav\u00e9s del seu temps d&#8217;oci, facilitant que es generen relacions i vincles entre les persones participants.<\/p>\n<p>[\/vc_column_text][vc_empty_space]\r\n        <p>\r\n        <span class=\"enlaces-titulo\"> Servei de Dinamitzaci\u00f3 Comunit\u00e0ria <\/span> <span><a class=\"enlaces-link\" target='_blank'href=\"https:\/\/www.elche.es\/va\/derechos-sociales\/servei-daccio-comunitaria\/dinamitzacio-comunitaria\/ \">Veure enlla\u00e7<\/a><\/span>\r\n        <br>\r\n        <span class=\"enlaces-descripcion\"><\/span>\r\n        <\/p>\r\n        <hr class=\"enlaces-separador\">\r\n        [vc_empty_space]<\/div><\/div>[vc_row][vc_column][\/vc_column][\/vc_row]<\/p>\n<\/div>","protected":false},"excerpt":{"rendered":"<p>[vc_row full_width=&#8221;stretch_row&#8221; css=&#8221;.vc_custom_1475488224066{background-color: #dddde0 !important;}&#8221;][vc_column][vc_column_text][\/vc_column_text][\/vc_column][\/vc_row][vc_row full_width=&#8221;stretch_row&#8221; css=&#8221;.vc_custom_1528702970797{padding-top: 120px !important;padding-right: 120px !important;padding-bottom: 270px !important;padding-left: 120px !important;background-image: url(https:\/\/www.elche.es\/wp-content\/uploads\/2017\/05\/VOLUNTARIADO.jpeg?id=62386) !important;background-position: center !important;background-repeat: no-repeat !important;background-size: cover !important;}&#8221;][vc_column][vc_custom_heading text=&#8221;ACTIVITATS&#8221; font_container=&#8221;tag:h2|text_align:center|color:%23ffffff&#8221; google_fonts=&#8221;font_family:Ubuntu%3A300%2C300italic%2Cregular%2Citalic%2C500%2C500italic%2C700%2C700italic|font_style:700%20bold%20regular%3A700%3Anormal&#8221; css=&#8221;.vc_custom_1510911824949{padding-top: 80px !important;}&#8221; el_class=&#8221;sombraTitulo&#8221;][\/vc_column][\/vc_row][vc_row][vc_column][\/vc_column][\/vc_row]<\/p>\n","protected":false},"author":46,"featured_media":0,"parent":16348,"menu_order":0,"comment_status":"closed","ping_status":"closed","template":"","meta":{"footnotes":""},"class_list":["post-30944","page","type-page","status-publish","hentry"],"_links":{"self":[{"href":"https:\/\/www.elche.es\/va\/wp-json\/wp\/v2\/pages\/30944","targetHints":{"allow":["GET"]}}],"collection":[{"href":"https:\/\/www.elche.es\/va\/wp-json\/wp\/v2\/pages"}],"about":[{"href":"https:\/\/www.elche.es\/va\/wp-json\/wp\/v2\/types\/page"}],"author":[{"embeddable":true,"href":"https:\/\/www.elche.es\/va\/wp-json\/wp\/v2\/users\/46"}],"replies":[{"embeddable":true,"href":"https:\/\/www.elche.es\/va\/wp-json\/wp\/v2\/comments?post=30944"}],"version-history":[{"count":0,"href":"https:\/\/www.elche.es\/va\/wp-json\/wp\/v2\/pages\/30944\/revisions"}],"up":[{"embeddable":true,"href":"https:\/\/www.elche.es\/va\/wp-json\/wp\/v2\/pages\/16348"}],"wp:attachment":[{"href":"https:\/\/www.elche.es\/va\/wp-json\/wp\/v2\/media?parent=30944"}],"curies":[{"name":"wp","href":"https:\/\/api.w.org\/{rel}","templated":true}]}}