{"id":311880,"date":"2024-09-26T12:45:06","date_gmt":"2024-09-26T10:45:06","guid":{"rendered":"https:\/\/www.elche.es\/?page_id=311880"},"modified":"2024-09-26T13:15:16","modified_gmt":"2024-09-26T11:15:16","slug":"dia-mundial-del-turismo","status":"publish","type":"page","link":"https:\/\/www.elche.es\/va\/dia-mundial-del-turismo\/","title":{"rendered":"D\u00eda Mundial del Turismo"},"content":{"rendered":"<div class=\"wpb-content-wrapper\"><p>[vc_row full_width=&#8221;stretch_row_content_no_spaces&#8221; css=&#8221;.vc_custom_1663588492163{background-position: center !important;background-repeat: no-repeat !important;background-size: cover !important;}&#8221; el_class=&#8221;cuadrocabecerafoto&#8221;][vc_column][vc_single_image image=&#8221;311890&#8243; img_size=&#8221;full&#8221; alignment=&#8221;center&#8221; el_class=&#8221;cabecerasolofoto&#8221;][\/vc_column][\/vc_row][vc_row type=&#8221;1&#8243; style=&#8221;regular&#8221; align=&#8221;none&#8221; font_size=&#8221;&#8221; font_weight=&#8221;inherit&#8221; color=&#8221;&#8221; icon=&#8221;inherit&#8221; image=&#8221;none&#8221; picture=&#8221;&#8221; image_size=&#8221;small&#8221; position=&#8221;left&#8221; id=&#8221;&#8221; class=&#8221;titulo-pagina&#8221; animation=&#8221;none&#8221; top=&#8221;small&#8221; bottom=&#8221;inherit&#8221; left=&#8221;inherit&#8221; right=&#8221;inherit&#8221;][vc_column]<h1 class=\"sc_title sc_title_regular titulo-pagina margin_top_small\">DIA MUNDIAL DEL TURISME 2024<\/h1>[\/vc_column][\/vc_row][vc_row type=&#8221;5&#8243; style=&#8221;regular&#8221; align=&#8221;none&#8221; font_size=&#8221;&#8221; font_weight=&#8221;inherit&#8221; color=&#8221;&#8221; icon=&#8221;inherit&#8221; image=&#8221;none&#8221; picture=&#8221;&#8221; image_size=&#8221;small&#8221; position=&#8221;left&#8221; id=&#8221;&#8221; class=&#8221;subtitulosapartados&#8221; animation=&#8221;none&#8221; top=&#8221;inherit&#8221; bottom=&#8221;inherit&#8221; left=&#8221;inherit&#8221; right=&#8221;inherit&#8221;][vc_column]<h5 class=\"sc_title sc_title_regular subtitulosapartados margin_bottom_null\"><span style=\"color: #339966;\"><b><span style=\"font-size: 24pt;\">|<\/span> JORNADES DE PORTES OBERTES EN MUSEUS I ESPAIS CULTURALS<br \/>\n<\/b><\/span><\/h5>[vc_column_text]*HORARI ESPECIAL: Amb motiu de la celebraci\u00f3 de la Nit en Blanc, el dissabte 28 de setembre tots estos espais tindran un horari extraordinari de 18.00 a 00.00 h amb entrada gratu\u00efta durant tot el dia i activitats especials. Consulteu la programaci\u00f3 de les activitats de la Nit en Blanc d&#8217;Elx ac\u00ed: Nit en Blanc d&#8217;Elx[\/vc_column_text][\/vc_column][\/vc_row][vc_row css=&#8221;.vc_custom_1727341629404{margin-top: 20px !important;}&#8221;][vc_column][vc_column_text el_class=&#8221;entrelugar&#8221;]<strong>MAHE<\/strong><\/p>\n<p>Divendres 27 de 10.00 a 18.00 h.<\/p>\n<p>*Dissabte 28, de 10.00 a 00.00 h.<\/p>\n<p>Diumenge 29, de 10.00 a 15.00 h.<\/p>\n<p>&nbsp;<\/p>\n<p><strong>MUPE, Museu del Palmerar, Museu de la Festa, Banys \u00c0rabs, MUVAPE, Torre de La Calaforra, Centre Cultural les Clarisses, Antiga Llotja Medieval, Sala d&#8217;Exposicions Temporals del MACE, Antiga Capella de l&#8217;Orde Tercer Francisc\u00e0 i Sala Lanart (CCCE L\u2019Escorxador)<\/strong><\/p>\n<p>Divendres 27 de 10.00 a 14.00 h. i de 15.00 a 18.00 h<\/p>\n<p>*Dissabte 28, de 10.00 a 14.00 h. i de 15.00 a 00.00 h<\/p>\n<p>Diumenge 29, de 10.00 a 14.00 h<\/p>\n<p>&nbsp;<\/p>\n<p><strong>Casa del Betlem:<\/strong><\/p>\n<p>Divendres 27 de 10.00 a 13.00 h. i de 18.00 a 20.00 h<\/p>\n<p>*Dissabte 28, de 10.00 a 13.00 h. i de 18.00 a 00.00 h<\/p>\n<p>Diumenge 29, de 10.00 a 13.00 h<\/p>\n<p>&nbsp;<\/p>\n<p><strong>Museu Escolar de Pu\u00e7ol:<\/strong><\/p>\n<p>Divendres 27, de 9.00 a 13.30 h. i de 16.00 a 18.00 h<\/p>\n<p>*Dissabte 28 d&#8217;11.00 a 14.00 i de 18.00 a 00.00 h<\/p>\n<p>Diumenge 29, d&#8217;11.00 a 14.00 h<\/p>\n<p>&nbsp;<\/p>\n<p><strong>Parc Arqueol\u00f2gic i Museu de L&#8217;Alc\u00fadia:<\/strong><\/p>\n<p>Divendres 27 i diumenge 29 de 9.30 a 15.00 h<\/p>\n<p>*Dissabte 28 de 09.30 a 15.00 i de 18.00 h. a 00.00 h<\/p>\n<p>Duraci\u00f3 de la visita 2 hores aproximadament<\/p>\n<p>\u00daltima entrada a les 13.30 h. al mat\u00ed i a les 18.00 h. el dissabte a la vesprada.<\/p>\n<p>&nbsp;<\/p>\n<p><strong>Torre dels Va\u00efllos:<\/strong><\/p>\n<p>*Dissabte 28 de 10.00 a 14.00 h. i de 18.00 a 00.00 h<\/p>\n<p>Diumenge 29, de 10.00 a 14.00 h<\/p>\n<p>&nbsp;<\/p>\n<p><strong>Casa de l\u2019Hort dels Pontos:<\/strong><\/p>\n<p>*Dissabte 28 de 10.00 a 14.00 h. i de 18.00 a 00.00 h<\/p>\n<p>Diumenge 29, de 10.00 a 14.00 h[\/vc_column_text][\/vc_column][\/vc_row][vc_row type=&#8221;5&#8243; style=&#8221;regular&#8221; align=&#8221;none&#8221; font_size=&#8221;&#8221; font_weight=&#8221;inherit&#8221; color=&#8221;&#8221; icon=&#8221;inherit&#8221; image=&#8221;none&#8221; picture=&#8221;&#8221; image_size=&#8221;small&#8221; position=&#8221;left&#8221; id=&#8221;&#8221; class=&#8221;subtitulosapartados&#8221; animation=&#8221;none&#8221; top=&#8221;inherit&#8221; bottom=&#8221;inherit&#8221; left=&#8221;inherit&#8221; right=&#8221;inherit&#8221;][vc_column][vc_column_text]<\/p>\n<hr \/>\n<p>[\/vc_column_text]<h5 class=\"sc_title sc_title_regular subtitulosapartados margin_bottom_null\"><span style=\"color: #339966;\"><strong><span style=\"font-size: 24pt;\"><b>|\u00a0<\/b><\/span>VISITES GUIADES I ACTIVITATS PROGRAMADES<\/strong><\/span><\/h5>[\/vc_column][\/vc_row][vc_row][vc_column][vc_column_text el_class=&#8221;entrelugar&#8221;]<strong>VISITA CENTRE HIST\u00d2RIC I PALMERAR \u2013 VISITA GUIADA A PEU<\/strong><\/p>\n<p>Divendres 27 i dissabte 28 a les 11.30 i a les 17.00 h<\/p>\n<p>Diumenge 29 a les 11.30 h<\/p>\n<p>Duraci\u00f3: 1 hora i 30 minuts.<\/p>\n<p>Eixida des de l&#8217;Oficina de Turisme, al costat del Parc Municipal.<\/p>\n<p>Pr\u00e8via inscripci\u00f3 en l&#8217;Oficina de Turisme (96 665 81 96 \u00b7 touristinfo@visitelche.com). Places limitades.<\/p>\n<p>Visita dissabte 28 a les 11.30 h acompanyada per int\u00e8rpret en llengua de signes.<\/p>\n<p><strong>MUSEU DEL PALMERAR \u2013 DEMOSTRACI\u00d3 OFICI PALMERER<\/strong><\/p>\n<p>Divendres 27<\/p>\n<p>Dissabte 28 i diumenge 29 a les 12.00 h.<\/p>\n<p>Demostraci\u00f3 de l&#8217;ofici tradicional de palmerer.<\/p>\n<p>&nbsp;<\/p>\n<p><strong>VISITA TEATRALITZADA <em>ILI PALMIR EN LA B\u00daSQUEDA DE LOS DRAGONES<\/em> \u2013 P\u00daBLIC FAMILIAR<\/strong><\/p>\n<p>Divendres 27 a les 18.00 h.<\/p>\n<p>Dissabte 28 a les 11.00 h.<\/p>\n<p>Viu una aventura amb l&#8217;explorador Ili Palmir en la busca de dracs pel Parc municipal i el centre hist\u00f2ric.<\/p>\n<p>Duraci\u00f3: 1 hora i 30 minuts. Eixida des de l&#8217;Oficina de Turisme.<\/p>\n<p>Pr\u00e8via inscripci\u00f3 en l&#8217;Oficina de Turisme (96 665 81 96 \u00b7 touristinfo@visitelche.com). Places limitades.<\/p>\n<p>Els menors han d&#8217;anar acompanyats per un adult responsable.<\/p>\n<p>&nbsp;<\/p>\n<p><strong>RUTA PALEOURBANA \u2013 ORGANITZADA PEL MUPE (MUSEU PALEONTOL\u00d2GIC D&#8217;ELX)<\/strong><\/p>\n<p>Divendres 27 a les 18.00 h.<\/p>\n<p>Ruta Paleourbana: Descobrix els f\u00f2ssils amagats en les roques ornamentals de la ciutat.<\/p>\n<p>Duraci\u00f3: 45 minuts.<\/p>\n<p>Eixida des de la bas\u00edlica de Santa Maria.<\/p>\n<p>Fi de la ruta al MUPE.<\/p>\n<p>Pr\u00e8via inscripci\u00f3 en el MUPE (96 545 88 03 \u2013 info@cidarismpe.org). Places limitades.<\/p>\n<p>Acompanyada per int\u00e8rpret en llengua de signes.<\/p>\n<p>&nbsp;<\/p>\n<p><strong>CASA DE L\u2019HORT DELS PONTOS \u2013 JOCS DE FUSTA<\/strong><\/p>\n<p>Dissabte 28 de 10.00 a 14.00 h.<\/p>\n<p>Jocs de fusta.<\/p>\n<p>Jocs artesanals amb fustes reutilitzades. Activitat gratu\u00efta, sense inscripci\u00f3 pr\u00e8via.<\/p>\n<p>&nbsp;<\/p>\n<p><strong>PARATGE NATURAL MUNICIPAL EL CLOT DE GALVANY \u2013 VISITA GUIADA<\/strong><\/p>\n<p>Diumenge 29 a les 10.00 h.<\/p>\n<p>Visita tem\u00e0tica guiada: \u201cLib\u00e8l\u00b7lules i lib\u00e8l\u00b7lules al Clot\u201d.<\/p>\n<p>Pr\u00e8via inscripci\u00f3 en la Regidoria de Medi Ambient (mediambient@elche.es).<\/p>\n<p>Places limitades. Data l\u00edmit per a la inscripci\u00f3, divendres, 27 de setembre, fins a les 14.00 h<\/p>\n<p>Edat recomanada: a partir de 10 anys (els menors han d&#8217;anar acompanyats per un adult responsable).[\/vc_column_text][\/vc_column][\/vc_row][vc_row type=&#8221;5&#8243; style=&#8221;regular&#8221; align=&#8221;none&#8221; font_size=&#8221;&#8221; font_weight=&#8221;inherit&#8221; color=&#8221;&#8221; icon=&#8221;inherit&#8221; image=&#8221;none&#8221; picture=&#8221;&#8221; image_size=&#8221;small&#8221; position=&#8221;left&#8221; id=&#8221;&#8221; class=&#8221;subtitulosapartados&#8221; animation=&#8221;none&#8221; top=&#8221;inherit&#8221; bottom=&#8221;inherit&#8221; left=&#8221;inherit&#8221; right=&#8221;inherit&#8221;][vc_column][vc_column_text]<\/p>\n<hr \/>\n<p>[\/vc_column_text]<h5 class=\"sc_title sc_title_regular subtitulosapartados margin_bottom_null\"><span style=\"color: #339966;\"><strong><span style=\"font-size: 24pt;\"><b>|\u00a0<\/b><\/span>DESCOMPTES I PROMOCIONS<\/strong><\/span><\/h5>[\/vc_column][\/vc_row][vc_row][vc_column][vc_column_text el_class=&#8221;entrelugar&#8221;]<strong>JARD\u00cd HORT DEL CURA<\/strong><\/p>\n<p>Divendres 27, dissabte 28 i diumenge 29 (de 10.00 a 20.00 h)<\/p>\n<p>Tarifa general redu\u00efda: 4,50 \u20ac.<\/p>\n<p>&nbsp;<\/p>\n<p><strong>EL TRENET \u2013 TREN TUR\u00cdSTIC<\/strong><\/p>\n<p>Divendres 27, dissabte 28 i diumenge 29.<\/p>\n<p>Tarifa redu\u00efda: 2,30 \u20ac.<\/p>\n<p>Duraci\u00f3: 45 minuts aprox.<\/p>\n<p>Recorregut tur\u00edstic pel Palmerar i el centre hist\u00f2ric.<\/p>\n<p>Eixida cada hora a partir de les 10.00 h des de l&#8217;Oficina de Turisme (al costat del Parc Municipal).<\/p>\n<p>Divendres 27 \u00faltima eixida a les 17.00 h<\/p>\n<p>Dissabte 28 i diumenge 29, \u00faltima eixida a les 18.00 h<\/p>\n<p>&nbsp;<\/p>\n<p><strong>AEROGLOBUS<\/strong><\/p>\n<p>Descompte especial del 15% en els vols amb globus aerost\u00e0tic sobre el Camp d\u2019Elx.<\/p>\n<p>El descompte s&#8217;aplicar\u00e0 a les persones que facen la seua reserva durant els dies 27 al 29 de setembre.<\/p>\n<p>Les reserves es faran a trav\u00e9s de la p\u00e0gina web www.aeroglobo.com, utilitzant el codi promocional TURISELX i podran ser per a qualsevol data futura disponible, o tamb\u00e9 per a bons sense data determinada.<\/p>\n<p>&nbsp;<\/p>\n<p><strong>BODEGUES FAELO<\/strong><\/p>\n<p>Divendres 27, dissabte 28 i diumenge 29.<\/p>\n<p>Promoci\u00f3: per la compra de 5 botelles, 1 botella de vi blanc de regal (compres a la bodega, de 10.00 a 13.00 h).<\/p>\n<p>Visites guiades amb degustaci\u00f3 de vins. Pr\u00e8via reserva, amb els preus i horaris que s&#8217;indiquen en els corresponents formularis. Informaci\u00f3 i reserves: <a href=\"https:\/\/www.vinosladama.com\/es\/enoturismo\/\">https:\/\/www.vinosladama.com\/es\/enoturismo\/<\/a><\/p>\n<p>&nbsp;<\/p>\n<p><strong>PISTA DE GEL ELX<\/strong><\/p>\n<p>Divendres 27, dissabte 28 i diumenge 29.<\/p>\n<p>Promoci\u00f3 Especial Dia Mundial del Turisme 2 x 1 en la Pista de Gel Elx.<\/p>\n<p>Si les entrades s\u00f3n de distint import, es pagar\u00e0 la de l&#8217;import m\u00e9s alt.<\/p>\n<p>Promoci\u00f3 no acumulable amb altres ofertes.<\/p>\n<p>&nbsp;<\/p>\n<p><strong>R\u00cdO SAFARI ELX<\/strong><\/p>\n<p>Del dimarts 24 al diumenge 29: 4 \u20ac de descompte per persona en les entrades de xiquets, adults, i s\u00e9niors.<\/p>\n<p>Imprescindible presentar cup\u00f3 descompte que s&#8217;obt\u00e9 en www.riosafari.com.[\/vc_column_text][\/vc_column][\/vc_row]<\/p>\n<\/div>","protected":false},"excerpt":{"rendered":"<p>[vc_row full_width=&#8221;stretch_row_content_no_spaces&#8221; css=&#8221;.vc_custom_1663588492163{background-position: center !important;background-repeat: no-repeat !important;background-size: cover !important;}&#8221; el_class=&#8221;cuadrocabecerafoto&#8221;][vc_column][vc_single_image image=&#8221;311890&#8243; img_size=&#8221;full&#8221; alignment=&#8221;center&#8221; el_class=&#8221;cabecerasolofoto&#8221;][\/vc_column][\/vc_row][vc_row type=&#8221;1&#8243; style=&#8221;regular&#8221; align=&#8221;none&#8221; font_size=&#8221;&#8221; font_weight=&#8221;inherit&#8221; color=&#8221;&#8221; icon=&#8221;inherit&#8221; image=&#8221;none&#8221; picture=&#8221;&#8221; image_size=&#8221;small&#8221; position=&#8221;left&#8221; id=&#8221;&#8221; class=&#8221;titulo-pagina&#8221; animation=&#8221;none&#8221; top=&#8221;small&#8221; bottom=&#8221;inherit&#8221; [&hellip;]<\/p>\n","protected":false},"author":139,"featured_media":0,"parent":0,"menu_order":0,"comment_status":"closed","ping_status":"closed","template":"","meta":{"footnotes":""},"class_list":["post-311880","page","type-page","status-publish","hentry"],"_links":{"self":[{"href":"https:\/\/www.elche.es\/va\/wp-json\/wp\/v2\/pages\/311880","targetHints":{"allow":["GET"]}}],"collection":[{"href":"https:\/\/www.elche.es\/va\/wp-json\/wp\/v2\/pages"}],"about":[{"href":"https:\/\/www.elche.es\/va\/wp-json\/wp\/v2\/types\/page"}],"author":[{"embeddable":true,"href":"https:\/\/www.elche.es\/va\/wp-json\/wp\/v2\/users\/139"}],"replies":[{"embeddable":true,"href":"https:\/\/www.elche.es\/va\/wp-json\/wp\/v2\/comments?post=311880"}],"version-history":[{"count":3,"href":"https:\/\/www.elche.es\/va\/wp-json\/wp\/v2\/pages\/311880\/revisions"}],"predecessor-version":[{"id":311894,"href":"https:\/\/www.elche.es\/va\/wp-json\/wp\/v2\/pages\/311880\/revisions\/311894"}],"wp:attachment":[{"href":"https:\/\/www.elche.es\/va\/wp-json\/wp\/v2\/media?parent=311880"}],"curies":[{"name":"wp","href":"https:\/\/api.w.org\/{rel}","templated":true}]}}