{"id":325251,"date":"2025-02-06T13:06:55","date_gmt":"2025-02-06T11:06:55","guid":{"rendered":"https:\/\/www.elche.es\/?page_id=325251"},"modified":"2025-02-19T09:56:50","modified_gmt":"2025-02-19T07:56:50","slug":"normatives-i-impresos","status":"publish","type":"page","link":"https:\/\/www.elche.es\/va\/biblioteques-elx\/coneix-nos\/normatives-i-impresos\/","title":{"rendered":"Normatives i Impresos"},"content":{"rendered":"<div class=\"wpb-content-wrapper\"><p>[vc_row full_width=&#8221;stretch_row&#8221; css=&#8221;.vc_custom_1611735193470{background-image: url(https:\/\/www.elche.es\/wp-content\/uploads\/2016\/10\/cabeceras_biblioteca.png?id=3541) !important;background-position: center !important;background-repeat: no-repeat !important;background-size: cover !important;}&#8221; el_id=&#8221;bloque_titulo&#8221; el_class=&#8221;slidersecciones&#8221;][vc_column][vc_custom_heading text=&#8221;BIBLIOTEQUES&#8221; font_container=&#8221;tag:h2|text_align:center|color:%23ffffff&#8221; google_fonts=&#8221;font_family:Ubuntu%3A300%2C300italic%2Cregular%2Citalic%2C500%2C500italic%2C700%2C700italic|font_style:700%20bold%20regular%3A700%3Anormal&#8221; css=&#8221;&#8221; el_class=&#8221;sombraTitulo cabeceramovil&#8221;][\/vc_column][\/vc_row][vc_row][vc_column]<div class=\"templatera_shortcode https:\/\/www.elche.es\/wp-content\/uploads\/2022\/11\/Servicis-biblioteca-INFANTIL-val.pdf\"><div id=\"bloque_menu_enlaces\" data-vc-full-width=\"true\" data-vc-full-width-init=\"false\" data-vc-stretch-content=\"true\" class=\"vc_row wpb_row vc_row-fluid bloque_menu_paginas bloquemnuestop abajoslider vc_custom_1631786392630 vc_row-has-fill vc_row-no-padding\"><div class=\"wpb_column vc_column_container vc_col-sm-12\"><div class=\"vc_column-inner\"><div class=\"wpb_wrapper\">\r\n        \r\n        <a class=\"menuVC\"  href=\"https:\/\/www.elche.es\/va\/biblioteques-elx\/coneix-nos\/\"> <span> Coneix-nos <\/span><\/a>\r\n        \r\n        <a class=\"menuVC\"  href=\"https:\/\/www.elche.es\/va\/biblioteques-elx\/utilitza-la-biblioteca\/\"> <span> Utilitza la biblioteca <\/span><\/a>\r\n        \r\n        <a class=\"menuVC\"  href=\"https:\/\/www.elche.es\/va\/biblioteques-elx\/agenda\/\"> <span> Agenda <\/span><\/a>\r\n        \r\n        <a class=\"menuVC\"  href=\"https:\/\/www.elche.es\/va\/biblioteques-elx\/infantil-i-juvenil\/\"> <span> Infantil i Juvenil <\/span><\/a>\r\n        \r\n        <a class=\"menuVC\"  href=\"https:\/\/www.elche.es\/va\/biblioteques-elx\/investiga\/\"> <span> Investiga <\/span><\/a>\r\n        \r\n        <a class=\"menuVC\"  href=\"https:\/\/www.elche.es\/va\/biblioteques-elx\/elx-a-la-biblioteca\/\"> <span> Elx a la biblioteca <\/span><\/a><\/div><\/div><\/div><\/div><div class=\"vc_row-full-width vc_clearfix\"><\/div>\r\n<\/div>[\/vc_column][\/vc_row][vc_row full_width=&#8221;stretch_row&#8221; css=&#8221;.vc_custom_1475484188729{background-color: #dddde0 !important;}&#8221;][vc_column][vc_column_text]<nav aria-label=\"breadcrumbs\">\n            <div class=\"breadcrumb-container theme1\">\n                <ol>\n                                    <\/ol>\n            <\/div>\n        <\/nav>    <script type=\"application\/ld+json\">\n        {\n            \"@context\": \"http:\/\/schema.org\",\n            \"@type\": \"BreadcrumbList\",\n            \"itemListElement\": [\n                            ]\n        }\n    <\/script>\n    <style type=\"text\/css\">\n        .breadcrumb-container {\n            font-size: 13px;\n        }\n\n        .breadcrumb-container ul {\n            margin: 0;\n            padding: 0;\n        }\n\n        .breadcrumb-container li {\n            box-sizing: unset;\n            display: inline-block;\n            margin: 0;\n            padding: 0;\n        }\n\n        .breadcrumb-container li a {\n            box-sizing: unset;\n            padding: 0 10px;\n        }\n\n        .breadcrumb-container {\n            font-size: 3 !important;\n                    }\n\n        .breadcrumb-container li a {\n            color: #0a0a0a !important;\n            font-size: 3 !important;\n            line-height: 3 !important;\n                    }\n\n        .breadcrumb-container li .separator {\n            font-size: 3 !important;\n                    }\n\n        .breadcrumb-container li:last-child .separator {\n            display: none;\n        }\n    <\/style>\n    <style type=\"text\/css\">\n        .breadcrumb-container.theme1 li {\n            margin: 0;\n            padding: 0;\n        }\n        .breadcrumb-container.theme1 a {\n            background: ;\n            display: inline-block;\n            margin: 0 5px;\n            padding: 5px 10px;\n            text-decoration: none;\n        }\n    <\/style>\n        <style type=\"text\/css\">\n            <\/style>\n    <script>\n            <\/script>\n[\/vc_column_text][\/vc_column][\/vc_row][vc_row full_width=&#8221;stretch_row&#8221; el_class=&#8221;margintop40&#8243;][vc_column width=&#8221;1\/4&#8243;]<div class=\"templatera_shortcode\"><div class=\"vc_row wpb_row vc_row-fluid\"><div class=\"menulateral menulateralizq wpb_column vc_column_container vc_col-sm-12\"><div class=\"vc_column-inner\"><div class=\"wpb_wrapper\">\r\n        \r\n        <a class=\"menuVC\"  href=\"https:\/\/www.elche.es\/va\/biblioteques-elx\/coneix-nos\/troba-la-teua-biblioteca\/\"> <span> Troba la teua biblioteca <\/span><\/a>\r\n        \r\n        <a class=\"menuVC\"  href=\"https:\/\/www.elche.es\/va\/biblioteques-elx\/coneix-nos\/seccions\/\"> <span> Seccions <\/span><\/a>\r\n        \r\n        <a class=\"menuVC\"  href=\"https:\/\/www.elche.es\/va\/biblioteques-elx\/coneix-nos\/normatives-i-impresos\/\"> <span> Normatives i Impresos <\/span><\/a>\r\n        \r\n        <a class=\"menuVC\"  href=\"https:\/\/www.elche.es\/va\/biblioteques-elx\/coneix-nos\/la-nostra-historia\/\"> <span> La nostra hist\u00f2ria <\/span><\/a><\/div><\/div><\/div><\/div>\r\n<\/div>[\/vc_column][vc_column width=&#8221;3\/4&#8243;]<h3 class=\"sc_title sc_title_regular margenbajotitulos margin_top_null margin_bottom_null margin_left_null\" style=\"````\">Normatives i Impresos<\/h3>[vc_column_text css=&#8221;&#8221;]Normativa General:<\/p>\n<ul>\n<li>Respectar els espais, les instal\u00b7lacions i els equipaments, aix\u00ed com la resta de persones usu\u00e0ries, i contribuir d&#8217;esta manera a mantenir un entorn adequat de treball.<\/li>\n<li>Vigilar els efectes personals, at\u00e9s que la biblioteca no es fa responsable de robatoris o p\u00e8rdues.<\/li>\n<li>Manipular els documents bibliotecaris amb cura, i evitar estropejar-los.<\/li>\n<li>Per a menjar i beure cal usar l&#8217;espai destinat per a aix\u00f2. En les sales nom\u00e9s es permet tenir una botella d&#8217;aigua.<\/li>\n<li>Els tel\u00e8fons han d&#8217;estar en silenci. Per a parlar cal eixir a l&#8217;exterior de la biblioteca.<\/li>\n<li>No es pot entrar a la biblioteca amb animals (excepte gossos guia), ni accedir amb bicicletes o patinets.<\/li>\n<li>Cal demanar perm\u00eds per a usar c\u00e0meres de v\u00eddeo o fer fotografies en l&#8217;interior de la biblioteca.<\/li>\n<li>Per a fer \u00fas de determinats servicis de la biblioteca cal tenir el carnet de biblioteca.<\/li>\n<\/ul>\n<p>Altres documents informatius i impresos de biblioteques per a tramitacions (imprimix, ompli i presenta en la teua biblioteca):<\/p>\n<p><a href=\"https:\/\/www.elche.es\/wp-content\/uploads\/2024\/03\/Triptico-eBiblio-y-eFilm-Castellano.pdf\">Tr\u00edptic eBiblio i eFilm<\/a><\/p>\n<p><a href=\"https:\/\/www.elche.es\/wp-content\/uploads\/2024\/03\/Folleto-Consulta-Catalogo-2024.pdf\">Guia Consulta Cat\u00e0leg<\/a><\/p>\n<p><a href=\"https:\/\/www.elche.es\/wp-content\/uploads\/2024\/03\/Adquisicion-de-obras.pdf\">Petici\u00f3 adquisici\u00f3 d&#8217;obres<\/a>[\/vc_column_text][vc_empty_space height=&#8221;62px&#8221; el_id=&#8221;https:\/\/www.elche.es\/wp-content\/uploads\/2022\/11\/Servicis-biblioteca-INFANTIL-val.pdf&#8221;][vc_column_text][\/vc_column_text][\/vc_column][\/vc_row][vc_row full_width=&#8221;stretch_row&#8221;][vc_column][vc_empty_space height=&#8221;62px&#8221;][\/vc_column][\/vc_row]<\/p>\n<\/div>","protected":false},"excerpt":{"rendered":"BIBLIOTEQUES Coneix-nos Utilitza la biblioteca Agenda Infantil i Juvenil Investiga Elx a la biblioteca Troba la teua biblioteca Seccions Normatives i Impresos La nostra hist\u00f2ria Normatives i Impresos Normativa General: [...]","protected":false},"author":139,"featured_media":0,"parent":325237,"menu_order":0,"comment_status":"closed","ping_status":"closed","template":"","meta":{"footnotes":""},"class_list":["post-325251","page","type-page","status-publish","hentry"],"_links":{"self":[{"href":"https:\/\/www.elche.es\/va\/wp-json\/wp\/v2\/pages\/325251","targetHints":{"allow":["GET"]}}],"collection":[{"href":"https:\/\/www.elche.es\/va\/wp-json\/wp\/v2\/pages"}],"about":[{"href":"https:\/\/www.elche.es\/va\/wp-json\/wp\/v2\/types\/page"}],"author":[{"embeddable":true,"href":"https:\/\/www.elche.es\/va\/wp-json\/wp\/v2\/users\/139"}],"replies":[{"embeddable":true,"href":"https:\/\/www.elche.es\/va\/wp-json\/wp\/v2\/comments?post=325251"}],"version-history":[{"count":3,"href":"https:\/\/www.elche.es\/va\/wp-json\/wp\/v2\/pages\/325251\/revisions"}],"predecessor-version":[{"id":326637,"href":"https:\/\/www.elche.es\/va\/wp-json\/wp\/v2\/pages\/325251\/revisions\/326637"}],"up":[{"embeddable":true,"href":"https:\/\/www.elche.es\/va\/wp-json\/wp\/v2\/pages\/325237"}],"wp:attachment":[{"href":"https:\/\/www.elche.es\/va\/wp-json\/wp\/v2\/media?parent=325251"}],"curies":[{"name":"wp","href":"https:\/\/api.w.org\/{rel}","templated":true}]}}