{"id":325253,"date":"2025-02-06T13:09:04","date_gmt":"2025-02-06T11:09:04","guid":{"rendered":"https:\/\/www.elche.es\/?page_id=325253"},"modified":"2025-02-19T10:39:19","modified_gmt":"2025-02-19T08:39:19","slug":"la-nostra-historia","status":"publish","type":"page","link":"https:\/\/www.elche.es\/va\/biblioteques-elx\/coneix-nos\/la-nostra-historia\/","title":{"rendered":"La nostra hist\u00f2ria"},"content":{"rendered":"<div class=\"wpb-content-wrapper\"><p>[vc_row full_width=&#8221;stretch_row&#8221; css=&#8221;.vc_custom_1611735193470{background-image: url(https:\/\/www.elche.es\/wp-content\/uploads\/2016\/10\/cabeceras_biblioteca.png?id=3541) !important;background-position: center !important;background-repeat: no-repeat !important;background-size: cover !important;}&#8221; el_id=&#8221;bloque_titulo&#8221; el_class=&#8221;slidersecciones&#8221;][vc_column][vc_custom_heading text=&#8221;BIBLIOTEQUES&#8221; font_container=&#8221;tag:h2|text_align:center|color:%23ffffff&#8221; google_fonts=&#8221;font_family:Ubuntu%3A300%2C300italic%2Cregular%2Citalic%2C500%2C500italic%2C700%2C700italic|font_style:700%20bold%20regular%3A700%3Anormal&#8221; css=&#8221;&#8221; el_class=&#8221;sombraTitulo cabeceramovil&#8221;][\/vc_column][\/vc_row][vc_row][vc_column]<div class=\"templatera_shortcode\"><div id=\"bloque_menu_enlaces\" data-vc-full-width=\"true\" data-vc-full-width-init=\"false\" data-vc-stretch-content=\"true\" class=\"vc_row wpb_row vc_row-fluid bloque_menu_paginas bloquemnuestop abajoslider vc_custom_1631786392630 vc_row-has-fill vc_row-no-padding\"><div class=\"wpb_column vc_column_container vc_col-sm-12\"><div class=\"vc_column-inner\"><div class=\"wpb_wrapper\">\r\n        \r\n        <a class=\"menuVC\"  href=\"https:\/\/www.elche.es\/va\/biblioteques-elx\/coneix-nos\/\"> <span> Coneix-nos <\/span><\/a>\r\n        \r\n        <a class=\"menuVC\"  href=\"https:\/\/www.elche.es\/va\/biblioteques-elx\/utilitza-la-biblioteca\/\"> <span> Utilitza la biblioteca <\/span><\/a>\r\n        \r\n        <a class=\"menuVC\"  href=\"https:\/\/www.elche.es\/va\/biblioteques-elx\/agenda\/\"> <span> Agenda <\/span><\/a>\r\n        \r\n        <a class=\"menuVC\"  href=\"https:\/\/www.elche.es\/va\/biblioteques-elx\/infantil-i-juvenil\/\"> <span> Infantil i Juvenil <\/span><\/a>\r\n        \r\n        <a class=\"menuVC\"  href=\"https:\/\/www.elche.es\/va\/biblioteques-elx\/investiga\/\"> <span> Investiga <\/span><\/a>\r\n        \r\n        <a class=\"menuVC\"  href=\"https:\/\/www.elche.es\/va\/biblioteques-elx\/elx-a-la-biblioteca\/\"> <span> Elx a la biblioteca <\/span><\/a><\/div><\/div><\/div><\/div><div class=\"vc_row-full-width vc_clearfix\"><\/div>\r\n<\/div>[\/vc_column][\/vc_row][vc_row full_width=&#8221;stretch_row&#8221; css=&#8221;.vc_custom_1475484188729{background-color: #dddde0 !important;}&#8221;][vc_column offset=&#8221;vc_hidden-sm vc_hidden-xs&#8221;][vc_column_text]<nav aria-label=\"breadcrumbs\">\n            <div class=\"breadcrumb-container theme1\">\n                <ol>\n                                    <\/ol>\n            <\/div>\n        <\/nav>    <script type=\"application\/ld+json\">\n        {\n            \"@context\": \"http:\/\/schema.org\",\n            \"@type\": \"BreadcrumbList\",\n            \"itemListElement\": [\n                            ]\n        }\n    <\/script>\n    <style type=\"text\/css\">\n        .breadcrumb-container {\n            font-size: 13px;\n        }\n\n        .breadcrumb-container ul {\n            margin: 0;\n            padding: 0;\n        }\n\n        .breadcrumb-container li {\n            box-sizing: unset;\n            display: inline-block;\n            margin: 0;\n            padding: 0;\n        }\n\n        .breadcrumb-container li a {\n            box-sizing: unset;\n            padding: 0 10px;\n        }\n\n        .breadcrumb-container {\n            font-size: 3 !important;\n                    }\n\n        .breadcrumb-container li a {\n            color: #0a0a0a !important;\n            font-size: 3 !important;\n            line-height: 3 !important;\n                    }\n\n        .breadcrumb-container li .separator {\n            font-size: 3 !important;\n                    }\n\n        .breadcrumb-container li:last-child .separator {\n            display: none;\n        }\n    <\/style>\n    <style type=\"text\/css\">\n        .breadcrumb-container.theme1 li {\n            margin: 0;\n            padding: 0;\n        }\n        .breadcrumb-container.theme1 a {\n            background: ;\n            display: inline-block;\n            margin: 0 5px;\n            padding: 5px 10px;\n            text-decoration: none;\n        }\n    <\/style>\n        <style type=\"text\/css\">\n            <\/style>\n    <script>\n            <\/script>\n[\/vc_column_text][\/vc_column][\/vc_row][vc_row full_width=&#8221;stretch_row&#8221; el_class=&#8221;margintop40&#8243;][vc_column width=&#8221;1\/4&#8243;]<div class=\"templatera_shortcode\"><div class=\"vc_row wpb_row vc_row-fluid\"><div class=\"menulateral menulateralizq wpb_column vc_column_container vc_col-sm-12\"><div class=\"vc_column-inner\"><div class=\"wpb_wrapper\">\r\n        \r\n        <a class=\"menuVC\"  href=\"https:\/\/www.elche.es\/va\/biblioteques-elx\/coneix-nos\/troba-la-teua-biblioteca\/\"> <span> Troba la teua biblioteca <\/span><\/a>\r\n        \r\n        <a class=\"menuVC\"  href=\"https:\/\/www.elche.es\/va\/biblioteques-elx\/coneix-nos\/seccions\/\"> <span> Seccions <\/span><\/a>\r\n        \r\n        <a class=\"menuVC\"  href=\"https:\/\/www.elche.es\/va\/biblioteques-elx\/coneix-nos\/normatives-i-impresos\/\"> <span> Normatives i Impresos <\/span><\/a>\r\n        \r\n        <a class=\"menuVC\"  href=\"https:\/\/www.elche.es\/va\/biblioteques-elx\/coneix-nos\/la-nostra-historia\/\"> <span> La nostra hist\u00f2ria <\/span><\/a><\/div><\/div><\/div><\/div>\r\n<\/div>[\/vc_column][vc_column width=&#8221;3\/4&#8243;]<h3 class=\"sc_title sc_title_regular margin_top_null margin_bottom_null margin_left_null\" style=\"````\">La nostra hist\u00f2ria<\/h3>[vc_column_text css=&#8221;&#8221;]<strong>Or\u00edgens de les biblioteques en la ciutat<\/strong><\/p>\n<p>Rafael Navarro Mallebrera (2002) destaca l&#8217;exist\u00e8ncia de biblioteques p\u00fabliques a Elx en el s. XIX, quan en 1835 la Reial Societat Econ\u00f2mica d&#8217;Amics del Pa\u00eds fund\u00e0 la primera, de la qual no han quedat m\u00e9s proves que la de la seua mera exist\u00e8ncia. Posteriorment, en 1869, arran de la creaci\u00f3 pel Ministeri de Foment de les denominades Biblioteques Populars, la ciutat en sol\u00b7licit\u00e0 dos, una per a l&#8217;Ajuntament (26\/5\/1889) que, pese a obtenir el perm\u00eds i els llibres, mai arrib\u00e0 a obrir-la, i una altra per al Cercle Obrer, que rebutj\u00e0 el lot de llibres per la seua parquedat i esc\u00e0s inter\u00e9s.<\/p>\n<p>Menci\u00f3 a banda mereix, ja en el s. XX, la Biblioteca Popular Maci\u00e1, fundada per l&#8217;Ajuntament en un quiosc de la Glorieta per a exclusiva lectura en el citat jard\u00ed, i que la revista <em>Elche<\/em>, en 1929, amb motiu d&#8217;haver desaparegut dos ter\u00e7os dels seus fons, la denomina: \u201c<em>\u2026bibliotequilla \u2026 un adorno, una flor m\u00e1s en el jard\u00edn, hecho tan s\u00f3lo para fines de ornato y esparcimiento\u2026\u201d<\/em><\/p>\n<p>Esta falta de lectura p\u00fablica vingu\u00e9 sent pal\u00b7liada fins a 1939 per les biblioteques de les associacions obreres i partits pol\u00edtics, alguna d&#8217;estes de certa import\u00e0ncia, com la ja citada del Cercle Obrer i la del Cercle Republic\u00e0 Radical, que incl\u00fas arribaren a funcionar com a biblioteques p\u00fabliques, acollides a la normativa estatal i, per tant, obtenint lots de llibres. Cal destacar tamb\u00e9, ja que servir\u00e0 de ciment per a la biblioteca municipal, la de l&#8217;Institut de Segona Ensenyan\u00e7a, sens dubte la millor dotada.<\/p>\n<p>Conclosa la Guerra Civil i procedents de la Junta de Requisa quedaren en poder de l&#8217;Ajuntament els fons de les biblioteques dels partits i associacions que formaren part del Front Popular, aix\u00ed com la del clausurat Institut de Segona Ensenyan\u00e7a. Paradoxalment, en 1939 la Comissi\u00f3 Municipal Gestora cre\u00e0 amb este material, la Biblioteca Municipal, que obr\u00ed les portes en 1940 amb dos seccions: infantil i adults en una mateixa sala<\/p>\n<p>A m\u00e9s, l&#8217;Ajuntament comptava amb la biblioteca del Sr. Pere Ibarra, cedida per la seua viuda a la ciutat en 1939 i un xicotet lot de llibres procedents dels convents il\u00b7licitans desamortitzats, que no foren venuts.<\/p>\n<p><strong>Etapa de canvis: d\u00e8cada dels 60 i 70<\/strong><\/p>\n<p>Vint anys m\u00e9s tard, en 1959, l&#8217;Ajuntament subscrigu\u00e9 un conveni amb el Centre Provincial Coordinador de Biblioteques mitjan\u00e7ant el qual la Biblioteca Municipal passava a formar part de la xarxa dependent del Servici Nacional de Lectura.<\/p>\n<p>Contr\u00e0riament al que era de preveure, tal conveni no signific\u00e0 l&#8217;adaptaci\u00f3 a les necessitats d&#8217;una ciutat que comen\u00e7ava, no nom\u00e9s a ampliar l&#8217;horitz\u00f3 educatiu dels seus habitants, sin\u00f3 a multiplicar per molt el seu nombre, passant entre 1960 i 1970 de 73.000 a 122.663, mentre la biblioteca romandr\u00e0 ancorada en sistemes descriptius del s. XIX i amb tan sols 24 punts de lectura i, en conseq\u00fc\u00e8ncia, in\u00fatil per al seu prop\u00f2sit primer, fomentar la lectura.<\/p>\n<p>Esta ca\u00f2tica situaci\u00f3 es mantindr\u00e0 fins a 1977, data en qu\u00e8 el Servici Nacional de Lectura i l&#8217;Ajuntament elaboren un projecte tendent a dotar la ciutat d&#8217;una xarxa de xicotetes biblioteques p\u00fabliques, annexa a centres escolars, amb l&#8217;objecte de complir la doble missi\u00f3 de biblioteca p\u00fablica i biblioteca escolar, pese a les retic\u00e8ncies dels servicis t\u00e8cnics del Servici.<\/p>\n<p><strong>La xarxa de biblioteques municipals<\/strong><\/p>\n<p>Conseq\u00fc\u00e8ncia d&#8217;aix\u00f2, en 1978 entr\u00e0 en funcionament un bibliob\u00fas amb una dotaci\u00f3 de 6000 volums i 21 parades, i\u00a0 entre aquell any i 1982 s&#8217;obriran al p\u00fablic les biblioteques: Palmerar, l&#8217;Alc\u00fadia, Carr\u00fas, Baix Vinalop\u00f3, totes estes amb un lot fundacional de 3500 volums i les seccions pr\u00f2pies del servici: hemeroteca, secci\u00f3 infantil-juvenil, pr\u00e9stec i secci\u00f3 de refer\u00e8ncia.<\/p>\n<p>La xarxa romandr\u00e0 invariable, excepte en un conseg\u00fcent augment de fons, fins a 1987 en qu\u00e8, per una banda, s&#8217;inicia la construcci\u00f3 de biblioteques en les pedanies: Torrellano (1987), l&#8217;Altet (1991) i, d&#8217;altra banda, es comen\u00e7a un estudi sobre la funcionalitat de les biblioteques, amb una doble missi\u00f3 de biblioteca p\u00fablica i biblioteca escolar que s&#8217;havia mostrat poc efica\u00e7 i que desembocar\u00e0 en una nova ubicaci\u00f3 d&#8217;estes, amb el conseg\u00fcent abandonament de la seua funci\u00f3 escolar.<\/p>\n<p>Aix\u00ed, en 1991, com a conseq\u00fc\u00e8ncia de l&#8217;estudi anterior, es disseny\u00e0 un model urb\u00e0 basat, en una primera fase, en la transformaci\u00f3 de les xicotetes biblioteques de barri en centres de capacitat mitjana, biblioteques de districte, annexos a depend\u00e8ncies socioculturals, i amb possibilitats d&#8217;atendre poblacions prop 40.000 habitants. \u00c9s a dir, determinar una xarxa urbana de biblioteques de districte, dotar les grans pedanies de xicotetes biblioteques i un bibliob\u00fas actuant sobre la poblaci\u00f3 dispersa del Camp d&#8217;Elx, amb un model de centres amb el cent per cent del material en acc\u00e9s directe. Com a conseq\u00fc\u00e8ncia d&#8217;este projecte es traslladaren les biblioteques Carr\u00fas, Baix Vinalop\u00f3 i l&#8217;Alc\u00fadia; les dos primeres a zones de major densitat de poblaci\u00f3, que augmentaren la seua superf\u00edcie, i la tercera a la pedania de la Marina (1994). La biblioteca d&#8217;Altabix s&#8217;inaugurar\u00e0 en 2001 i les infantils Mestre Pep Sempere (Altabix) i Gloria Fuertes (Toscar) en 2008 i 2011 respectivament.<\/p>\n<p><strong>La biblioteca central Pere Ibarra: el convent francisc\u00e0 de Sant Josep<\/strong><\/p>\n<p>Despr\u00e9s de l&#8217;aprovaci\u00f3 de la Constituci\u00f3, la subscripci\u00f3 d&#8217;un nou conveni amb el Ministeri de Cultura permet\u00e9 la construcci\u00f3 d&#8217;un gran edifici biblioteca, acord amb les necessitats de la ciutat, rehabilitant per a aix\u00f2 les restes d&#8217;un convent francisc\u00e0 de finals del s. XVI, al qual es traslladaren els fons de la primera biblioteca municipal.<\/p>\n<p>Concl\u00f2s l&#8217;edifici en 1982, quan ja s&#8217;havia produ\u00eft la transfer\u00e8ncia de les funcions i servicis del Centre Nacional de Lectura a la Generalitat Valenciana, esta unific\u00e0 l&#8217;administrativament dispersa xarxa local, en declarar el nou centre Biblioteca Central Coordinadora de les altres de la ciutat.[\/vc_column_text][\/vc_column][\/vc_row][vc_row full_width=&#8221;stretch_row&#8221;][vc_column][vc_empty_space height=&#8221;62px&#8221;][\/vc_column][\/vc_row]<\/p>\n<\/div>","protected":false},"excerpt":{"rendered":"BIBLIOTEQUES Coneix-nos Utilitza la biblioteca Agenda Infantil i Juvenil Investiga Elx a la biblioteca Troba la teua biblioteca Seccions Normatives i Impresos La nostra hist\u00f2ria La nostra hist\u00f2ria Or\u00edgens de [...]","protected":false},"author":139,"featured_media":0,"parent":325237,"menu_order":0,"comment_status":"closed","ping_status":"closed","template":"","meta":{"footnotes":""},"class_list":["post-325253","page","type-page","status-publish","hentry"],"_links":{"self":[{"href":"https:\/\/www.elche.es\/va\/wp-json\/wp\/v2\/pages\/325253","targetHints":{"allow":["GET"]}}],"collection":[{"href":"https:\/\/www.elche.es\/va\/wp-json\/wp\/v2\/pages"}],"about":[{"href":"https:\/\/www.elche.es\/va\/wp-json\/wp\/v2\/types\/page"}],"author":[{"embeddable":true,"href":"https:\/\/www.elche.es\/va\/wp-json\/wp\/v2\/users\/139"}],"replies":[{"embeddable":true,"href":"https:\/\/www.elche.es\/va\/wp-json\/wp\/v2\/comments?post=325253"}],"version-history":[{"count":5,"href":"https:\/\/www.elche.es\/va\/wp-json\/wp\/v2\/pages\/325253\/revisions"}],"predecessor-version":[{"id":326662,"href":"https:\/\/www.elche.es\/va\/wp-json\/wp\/v2\/pages\/325253\/revisions\/326662"}],"up":[{"embeddable":true,"href":"https:\/\/www.elche.es\/va\/wp-json\/wp\/v2\/pages\/325237"}],"wp:attachment":[{"href":"https:\/\/www.elche.es\/va\/wp-json\/wp\/v2\/media?parent=325253"}],"curies":[{"name":"wp","href":"https:\/\/api.w.org\/{rel}","templated":true}]}}