{"id":325277,"date":"2025-02-06T13:54:16","date_gmt":"2025-02-06T11:54:16","guid":{"rendered":"https:\/\/www.elche.es\/?page_id=325277"},"modified":"2025-02-10T10:32:48","modified_gmt":"2025-02-10T08:32:48","slug":"utilitza-la-biblioteca","status":"publish","type":"page","link":"https:\/\/www.elche.es\/va\/biblioteques-elx\/utilitza-la-biblioteca\/","title":{"rendered":"Utilitza la biblioteca"},"content":{"rendered":"<div class=\"wpb-content-wrapper\"><p>[vc_row full_width=&#8221;stretch_row&#8221; css=&#8221;.vc_custom_1611735193470{background-image: url(https:\/\/www.elche.es\/wp-content\/uploads\/2016\/10\/cabeceras_biblioteca.png?id=3541) !important;background-position: center !important;background-repeat: no-repeat !important;background-size: cover !important;}&#8221; el_id=&#8221;bloque_titulo&#8221; el_class=&#8221;slidersecciones&#8221;][vc_column][vc_custom_heading text=&#8221;BIBLIOTEQUES&#8221; font_container=&#8221;tag:h2|text_align:center|color:%23ffffff&#8221; google_fonts=&#8221;font_family:Ubuntu%3A300%2C300italic%2Cregular%2Citalic%2C500%2C500italic%2C700%2C700italic|font_style:700%20bold%20regular%3A700%3Anormal&#8221; css=&#8221;&#8221; el_class=&#8221;sombraTitulo cabeceramovil&#8221;][\/vc_column][\/vc_row][vc_row][vc_column]<div class=\"templatera_shortcode\"><div id=\"bloque_menu_enlaces\" data-vc-full-width=\"true\" data-vc-full-width-init=\"false\" data-vc-stretch-content=\"true\" class=\"vc_row wpb_row vc_row-fluid bloque_menu_paginas bloquemnuestop abajoslider vc_custom_1631786392630 vc_row-has-fill vc_row-no-padding\"><div class=\"wpb_column vc_column_container vc_col-sm-12\"><div class=\"vc_column-inner\"><div class=\"wpb_wrapper\">\r\n        \r\n        <a class=\"menuVC\"  href=\"https:\/\/www.elche.es\/va\/biblioteques-elx\/coneix-nos\/\"> <span> Coneix-nos <\/span><\/a>\r\n        \r\n        <a class=\"menuVC\"  href=\"https:\/\/www.elche.es\/va\/biblioteques-elx\/utilitza-la-biblioteca\/\"> <span> Utilitza la biblioteca <\/span><\/a>\r\n        \r\n        <a class=\"menuVC\"  href=\"https:\/\/www.elche.es\/va\/biblioteques-elx\/agenda\/\"> <span> Agenda <\/span><\/a>\r\n        \r\n        <a class=\"menuVC\"  href=\"https:\/\/www.elche.es\/va\/biblioteques-elx\/infantil-i-juvenil\/\"> <span> Infantil i Juvenil <\/span><\/a>\r\n        \r\n        <a class=\"menuVC\"  href=\"https:\/\/www.elche.es\/va\/biblioteques-elx\/investiga\/\"> <span> Investiga <\/span><\/a>\r\n        \r\n        <a class=\"menuVC\"  href=\"https:\/\/www.elche.es\/va\/biblioteques-elx\/elx-a-la-biblioteca\/\"> <span> Elx a la biblioteca <\/span><\/a><\/div><\/div><\/div><\/div><div class=\"vc_row-full-width vc_clearfix\"><\/div>\r\n<\/div>[\/vc_column][\/vc_row][vc_row full_width=&#8221;stretch_row&#8221; css=&#8221;.vc_custom_1475484188729{background-color: #dddde0 !important;}&#8221;][vc_column offset=&#8221;vc_hidden-sm vc_hidden-xs&#8221;][vc_column_text]<nav aria-label=\"breadcrumbs\">\n            <div class=\"breadcrumb-container theme1\">\n                <ol>\n                                    <\/ol>\n            <\/div>\n        <\/nav>    <script type=\"application\/ld+json\">\n        {\n            \"@context\": \"http:\/\/schema.org\",\n            \"@type\": \"BreadcrumbList\",\n            \"itemListElement\": [\n                            ]\n        }\n    <\/script>\n    <style type=\"text\/css\">\n        .breadcrumb-container {\n            font-size: 13px;\n        }\n\n        .breadcrumb-container ul {\n            margin: 0;\n            padding: 0;\n        }\n\n        .breadcrumb-container li {\n            box-sizing: unset;\n            display: inline-block;\n            margin: 0;\n            padding: 0;\n        }\n\n        .breadcrumb-container li a {\n            box-sizing: unset;\n            padding: 0 10px;\n        }\n\n        .breadcrumb-container {\n            font-size: 3 !important;\n                    }\n\n        .breadcrumb-container li a {\n            color: #0a0a0a !important;\n            font-size: 3 !important;\n            line-height: 3 !important;\n                    }\n\n        .breadcrumb-container li .separator {\n            font-size: 3 !important;\n                    }\n\n        .breadcrumb-container li:last-child .separator {\n            display: none;\n        }\n    <\/style>\n    <style type=\"text\/css\">\n        .breadcrumb-container.theme1 li {\n            margin: 0;\n            padding: 0;\n        }\n        .breadcrumb-container.theme1 a {\n            background: ;\n            display: inline-block;\n            margin: 0 5px;\n            padding: 5px 10px;\n            text-decoration: none;\n        }\n    <\/style>\n        <style type=\"text\/css\">\n            <\/style>\n    <script>\n            <\/script>\n[\/vc_column_text][\/vc_column][\/vc_row][vc_row full_width=&#8221;stretch_row&#8221; el_class=&#8221;margintop40&#8243;][vc_column]<h3 class=\"sc_title sc_title_regular margenbajotitulos margin_top_null margin_bottom_null margin_left_null\" style=\"````\">Utilitza la biblioteca<\/h3>[vc_column_text css=&#8221;&#8221;]La biblioteca oferix els seus servicis de forma gratu\u00efta.[\/vc_column_text][vc_empty_space height=&#8221;62px&#8221;][vc_tta_accordion spacing=&#8221;10&#8243; gap=&#8221;10&#8243; active_section=&#8221;999&#8243; collapsible_all=&#8221;true&#8221;][vc_tta_section title=&#8221;Pr\u00e9stec&#8221; tab_id=&#8221;1738840599195-15a40b16-1be9&#8243;][vc_column_text css=&#8221;&#8221;]Les biblioteques que formen part de la Xarxa Electr\u00f2nica de Lectura P\u00fablica Valenciana (XLPV) disposen d&#8217;un carnet \u00fanic de lector que permet la utilitzaci\u00f3 del servici de pr\u00e9stec de totes les biblioteques integrades en esta xarxa.<\/p>\n<ul>\n<li>Pr\u00e9stec personal<\/li>\n<\/ul>\n<p>Per a utilitzar el servici de pr\u00e9stec \u00e9s imprescindible disposar del\u00a0 carnet de lector, en format de targeta f\u00edsica, fotografia o desc\u00e0rrega en el m\u00f2bil.<\/p>\n<p>Pot sol\u00b7licitar-se en qualsevol de les biblioteques de la xarxa. S&#8217;obt\u00e9 de forma presencial presentant un document identificatiu (DNI, passaport, etc.).<\/p>\n<p>Per a la sol\u00b7licitud del carnet infantil (de 0 a 13 anys) \u00e9s necessari que el menor vaja acompanyat per la mare, pare o tutor legal i omplir un impr\u00e9s de sol\u00b7licitud.<\/p>\n<p>La p\u00e8rdua o robo del carnet s&#8217;ha de comunicar d&#8217;immediat a la biblioteca.<\/p>\n<p>El carnet \u00e9s personal i intransferible.<\/p>\n<ul>\n<li>Pr\u00e9stec col\u00b7lectiu<\/li>\n<\/ul>\n<p>El pr\u00e9stec col\u00b7lectiu est\u00e0 destinat a institucions, organitzacions, col\u00b7legis o associacions que per les seues necessitats lectores o de foment de la lectura necessiten dur-se m\u00e9s documents i per m\u00e9s temps.<\/p>\n<ul>\n<li>Pr\u00e9stec interbibliotecari:<\/li>\n<\/ul>\n<p>A petici\u00f3 de l&#8217;usuari, es pot sol\u00b7licitar a una altra biblioteca de la XLPV un document que no estiga disponible en el nostre cat\u00e0leg.<\/p>\n<p>Queden exclosos: Novetats, obres de refer\u00e8ncia, documents rars o valuosos, i qualsevol altre document que la biblioteca propiet\u00e0ria considere.<\/p>\n<p>El servici \u00e9s gratu\u00eft, excepte en cas de biblioteques foranes, i queda limitat a una petici\u00f3 al mes. Durant els mesos de juliol, agost i setembre no est\u00e0 disponible.[\/vc_column_text][\/vc_tta_section][vc_tta_section title=&#8221;Consulta en la biblioteca&#8221; tab_id=&#8221;1738840599226-80d3d66e-e99c&#8221;][vc_column_text css=&#8221;&#8221;]Totes les biblioteques disposen d&#8217;<strong>espais per a la lectura i estudi dels documents.<\/strong> T&#8217;oferim suport en la busca i recuperaci\u00f3 d&#8217;informaci\u00f3.<\/p>\n<p>La Biblioteca Pere Ibarra disposa, a m\u00e9s, d&#8217;una <strong>Sala d&#8217;investigaci\u00f3<\/strong> per a la consulta de Premsa Hist\u00f2rica i fons especials.<\/p>\n<p><strong>Servici de visionat i escolta d&#8217;audiovisuals en Biblioteca Central Pere Ibarra.<\/strong><\/p>\n<p>En la\u00a0<strong><em>Sala de pr\u00e9stec de la Biblioteca Central Pere Ibarra<\/em><\/strong> pots consultar el fons audiovisual. Els documents d&#8217;\u00e0udio i v\u00eddeo es poden escoltar o visionar a m\u00e9s de portar-los en pr\u00e9stec.<\/p>\n<p>Disposem d&#8217;un lloc de visionat de pel\u00b7l\u00edcules, s\u00e8ries, documentals i escolta de m\u00fasica amb reproductor de DVD, aix\u00ed com de CD, i pantalla.<\/p>\n<p>A m\u00e9s, en este lloc pots consultar el fons audiovisual LOCAL no prestable.<\/p>\n<p>La biblioteca vol oferir un espai d&#8217;acc\u00e9s lliure que possibilite el gaudi in situ del seu fons audiovisual. L&#8217;objectiu que es busca \u00e9s doble: <strong>fomentar el cine i la m\u00fasica en les biblioteques<\/strong> i\u00a0<strong>difondre este tipus de fons.<\/strong><\/p>\n<p>Sols \u00e9s necessari tenir el carnet de lector de la Xarxa Electr\u00f2nica de Lectura P\u00fablica Valenciana i seguir els seg\u00fcents passos per a poder fer \u00fas d&#8217;este nou servici:<\/p>\n<p>&nbsp;<\/p>\n<ul>\n<li>Elegir el CD de m\u00fasica o el DVD de la pel\u00b7l\u00edcula, s\u00e8rie o documental entre tot el fons audiovisual que disposa la biblioteca (m\u00e0xim 6 documents) i passar per mostrador per a realitzar el pr\u00e9stec del material que hem de visionar o escoltar i formalitzar la reserva del lloc.<\/li>\n<li>Es disposa d&#8217;un m\u00e0xim de 2 hores di\u00e0ries per a fer \u00fas del lloc de visionat de pel\u00b7l\u00edcules\/escolta de m\u00fasica.<\/li>\n<li>Per q\u00fcestions d&#8217;higiene, \u00e9s recomanable portar auriculars propis. No poden ser inal\u00b7l\u00e0mbrics, ja que no funcionen per Bluetooth. La biblioteca podr\u00e0 prestar auriculars de diadema a aquells usuaris que no en tinguen.<\/li>\n<li>Es podr\u00e0 reservar el lloc presencialment o telef\u00f2nicament el mateix dia o amb un dia d&#8217;antelaci\u00f3.<\/li>\n<li>No obstant aix\u00f2, es podr\u00e0 fer \u00fas del lloc sense reserva pr\u00e8via quan estiga lliure.<\/li>\n<\/ul>\n<p>[\/vc_column_text][\/vc_tta_section][vc_tta_section title=&#8221;Internet&#8221; tab_id=&#8221;1738840681771-393bb745-8d5b&#8221;][vc_column_text css=&#8221;&#8221;]Totes les biblioteques de la RBME disposen de servici d&#8217;ordinadors amb acc\u00e9s a Internet i zona Wifi lliure, m\u00e9s endolls per a facilitar l&#8217;\u00fas d&#8217;ordinadors port\u00e0tils.<\/p>\n<p>Per a l&#8217;\u00fas dels ordinadors de sala es requerix donar-se d&#8217;alta en el servici. Es disposen de dos hores di\u00e0ries per a la seua utilitzaci\u00f3.[\/vc_column_text][\/vc_tta_section][vc_tta_section title=&#8221;Informaci\u00f3 \/ Formaci\u00f3 d&#8217;usuaris&#8221; tab_id=&#8221;1738840814370-eedcba05-8b86&#8243;][vc_column_text css=&#8221;&#8221;]Col\u00b7laborem amb els col\u00b7legis, instituts, associacions i la resta d&#8217;institucions en la programaci\u00f3 d&#8217;activitats encaminades a donar a con\u00e9ixer els fons i servicis bibliotecaris.<\/p>\n<p>Per a m\u00e9s informaci\u00f3: biblioteca.central@elche.es \/\/ 96 665 81 25.<\/p>\n<p>De forma individualitzada podem oferir alertes sobre un tema del teu inter\u00e9s (DSI).[\/vc_column_text][\/vc_tta_section][vc_tta_section title=&#8221;Tr\u00e0mits des de casa&#8221; tab_id=&#8221;1738840854331-49915353-bfd6&#8243;][vc_column_text css=&#8221;&#8221;]<a href=\"https:\/\/comunitatvalenciana.ebiblio.es\/home\" target=\"_blank\" rel=\"noopener\">eBiblio<\/a>. Pr\u00e9stec electr\u00f2nic de llibres, revistes, premsa di\u00e0ria i audiollibres.<\/p>\n<p>Per a saber com funciona este servici podeu consultar la seua<a href=\"https:\/\/guiadeuso.ebiblio.es\/confluence\/ebiblio-user\/es\" target=\"_blank\" rel=\"noopener\"> guia d&#8217;\u00fas<\/a> o preguntar en la vostra biblioteca.<\/p>\n<p><a href=\"https:\/\/comunitatvalenciana.efilm.online\/\">efilm<\/a>. Pr\u00e9stec de pel\u00b7l\u00edcules i documentals.<\/p>\n<p>Consulta el fullet explicatiu per a m\u00e9s informaci\u00f3.<\/p>\n<p>A trav\u00e9s de la p\u00e0gina web del <a href=\"https:\/\/xlpv.gva.es\/cginet-bin\/abnetop\/\" target=\"_blank\" rel=\"noopener\">Cat\u00e0leg de la Xarxa Electr\u00f2nica de Lectura P\u00fablica Valenciana (XLPV)<\/a> amb el vostre usuari i contrasenya podeu accedir a <strong>\u201cLa meua biblioteca\u201d<\/strong> per a realitzar els seg\u00fcents tr\u00e0mits:<\/p>\n<ul>\n<li>Consultar el cat\u00e0leg de la xarxa municipal o de tota la XLPV.<\/li>\n<li>Renovar i consultar els vostres pr\u00e9stecs.<\/li>\n<li>Realitzar reserves del material prestat.<\/li>\n<li>Sol\u00b7licitar la compra (desiderata) de fons bibliogr\u00e0fic i audiovisual.<\/li>\n<li>Suggeriments i queixes.<\/li>\n<\/ul>\n<p>Com<a href=\"https:\/\/www.elche.es\/wp-content\/uploads\/2024\/01\/Busqueda-en-el-catalogo.pdf\"> buscar en el cat\u00e0leg i utilitzar \u201cLa meua biblioteca\u201d<\/a>.[\/vc_column_text][\/vc_tta_section][vc_tta_section title=&#8221;Donacions&#8221; tab_id=&#8221;1738840887488-9616ec0f-84a8&#8243;][vc_column_text css=&#8221;&#8221;]La Xarxa de Biblioteques P\u00fabliques Municipals d&#8217;Elx accepta les donacions de documents que s&#8217;adeq\u00fcen a la seua pol\u00edtica de desenvolupament de la col\u00b7lecci\u00f3, suposen un benefici per al seu fons bibliogr\u00e0fic o permeta la realitzaci\u00f3 d&#8217;unes altres activitats.\u00a0 Pregunta <a href=\"https:\/\/www.elche.es\/va\/bibliotecas-2\/conocenos\/encuentra-tu-biblioteca\/\" target=\"_blank\" rel=\"noopener\">en la teua biblioteca.<\/a>[\/vc_column_text][\/vc_tta_section][\/vc_tta_accordion][\/vc_column][\/vc_row][vc_row full_width=&#8221;stretch_row&#8221;][vc_column][vc_empty_space height=&#8221;62px&#8221;][\/vc_column][\/vc_row]<\/p>\n<\/div>","protected":false},"excerpt":{"rendered":"BIBLIOTEQUES Coneix-nos Utilitza la biblioteca Agenda Infantil i Juvenil Investiga Elx a la biblioteca Utilitza la biblioteca La biblioteca oferix els seus servicis de forma gratu\u00efta. Pr\u00e9stec Les biblioteques que [...]","protected":false},"author":139,"featured_media":0,"parent":325232,"menu_order":0,"comment_status":"closed","ping_status":"closed","template":"","meta":{"footnotes":""},"class_list":["post-325277","page","type-page","status-publish","hentry"],"_links":{"self":[{"href":"https:\/\/www.elche.es\/va\/wp-json\/wp\/v2\/pages\/325277","targetHints":{"allow":["GET"]}}],"collection":[{"href":"https:\/\/www.elche.es\/va\/wp-json\/wp\/v2\/pages"}],"about":[{"href":"https:\/\/www.elche.es\/va\/wp-json\/wp\/v2\/types\/page"}],"author":[{"embeddable":true,"href":"https:\/\/www.elche.es\/va\/wp-json\/wp\/v2\/users\/139"}],"replies":[{"embeddable":true,"href":"https:\/\/www.elche.es\/va\/wp-json\/wp\/v2\/comments?post=325277"}],"version-history":[{"count":5,"href":"https:\/\/www.elche.es\/va\/wp-json\/wp\/v2\/pages\/325277\/revisions"}],"predecessor-version":[{"id":325592,"href":"https:\/\/www.elche.es\/va\/wp-json\/wp\/v2\/pages\/325277\/revisions\/325592"}],"up":[{"embeddable":true,"href":"https:\/\/www.elche.es\/va\/wp-json\/wp\/v2\/pages\/325232"}],"wp:attachment":[{"href":"https:\/\/www.elche.es\/va\/wp-json\/wp\/v2\/media?parent=325277"}],"curies":[{"name":"wp","href":"https:\/\/api.w.org\/{rel}","templated":true}]}}