{"id":325402,"date":"2025-02-07T12:57:27","date_gmt":"2025-02-07T10:57:27","guid":{"rendered":"https:\/\/www.elche.es\/?page_id=325402"},"modified":"2025-02-07T12:57:27","modified_gmt":"2025-02-07T10:57:27","slug":"activitats","status":"publish","type":"page","link":"https:\/\/www.elche.es\/va\/biblioteques-elx\/infantil-i-juvenil\/activitats\/","title":{"rendered":"Activitats"},"content":{"rendered":"<div class=\"wpb-content-wrapper\"><p>[vc_row full_width=&#8221;stretch_row&#8221; css=&#8221;.vc_custom_1611735193470{background-image: url(https:\/\/www.elche.es\/wp-content\/uploads\/2016\/10\/cabeceras_biblioteca.png?id=3541) !important;background-position: center !important;background-repeat: no-repeat !important;background-size: cover !important;}&#8221; el_id=&#8221;bloque_titulo&#8221; el_class=&#8221;slidersecciones&#8221;][vc_column][vc_custom_heading text=&#8221;BIBLIOTECAS&#8221; font_container=&#8221;tag:h2|text_align:center|color:%23ffffff&#8221; google_fonts=&#8221;font_family:Ubuntu%3A300%2C300italic%2Cregular%2Citalic%2C500%2C500italic%2C700%2C700italic|font_style:700%20bold%20regular%3A700%3Anormal&#8221; el_class=&#8221;sombraTitulo cabeceramovil&#8221;][\/vc_column][\/vc_row][vc_row][vc_column]<div class=\"templatera_shortcode\"><div id=\"bloque_menu_enlaces\" data-vc-full-width=\"true\" data-vc-full-width-init=\"false\" data-vc-stretch-content=\"true\" class=\"vc_row wpb_row vc_row-fluid bloque_menu_paginas bloquemnuestop abajoslider vc_custom_1631786392630 vc_row-has-fill vc_row-no-padding\"><div class=\"wpb_column vc_column_container vc_col-sm-12\"><div class=\"vc_column-inner\"><div class=\"wpb_wrapper\">\r\n        \r\n        <a class=\"menuVC\"  href=\"https:\/\/www.elche.es\/va\/biblioteques-elx\/coneix-nos\/\"> <span> Coneix-nos <\/span><\/a>\r\n        \r\n        <a class=\"menuVC\"  href=\"https:\/\/www.elche.es\/va\/biblioteques-elx\/utilitza-la-biblioteca\/\"> <span> Utilitza la biblioteca <\/span><\/a>\r\n        \r\n        <a class=\"menuVC\"  href=\"https:\/\/www.elche.es\/va\/biblioteques-elx\/agenda\/\"> <span> Agenda <\/span><\/a>\r\n        \r\n        <a class=\"menuVC\"  href=\"https:\/\/www.elche.es\/va\/biblioteques-elx\/infantil-i-juvenil\/\"> <span> Infantil i Juvenil <\/span><\/a>\r\n        \r\n        <a class=\"menuVC\"  href=\"https:\/\/www.elche.es\/va\/biblioteques-elx\/investiga\/\"> <span> Investiga <\/span><\/a>\r\n        \r\n        <a class=\"menuVC\"  href=\"https:\/\/www.elche.es\/va\/biblioteques-elx\/elx-a-la-biblioteca\/\"> <span> Elx a la biblioteca <\/span><\/a><\/div><\/div><\/div><\/div><div class=\"vc_row-full-width vc_clearfix\"><\/div>\r\n<\/div>[\/vc_column][\/vc_row][vc_row full_width=&#8221;stretch_row&#8221; css=&#8221;.vc_custom_1475484188729{background-color: #dddde0 !important;}&#8221;][vc_column offset=&#8221;vc_hidden-sm vc_hidden-xs&#8221;][vc_column_text]<nav aria-label=\"breadcrumbs\">\n            <div class=\"breadcrumb-container theme1\">\n                <ol>\n                                    <\/ol>\n            <\/div>\n        <\/nav>    <script type=\"application\/ld+json\">\n        {\n            \"@context\": \"http:\/\/schema.org\",\n            \"@type\": \"BreadcrumbList\",\n            \"itemListElement\": [\n                            ]\n        }\n    <\/script>\n    <style type=\"text\/css\">\n        .breadcrumb-container {\n            font-size: 13px;\n        }\n\n        .breadcrumb-container ul {\n            margin: 0;\n            padding: 0;\n        }\n\n        .breadcrumb-container li {\n            box-sizing: unset;\n            display: inline-block;\n            margin: 0;\n            padding: 0;\n        }\n\n        .breadcrumb-container li a {\n            box-sizing: unset;\n            padding: 0 10px;\n        }\n\n        .breadcrumb-container {\n            font-size: 3 !important;\n                    }\n\n        .breadcrumb-container li a {\n            color: #0a0a0a !important;\n            font-size: 3 !important;\n            line-height: 3 !important;\n                    }\n\n        .breadcrumb-container li .separator {\n            font-size: 3 !important;\n                    }\n\n        .breadcrumb-container li:last-child .separator {\n            display: none;\n        }\n    <\/style>\n    <style type=\"text\/css\">\n        .breadcrumb-container.theme1 li {\n            margin: 0;\n            padding: 0;\n        }\n        .breadcrumb-container.theme1 a {\n            background: ;\n            display: inline-block;\n            margin: 0 5px;\n            padding: 5px 10px;\n            text-decoration: none;\n        }\n    <\/style>\n        <style type=\"text\/css\">\n            <\/style>\n    <script>\n            <\/script>\n[\/vc_column_text][\/vc_column][\/vc_row][vc_row full_width=&#8221;stretch_row&#8221; el_class=&#8221;margintop40&#8243;][vc_column width=&#8221;1\/4&#8243;]<div class=\"templatera_shortcode menufijo\"><div class=\"vc_row wpb_row vc_row-fluid\"><div class=\"menulateral wpb_column vc_column_container vc_col-sm-12\"><div class=\"vc_column-inner\"><div class=\"wpb_wrapper\">\r\n        \r\n        <a class=\"menuVC\"  href=\"#\"> <span> Biblioteques Infantils i Juvenils <\/span><\/a>\r\n        \r\n        <a class=\"menuVC\"  href=\"https:\/\/www.elche.es\/va\/biblioteques-elx\/infantil-i-juvenil\/activitats\/\"> <span> Activitats <\/span><\/a>\r\n        \r\n        <a class=\"menuVC\"  href=\"https:\/\/www.elche.es\/va\/biblioteques-elx\/infantil-i-juvenil\/lee-investiga-apren\/\"> <span> Lee, Investiga, Apr\u00e9n <\/span><\/a>\r\n        \r\n        <a class=\"menuVC\"  href=\"https:\/\/www.elche.es\/va\/biblioteques-elx\/infantil-i-juvenil\/mares-pares-docents\/\"> <span> Mares, Pares, Docents <\/span><\/a><\/div><\/div><\/div><\/div><\/div>[\/vc_column][vc_column width=&#8221;3\/4&#8243;]<h3 class=\"sc_title sc_title_regular margenbajotitulos margin_top_null margin_bottom_null margin_left_null\">Actividades<\/h3>[vc_column_text]Consulta la agenda actual de actividades infantiles y para todos los p\u00fablicos pulsando <a href=\"https:\/\/www.elche.es\/bibliotecas-2\/agenda\/\">aqu\u00ed<\/a>[\/vc_column_text][vc_empty_space height=&#8221;62px&#8221;]<h3 id=\"narracion\" class=\"sc_title sc_title_regular margenbajotitulos margin_top_null margin_bottom_null margin_left_null\"><\/p>\n<p>Narraci\u00f3n oral<\/h3>[vc_column_text]<\/p>\n<h4><strong><em>La Hora del Cuento<\/em><\/strong><\/h4>\n<p><img loading=\"lazy\" decoding=\"async\" class=\"size-medium wp-image-225872 aligncenter\" src=\"https:\/\/www.elche.es\/wp-content\/uploads\/2022\/11\/cuentacuentos-1-800x452.jpg\" alt=\"\" width=\"800\" height=\"452\" srcset=\"https:\/\/www.elche.es\/wp-content\/uploads\/2022\/11\/cuentacuentos-1-800x452.jpg 800w, https:\/\/www.elche.es\/wp-content\/uploads\/2022\/11\/cuentacuentos-1-768x433.jpg 768w, https:\/\/www.elche.es\/wp-content\/uploads\/2022\/11\/cuentacuentos-1-1536x867.jpg 1536w, https:\/\/www.elche.es\/wp-content\/uploads\/2022\/11\/cuentacuentos-1.jpg 1600w\" sizes=\"auto, (max-width: 800px) 100vw, 800px\" \/>Es un momento m\u00e1gico de encuentro con las historias contadas. Los cuentos nos permiten so\u00f1ar e imaginar, pero sobre todo nos divierten y nos introducen en un mundo lleno de fantas\u00eda e ilusi\u00f3n.<\/p>\n<p>Es una actividad regular y programada, destinada a despertar tempranamente el inter\u00e9s por los libros y desarrollar la creatividad e imaginaci\u00f3n en los ni\u00f1os\/as con la lectura en voz alta de cuentos infantiles para propiciar el debate y la reflexi\u00f3n de los textos le\u00eddos con la participaci\u00f3n de padres, madres o acompa\u00f1antes.<\/p>\n<p>La Hora del Cuento es una actividad importante para lograr:<\/p>\n<ul>\n<li style=\"list-style-type: none;\">\n<ul style=\"list-style-type: circle;\">\n<li>El desarrollo de la imaginaci\u00f3n.<\/li>\n<li>El desarrollo del lenguaje.<\/li>\n<li>El desarrollo del gusto por la literatura y por aprender a leer.<\/li>\n<li>El desarrollo de la capacidad de atenci\u00f3n y concentraci\u00f3n.<\/li>\n<li>La transmisi\u00f3n de valores.<\/li>\n<li>La relaci\u00f3n de los conocimientos con experiencias propias.<\/li>\n<\/ul>\n<\/li>\n<\/ul>\n<p>Es una de las actividades de animaci\u00f3n con mayor tradici\u00f3n en cualquier biblioteca infantil.<\/p>\n<p>La Biblioteca de Elche incluye la Hora del Cuento en su oferta para el p\u00fablico infantil y familiar, ya sea desarrollada por el propio personal bibliotecario en las\u00a0visitas escolares\u00a0al centro, como parte de la animaci\u00f3n a la lectura\u00a0o en la programaci\u00f3n mensual con narradores profesionales.<\/p>\n<p>&nbsp;<\/p>\n<h4><strong><em>Cuentos teatralizados<\/em><\/strong><\/h4>\n<p><img loading=\"lazy\" decoding=\"async\" class=\"alignnone size-medium wp-image-225880\" src=\"https:\/\/www.elche.es\/wp-content\/uploads\/2022\/11\/cuento-teatralizado-gloria-1-800x600.jpg\" alt=\"\" width=\"800\" height=\"600\" srcset=\"https:\/\/www.elche.es\/wp-content\/uploads\/2022\/11\/cuento-teatralizado-gloria-1-800x600.jpg 800w, https:\/\/www.elche.es\/wp-content\/uploads\/2022\/11\/cuento-teatralizado-gloria-1-1440x1080.jpg 1440w, https:\/\/www.elche.es\/wp-content\/uploads\/2022\/11\/cuento-teatralizado-gloria-1-768x576.jpg 768w, https:\/\/www.elche.es\/wp-content\/uploads\/2022\/11\/cuento-teatralizado-gloria-1-1536x1152.jpg 1536w, https:\/\/www.elche.es\/wp-content\/uploads\/2022\/11\/cuento-teatralizado-gloria-1.jpg 2048w\" sizes=\"auto, (max-width: 800px) 100vw, 800px\" \/><img loading=\"lazy\" decoding=\"async\" class=\"alignnone size-medium wp-image-225878\" src=\"https:\/\/www.elche.es\/wp-content\/uploads\/2022\/11\/cuento-teatralizado-central-1-800x563.jpg\" alt=\"\" width=\"800\" height=\"563\" srcset=\"https:\/\/www.elche.es\/wp-content\/uploads\/2022\/11\/cuento-teatralizado-central-1-800x563.jpg 800w, https:\/\/www.elche.es\/wp-content\/uploads\/2022\/11\/cuento-teatralizado-central-1-1534x1080.jpg 1534w, https:\/\/www.elche.es\/wp-content\/uploads\/2022\/11\/cuento-teatralizado-central-1-768x541.jpg 768w, https:\/\/www.elche.es\/wp-content\/uploads\/2022\/11\/cuento-teatralizado-central-1-1536x1082.jpg 1536w, https:\/\/www.elche.es\/wp-content\/uploads\/2022\/11\/cuento-teatralizado-central-1.jpg 2048w\" sizes=\"auto, (max-width: 800px) 100vw, 800px\" \/><img loading=\"lazy\" decoding=\"async\" class=\"alignnone size-medium wp-image-225874\" src=\"https:\/\/www.elche.es\/wp-content\/uploads\/2022\/11\/cuento-claustro-1-800x600.jpg\" alt=\"\" width=\"800\" height=\"600\" srcset=\"https:\/\/www.elche.es\/wp-content\/uploads\/2022\/11\/cuento-claustro-1-800x600.jpg 800w, https:\/\/www.elche.es\/wp-content\/uploads\/2022\/11\/cuento-claustro-1-1440x1080.jpg 1440w, https:\/\/www.elche.es\/wp-content\/uploads\/2022\/11\/cuento-claustro-1-768x576.jpg 768w, https:\/\/www.elche.es\/wp-content\/uploads\/2022\/11\/cuento-claustro-1-1536x1152.jpg 1536w, https:\/\/www.elche.es\/wp-content\/uploads\/2022\/11\/cuento-claustro-1.jpg 2048w\" sizes=\"auto, (max-width: 800px) 100vw, 800px\" \/><img loading=\"lazy\" decoding=\"async\" class=\"alignnone size-medium wp-image-225876\" src=\"https:\/\/www.elche.es\/wp-content\/uploads\/2022\/11\/cuento-teatralizado-altet-1-797x600.jpg\" alt=\"\" width=\"797\" height=\"600\" srcset=\"https:\/\/www.elche.es\/wp-content\/uploads\/2022\/11\/cuento-teatralizado-altet-1-797x600.jpg 797w, https:\/\/www.elche.es\/wp-content\/uploads\/2022\/11\/cuento-teatralizado-altet-1-1434x1080.jpg 1434w, https:\/\/www.elche.es\/wp-content\/uploads\/2022\/11\/cuento-teatralizado-altet-1-768x578.jpg 768w, https:\/\/www.elche.es\/wp-content\/uploads\/2022\/11\/cuento-teatralizado-altet-1-1536x1157.jpg 1536w, https:\/\/www.elche.es\/wp-content\/uploads\/2022\/11\/cuento-teatralizado-altet-1.jpg 2048w\" sizes=\"auto, (max-width: 797px) 100vw, 797px\" \/>[\/vc_column_text][vc_empty_space height=&#8221;62px&#8221;]<h3 id=\"cursos\" class=\"sc_title sc_title_regular margenbajotitulos margin_top_null margin_bottom_null margin_left_null\"><\/p>\n<p>Cursos y Talleres<\/h3>[vc_column_text]<\/p>\n<h4><strong><em>Ayudante de biblioteca por un d\u00eda<\/em><\/strong><\/h4>\n<p><img loading=\"lazy\" decoding=\"async\" class=\"size-medium wp-image-226065 aligncenter\" src=\"https:\/\/www.elche.es\/wp-content\/uploads\/2022\/12\/CIMG1601-800x600.jpg\" alt=\"\" width=\"800\" height=\"600\" srcset=\"https:\/\/www.elche.es\/wp-content\/uploads\/2022\/12\/CIMG1601-800x600.jpg 800w, https:\/\/www.elche.es\/wp-content\/uploads\/2022\/12\/CIMG1601-1440x1080.jpg 1440w, https:\/\/www.elche.es\/wp-content\/uploads\/2022\/12\/CIMG1601-768x576.jpg 768w, https:\/\/www.elche.es\/wp-content\/uploads\/2022\/12\/CIMG1601-1536x1152.jpg 1536w, https:\/\/www.elche.es\/wp-content\/uploads\/2022\/12\/CIMG1601.jpg 1600w\" sizes=\"auto, (max-width: 800px) 100vw, 800px\" \/>Puedes participar en tu biblioteca siendo ayudante por un d\u00eda.<\/p>\n<p>El personal de la sala Infantil da a conocer su trabajo a ni\u00f1os y ni\u00f1as de edad comprendida entre los 7 y los 12 a\u00f1os con el fin de que adquieran una nueva perspectiva de esta secci\u00f3n pasando una tarde al otro lado del mostrador en la que realizar\u00e1n todo tipo de tareas bibliotecarias.<\/p>\n<p>Participando en esta actividad podr\u00e1s conocer los secretos de la biblioteca, aprender la forma y el orden en que se colocan los fondos en las estanter\u00edas e incluso llegar a utilizar el programa que gestiona el pr\u00e9stamo y la devoluci\u00f3n de materiales, dando este servicio al p\u00fablico. Esta actividad tiene una duraci\u00f3n aproximada de dos horas.<\/p>\n<p>Al finalizar recibir\u00e1s un diploma acreditativo de tu desempe\u00f1o en esta actividad.<\/p>\n<p>Cada ni\u00f1o o ni\u00f1a podr\u00e1 participar un solo d\u00eda, y tendr\u00e1n prioridad quienes no hayan participado en a\u00f1os anteriores.<\/p>\n<p>&nbsp;<\/p>\n<h4><\/h4>\n<p>[\/vc_column_text][vc_empty_space height=&#8221;62px&#8221;]<h3 id=\"eventos\" class=\"sc_title sc_title_regular margenbajotitulos margin_top_null margin_bottom_null margin_left_null\">Eventos Especiales<\/h3>[vc_column_text]I am text block. Click edit button to change this text. Lorem ipsum dolor sit amet, consectetur adipiscing elit. Ut elit tellus, luctus nec ullamcorper mattis, pulvinar dapibus leo.[\/vc_column_text][vc_empty_space height=&#8221;62px&#8221;]<h3 id=\"mas\" class=\"sc_title sc_title_regular margenbajotitulos margin_top_null margin_bottom_null margin_left_null\"><\/p>\n<p>Y mucho m\u00e1s&#8230;<\/h3>[vc_column_text]<\/p>\n<h4><strong><em>Exposiciones<\/em><\/strong><\/h4>\n<p>Las Bibliotecas pueden ser un espacio para la exposici\u00f3n de obras realizadas por ni\u00f1os (artistas individuales o grupos) o por adultos que tengan una obra dirigida al p\u00fablico infantil.[\/vc_column_text][\/vc_column][\/vc_row][vc_row full_width=&#8221;stretch_row&#8221;][vc_column][vc_empty_space height=&#8221;62px&#8221;][\/vc_column][\/vc_row]<\/p>\n<\/div>","protected":false},"excerpt":{"rendered":"BIBLIOTECAS Coneix-nos Utilitza la biblioteca Agenda Infantil i Juvenil Investiga Elx a la biblioteca Biblioteques Infantils i Juvenils Activitats Lee, Investiga, Apr\u00e9n Mares, Pares, Docents Actividades Consulta la agenda actual [...]","protected":false},"author":139,"featured_media":0,"parent":325400,"menu_order":0,"comment_status":"closed","ping_status":"closed","template":"","meta":{"footnotes":""},"class_list":["post-325402","page","type-page","status-publish","hentry"],"_links":{"self":[{"href":"https:\/\/www.elche.es\/va\/wp-json\/wp\/v2\/pages\/325402","targetHints":{"allow":["GET"]}}],"collection":[{"href":"https:\/\/www.elche.es\/va\/wp-json\/wp\/v2\/pages"}],"about":[{"href":"https:\/\/www.elche.es\/va\/wp-json\/wp\/v2\/types\/page"}],"author":[{"embeddable":true,"href":"https:\/\/www.elche.es\/va\/wp-json\/wp\/v2\/users\/139"}],"replies":[{"embeddable":true,"href":"https:\/\/www.elche.es\/va\/wp-json\/wp\/v2\/comments?post=325402"}],"version-history":[{"count":1,"href":"https:\/\/www.elche.es\/va\/wp-json\/wp\/v2\/pages\/325402\/revisions"}],"predecessor-version":[{"id":325403,"href":"https:\/\/www.elche.es\/va\/wp-json\/wp\/v2\/pages\/325402\/revisions\/325403"}],"up":[{"embeddable":true,"href":"https:\/\/www.elche.es\/va\/wp-json\/wp\/v2\/pages\/325400"}],"wp:attachment":[{"href":"https:\/\/www.elche.es\/va\/wp-json\/wp\/v2\/media?parent=325402"}],"curies":[{"name":"wp","href":"https:\/\/api.w.org\/{rel}","templated":true}]}}