{"id":325405,"date":"2025-02-07T13:01:38","date_gmt":"2025-02-07T11:01:38","guid":{"rendered":"https:\/\/www.elche.es\/?page_id=325405"},"modified":"2025-02-07T13:04:02","modified_gmt":"2025-02-07T11:04:02","slug":"lee-investiga-apren","status":"publish","type":"page","link":"https:\/\/www.elche.es\/va\/biblioteques-elx\/infantil-i-juvenil\/lee-investiga-apren\/","title":{"rendered":"Lee, Investiga, Apr\u00e9n"},"content":{"rendered":"<div class=\"wpb-content-wrapper\"><p>[vc_row full_width=&#8221;stretch_row&#8221; css=&#8221;.vc_custom_1611735193470{background-image: url(https:\/\/www.elche.es\/wp-content\/uploads\/2016\/10\/cabeceras_biblioteca.png?id=3541) !important;background-position: center !important;background-repeat: no-repeat !important;background-size: cover !important;}&#8221; el_id=&#8221;bloque_titulo&#8221; el_class=&#8221;slidersecciones&#8221;][vc_column][vc_custom_heading text=&#8221;BIBLIOTECAS&#8221; font_container=&#8221;tag:h2|text_align:center|color:%23ffffff&#8221; google_fonts=&#8221;font_family:Ubuntu%3A300%2C300italic%2Cregular%2Citalic%2C500%2C500italic%2C700%2C700italic|font_style:700%20bold%20regular%3A700%3Anormal&#8221; el_class=&#8221;sombraTitulo cabeceramovil&#8221;][\/vc_column][\/vc_row][vc_row][vc_column]<div class=\"templatera_shortcode\"><div id=\"bloque_menu_enlaces\" data-vc-full-width=\"true\" data-vc-full-width-init=\"false\" data-vc-stretch-content=\"true\" class=\"vc_row wpb_row vc_row-fluid bloque_menu_paginas bloquemnuestop abajoslider vc_custom_1631786392630 vc_row-has-fill vc_row-no-padding\"><div class=\"wpb_column vc_column_container vc_col-sm-12\"><div class=\"vc_column-inner\"><div class=\"wpb_wrapper\">\r\n        \r\n        <a class=\"menuVC\"  href=\"https:\/\/www.elche.es\/va\/biblioteques-elx\/coneix-nos\/\"> <span> Coneix-nos <\/span><\/a>\r\n        \r\n        <a class=\"menuVC\"  href=\"https:\/\/www.elche.es\/va\/biblioteques-elx\/utilitza-la-biblioteca\/\"> <span> Utilitza la biblioteca <\/span><\/a>\r\n        \r\n        <a class=\"menuVC\"  href=\"https:\/\/www.elche.es\/va\/biblioteques-elx\/agenda\/\"> <span> Agenda <\/span><\/a>\r\n        \r\n        <a class=\"menuVC\"  href=\"https:\/\/www.elche.es\/va\/biblioteques-elx\/infantil-i-juvenil\/\"> <span> Infantil i Juvenil <\/span><\/a>\r\n        \r\n        <a class=\"menuVC\"  href=\"https:\/\/www.elche.es\/va\/biblioteques-elx\/investiga\/\"> <span> Investiga <\/span><\/a>\r\n        \r\n        <a class=\"menuVC\"  href=\"https:\/\/www.elche.es\/va\/biblioteques-elx\/elx-a-la-biblioteca\/\"> <span> Elx a la biblioteca <\/span><\/a><\/div><\/div><\/div><\/div><div class=\"vc_row-full-width vc_clearfix\"><\/div>\r\n<\/div>[\/vc_column][\/vc_row][vc_row full_width=&#8221;stretch_row&#8221; css=&#8221;.vc_custom_1475484188729{background-color: #dddde0 !important;}&#8221;][vc_column offset=&#8221;vc_hidden-sm vc_hidden-xs&#8221;][vc_column_text]<nav aria-label=\"breadcrumbs\">\n            <div class=\"breadcrumb-container theme1\">\n                <ol>\n                                    <\/ol>\n            <\/div>\n        <\/nav>    <script type=\"application\/ld+json\">\n        {\n            \"@context\": \"http:\/\/schema.org\",\n            \"@type\": \"BreadcrumbList\",\n            \"itemListElement\": [\n                            ]\n        }\n    <\/script>\n    <style type=\"text\/css\">\n        .breadcrumb-container {\n            font-size: 13px;\n        }\n\n        .breadcrumb-container ul {\n            margin: 0;\n            padding: 0;\n        }\n\n        .breadcrumb-container li {\n            box-sizing: unset;\n            display: inline-block;\n            margin: 0;\n            padding: 0;\n        }\n\n        .breadcrumb-container li a {\n            box-sizing: unset;\n            padding: 0 10px;\n        }\n\n        .breadcrumb-container {\n            font-size: 3 !important;\n                    }\n\n        .breadcrumb-container li a {\n            color: #0a0a0a !important;\n            font-size: 3 !important;\n            line-height: 3 !important;\n                    }\n\n        .breadcrumb-container li .separator {\n            font-size: 3 !important;\n                    }\n\n        .breadcrumb-container li:last-child .separator {\n            display: none;\n        }\n    <\/style>\n    <style type=\"text\/css\">\n        .breadcrumb-container.theme1 li {\n            margin: 0;\n            padding: 0;\n        }\n        .breadcrumb-container.theme1 a {\n            background: ;\n            display: inline-block;\n            margin: 0 5px;\n            padding: 5px 10px;\n            text-decoration: none;\n        }\n    <\/style>\n        <style type=\"text\/css\">\n            <\/style>\n    <script>\n            <\/script>\n[\/vc_column_text][\/vc_column][\/vc_row][vc_row full_width=&#8221;stretch_row&#8221; el_class=&#8221;margintop40&#8243;][vc_column width=&#8221;1\/4&#8243;]<div class=\"templatera_shortcode menufijo\"><div class=\"vc_row wpb_row vc_row-fluid\"><div class=\"menulateral wpb_column vc_column_container vc_col-sm-12\"><div class=\"vc_column-inner\"><div class=\"wpb_wrapper\">\r\n        \r\n        <a class=\"menuVC\"  href=\"#\"> <span> Biblioteques Infantils i Juvenils <\/span><\/a>\r\n        \r\n        <a class=\"menuVC\"  href=\"https:\/\/www.elche.es\/va\/biblioteques-elx\/infantil-i-juvenil\/activitats\/\"> <span> Activitats <\/span><\/a>\r\n        \r\n        <a class=\"menuVC\"  href=\"https:\/\/www.elche.es\/va\/biblioteques-elx\/infantil-i-juvenil\/lee-investiga-apren\/\"> <span> Lee, Investiga, Apr\u00e9n <\/span><\/a>\r\n        \r\n        <a class=\"menuVC\"  href=\"https:\/\/www.elche.es\/va\/biblioteques-elx\/infantil-i-juvenil\/mares-pares-docents\/\"> <span> Mares, Pares, Docents <\/span><\/a><\/div><\/div><\/div><\/div><\/div>[\/vc_column][vc_column width=&#8221;3\/4&#8243;]<h3 class=\"sc_title sc_title_regular margenbajotitulos margin_top_null margin_bottom_null margin_left_null\">Lee, Investiga, Aprende<\/h3>[vc_column_text]<strong>Novedades infantiles y juveniles <\/strong>(<em>enlace al cat\u00e1logo con resultados de b\u00fasqueda novedades mes en curso)<\/em><\/p>\n<p><strong>Destacados de 0 a 4 a\u00f1os <\/strong><em>(libros destacados del \u00faltimo mes para esa franja de edad)<\/em><\/p>\n<p><strong>Destacados de 5 a 7 a\u00f1os <\/strong><em>(libros destacados del \u00faltimo mes para esa franja de edad)<\/em><\/p>\n<p><strong>Destacados de 8 a 11 a\u00f1os <\/strong><em>(libros destacados del \u00faltimo mes para esa franja de edad)<\/em><\/p>\n<p><strong>Destacados m\u00e1s de 12 a\u00f1os <\/strong><em>(libros destacados del \u00faltimo mes para esa franja de edad)<\/em>[\/vc_column_text][vc_empty_space height=&#8221;62px&#8221;]<h3 id=\"puntos\" class=\"sc_title sc_title_regular margenbajotitulos margin_top_null margin_bottom_null margin_left_null\">Puntos de inter\u00e9s<\/h3>[vc_row_inner css=&#8221;.vc_custom_1642595822125{margin-bottom: 30px !important;}&#8221;][vc_column_inner width=&#8221;1\/3&#8243;][vc_single_image image=&#8221;179838&#8243; img_size=&#8221;full&#8221;][\/vc_column_inner][vc_column_inner width=&#8221;2\/3&#8243;][vc_column_text]<\/p>\n<h4>Rinc\u00f3n &#8220;Lenguajes del c\u00f3mic&#8221;<\/h4>\n<p>Una selecci\u00f3n para aprender a dibujar tus personajes favoritos y crear tus propias vi\u00f1etas de c\u00f3mic.[\/vc_column_text][\/vc_column_inner][\/vc_row_inner][vc_row_inner css=&#8221;.vc_custom_1642595822125{margin-bottom: 30px !important;}&#8221;][vc_column_inner width=&#8221;1\/3&#8243;][vc_single_image image=&#8221;179838&#8243; img_size=&#8221;full&#8221;][\/vc_column_inner][vc_column_inner width=&#8221;2\/3&#8243;][vc_column_text]<\/p>\n<h4>I am text block.<\/h4>\n<p>Click edit button to change this text. Lorem ipsum dolor sit amet, consectetur adipiscing elit. Ut elit tellus, luctus nec ullamcorper mattis, pulvinar dapibus leo.[\/vc_column_text][\/vc_column_inner][\/vc_row_inner][vc_empty_space height=&#8221;62px&#8221;]<h3 id=\"imprescindibles\" class=\"sc_title sc_title_regular margenbajotitulos margin_top_null margin_bottom_null margin_left_null\">Imprescindibles<\/h3>[vc_column_text]<strong>\u00bfNo sabes qu\u00e9 leer?<\/strong> Estos son los libros que no te puedes perder antes de crecer.<\/p>\n<p>Si deseas iniciarte o profundizar en el camino de la lectura te proponemos una selecci\u00f3n de libros indispensables para cada tramo de edad. Son libros para ni\u00f1os y ni\u00f1as de 0 a 13 a\u00f1os escritos por autores de reconocido prestigio en el campo de la literatura infantil y juvenil.<\/p>\n<p>Para recordar los libros que has le\u00eddo puedes descargar, imprimir o pedir en tu biblioteca la guia de lectura con la relaci\u00f3n de los 50 libros recomendados para tu edad y rellenarla a medida que vayas leyendo los libros, poni\u00e9ndole carita alegre o triste a los emoticonos en funci\u00f3n de lo que te haya parecido el libro.[\/vc_column_text][vc_row_inner css=&#8221;.vc_custom_1642595839180{margin-top: 40px !important;margin-bottom: 30px !important;}&#8221;][vc_column_inner width=&#8221;1\/2&#8243;][vc_single_image image=&#8221;179844&#8243; img_size=&#8221;full&#8221; onclick=&#8221;custom_link&#8221; img_link_target=&#8221;_blank&#8221; link=&#8221;https:\/\/www.elche.es\/wp-content\/uploads\/2022\/07\/50-libros-para-leer-de-0-a-4-anos.pdf&#8221;][\/vc_column_inner][vc_column_inner width=&#8221;1\/2&#8243;][vc_single_image image=&#8221;179846&#8243; img_size=&#8221;full&#8221; onclick=&#8221;custom_link&#8221; img_link_target=&#8221;_blank&#8221; link=&#8221;https:\/\/www.elche.es\/wp-content\/uploads\/2022\/07\/50-libros-para-leer-desde-los-5-anos.pdf&#8221;][\/vc_column_inner][\/vc_row_inner][vc_row_inner][vc_column_inner width=&#8221;1\/2&#8243;][vc_single_image image=&#8221;179848&#8243; img_size=&#8221;full&#8221; onclick=&#8221;custom_link&#8221; img_link_target=&#8221;_blank&#8221; link=&#8221;https:\/\/www.elche.es\/wp-content\/uploads\/2022\/07\/50-libros-para-leer-desde-los-8-anos.pdf&#8221;][\/vc_column_inner][vc_column_inner width=&#8221;1\/2&#8243;][vc_single_image image=&#8221;179850&#8243; img_size=&#8221;full&#8221; onclick=&#8221;custom_link&#8221; img_link_target=&#8221;_blank&#8221; link=&#8221;https:\/\/www.elche.es\/wp-content\/uploads\/2022\/07\/50-libros-para-leer-desde-los-11-anos.pdf&#8221;][\/vc_column_inner][\/vc_row_inner][\/vc_column][\/vc_row][vc_row full_width=&#8221;stretch_row&#8221;][vc_column][vc_empty_space height=&#8221;62px&#8221;][\/vc_column][\/vc_row]<\/p>\n<\/div>","protected":false},"excerpt":{"rendered":"BIBLIOTECAS Coneix-nos Utilitza la biblioteca Agenda Infantil i Juvenil Investiga Elx a la biblioteca Biblioteques Infantils i Juvenils Activitats Lee, Investiga, Apr\u00e9n Mares, Pares, Docents Lee, Investiga, Aprende Novedades infantiles [...]","protected":false},"author":139,"featured_media":0,"parent":325400,"menu_order":0,"comment_status":"closed","ping_status":"closed","template":"","meta":{"footnotes":""},"class_list":["post-325405","page","type-page","status-publish","hentry"],"_links":{"self":[{"href":"https:\/\/www.elche.es\/va\/wp-json\/wp\/v2\/pages\/325405","targetHints":{"allow":["GET"]}}],"collection":[{"href":"https:\/\/www.elche.es\/va\/wp-json\/wp\/v2\/pages"}],"about":[{"href":"https:\/\/www.elche.es\/va\/wp-json\/wp\/v2\/types\/page"}],"author":[{"embeddable":true,"href":"https:\/\/www.elche.es\/va\/wp-json\/wp\/v2\/users\/139"}],"replies":[{"embeddable":true,"href":"https:\/\/www.elche.es\/va\/wp-json\/wp\/v2\/comments?post=325405"}],"version-history":[{"count":1,"href":"https:\/\/www.elche.es\/va\/wp-json\/wp\/v2\/pages\/325405\/revisions"}],"predecessor-version":[{"id":325406,"href":"https:\/\/www.elche.es\/va\/wp-json\/wp\/v2\/pages\/325405\/revisions\/325406"}],"up":[{"embeddable":true,"href":"https:\/\/www.elche.es\/va\/wp-json\/wp\/v2\/pages\/325400"}],"wp:attachment":[{"href":"https:\/\/www.elche.es\/va\/wp-json\/wp\/v2\/media?parent=325405"}],"curies":[{"name":"wp","href":"https:\/\/api.w.org\/{rel}","templated":true}]}}