{"id":325413,"date":"2025-02-07T13:19:32","date_gmt":"2025-02-07T11:19:32","guid":{"rendered":"https:\/\/www.elche.es\/?page_id=325413"},"modified":"2025-02-11T11:31:16","modified_gmt":"2025-02-11T09:31:16","slug":"col-leccions-especials","status":"publish","type":"page","link":"https:\/\/www.elche.es\/va\/biblioteques-elx\/investiga\/col-leccions-especials\/","title":{"rendered":"Col\u00b7leccions especials"},"content":{"rendered":"<div class=\"wpb-content-wrapper\"><p>[vc_row full_width=&#8221;stretch_row&#8221; css=&#8221;.vc_custom_1611735193470{background-image: url(https:\/\/www.elche.es\/wp-content\/uploads\/2016\/10\/cabeceras_biblioteca.png?id=3541) !important;background-position: center !important;background-repeat: no-repeat !important;background-size: cover !important;}&#8221; el_id=&#8221;bloque_titulo&#8221; el_class=&#8221;slidersecciones&#8221;][vc_column][vc_custom_heading text=&#8221;BIBLIOTEQUES&#8221; font_container=&#8221;tag:h2|text_align:center|color:%23ffffff&#8221; google_fonts=&#8221;font_family:Ubuntu%3A300%2C300italic%2Cregular%2Citalic%2C500%2C500italic%2C700%2C700italic|font_style:700%20bold%20regular%3A700%3Anormal&#8221; css=&#8221;&#8221; el_class=&#8221;sombraTitulo cabeceramovil&#8221;][\/vc_column][\/vc_row][vc_row][vc_column]<div class=\"templatera_shortcode\"><div id=\"bloque_menu_enlaces\" data-vc-full-width=\"true\" data-vc-full-width-init=\"false\" data-vc-stretch-content=\"true\" class=\"vc_row wpb_row vc_row-fluid bloque_menu_paginas bloquemnuestop abajoslider vc_custom_1631786392630 vc_row-has-fill vc_row-no-padding\"><div class=\"wpb_column vc_column_container vc_col-sm-12\"><div class=\"vc_column-inner\"><div class=\"wpb_wrapper\">\r\n        \r\n        <a class=\"menuVC\"  href=\"https:\/\/www.elche.es\/va\/biblioteques-elx\/coneix-nos\/\"> <span> Coneix-nos <\/span><\/a>\r\n        \r\n        <a class=\"menuVC\"  href=\"https:\/\/www.elche.es\/va\/biblioteques-elx\/utilitza-la-biblioteca\/\"> <span> Utilitza la biblioteca <\/span><\/a>\r\n        \r\n        <a class=\"menuVC\"  href=\"https:\/\/www.elche.es\/va\/biblioteques-elx\/agenda\/\"> <span> Agenda <\/span><\/a>\r\n        \r\n        <a class=\"menuVC\"  href=\"https:\/\/www.elche.es\/va\/biblioteques-elx\/infantil-i-juvenil\/\"> <span> Infantil i Juvenil <\/span><\/a>\r\n        \r\n        <a class=\"menuVC\"  href=\"https:\/\/www.elche.es\/va\/biblioteques-elx\/investiga\/\"> <span> Investiga <\/span><\/a>\r\n        \r\n        <a class=\"menuVC\"  href=\"https:\/\/www.elche.es\/va\/biblioteques-elx\/elx-a-la-biblioteca\/\"> <span> Elx a la biblioteca <\/span><\/a><\/div><\/div><\/div><\/div><div class=\"vc_row-full-width vc_clearfix\"><\/div>\r\n<\/div>[\/vc_column][\/vc_row][vc_row full_width=&#8221;stretch_row&#8221; css=&#8221;.vc_custom_1475484188729{background-color: #dddde0 !important;}&#8221;][vc_column offset=&#8221;vc_hidden-sm vc_hidden-xs&#8221;][vc_column_text]<nav aria-label=\"breadcrumbs\">\n            <div class=\"breadcrumb-container theme1\">\n                <ol>\n                                    <\/ol>\n            <\/div>\n        <\/nav>    <script type=\"application\/ld+json\">\n        {\n            \"@context\": \"http:\/\/schema.org\",\n            \"@type\": \"BreadcrumbList\",\n            \"itemListElement\": [\n                            ]\n        }\n    <\/script>\n    <style type=\"text\/css\">\n        .breadcrumb-container {\n            font-size: 13px;\n        }\n\n        .breadcrumb-container ul {\n            margin: 0;\n            padding: 0;\n        }\n\n        .breadcrumb-container li {\n            box-sizing: unset;\n            display: inline-block;\n            margin: 0;\n            padding: 0;\n        }\n\n        .breadcrumb-container li a {\n            box-sizing: unset;\n            padding: 0 10px;\n        }\n\n        .breadcrumb-container {\n            font-size: 3 !important;\n                    }\n\n        .breadcrumb-container li a {\n            color: #0a0a0a !important;\n            font-size: 3 !important;\n            line-height: 3 !important;\n                    }\n\n        .breadcrumb-container li .separator {\n            font-size: 3 !important;\n                    }\n\n        .breadcrumb-container li:last-child .separator {\n            display: none;\n        }\n    <\/style>\n    <style type=\"text\/css\">\n        .breadcrumb-container.theme1 li {\n            margin: 0;\n            padding: 0;\n        }\n        .breadcrumb-container.theme1 a {\n            background: ;\n            display: inline-block;\n            margin: 0 5px;\n            padding: 5px 10px;\n            text-decoration: none;\n        }\n    <\/style>\n        <style type=\"text\/css\">\n            <\/style>\n    <script>\n            <\/script>\n[\/vc_column_text][\/vc_column][\/vc_row][vc_row full_width=&#8221;stretch_row&#8221; el_class=&#8221;margintop40&#8243;][vc_column width=&#8221;1\/4&#8243;]<div class=\"templatera_shortcode\"><div class=\"vc_row wpb_row vc_row-fluid\"><div class=\"menulateral menulateralizq wpb_column vc_column_container vc_col-sm-12\"><div class=\"vc_column-inner\"><div class=\"wpb_wrapper\">\r\n        \r\n        <a class=\"menuVC\"  href=\"https:\/\/www.elche.es\/va\/biblioteques-elx\/investiga\/col-leccions-especials\/\"> <span> Col\u00b7leccions especials <\/span><\/a><div class=\"vc_row wpb_row vc_inner vc_row-fluid submenua noveo menu_bibliotecas vc_custom_1643618447375\"><div class=\"wpb_column vc_column_container vc_col-sm-12\"><div class=\"vc_column-inner\"><div class=\"wpb_wrapper\">\r\n        \r\n        <a class=\"menuVC\"  href=\"https:\/\/www.elche.es\/va\/biblioteques-elx\/investiga\/col-leccions-especials\/col-leccions-especials-fons-antic\/\"> <span> Fons Antic <\/span><\/a>\r\n        \r\n        <a class=\"menuVC\"  href=\"https:\/\/www.elche.es\/va\/biblioteques-elx\/investiga\/col-leccions-especials\/fons-local\/\"> <span> Fons Local <\/span><\/a>\r\n        \r\n        <a class=\"menuVC\"  href=\"https:\/\/www.elche.es\/va\/biblioteques-elx\/investiga\/col-leccions-especials\/premsa-historica\/\"> <span> Premsa hist\u00f2rica <\/span><\/a>\r\n        \r\n        <a class=\"menuVC\"  href=\"https:\/\/www.elche.es\/va\/biblioteques-elx\/investiga\/col-leccions-especials\/arxiu-de-memoria\/\"> <span> Arxiu de mem\u00f2ria <\/span><\/a>\r\n        \r\n        <a class=\"menuVC\"  href=\"https:\/\/www.elche.es\/va\/biblioteques-elx\/investiga\/col-leccions-especials\/fons-personals\/\"> <span> Fons personals <\/span><\/a><\/div><\/div><\/div><\/div><\/div><\/div><\/div><\/div><div class=\"vc_row wpb_row vc_row-fluid oculto\"><div class=\"menulateral menulateralizq wpb_column vc_column_container vc_col-sm-12\"><div class=\"vc_column-inner\"><div class=\"wpb_wrapper\">\r\n        \r\n        <a class=\"menuVC\"  href=\"https:\/\/www.elche.es\/bibliotecas\/investiga\/fondos-digitalizados\/\"> <span> FONDOS DIGITALIZADOS <\/span><\/a><div class=\"vc_row wpb_row vc_inner vc_row-fluid submenua noveo menu_actividades vc_custom_1643618427353\"><div class=\"wpb_column vc_column_container vc_col-sm-12\"><div class=\"vc_column-inner\"><div class=\"wpb_wrapper\">\r\n        \r\n        <a class=\"menuVC\"  href=\"#\"> <span> Hemeroteca digital <\/span><\/a>\r\n        \r\n        <a class=\"menuVC\"  href=\"https:\/\/www.elche.es\/biblioteca-digital\/\"> <span> Biblioteca digital <\/span><\/a>\r\n        \r\n        <a class=\"menuVC\"  href=\"https:\/\/www.elche.es\/biblioteca-digital-fondo-local\"> <span> Fondo local <\/span><\/a>\r\n        \r\n        <a class=\"menuVC\"  href=\"#\"> <span> Hermanos Ibarra <\/span><\/a>\r\n        \r\n        <a class=\"menuVC\"  href=\"https:\/\/www.elche.es\/digitalizados-fondo-antiguo\"> <span> Fondo antiguo <\/span><\/a>\r\n        \r\n        <a class=\"menuVC\"  href=\"https:\/\/www.elche.es\/fondos-digitalizados-descubriendo-las-colecciones\/\"> <span> Descubriendo las colecciones <\/span><\/a><\/div><\/div><\/div><\/div><\/div><\/div><\/div><\/div><div class=\"vc_row wpb_row vc_row-fluid\"><div class=\"menulateral menulateralizq wpb_column vc_column_container vc_col-sm-12\"><div class=\"vc_column-inner\"><div class=\"wpb_wrapper\">\r\n        \r\n        <a class=\"menuVC\"  href=\"https:\/\/www.elche.es\/va\/biblioteques-elx\/investiga\/enllacos\/\"> <span> Enlla\u00e7os <\/span><\/a><\/div><\/div><\/div><\/div>\r\n<\/div>[\/vc_column][vc_column width=&#8221;3\/4&#8243;]<h3 class=\"sc_title sc_title_regular margin_top_null margin_bottom_null margin_left_null\" style=\"````\">Col\u00b7leccions especials<\/h3>\r\n        \r\n        <a class=\"menuVC\"  href=\"\"> <span> Fons antic <\/span><\/a>[vc_column_text css=&#8221;&#8221;]<strong><span style=\"color: #003300;\">Consulta:<\/span><\/strong><\/p>\n<p>Excepte la biblioteca teatral del Fons\u00a0<span class=\"hiddenSpellError\">Alberto<\/span>\u00a0Miralles (a la biblioteca que porta el seu nom) i la major part del fons personal\u00a0<span class=\"hiddenSpellError\">Andr\u00e9s<\/span>\u00a0<span class=\"hiddenSpellError\">Luj\u00e1n<\/span>, les col\u00b7leccions especials s\u00f3n d&#8217;acc\u00e9s restringit. Custodiades en els dep\u00f2sits de la Biblioteca Central Pere\u00a0<span class=\"hiddenSpellError\">Ibarra<\/span>, per a la seua consulta \u00e9s preceptiu fer la petici\u00f3 i emplenar un formulari facilitat pel personal de la biblioteca, i es procedir\u00e0 a esta consulta a la sala que s&#8217;indique quan es facilite la documentaci\u00f3. El formulari contindr\u00e0 les dades d&#8217;identificaci\u00f3 de l&#8217;obra sol\u00b7licitada, aix\u00ed com de la persona sol\u00b7licitant. Per a la consulta es requerix:<\/p>\n<ol style=\"list-style-type: upper-roman;\">\n<li>Ser major de 18 anys. Els majors de 14 anys podran accedir a la documentaci\u00f3, pr\u00e8via sol\u00b7licitud justificada i autoritzaci\u00f3 per la direcci\u00f3 de la biblioteca.<\/li>\n<li>Emplenar el formulari i entregar-lo al personal de la sala, juntament amb el carnet de la biblioteca mentre que dure la consulta. En el cas de no disposar o no portar el carnet de la biblioteca, s&#8217;acararan les dades del DNI amb el formulari emplenat i es procedir\u00e0 a la seua devoluci\u00f3.<\/li>\n<li>No existix un nombre m\u00e0xim de documents a consultar. El personal de la biblioteca servir\u00e0 els documents en el nombre que es considere que afavorix un millor control d&#8217;estos. Les carpetes, caixes, lligalls, etc., es podran servir d&#8217;un en un, per a evitar la col\u00b7locaci\u00f3 err\u00f2nia dels documents que contenen.<\/li>\n<li>Els documents, una vegada consultats, es retornaran al personal de la sala.<\/li>\n<\/ol>\n<p>La consulta es realitzar\u00e0 pr\u00e8via petici\u00f3 en la mateixa sala, per tel\u00e8fon o mitjan\u00e7ant correu electr\u00f2nic (biblioteca.central@elche.es). Per a preparar la documentaci\u00f3, la reserva es far\u00e0 amb una antelaci\u00f3 m\u00ednima de 24 hores.<\/p>\n<p><strong>Reproducci\u00f3 dels documents:<\/strong><\/p>\n<p>Est\u00e0 prevista amb totes les restriccions contemplades en la normativa de propietat intel\u00b7lectual o qualsevol altra norma que afecte els drets d&#8217;autor.<\/p>\n<p>S&#8217;ha d&#8217;emplenar un formulari de sol\u00b7licitud, la qual cosa implica l&#8217;acceptaci\u00f3 de les condicions contingudes en este respecte a l&#8217;\u00fas de les imatges, publicaci\u00f3, etc. A m\u00e9s, sempre es prevaldr\u00e0, en la concessi\u00f3 o no de la sol\u00b7licitud, la salvaguarda de la integritat del document. D&#8217;altra banda, s&#8217;hauran de seguir les pautes t\u00e8cniques que assenyale la biblioteca per a l&#8217;obtenci\u00f3 de les imatges.[\/vc_column_text][\/vc_column][\/vc_row][vc_row full_width=&#8221;stretch_row&#8221;][vc_column][vc_empty_space height=&#8221;62px&#8221;][\/vc_column][\/vc_row]<\/p>\n<\/div>","protected":false},"excerpt":{"rendered":"BIBLIOTEQUES Coneix-nos Utilitza la biblioteca Agenda Infantil i Juvenil Investiga Elx a la biblioteca Col\u00b7leccions especials Fons Antic Fons Local Premsa hist\u00f2rica Arxiu de mem\u00f2ria Fons personals FONDOS DIGITALIZADOS Hemeroteca [...]","protected":false},"author":139,"featured_media":0,"parent":325411,"menu_order":0,"comment_status":"closed","ping_status":"closed","template":"","meta":{"footnotes":""},"class_list":["post-325413","page","type-page","status-publish","hentry"],"_links":{"self":[{"href":"https:\/\/www.elche.es\/va\/wp-json\/wp\/v2\/pages\/325413","targetHints":{"allow":["GET"]}}],"collection":[{"href":"https:\/\/www.elche.es\/va\/wp-json\/wp\/v2\/pages"}],"about":[{"href":"https:\/\/www.elche.es\/va\/wp-json\/wp\/v2\/types\/page"}],"author":[{"embeddable":true,"href":"https:\/\/www.elche.es\/va\/wp-json\/wp\/v2\/users\/139"}],"replies":[{"embeddable":true,"href":"https:\/\/www.elche.es\/va\/wp-json\/wp\/v2\/comments?post=325413"}],"version-history":[{"count":4,"href":"https:\/\/www.elche.es\/va\/wp-json\/wp\/v2\/pages\/325413\/revisions"}],"predecessor-version":[{"id":325731,"href":"https:\/\/www.elche.es\/va\/wp-json\/wp\/v2\/pages\/325413\/revisions\/325731"}],"up":[{"embeddable":true,"href":"https:\/\/www.elche.es\/va\/wp-json\/wp\/v2\/pages\/325411"}],"wp:attachment":[{"href":"https:\/\/www.elche.es\/va\/wp-json\/wp\/v2\/media?parent=325413"}],"curies":[{"name":"wp","href":"https:\/\/api.w.org\/{rel}","templated":true}]}}