{"id":325418,"date":"2025-02-07T13:22:25","date_gmt":"2025-02-07T11:22:25","guid":{"rendered":"https:\/\/www.elche.es\/?page_id=325418"},"modified":"2025-02-12T15:44:17","modified_gmt":"2025-02-12T13:44:17","slug":"col-leccions-especials-fons-antic","status":"publish","type":"page","link":"https:\/\/www.elche.es\/va\/biblioteques-elx\/investiga\/col-leccions-especials\/col-leccions-especials-fons-antic\/","title":{"rendered":"Col\u00b7leccions especials, Fons Antic"},"content":{"rendered":"<div class=\"wpb-content-wrapper\"><p>[vc_row full_width=&#8221;stretch_row&#8221; css=&#8221;.vc_custom_1611735193470{background-image: url(https:\/\/www.elche.es\/wp-content\/uploads\/2016\/10\/cabeceras_biblioteca.png?id=3541) !important;background-position: center !important;background-repeat: no-repeat !important;background-size: cover !important;}&#8221; el_id=&#8221;bloque_titulo&#8221; el_class=&#8221;slidersecciones&#8221;][vc_column][vc_custom_heading text=&#8221;BIBLIOTEQUES&#8221; font_container=&#8221;tag:h2|text_align:center|color:%23ffffff&#8221; google_fonts=&#8221;font_family:Ubuntu%3A300%2C300italic%2Cregular%2Citalic%2C500%2C500italic%2C700%2C700italic|font_style:700%20bold%20regular%3A700%3Anormal&#8221; css=&#8221;&#8221; el_class=&#8221;sombraTitulo cabeceramovil&#8221;][\/vc_column][\/vc_row][vc_row][vc_column]<div class=\"templatera_shortcode\"><div id=\"bloque_menu_enlaces\" data-vc-full-width=\"true\" data-vc-full-width-init=\"false\" data-vc-stretch-content=\"true\" class=\"vc_row wpb_row vc_row-fluid bloque_menu_paginas bloquemnuestop abajoslider vc_custom_1631786392630 vc_row-has-fill vc_row-no-padding\"><div class=\"wpb_column vc_column_container vc_col-sm-12\"><div class=\"vc_column-inner\"><div class=\"wpb_wrapper\">\r\n        \r\n        <a class=\"menuVC\"  href=\"https:\/\/www.elche.es\/va\/biblioteques-elx\/coneix-nos\/\"> <span> Coneix-nos <\/span><\/a>\r\n        \r\n        <a class=\"menuVC\"  href=\"https:\/\/www.elche.es\/va\/biblioteques-elx\/utilitza-la-biblioteca\/\"> <span> Utilitza la biblioteca <\/span><\/a>\r\n        \r\n        <a class=\"menuVC\"  href=\"https:\/\/www.elche.es\/va\/biblioteques-elx\/agenda\/\"> <span> Agenda <\/span><\/a>\r\n        \r\n        <a class=\"menuVC\"  href=\"https:\/\/www.elche.es\/va\/biblioteques-elx\/infantil-i-juvenil\/\"> <span> Infantil i Juvenil <\/span><\/a>\r\n        \r\n        <a class=\"menuVC\"  href=\"https:\/\/www.elche.es\/va\/biblioteques-elx\/investiga\/\"> <span> Investiga <\/span><\/a>\r\n        \r\n        <a class=\"menuVC\"  href=\"https:\/\/www.elche.es\/va\/biblioteques-elx\/elx-a-la-biblioteca\/\"> <span> Elx a la biblioteca <\/span><\/a><\/div><\/div><\/div><\/div><div class=\"vc_row-full-width vc_clearfix\"><\/div>\r\n<\/div>[\/vc_column][\/vc_row][vc_row full_width=&#8221;stretch_row&#8221; css=&#8221;.vc_custom_1475484188729{background-color: #dddde0 !important;}&#8221;][vc_column offset=&#8221;vc_hidden-sm vc_hidden-xs&#8221;][vc_column_text]<nav aria-label=\"breadcrumbs\">\n            <div class=\"breadcrumb-container theme1\">\n                <ol>\n                                    <\/ol>\n            <\/div>\n        <\/nav>    <script type=\"application\/ld+json\">\n        {\n            \"@context\": \"http:\/\/schema.org\",\n            \"@type\": \"BreadcrumbList\",\n            \"itemListElement\": [\n                            ]\n        }\n    <\/script>\n    <style type=\"text\/css\">\n        .breadcrumb-container {\n            font-size: 13px;\n        }\n\n        .breadcrumb-container ul {\n            margin: 0;\n            padding: 0;\n        }\n\n        .breadcrumb-container li {\n            box-sizing: unset;\n            display: inline-block;\n            margin: 0;\n            padding: 0;\n        }\n\n        .breadcrumb-container li a {\n            box-sizing: unset;\n            padding: 0 10px;\n        }\n\n        .breadcrumb-container {\n            font-size: 3 !important;\n                    }\n\n        .breadcrumb-container li a {\n            color: #0a0a0a !important;\n            font-size: 3 !important;\n            line-height: 3 !important;\n                    }\n\n        .breadcrumb-container li .separator {\n            font-size: 3 !important;\n                    }\n\n        .breadcrumb-container li:last-child .separator {\n            display: none;\n        }\n    <\/style>\n    <style type=\"text\/css\">\n        .breadcrumb-container.theme1 li {\n            margin: 0;\n            padding: 0;\n        }\n        .breadcrumb-container.theme1 a {\n            background: ;\n            display: inline-block;\n            margin: 0 5px;\n            padding: 5px 10px;\n            text-decoration: none;\n        }\n    <\/style>\n        <style type=\"text\/css\">\n            <\/style>\n    <script>\n            <\/script>\n[\/vc_column_text][\/vc_column][\/vc_row][vc_row full_width=&#8221;stretch_row&#8221; el_class=&#8221;margintop40&#8243;][vc_column width=&#8221;1\/4&#8243;]<div class=\"templatera_shortcode\"><div class=\"vc_row wpb_row vc_row-fluid\"><div class=\"menulateral menulateralizq wpb_column vc_column_container vc_col-sm-12\"><div class=\"vc_column-inner\"><div class=\"wpb_wrapper\">\r\n        \r\n        <a class=\"menuVC\"  href=\"https:\/\/www.elche.es\/va\/biblioteques-elx\/investiga\/col-leccions-especials\/\"> <span> Col\u00b7leccions especials <\/span><\/a><div class=\"vc_row wpb_row vc_inner vc_row-fluid submenua noveo menu_bibliotecas vc_custom_1643618447375\"><div class=\"wpb_column vc_column_container vc_col-sm-12\"><div class=\"vc_column-inner\"><div class=\"wpb_wrapper\">\r\n        \r\n        <a class=\"menuVC\"  href=\"https:\/\/www.elche.es\/va\/biblioteques-elx\/investiga\/col-leccions-especials\/col-leccions-especials-fons-antic\/\"> <span> Fons Antic <\/span><\/a>\r\n        \r\n        <a class=\"menuVC\"  href=\"https:\/\/www.elche.es\/va\/biblioteques-elx\/investiga\/col-leccions-especials\/fons-local\/\"> <span> Fons Local <\/span><\/a>\r\n        \r\n        <a class=\"menuVC\"  href=\"https:\/\/www.elche.es\/va\/biblioteques-elx\/investiga\/col-leccions-especials\/premsa-historica\/\"> <span> Premsa hist\u00f2rica <\/span><\/a>\r\n        \r\n        <a class=\"menuVC\"  href=\"https:\/\/www.elche.es\/va\/biblioteques-elx\/investiga\/col-leccions-especials\/arxiu-de-memoria\/\"> <span> Arxiu de mem\u00f2ria <\/span><\/a>\r\n        \r\n        <a class=\"menuVC\"  href=\"https:\/\/www.elche.es\/va\/biblioteques-elx\/investiga\/col-leccions-especials\/fons-personals\/\"> <span> Fons personals <\/span><\/a><\/div><\/div><\/div><\/div><\/div><\/div><\/div><\/div><div class=\"vc_row wpb_row vc_row-fluid oculto\"><div class=\"menulateral menulateralizq wpb_column vc_column_container vc_col-sm-12\"><div class=\"vc_column-inner\"><div class=\"wpb_wrapper\">\r\n        \r\n        <a class=\"menuVC\"  href=\"https:\/\/www.elche.es\/bibliotecas\/investiga\/fondos-digitalizados\/\"> <span> FONDOS DIGITALIZADOS <\/span><\/a><div class=\"vc_row wpb_row vc_inner vc_row-fluid submenua noveo menu_actividades vc_custom_1643618427353\"><div class=\"wpb_column vc_column_container vc_col-sm-12\"><div class=\"vc_column-inner\"><div class=\"wpb_wrapper\">\r\n        \r\n        <a class=\"menuVC\"  href=\"#\"> <span> Hemeroteca digital <\/span><\/a>\r\n        \r\n        <a class=\"menuVC\"  href=\"https:\/\/www.elche.es\/biblioteca-digital\/\"> <span> Biblioteca digital <\/span><\/a>\r\n        \r\n        <a class=\"menuVC\"  href=\"https:\/\/www.elche.es\/biblioteca-digital-fondo-local\"> <span> Fondo local <\/span><\/a>\r\n        \r\n        <a class=\"menuVC\"  href=\"#\"> <span> Hermanos Ibarra <\/span><\/a>\r\n        \r\n        <a class=\"menuVC\"  href=\"https:\/\/www.elche.es\/digitalizados-fondo-antiguo\"> <span> Fondo antiguo <\/span><\/a>\r\n        \r\n        <a class=\"menuVC\"  href=\"https:\/\/www.elche.es\/fondos-digitalizados-descubriendo-las-colecciones\/\"> <span> Descubriendo las colecciones <\/span><\/a><\/div><\/div><\/div><\/div><\/div><\/div><\/div><\/div><div class=\"vc_row wpb_row vc_row-fluid\"><div class=\"menulateral menulateralizq wpb_column vc_column_container vc_col-sm-12\"><div class=\"vc_column-inner\"><div class=\"wpb_wrapper\">\r\n        \r\n        <a class=\"menuVC\"  href=\"https:\/\/www.elche.es\/va\/biblioteques-elx\/investiga\/enllacos\/\"> <span> Enlla\u00e7os <\/span><\/a><\/div><\/div><\/div><\/div>\r\n<\/div>[\/vc_column][vc_column width=&#8221;3\/4&#8243;]<h3 class=\"sc_title sc_title_regular margin_top_null margin_bottom_null margin_left_null\" style=\"````\">Fons antic<\/h3>[vc_column_text css=&#8221;&#8221;]<img loading=\"lazy\" decoding=\"async\" class=\"size-medium wp-image-228310 alignnone\" src=\"https:\/\/www.elche.es\/wp-content\/uploads\/2022\/12\/01-2-800x247.jpg\" alt=\"\" width=\"800\" height=\"247\" srcset=\"https:\/\/www.elche.es\/wp-content\/uploads\/2022\/12\/01-2-800x247.jpg 800w, https:\/\/www.elche.es\/wp-content\/uploads\/2022\/12\/01-2-1920x593.jpg 1920w, https:\/\/www.elche.es\/wp-content\/uploads\/2022\/12\/01-2-768x237.jpg 768w, https:\/\/www.elche.es\/wp-content\/uploads\/2022\/12\/01-2-1536x474.jpg 1536w, https:\/\/www.elche.es\/wp-content\/uploads\/2022\/12\/01-2-2048x633.jpg 2048w\" sizes=\"auto, (max-width: 800px) 100vw, 800px\" \/><\/p>\n<p>La Biblioteca Pere Ibarra, com a biblioteca central de la xarxa municipal, \u00e9s la responsable de la cust\u00f2dia del patrimoni bibliogr\u00e0fic municipal i, en primer lloc, dels llibres i altres documents antics que custodia la localitat. Compr\u00e9n esta s\u00e8rie un xicotet conjunt d&#8217;incunables (des de 1486) i obres dels segles XVI a la primera meitat del XX. A estes efectes, considerarem fons antic tota obra impresa amb anterioritat a 1958, en virtut del Decret de 23 de desembre de 1957 pel qual s&#8217;aprova el Reglament del Servici Dep\u00f2sit Legal (BOE de 20 de gener de 1958).<\/p>\n<p>Els llibres m\u00e9s antics procedixen en bona part dels convents de franciscans descal\u00e7os de Sant Josep i dels pares mercedaris de Santa Ll\u00facia. Tamb\u00e9 hi ha bastants obres que formaren part de la biblioteca personal de Pere Ibarra (1858-1934), que inclou, a m\u00e9s, bastants obres adquirides d&#8217;estos convents, una vegada desamortitzats.<\/p>\n<p>Tamb\u00e9 hi ha llibres i altres documents d&#8217;associacions i partits pol\u00edtics del primer ter\u00e7 del segle XX, de l&#8217;Institut Nacional de Segona Ensenyan\u00e7a d&#8217;Elx (1931-1939), del Grup Escolar de Xiquets (Escoles Graduades, inaugurades tamb\u00e9 en 1931) i llibres que passaren a formar part dels fons de l&#8217;antiga Biblioteca Municipal, inaugurada en 1939, com aquells procedents de l&#8217;Institut d&#8217;Estudis Africans (IDEA), instrument del colonialisme franquista creat en 1945, i que foren repartits entre les biblioteques p\u00fabliques del territori espanyol.<\/p>\n<p>A m\u00e9s, existix un xicotet fons de gravats i dibuixos (186 exemplars), la majoria procedents de Pere Ibarra.<\/p>\n<p><strong>Cat\u00e0legs i inventaris:<\/strong><\/p>\n<p>Per a la consulta dels fons dels segles XV al XVII existixen dos cat\u00e0legs impresos, realitzats per Rafael Navarro i Carmen Guti\u00e9rrez:<\/p>\n<ul style=\"list-style-type: square;\">\n<li>Guti\u00e9rrez Cardona, Carmen \u2013 Navarro Mallebrera, Rafael: <a href=\"https:\/\/www.elche.es\/doc\/catalogo-impresos-siglos-XV-y-XVI.pdf\" target=\"_blank\" rel=\"noopener\"><em>Cat\u00e1logo de incunables e impresos del siglo XVI de la Biblioteca P\u00fablica Municipal Central Pedro Ibarra de Elche.<\/em><\/a><\/li>\n<li>Guti\u00e9rrez Cardona, Carmen \u2013 Navarro Mallebrera, Rafael: <a href=\"https:\/\/www.elche.es\/doc\/catalogo-impresos-siglo-XVII.pdf\" target=\"_blank\" rel=\"noopener\"><em>Cat\u00e1logo de impresos del siglo XVII de la Biblioteca P\u00fablica Pedro Ibarra de Elx.<\/em><\/a><\/li>\n<\/ul>\n<p>La resta de documents (segles XVIII, XIX i XX) es poden localitzar a trav\u00e9s del <a href=\"http:\/\/xlpv.gva.es\/cginet-bin\/abnetop?SUBC=0041\">cat\u00e0leg de la biblioteca<\/a>\u00a0 i en cada fitxa estar\u00e0 consignat l&#8217;origen o proced\u00e8ncia de l&#8217;exemplar, en el seu cas.[\/vc_column_text][\/vc_column][\/vc_row][vc_row full_width=&#8221;stretch_row&#8221;][vc_column][vc_empty_space height=&#8221;62px&#8221;][\/vc_column][\/vc_row]<\/p>\n<\/div>","protected":false},"excerpt":{"rendered":"BIBLIOTEQUES Coneix-nos Utilitza la biblioteca Agenda Infantil i Juvenil Investiga Elx a la biblioteca Col\u00b7leccions especials Fons Antic Fons Local Premsa hist\u00f2rica Arxiu de mem\u00f2ria Fons personals FONDOS DIGITALIZADOS Hemeroteca [...]","protected":false},"author":139,"featured_media":0,"parent":325413,"menu_order":0,"comment_status":"closed","ping_status":"closed","template":"","meta":{"footnotes":""},"class_list":["post-325418","page","type-page","status-publish","hentry"],"_links":{"self":[{"href":"https:\/\/www.elche.es\/va\/wp-json\/wp\/v2\/pages\/325418","targetHints":{"allow":["GET"]}}],"collection":[{"href":"https:\/\/www.elche.es\/va\/wp-json\/wp\/v2\/pages"}],"about":[{"href":"https:\/\/www.elche.es\/va\/wp-json\/wp\/v2\/types\/page"}],"author":[{"embeddable":true,"href":"https:\/\/www.elche.es\/va\/wp-json\/wp\/v2\/users\/139"}],"replies":[{"embeddable":true,"href":"https:\/\/www.elche.es\/va\/wp-json\/wp\/v2\/comments?post=325418"}],"version-history":[{"count":4,"href":"https:\/\/www.elche.es\/va\/wp-json\/wp\/v2\/pages\/325418\/revisions"}],"predecessor-version":[{"id":325919,"href":"https:\/\/www.elche.es\/va\/wp-json\/wp\/v2\/pages\/325418\/revisions\/325919"}],"up":[{"embeddable":true,"href":"https:\/\/www.elche.es\/va\/wp-json\/wp\/v2\/pages\/325413"}],"wp:attachment":[{"href":"https:\/\/www.elche.es\/va\/wp-json\/wp\/v2\/media?parent=325418"}],"curies":[{"name":"wp","href":"https:\/\/api.w.org\/{rel}","templated":true}]}}