{"id":325421,"date":"2025-02-07T13:24:08","date_gmt":"2025-02-07T11:24:08","guid":{"rendered":"https:\/\/www.elche.es\/?page_id=325421"},"modified":"2025-02-11T11:25:09","modified_gmt":"2025-02-11T09:25:09","slug":"fons-local","status":"publish","type":"page","link":"https:\/\/www.elche.es\/va\/biblioteques-elx\/investiga\/col-leccions-especials\/fons-local\/","title":{"rendered":"Col\u00b7leccions especials, Fons Local"},"content":{"rendered":"<div class=\"wpb-content-wrapper\"><p>[vc_row full_width=&#8221;stretch_row&#8221; css=&#8221;.vc_custom_1611735193470{background-image: url(https:\/\/www.elche.es\/wp-content\/uploads\/2016\/10\/cabeceras_biblioteca.png?id=3541) !important;background-position: center !important;background-repeat: no-repeat !important;background-size: cover !important;}&#8221; el_id=&#8221;bloque_titulo&#8221; el_class=&#8221;slidersecciones&#8221;][vc_column][vc_custom_heading text=&#8221;BIBLIOTEQUES&#8221; font_container=&#8221;tag:h2|text_align:center|color:%23ffffff&#8221; google_fonts=&#8221;font_family:Ubuntu%3A300%2C300italic%2Cregular%2Citalic%2C500%2C500italic%2C700%2C700italic|font_style:700%20bold%20regular%3A700%3Anormal&#8221; css=&#8221;&#8221; el_class=&#8221;sombraTitulo cabeceramovil&#8221;][\/vc_column][\/vc_row][vc_row][vc_column]<div class=\"templatera_shortcode\"><div id=\"bloque_menu_enlaces\" data-vc-full-width=\"true\" data-vc-full-width-init=\"false\" data-vc-stretch-content=\"true\" class=\"vc_row wpb_row vc_row-fluid bloque_menu_paginas bloquemnuestop abajoslider vc_custom_1631786392630 vc_row-has-fill vc_row-no-padding\"><div class=\"wpb_column vc_column_container vc_col-sm-12\"><div class=\"vc_column-inner\"><div class=\"wpb_wrapper\">\r\n        \r\n        <a class=\"menuVC\"  href=\"https:\/\/www.elche.es\/va\/biblioteques-elx\/coneix-nos\/\"> <span> Coneix-nos <\/span><\/a>\r\n        \r\n        <a class=\"menuVC\"  href=\"https:\/\/www.elche.es\/va\/biblioteques-elx\/utilitza-la-biblioteca\/\"> <span> Utilitza la biblioteca <\/span><\/a>\r\n        \r\n        <a class=\"menuVC\"  href=\"https:\/\/www.elche.es\/va\/biblioteques-elx\/agenda\/\"> <span> Agenda <\/span><\/a>\r\n        \r\n        <a class=\"menuVC\"  href=\"https:\/\/www.elche.es\/va\/biblioteques-elx\/infantil-i-juvenil\/\"> <span> Infantil i Juvenil <\/span><\/a>\r\n        \r\n        <a class=\"menuVC\"  href=\"https:\/\/www.elche.es\/va\/biblioteques-elx\/investiga\/\"> <span> Investiga <\/span><\/a>\r\n        \r\n        <a class=\"menuVC\"  href=\"https:\/\/www.elche.es\/va\/biblioteques-elx\/elx-a-la-biblioteca\/\"> <span> Elx a la biblioteca <\/span><\/a><\/div><\/div><\/div><\/div><div class=\"vc_row-full-width vc_clearfix\"><\/div>\r\n<\/div>[\/vc_column][\/vc_row][vc_row full_width=&#8221;stretch_row&#8221; css=&#8221;.vc_custom_1475484188729{background-color: #dddde0 !important;}&#8221;][vc_column offset=&#8221;vc_hidden-sm vc_hidden-xs&#8221;][vc_column_text]<nav aria-label=\"breadcrumbs\">\n            <div class=\"breadcrumb-container theme1\">\n                <ol>\n                                    <\/ol>\n            <\/div>\n        <\/nav>    <script type=\"application\/ld+json\">\n        {\n            \"@context\": \"http:\/\/schema.org\",\n            \"@type\": \"BreadcrumbList\",\n            \"itemListElement\": [\n                            ]\n        }\n    <\/script>\n    <style type=\"text\/css\">\n        .breadcrumb-container {\n            font-size: 13px;\n        }\n\n        .breadcrumb-container ul {\n            margin: 0;\n            padding: 0;\n        }\n\n        .breadcrumb-container li {\n            box-sizing: unset;\n            display: inline-block;\n            margin: 0;\n            padding: 0;\n        }\n\n        .breadcrumb-container li a {\n            box-sizing: unset;\n            padding: 0 10px;\n        }\n\n        .breadcrumb-container {\n            font-size: 3 !important;\n                    }\n\n        .breadcrumb-container li a {\n            color: #0a0a0a !important;\n            font-size: 3 !important;\n            line-height: 3 !important;\n                    }\n\n        .breadcrumb-container li .separator {\n            font-size: 3 !important;\n                    }\n\n        .breadcrumb-container li:last-child .separator {\n            display: none;\n        }\n    <\/style>\n    <style type=\"text\/css\">\n        .breadcrumb-container.theme1 li {\n            margin: 0;\n            padding: 0;\n        }\n        .breadcrumb-container.theme1 a {\n            background: ;\n            display: inline-block;\n            margin: 0 5px;\n            padding: 5px 10px;\n            text-decoration: none;\n        }\n    <\/style>\n        <style type=\"text\/css\">\n            <\/style>\n    <script>\n            <\/script>\n[\/vc_column_text][\/vc_column][\/vc_row][vc_row full_width=&#8221;stretch_row&#8221; el_class=&#8221;margintop40&#8243;][vc_column width=&#8221;1\/4&#8243;]<div class=\"templatera_shortcode\"><div class=\"vc_row wpb_row vc_row-fluid\"><div class=\"menulateral menulateralizq wpb_column vc_column_container vc_col-sm-12\"><div class=\"vc_column-inner\"><div class=\"wpb_wrapper\">\r\n        \r\n        <a class=\"menuVC\"  href=\"https:\/\/www.elche.es\/va\/biblioteques-elx\/investiga\/col-leccions-especials\/\"> <span> Col\u00b7leccions especials <\/span><\/a><div class=\"vc_row wpb_row vc_inner vc_row-fluid submenua noveo menu_bibliotecas vc_custom_1643618447375\"><div class=\"wpb_column vc_column_container vc_col-sm-12\"><div class=\"vc_column-inner\"><div class=\"wpb_wrapper\">\r\n        \r\n        <a class=\"menuVC\"  href=\"https:\/\/www.elche.es\/va\/biblioteques-elx\/investiga\/col-leccions-especials\/col-leccions-especials-fons-antic\/\"> <span> Fons Antic <\/span><\/a>\r\n        \r\n        <a class=\"menuVC\"  href=\"https:\/\/www.elche.es\/va\/biblioteques-elx\/investiga\/col-leccions-especials\/fons-local\/\"> <span> Fons Local <\/span><\/a>\r\n        \r\n        <a class=\"menuVC\"  href=\"https:\/\/www.elche.es\/va\/biblioteques-elx\/investiga\/col-leccions-especials\/premsa-historica\/\"> <span> Premsa hist\u00f2rica <\/span><\/a>\r\n        \r\n        <a class=\"menuVC\"  href=\"https:\/\/www.elche.es\/va\/biblioteques-elx\/investiga\/col-leccions-especials\/arxiu-de-memoria\/\"> <span> Arxiu de mem\u00f2ria <\/span><\/a>\r\n        \r\n        <a class=\"menuVC\"  href=\"https:\/\/www.elche.es\/va\/biblioteques-elx\/investiga\/col-leccions-especials\/fons-personals\/\"> <span> Fons personals <\/span><\/a><\/div><\/div><\/div><\/div><\/div><\/div><\/div><\/div><div class=\"vc_row wpb_row vc_row-fluid oculto\"><div class=\"menulateral menulateralizq wpb_column vc_column_container vc_col-sm-12\"><div class=\"vc_column-inner\"><div class=\"wpb_wrapper\">\r\n        \r\n        <a class=\"menuVC\"  href=\"https:\/\/www.elche.es\/bibliotecas\/investiga\/fondos-digitalizados\/\"> <span> FONDOS DIGITALIZADOS <\/span><\/a><div class=\"vc_row wpb_row vc_inner vc_row-fluid submenua noveo menu_actividades vc_custom_1643618427353\"><div class=\"wpb_column vc_column_container vc_col-sm-12\"><div class=\"vc_column-inner\"><div class=\"wpb_wrapper\">\r\n        \r\n        <a class=\"menuVC\"  href=\"#\"> <span> Hemeroteca digital <\/span><\/a>\r\n        \r\n        <a class=\"menuVC\"  href=\"https:\/\/www.elche.es\/biblioteca-digital\/\"> <span> Biblioteca digital <\/span><\/a>\r\n        \r\n        <a class=\"menuVC\"  href=\"https:\/\/www.elche.es\/biblioteca-digital-fondo-local\"> <span> Fondo local <\/span><\/a>\r\n        \r\n        <a class=\"menuVC\"  href=\"#\"> <span> Hermanos Ibarra <\/span><\/a>\r\n        \r\n        <a class=\"menuVC\"  href=\"https:\/\/www.elche.es\/digitalizados-fondo-antiguo\"> <span> Fondo antiguo <\/span><\/a>\r\n        \r\n        <a class=\"menuVC\"  href=\"https:\/\/www.elche.es\/fondos-digitalizados-descubriendo-las-colecciones\/\"> <span> Descubriendo las colecciones <\/span><\/a><\/div><\/div><\/div><\/div><\/div><\/div><\/div><\/div><div class=\"vc_row wpb_row vc_row-fluid\"><div class=\"menulateral menulateralizq wpb_column vc_column_container vc_col-sm-12\"><div class=\"vc_column-inner\"><div class=\"wpb_wrapper\">\r\n        \r\n        <a class=\"menuVC\"  href=\"https:\/\/www.elche.es\/va\/biblioteques-elx\/investiga\/enllacos\/\"> <span> Enlla\u00e7os <\/span><\/a><\/div><\/div><\/div><\/div>\r\n<\/div>[\/vc_column][vc_column width=&#8221;3\/4&#8243;]<h3 class=\"sc_title sc_title_regular margin_top_null margin_bottom_null margin_left_null\" style=\"````\">Fons local<\/h3>[vc_column_text css=&#8221;&#8221;]<\/p>\n<h5><strong>Monografies<\/strong><\/h5>\n<p>[\/vc_column_text][vc_column_text css=&#8221;.vc_custom_1739265634997{margin-top: 15px !important;margin-right: 15px !important;margin-bottom: 15px !important;margin-left: 15px !important;}&#8221;]La biblioteca Central Pere Ibarra \u00e9s l&#8217;encarregada de la cust\u00f2dia permanent de les publicacions d&#8217;Elx. Es conserva tot el material bibliogr\u00e0fic, hemerogr\u00e0fic i audiovisual d&#8217;inter\u00e9s local, b\u00e9 pel seu contingut o per la seua autoria.\u00a0 La secci\u00f3 no nom\u00e9s inclou obres de creaci\u00f3 o d&#8217;investigaci\u00f3, sin\u00f3 que tamb\u00e9 reunix un altre tipus de publicacions, com ara mem\u00f2ries, ordenances, reglaments, etc., derivats de les activitats d&#8217;associacions, centres educatius i institucions en general.<\/p>\n<p>A m\u00e9s, tamb\u00e9 es custodien estudis institucionals i estudis d&#8217;investigaci\u00f3 de particulars, com ara tesis, etc. En el cas d&#8217;estos \u00faltims treballs, alguns necessiten l&#8217;autoritzaci\u00f3 de l&#8217;autor per a la seua consulta.<\/p>\n<p>L&#8217;exemplar m\u00e9s antic que custodia la biblioteca \u00e9s l&#8217;obra <em>Nuevo novenario consagrado al tr\u00e1nsito glorioso y admirable Asunci\u00f3n de Nuestra Se\u00f1ora, cuya angelical y milagrosa imagen se venera en su mayor iglesia de la villa de Helche<\/em> (<em>sic<\/em>), impresa a Val\u00e8ncia en 1825. Este i uns dos-cents t\u00edtols m\u00e9s estan dedicats al Misteri d\u2019Elx, des d&#8217;esta primera data. Del palmerar il\u00b7licit\u00e0, per part seua, trobem uns cinquanta t\u00edtols, mentre que a la Dama es referixen uns cent. Abunda, en general, la tem\u00e0tica hist\u00f2rica i arqueol\u00f2gica, que inclou des dels treballs, ja cl\u00e0ssics, d&#8217;Aureli\u00e0 Ibarra i Manzoni (1834-1890), Pere Ibarra i Ruiz (1858-1934) i Alejandro Ramos Folqu\u00e9s (1906-1984) fins a les \u00faltimes aportacions de la investigaci\u00f3 recent.<\/p>\n<p>Respecte a la creaci\u00f3 local, es custodia obra des de l&#8217;autor de fulletons Antonio Flores Algovia (1818-1865). Tamb\u00e9, d&#8217;autors il\u00b7licitans amb reconeixement nacional, com ara Vicente Verd\u00fa (1944-2018), Vicente Molina Foix (1946-) o el dramaturg Alberto Miralles (1940-2004), aix\u00ed com del que es produ\u00efx contempor\u00e0niament en la ciutat, ja siga assaig, poesia, teatre, narrativa o c\u00f2mic. Per\u00f2, a m\u00e9s de llibres, esta secci\u00f3 tamb\u00e9 acull la creaci\u00f3 musical, on podem trobar, entre d&#8217;altres, noms com ara Ana Mar\u00eda Drack, Fraskito o Ni\u00f1o de Elche.<\/p>\n<p><img loading=\"lazy\" decoding=\"async\" class=\"size-medium wp-image-230259 aligncenter\" src=\"https:\/\/www.elche.es\/wp-content\/uploads\/2022\/12\/Foto-continua_1-800x233.jpg\" alt=\"\" width=\"800\" height=\"233\" srcset=\"https:\/\/www.elche.es\/wp-content\/uploads\/2022\/12\/Foto-continua_1-800x233.jpg 800w, https:\/\/www.elche.es\/wp-content\/uploads\/2022\/12\/Foto-continua_1-768x224.jpg 768w, https:\/\/www.elche.es\/wp-content\/uploads\/2022\/12\/Foto-continua_1.jpg 1403w\" sizes=\"auto, (max-width: 800px) 100vw, 800px\" \/>[\/vc_column_text][vc_column_text]<\/p>\n<h5><strong>Ephemera<\/strong><\/h5>\n<p>[\/vc_column_text][vc_column_text css=&#8221;&#8221;]Es denomina \u201cEphemera\u201d a impresos i manuscrits de curta vig\u00e8ncia, com ara fullets publicitaris, postals, cartells, pamflets, etc.<\/p>\n<p>La biblioteca Pere Ibarra custodia, com una part de la secci\u00f3 local, m\u00e9s de 5000 fullets editats des de l&#8217;any 1948, encara que la majoria s\u00f3n edicions realitzades des dels anys setanta del segle XX, amb alguns exemplars a\u00efllats de la d\u00e8cada dels seixanta.<\/p>\n<p>Tamb\u00e9 es conserven uns 1000 bans, des d&#8217;un primer exemplar de l&#8217;any 1918; 1945 cartells, la majoria dels anys huitanta del segle XX fins a l&#8217;actualitat i un xicotet conjunt de calendaris impresos des de 1999.<\/p>\n<p><img loading=\"lazy\" decoding=\"async\" class=\"size-medium wp-image-230309 aligncenter\" src=\"https:\/\/www.elche.es\/wp-content\/uploads\/2022\/12\/Captura-de-pantalla-2022-12-22-135059-800x167.jpg\" alt=\"\" width=\"800\" height=\"167\" srcset=\"https:\/\/www.elche.es\/wp-content\/uploads\/2022\/12\/Captura-de-pantalla-2022-12-22-135059-800x167.jpg 800w, https:\/\/www.elche.es\/wp-content\/uploads\/2022\/12\/Captura-de-pantalla-2022-12-22-135059-768x160.jpg 768w, https:\/\/www.elche.es\/wp-content\/uploads\/2022\/12\/Captura-de-pantalla-2022-12-22-135059.jpg 1349w\" sizes=\"auto, (max-width: 800px) 100vw, 800px\" \/><\/p>\n<p>Per a la consulta d&#8217;estos materials existixen una s\u00e8rie d&#8217;inventaris que faciliten la seua identificaci\u00f3 i localitzaci\u00f3:<\/p>\n<p><a href=\"https:\/\/www.elche.es\/wp-content\/uploads\/2023\/02\/Inventario-Bandos-Fondo-Local_Actualizado_07_2020.pdf\" target=\"_blank\" rel=\"noopener\">Bans locals<\/a><\/p>\n<p><a href=\"https:\/\/www.elche.es\/wp-content\/uploads\/2023\/02\/Inventario-folletos-y-hojas-sueltas-Fondo-Local_01_2023.pdf\" target=\"_blank\" rel=\"noopener\">Fullets i fulls solts<\/a><\/p>\n<p><a href=\"https:\/\/www.elche.es\/wp-content\/uploads\/2023\/02\/Carteles_Actualizado_10_2020.pdf\" target=\"_blank\" rel=\"noopener\">Cartells<\/a>[\/vc_column_text][\/vc_column][\/vc_row][vc_row full_width=&#8221;stretch_row&#8221;][vc_column][vc_empty_space height=&#8221;62px&#8221;][\/vc_column][\/vc_row]<\/p>\n<\/div>","protected":false},"excerpt":{"rendered":"BIBLIOTEQUES Coneix-nos Utilitza la biblioteca Agenda Infantil i Juvenil Investiga Elx a la biblioteca Col\u00b7leccions especials Fons Antic Fons Local Premsa hist\u00f2rica Arxiu de mem\u00f2ria Fons personals FONDOS DIGITALIZADOS Hemeroteca [...]","protected":false},"author":139,"featured_media":0,"parent":325413,"menu_order":0,"comment_status":"closed","ping_status":"closed","template":"","meta":{"footnotes":""},"class_list":["post-325421","page","type-page","status-publish","hentry"],"_links":{"self":[{"href":"https:\/\/www.elche.es\/va\/wp-json\/wp\/v2\/pages\/325421","targetHints":{"allow":["GET"]}}],"collection":[{"href":"https:\/\/www.elche.es\/va\/wp-json\/wp\/v2\/pages"}],"about":[{"href":"https:\/\/www.elche.es\/va\/wp-json\/wp\/v2\/types\/page"}],"author":[{"embeddable":true,"href":"https:\/\/www.elche.es\/va\/wp-json\/wp\/v2\/users\/139"}],"replies":[{"embeddable":true,"href":"https:\/\/www.elche.es\/va\/wp-json\/wp\/v2\/comments?post=325421"}],"version-history":[{"count":4,"href":"https:\/\/www.elche.es\/va\/wp-json\/wp\/v2\/pages\/325421\/revisions"}],"predecessor-version":[{"id":325730,"href":"https:\/\/www.elche.es\/va\/wp-json\/wp\/v2\/pages\/325421\/revisions\/325730"}],"up":[{"embeddable":true,"href":"https:\/\/www.elche.es\/va\/wp-json\/wp\/v2\/pages\/325413"}],"wp:attachment":[{"href":"https:\/\/www.elche.es\/va\/wp-json\/wp\/v2\/media?parent=325421"}],"curies":[{"name":"wp","href":"https:\/\/api.w.org\/{rel}","templated":true}]}}