{"id":325424,"date":"2025-02-07T13:26:46","date_gmt":"2025-02-07T11:26:46","guid":{"rendered":"https:\/\/www.elche.es\/?page_id=325424"},"modified":"2026-02-05T18:53:13","modified_gmt":"2026-02-05T16:53:13","slug":"premsa-historica","status":"publish","type":"page","link":"https:\/\/www.elche.es\/va\/biblioteques-elx\/investiga\/col-leccions-especials\/premsa-historica\/","title":{"rendered":"Col\u00b7leccions especials, Premsa hist\u00f2rica"},"content":{"rendered":"<div class=\"wpb-content-wrapper\"><p>[vc_row full_width=&#8221;stretch_row&#8221; css=&#8221;.vc_custom_1611735193470{background-image: url(https:\/\/www.elche.es\/wp-content\/uploads\/2016\/10\/cabeceras_biblioteca.png?id=3541) !important;background-position: center !important;background-repeat: no-repeat !important;background-size: cover !important;}&#8221; el_id=&#8221;bloque_titulo&#8221; el_class=&#8221;slidersecciones&#8221;][vc_column][vc_custom_heading text=&#8221;BIBLIOTEQUES&#8221; font_container=&#8221;tag:h2|text_align:center|color:%23ffffff&#8221; google_fonts=&#8221;font_family:Ubuntu%3A300%2C300italic%2Cregular%2Citalic%2C500%2C500italic%2C700%2C700italic|font_style:700%20bold%20regular%3A700%3Anormal&#8221; css=&#8221;&#8221; el_class=&#8221;sombraTitulo cabeceramovil&#8221;][\/vc_column][\/vc_row][vc_row][vc_column]<div class=\"templatera_shortcode\"><div id=\"bloque_menu_enlaces\" data-vc-full-width=\"true\" data-vc-full-width-init=\"false\" data-vc-stretch-content=\"true\" class=\"vc_row wpb_row vc_row-fluid bloque_menu_paginas bloquemnuestop abajoslider vc_custom_1631786392630 vc_row-has-fill vc_row-no-padding\"><div class=\"wpb_column vc_column_container vc_col-sm-12\"><div class=\"vc_column-inner\"><div class=\"wpb_wrapper\">\r\n        \r\n        <a class=\"menuVC\"  href=\"https:\/\/www.elche.es\/va\/biblioteques-elx\/coneix-nos\/\"> <span> Coneix-nos <\/span><\/a>\r\n        \r\n        <a class=\"menuVC\"  href=\"https:\/\/www.elche.es\/va\/biblioteques-elx\/utilitza-la-biblioteca\/\"> <span> Utilitza la biblioteca <\/span><\/a>\r\n        \r\n        <a class=\"menuVC\"  href=\"https:\/\/www.elche.es\/va\/biblioteques-elx\/agenda\/\"> <span> Agenda <\/span><\/a>\r\n        \r\n        <a class=\"menuVC\"  href=\"https:\/\/www.elche.es\/va\/biblioteques-elx\/infantil-i-juvenil\/\"> <span> Infantil i Juvenil <\/span><\/a>\r\n        \r\n        <a class=\"menuVC\"  href=\"https:\/\/www.elche.es\/va\/biblioteques-elx\/investiga\/\"> <span> Investiga <\/span><\/a>\r\n        \r\n        <a class=\"menuVC\"  href=\"https:\/\/www.elche.es\/va\/biblioteques-elx\/elx-a-la-biblioteca\/\"> <span> Elx a la biblioteca <\/span><\/a><\/div><\/div><\/div><\/div><div class=\"vc_row-full-width vc_clearfix\"><\/div>\r\n<\/div>[\/vc_column][\/vc_row][vc_row full_width=&#8221;stretch_row&#8221; css=&#8221;.vc_custom_1475484188729{background-color: #dddde0 !important;}&#8221;][vc_column offset=&#8221;vc_hidden-sm vc_hidden-xs&#8221;][vc_column_text]<nav aria-label=\"breadcrumbs\">\n            <div class=\"breadcrumb-container theme1\">\n                <ol>\n                                    <\/ol>\n            <\/div>\n        <\/nav>    <script type=\"application\/ld+json\">\n        {\n            \"@context\": \"http:\/\/schema.org\",\n            \"@type\": \"BreadcrumbList\",\n            \"itemListElement\": [\n                            ]\n        }\n    <\/script>\n    <style type=\"text\/css\">\n        .breadcrumb-container {\n            font-size: 13px;\n        }\n\n        .breadcrumb-container ul {\n            margin: 0;\n            padding: 0;\n        }\n\n        .breadcrumb-container li {\n            box-sizing: unset;\n            display: inline-block;\n            margin: 0;\n            padding: 0;\n        }\n\n        .breadcrumb-container li a {\n            box-sizing: unset;\n            padding: 0 10px;\n        }\n\n        .breadcrumb-container {\n            font-size: 3 !important;\n                    }\n\n        .breadcrumb-container li a {\n            color: #0a0a0a !important;\n            font-size: 3 !important;\n            line-height: 3 !important;\n                    }\n\n        .breadcrumb-container li .separator {\n            font-size: 3 !important;\n                    }\n\n        .breadcrumb-container li:last-child .separator {\n            display: none;\n        }\n    <\/style>\n    <style type=\"text\/css\">\n        .breadcrumb-container.theme1 li {\n            margin: 0;\n            padding: 0;\n        }\n        .breadcrumb-container.theme1 a {\n            background: ;\n            display: inline-block;\n            margin: 0 5px;\n            padding: 5px 10px;\n            text-decoration: none;\n        }\n    <\/style>\n        <style type=\"text\/css\">\n            <\/style>\n    <script>\n            <\/script>\n[\/vc_column_text][\/vc_column][\/vc_row][vc_row full_width=&#8221;stretch_row&#8221; el_class=&#8221;margintop40&#8243;][vc_column width=&#8221;1\/4&#8243;]<div class=\"templatera_shortcode\"><div class=\"vc_row wpb_row vc_row-fluid\"><div class=\"menulateral menulateralizq wpb_column vc_column_container vc_col-sm-12\"><div class=\"vc_column-inner\"><div class=\"wpb_wrapper\">\r\n        \r\n        <a class=\"menuVC\"  href=\"https:\/\/www.elche.es\/va\/biblioteques-elx\/investiga\/col-leccions-especials\/\"> <span> Col\u00b7leccions especials <\/span><\/a><div class=\"vc_row wpb_row vc_inner vc_row-fluid submenua noveo menu_bibliotecas vc_custom_1643618447375\"><div class=\"wpb_column vc_column_container vc_col-sm-12\"><div class=\"vc_column-inner\"><div class=\"wpb_wrapper\">\r\n        \r\n        <a class=\"menuVC\"  href=\"https:\/\/www.elche.es\/va\/biblioteques-elx\/investiga\/col-leccions-especials\/col-leccions-especials-fons-antic\/\"> <span> Fons Antic <\/span><\/a>\r\n        \r\n        <a class=\"menuVC\"  href=\"https:\/\/www.elche.es\/va\/biblioteques-elx\/investiga\/col-leccions-especials\/fons-local\/\"> <span> Fons Local <\/span><\/a>\r\n        \r\n        <a class=\"menuVC\"  href=\"https:\/\/www.elche.es\/va\/biblioteques-elx\/investiga\/col-leccions-especials\/premsa-historica\/\"> <span> Premsa hist\u00f2rica <\/span><\/a>\r\n        \r\n        <a class=\"menuVC\"  href=\"https:\/\/www.elche.es\/va\/biblioteques-elx\/investiga\/col-leccions-especials\/arxiu-de-memoria\/\"> <span> Arxiu de mem\u00f2ria <\/span><\/a>\r\n        \r\n        <a class=\"menuVC\"  href=\"https:\/\/www.elche.es\/va\/biblioteques-elx\/investiga\/col-leccions-especials\/fons-personals\/\"> <span> Fons personals <\/span><\/a><\/div><\/div><\/div><\/div><\/div><\/div><\/div><\/div><div class=\"vc_row wpb_row vc_row-fluid oculto\"><div class=\"menulateral menulateralizq wpb_column vc_column_container vc_col-sm-12\"><div class=\"vc_column-inner\"><div class=\"wpb_wrapper\">\r\n        \r\n        <a class=\"menuVC\"  href=\"https:\/\/www.elche.es\/bibliotecas\/investiga\/fondos-digitalizados\/\"> <span> FONDOS DIGITALIZADOS <\/span><\/a><div class=\"vc_row wpb_row vc_inner vc_row-fluid submenua noveo menu_actividades vc_custom_1643618427353\"><div class=\"wpb_column vc_column_container vc_col-sm-12\"><div class=\"vc_column-inner\"><div class=\"wpb_wrapper\">\r\n        \r\n        <a class=\"menuVC\"  href=\"#\"> <span> Hemeroteca digital <\/span><\/a>\r\n        \r\n        <a class=\"menuVC\"  href=\"https:\/\/www.elche.es\/biblioteca-digital\/\"> <span> Biblioteca digital <\/span><\/a>\r\n        \r\n        <a class=\"menuVC\"  href=\"https:\/\/www.elche.es\/biblioteca-digital-fondo-local\"> <span> Fondo local <\/span><\/a>\r\n        \r\n        <a class=\"menuVC\"  href=\"#\"> <span> Hermanos Ibarra <\/span><\/a>\r\n        \r\n        <a class=\"menuVC\"  href=\"https:\/\/www.elche.es\/digitalizados-fondo-antiguo\"> <span> Fondo antiguo <\/span><\/a>\r\n        \r\n        <a class=\"menuVC\"  href=\"https:\/\/www.elche.es\/fondos-digitalizados-descubriendo-las-colecciones\/\"> <span> Descubriendo las colecciones <\/span><\/a><\/div><\/div><\/div><\/div><\/div><\/div><\/div><\/div><div class=\"vc_row wpb_row vc_row-fluid\"><div class=\"menulateral menulateralizq wpb_column vc_column_container vc_col-sm-12\"><div class=\"vc_column-inner\"><div class=\"wpb_wrapper\">\r\n        \r\n        <a class=\"menuVC\"  href=\"https:\/\/www.elche.es\/va\/biblioteques-elx\/investiga\/enllacos\/\"> <span> Enlla\u00e7os <\/span><\/a><\/div><\/div><\/div><\/div>\r\n<\/div>[\/vc_column][vc_column width=&#8221;3\/4&#8243;]<h3 class=\"sc_title sc_title_regular margin_top_null margin_bottom_null margin_left_null\" style=\"````\">Premsa hist\u00f2rica<\/h3>[vc_empty_space height=&#8221;62px&#8221;][vc_column_text css=&#8221;.vc_custom_1770310313360{margin-top: 15px !important;margin-right: 15px !important;margin-bottom: 15px !important;margin-left: 15px !important;}&#8221;]<img loading=\"lazy\" decoding=\"async\" class=\"size-medium wp-image-236948 aligncenter\" src=\"https:\/\/www.elche.es\/wp-content\/uploads\/2023\/02\/PH_tira-1-800x138.jpg\" alt=\"\" width=\"800\" height=\"138\" srcset=\"https:\/\/www.elche.es\/wp-content\/uploads\/2023\/02\/PH_tira-1-800x138.jpg 800w, https:\/\/www.elche.es\/wp-content\/uploads\/2023\/02\/PH_tira-1-768x133.jpg 768w, https:\/\/www.elche.es\/wp-content\/uploads\/2023\/02\/PH_tira-1.jpg 1234w\" sizes=\"auto, (max-width: 800px) 100vw, 800px\" \/><\/p>\n<p>Es custodien m\u00e9s de cent cap\u00e7aleres amb un primer exemplar local, el n\u00famero 6 d&#8217;<em>El Agorero<\/em>, editat el 22 de setembre de 1836 en la impremta de T. Mart\u00ednez a Alacant (la primera impremta a Elx, l&#8217;Establecimiento Tipogr\u00e1fico&#8221; de Mat\u00edas Santamar\u00eda, no s&#8217;obriria a Elx fins al maig de 1841).<\/p>\n<p>A m\u00e9s de la premsa local, la secci\u00f3 de Premsa Hist\u00f2rica tamb\u00e9 inclou premsa nacional des de comen\u00e7aments del segle XIX, per exemple, del peri\u00f2dic <em>El Conciso<\/em> (anomenat aix\u00ed per la seua curta extensi\u00f3 \u2013huit p\u00e0gines\u2013 i el seu redu\u00eft format). Nascut a Cadis en 1810, La biblioteca conserva diversos exemplars de la seua segona \u00e8poca (editat a Madrid en 1814). A m\u00e9s, es conserven n\u00fameros de diverses publicacions provincials com <em>Figaro<\/em>, <em>El Graduador,<\/em> <em>El Agrario<\/em>, etc., publicats a Alacant. I tamb\u00e9 peri\u00f2dics regionals i nacionals com <em>La Campana de Gracia<\/em>, <em>El Federalista<\/em>, <em>La Ilustraci\u00f3n espa\u00f1ola y americana<\/em>, <em>El Liberal<\/em>, <em>El Imparcial<\/em>\u2026 i algun n\u00famero solt de cap\u00e7aleres bastant cridaneres, com un n\u00famero de <em>The Kon Leche<\/em> (29 d&#8217;octubre de 1898), setmanari sat\u00edric publicat a Manila quan les Filipines encara era col\u00f2nia espanyola.<\/p>\n<p>Bona part d&#8217;este fons forma part del llegat de Pere Ibarra. Molts dels peri\u00f2dics que es conserven porten el seu segell personal i, encara que la majoria s\u00f3n d&#8217;\u00e0mbit local, la col\u00b7lecci\u00f3 inclou a m\u00e9s rotatius d&#8217;\u00e0mbit provincial i nacional, com els que hem citat ad\u00e9s, en ocasions, retalls amb articles sobre temes d&#8217;Elx.<\/p>\n<p><img loading=\"lazy\" decoding=\"async\" class=\"alignnone size-medium wp-image-236952\" src=\"https:\/\/www.elche.es\/wp-content\/uploads\/2023\/02\/PH_tira-2-800x228.jpg\" alt=\"\" width=\"800\" height=\"228\" srcset=\"https:\/\/www.elche.es\/wp-content\/uploads\/2023\/02\/PH_tira-2-800x228.jpg 800w, https:\/\/www.elche.es\/wp-content\/uploads\/2023\/02\/PH_tira-2-768x218.jpg 768w, https:\/\/www.elche.es\/wp-content\/uploads\/2023\/02\/PH_tira-2.jpg 1206w\" sizes=\"auto, (max-width: 800px) 100vw, 800px\" \/><\/p>\n<p>Respecte a la premsa local, les dos \u00faltimes d\u00e8cades del segle XIX assenyalen l&#8217;inici d&#8217;un per\u00edode d&#8217;expansi\u00f3, afavorit per la liberal Llei de Policia d&#8217;Impremta de 1883. Fins al final de la Guerra Civil, la premsa constitu\u00ed un esper\u00f3 de la vida local, i assum\u00ed un paper cr\u00edtic en la vida p\u00fablica de la ciutat. Entre 1836 i 1936 s&#8217;havien editat en la ciutat 67 peri\u00f2dics, recordava un article de la revista <em>Gaceta Ilicitana<\/em> (20 de juny de 1964), encara que el cronista oblidava ressenyar certes cap\u00e7aleres, com ara el peri\u00f2dic <em>El Obrero. \u00d3rgano del Partido Socialista y de las Sociedades Obreras<\/em> o l&#8217;anarquista <em>Cultura y acci\u00f3n. Portavoz del sindicato de trabajadores de Elche y su radio. Defensor de los intereses generales proletarios<\/em>, el n\u00famero u del qual es public\u00e0 el 7 de desembre de 1930.<\/p>\n<p>El professor Miguel Ors Montenegro, que ha estudiat la hist\u00f2ria de la premsa il\u00b7licitana, assenyala la import\u00e0ncia de la premsa pol\u00edtica i d&#8217;opini\u00f3, per\u00f2 tamb\u00e9 la significativa pres\u00e8ncia de premsa liter\u00e0ria i cultural en el per\u00edode assenyalat, i afirma que fins a 1939 \u201clas diferentes publicaciones ejercieron el papel de aut\u00e9nticos defensores del pueblo, de la moralidad administrativa, del trabajo dentro de unas m\u00ednimas condiciones, del quehacer en torno al progreso cultural y social de la ciudad y, en definitiva, aportando un considerable esfuerzo \u2014al de escribir hay que a\u00f1adir el de crear \u00abempresas\u00bb period\u00edsticas casi siempre deficitarias\u2014, en aras del mejor funcionamiento de la ciudad\u2026 Despu\u00e9s de la guerra civil, esa importante tradici\u00f3n se ir\u00eda perdiendo quedando tan s\u00f3lo vestigios promovidos casi siempre por hombres que ya hab\u00edan participado en experiencias similares anteriores. Con el tiempo, los diarios de car\u00e1cter provincial tomar\u00edan el relevo, juntamente a algunos intentos desde la propia ciudad que no llegar\u00edan a cuajar. Un nuevo periodismo caracterizado por una mayor profesionalidad, pero tambi\u00e9n con una carencia importante de esp\u00edritu cr\u00edtico.\u201d (Ors, 1981: 16).<\/p>\n<p>Ors tamb\u00e9 assenyala que molts dels peri\u00f2dics editats a Elx fins al final de la Guerra Civil eren propietat d&#8217;una sola persona de la qual, per tant, dependria la ideologia de la publicaci\u00f3.<\/p>\n<p><img loading=\"lazy\" decoding=\"async\" class=\"alignnone size-medium wp-image-236954\" src=\"https:\/\/www.elche.es\/wp-content\/uploads\/2023\/02\/PH_Tira-3-800x469.jpg\" alt=\"\" width=\"800\" height=\"469\" srcset=\"https:\/\/www.elche.es\/wp-content\/uploads\/2023\/02\/PH_Tira-3-800x469.jpg 800w, https:\/\/www.elche.es\/wp-content\/uploads\/2023\/02\/PH_Tira-3-768x450.jpg 768w, https:\/\/www.elche.es\/wp-content\/uploads\/2023\/02\/PH_Tira-3.jpg 1234w\" sizes=\"auto, (max-width: 800px) 100vw, 800px\" \/><\/p>\n<p>A comen\u00e7aments del segle XX apareix el primer setmanari socialista, <em>Justicia<\/em> (22\/10\/1904-17\/06\/1905), que, pese a la seua curta vida, \u00e9s el primer exponent d&#8217;una premsa de llarga tradici\u00f3 en la poblaci\u00f3, sent continuat per <em>Trabajo <\/em>(1908-1924) i <em>El Obrero<\/em> (1925-1938).<\/p>\n<p>Al costat contrari, <em>La Defensa<\/em> (1911-1931) fou la publicaci\u00f3 conservadora per excel\u00b7l\u00e8ncia, amb una primera etapa com a \u00f2rgan del carlisme i veu del tradicionalisme il\u00b7licit\u00e0, Miguel Ors assenyala la seua transformaci\u00f3 a favor del r\u00e8gim sorgit del colp d&#8217;Estat de Primo de Rivera, el 13 de setembre de 1923.<\/p>\n<p>D&#8217;unes altres ideologies pol\u00edtiques podem assenyalar l&#8217;anarquista <em>Liberaci\u00f3n <\/em>(01\/05\/1912-30\/11\/1912), el comunista <em>Elche Rojo<\/em> (1936-1939) o el partidari del Partit Radical <em>\u00a1Ande el movimiento!<\/em> (1908-1911). Un intent de premsa exclusivament femenina, <em>La Voz femenina<\/em>, d&#8217;ideologia socialista, nom\u00e9s public\u00e0 un \u00fanic n\u00famero (01\/05\/1912).<\/p>\n<p>La premsa cultural i liter\u00e0ria t\u00e9 la seua primera manifestaci\u00f3 amb <em>Nueva Illice <\/em>(1913-1927). Tamb\u00e9 destacaria <em>Levante<\/em> (1925-1927), que es fusionaria amb l&#8217;anterior per a donar lloc al setmanari <em>Elche<\/em> (1927-1933). Una altra publicaci\u00f3 cultural destacable fou <em>Amanecer<\/em> (1925-1931), \u00f2rgan de la Secci\u00f3 Liter\u00e0ria del Cor Clav\u00e9.<\/p>\n<p>Terminada la Guerra Civil, el panorama de la premsa il\u00b7licitana es retrau extraordin\u00e0riament, amb la total desaparici\u00f3 de la premsa pol\u00edtica. Per la qual cosa es referix a la premsa cultural, no t\u00e9 res a veure amb el que havia estat publicat abans de la contesa. Les publicacions escassegen i nom\u00e9s es pot destacar la publicaci\u00f3 anual <em>Festa d\u2019Elig<\/em> (1942-). El seu contingut \u00e9s exclusivament literari fins als anys seixanta del segle XX, per a transformar-se per eixos anys en una revista tur\u00edstica. Actualment, continua publicant-se per l&#8217;Ajuntament d&#8217;Elx amb la denominaci\u00f3 <em>Festa d\u2019Elx<\/em> i est\u00e0 especialitzada en estudis sobre el drama il\u00b7licit\u00e0 i d&#8217;hist\u00f2ria local.<\/p>\n<p>A partir dels anys quaranta del segle passat, d&#8217;altra banda, seran els peri\u00f2dics provincials d&#8217;Alacant i M\u00farcia els que s&#8217;ocupen de la informaci\u00f3 sobre Elx, al marge d&#8217;alguns intents locals, m\u00e9s o menys duradors, com <em>Bilitri<\/em> (1943-1944), <em>Gaceta Ilicitana<\/em> (1963-1964) o <em>Elche<\/em> (1969-1973), entre uns altres.<\/p>\n<p><span data-olk-copy-source=\"MessageBody\">Arran de la cessi\u00f3 d&#8217;una c\u00f2pia digital de la premsa hist\u00f2rica que es custodia a la biblioteca Pere\u00a0Ibarra per a la seua incorporaci\u00f3 a la Biblioteca Virtual de Premsa Hist\u00f2rica del Ministeri de Cultura, es pot consultar en esta p\u00e0gina el fons d&#8217;Elx. S\u00f3n m\u00e9s de cent les cap\u00e7aleres que es pujaran a esta web.<\/span><\/p>\n<p><span data-olk-copy-source=\"MessageBody\">Busca: marca en el desplegable \u201cBiblioteca Municipal d&#8217;Elx\u201d.<\/span><\/p>\n<p>&nbsp;<\/p>\n<p>&nbsp;<\/p>\n<p>&nbsp;[\/vc_column_text][vc_single_image image=&#8221;351456&#8243; img_size=&#8221;medium&#8221; alignment=&#8221;center&#8221; css=&#8221;&#8221;][\/vc_column][\/vc_row][vc_row][vc_column][\/vc_column][\/vc_row]<\/p>\n<\/div>","protected":false},"excerpt":{"rendered":"BIBLIOTEQUES Coneix-nos Utilitza la biblioteca Agenda Infantil i Juvenil Investiga Elx a la biblioteca Col\u00b7leccions especials Fons Antic Fons Local Premsa hist\u00f2rica Arxiu de mem\u00f2ria Fons personals FONDOS DIGITALIZADOS Hemeroteca [...]","protected":false},"author":139,"featured_media":0,"parent":325413,"menu_order":0,"comment_status":"closed","ping_status":"closed","template":"","meta":{"footnotes":""},"class_list":["post-325424","page","type-page","status-publish","hentry"],"_links":{"self":[{"href":"https:\/\/www.elche.es\/va\/wp-json\/wp\/v2\/pages\/325424","targetHints":{"allow":["GET"]}}],"collection":[{"href":"https:\/\/www.elche.es\/va\/wp-json\/wp\/v2\/pages"}],"about":[{"href":"https:\/\/www.elche.es\/va\/wp-json\/wp\/v2\/types\/page"}],"author":[{"embeddable":true,"href":"https:\/\/www.elche.es\/va\/wp-json\/wp\/v2\/users\/139"}],"replies":[{"embeddable":true,"href":"https:\/\/www.elche.es\/va\/wp-json\/wp\/v2\/comments?post=325424"}],"version-history":[{"count":5,"href":"https:\/\/www.elche.es\/va\/wp-json\/wp\/v2\/pages\/325424\/revisions"}],"predecessor-version":[{"id":351640,"href":"https:\/\/www.elche.es\/va\/wp-json\/wp\/v2\/pages\/325424\/revisions\/351640"}],"up":[{"embeddable":true,"href":"https:\/\/www.elche.es\/va\/wp-json\/wp\/v2\/pages\/325413"}],"wp:attachment":[{"href":"https:\/\/www.elche.es\/va\/wp-json\/wp\/v2\/media?parent=325424"}],"curies":[{"name":"wp","href":"https:\/\/api.w.org\/{rel}","templated":true}]}}