{"id":325431,"date":"2025-02-07T13:31:09","date_gmt":"2025-02-07T11:31:09","guid":{"rendered":"https:\/\/www.elche.es\/?page_id=325431"},"modified":"2025-02-20T12:41:41","modified_gmt":"2025-02-20T10:41:41","slug":"arxiu-de-memoria","status":"publish","type":"page","link":"https:\/\/www.elche.es\/va\/biblioteques-elx\/investiga\/col-leccions-especials\/arxiu-de-memoria\/","title":{"rendered":"Col\u00b7leccions especials, Arxiu de la mem\u00f2ria"},"content":{"rendered":"<div class=\"wpb-content-wrapper\"><p>[vc_row full_width=&#8221;stretch_row&#8221; css=&#8221;.vc_custom_1611735193470{background-image: url(https:\/\/www.elche.es\/wp-content\/uploads\/2016\/10\/cabeceras_biblioteca.png?id=3541) !important;background-position: center !important;background-repeat: no-repeat !important;background-size: cover !important;}&#8221; el_id=&#8221;bloque_titulo&#8221; el_class=&#8221;slidersecciones&#8221;][vc_column][vc_custom_heading text=&#8221;BIBLIOTEQUES&#8221; font_container=&#8221;tag:h2|text_align:center|color:%23ffffff&#8221; google_fonts=&#8221;font_family:Ubuntu%3A300%2C300italic%2Cregular%2Citalic%2C500%2C500italic%2C700%2C700italic|font_style:700%20bold%20regular%3A700%3Anormal&#8221; css=&#8221;&#8221; el_class=&#8221;sombraTitulo cabeceramovil&#8221;][\/vc_column][\/vc_row][vc_row][vc_column]<div class=\"templatera_shortcode\"><div id=\"bloque_menu_enlaces\" data-vc-full-width=\"true\" data-vc-full-width-init=\"false\" data-vc-stretch-content=\"true\" class=\"vc_row wpb_row vc_row-fluid bloque_menu_paginas bloquemnuestop abajoslider vc_custom_1631786392630 vc_row-has-fill vc_row-no-padding\"><div class=\"wpb_column vc_column_container vc_col-sm-12\"><div class=\"vc_column-inner\"><div class=\"wpb_wrapper\">\r\n        \r\n        <a class=\"menuVC\"  href=\"https:\/\/www.elche.es\/va\/biblioteques-elx\/coneix-nos\/\"> <span> Coneix-nos <\/span><\/a>\r\n        \r\n        <a class=\"menuVC\"  href=\"https:\/\/www.elche.es\/va\/biblioteques-elx\/utilitza-la-biblioteca\/\"> <span> Utilitza la biblioteca <\/span><\/a>\r\n        \r\n        <a class=\"menuVC\"  href=\"https:\/\/www.elche.es\/va\/biblioteques-elx\/agenda\/\"> <span> Agenda <\/span><\/a>\r\n        \r\n        <a class=\"menuVC\"  href=\"https:\/\/www.elche.es\/va\/biblioteques-elx\/infantil-i-juvenil\/\"> <span> Infantil i Juvenil <\/span><\/a>\r\n        \r\n        <a class=\"menuVC\"  href=\"https:\/\/www.elche.es\/va\/biblioteques-elx\/investiga\/\"> <span> Investiga <\/span><\/a>\r\n        \r\n        <a class=\"menuVC\"  href=\"https:\/\/www.elche.es\/va\/biblioteques-elx\/elx-a-la-biblioteca\/\"> <span> Elx a la biblioteca <\/span><\/a><\/div><\/div><\/div><\/div><div class=\"vc_row-full-width vc_clearfix\"><\/div>\r\n<\/div>[\/vc_column][\/vc_row][vc_row full_width=&#8221;stretch_row&#8221; css=&#8221;.vc_custom_1475484188729{background-color: #dddde0 !important;}&#8221;][vc_column offset=&#8221;vc_hidden-sm vc_hidden-xs&#8221;][vc_column_text]<nav aria-label=\"breadcrumbs\">\n            <div class=\"breadcrumb-container theme1\">\n                <ol>\n                                    <\/ol>\n            <\/div>\n        <\/nav>    <script type=\"application\/ld+json\">\n        {\n            \"@context\": \"http:\/\/schema.org\",\n            \"@type\": \"BreadcrumbList\",\n            \"itemListElement\": [\n                            ]\n        }\n    <\/script>\n    <style type=\"text\/css\">\n        .breadcrumb-container {\n            font-size: 13px;\n        }\n\n        .breadcrumb-container ul {\n            margin: 0;\n            padding: 0;\n        }\n\n        .breadcrumb-container li {\n            box-sizing: unset;\n            display: inline-block;\n            margin: 0;\n            padding: 0;\n        }\n\n        .breadcrumb-container li a {\n            box-sizing: unset;\n            padding: 0 10px;\n        }\n\n        .breadcrumb-container {\n            font-size: 3 !important;\n                    }\n\n        .breadcrumb-container li a {\n            color: #0a0a0a !important;\n            font-size: 3 !important;\n            line-height: 3 !important;\n                    }\n\n        .breadcrumb-container li .separator {\n            font-size: 3 !important;\n                    }\n\n        .breadcrumb-container li:last-child .separator {\n            display: none;\n        }\n    <\/style>\n    <style type=\"text\/css\">\n        .breadcrumb-container.theme1 li {\n            margin: 0;\n            padding: 0;\n        }\n        .breadcrumb-container.theme1 a {\n            background: ;\n            display: inline-block;\n            margin: 0 5px;\n            padding: 5px 10px;\n            text-decoration: none;\n        }\n    <\/style>\n        <style type=\"text\/css\">\n            <\/style>\n    <script>\n            <\/script>\n[\/vc_column_text][\/vc_column][\/vc_row][vc_row full_width=&#8221;stretch_row&#8221; el_class=&#8221;margintop40&#8243;][vc_column width=&#8221;1\/4&#8243;]<div class=\"templatera_shortcode\"><div class=\"vc_row wpb_row vc_row-fluid\"><div class=\"menulateral menulateralizq wpb_column vc_column_container vc_col-sm-12\"><div class=\"vc_column-inner\"><div class=\"wpb_wrapper\">\r\n        \r\n        <a class=\"menuVC\"  href=\"https:\/\/www.elche.es\/va\/biblioteques-elx\/investiga\/col-leccions-especials\/\"> <span> Col\u00b7leccions especials <\/span><\/a><div class=\"vc_row wpb_row vc_inner vc_row-fluid submenua noveo menu_bibliotecas vc_custom_1643618447375\"><div class=\"wpb_column vc_column_container vc_col-sm-12\"><div class=\"vc_column-inner\"><div class=\"wpb_wrapper\">\r\n        \r\n        <a class=\"menuVC\"  href=\"https:\/\/www.elche.es\/va\/biblioteques-elx\/investiga\/col-leccions-especials\/col-leccions-especials-fons-antic\/\"> <span> Fons Antic <\/span><\/a>\r\n        \r\n        <a class=\"menuVC\"  href=\"https:\/\/www.elche.es\/va\/biblioteques-elx\/investiga\/col-leccions-especials\/fons-local\/\"> <span> Fons Local <\/span><\/a>\r\n        \r\n        <a class=\"menuVC\"  href=\"https:\/\/www.elche.es\/va\/biblioteques-elx\/investiga\/col-leccions-especials\/premsa-historica\/\"> <span> Premsa hist\u00f2rica <\/span><\/a>\r\n        \r\n        <a class=\"menuVC\"  href=\"https:\/\/www.elche.es\/va\/biblioteques-elx\/investiga\/col-leccions-especials\/arxiu-de-memoria\/\"> <span> Arxiu de mem\u00f2ria <\/span><\/a>\r\n        \r\n        <a class=\"menuVC\"  href=\"https:\/\/www.elche.es\/va\/biblioteques-elx\/investiga\/col-leccions-especials\/fons-personals\/\"> <span> Fons personals <\/span><\/a><\/div><\/div><\/div><\/div><\/div><\/div><\/div><\/div><div class=\"vc_row wpb_row vc_row-fluid oculto\"><div class=\"menulateral menulateralizq wpb_column vc_column_container vc_col-sm-12\"><div class=\"vc_column-inner\"><div class=\"wpb_wrapper\">\r\n        \r\n        <a class=\"menuVC\"  href=\"https:\/\/www.elche.es\/bibliotecas\/investiga\/fondos-digitalizados\/\"> <span> FONDOS DIGITALIZADOS <\/span><\/a><div class=\"vc_row wpb_row vc_inner vc_row-fluid submenua noveo menu_actividades vc_custom_1643618427353\"><div class=\"wpb_column vc_column_container vc_col-sm-12\"><div class=\"vc_column-inner\"><div class=\"wpb_wrapper\">\r\n        \r\n        <a class=\"menuVC\"  href=\"#\"> <span> Hemeroteca digital <\/span><\/a>\r\n        \r\n        <a class=\"menuVC\"  href=\"https:\/\/www.elche.es\/biblioteca-digital\/\"> <span> Biblioteca digital <\/span><\/a>\r\n        \r\n        <a class=\"menuVC\"  href=\"https:\/\/www.elche.es\/biblioteca-digital-fondo-local\"> <span> Fondo local <\/span><\/a>\r\n        \r\n        <a class=\"menuVC\"  href=\"#\"> <span> Hermanos Ibarra <\/span><\/a>\r\n        \r\n        <a class=\"menuVC\"  href=\"https:\/\/www.elche.es\/digitalizados-fondo-antiguo\"> <span> Fondo antiguo <\/span><\/a>\r\n        \r\n        <a class=\"menuVC\"  href=\"https:\/\/www.elche.es\/fondos-digitalizados-descubriendo-las-colecciones\/\"> <span> Descubriendo las colecciones <\/span><\/a><\/div><\/div><\/div><\/div><\/div><\/div><\/div><\/div><div class=\"vc_row wpb_row vc_row-fluid\"><div class=\"menulateral menulateralizq wpb_column vc_column_container vc_col-sm-12\"><div class=\"vc_column-inner\"><div class=\"wpb_wrapper\">\r\n        \r\n        <a class=\"menuVC\"  href=\"https:\/\/www.elche.es\/va\/biblioteques-elx\/investiga\/enllacos\/\"> <span> Enlla\u00e7os <\/span><\/a><\/div><\/div><\/div><\/div>\r\n<\/div>[\/vc_column][vc_column width=&#8221;3\/4&#8243;]<h3 class=\"sc_title sc_title_regular margin_top_null margin_bottom_null margin_left_null\" style=\"````\">Arxiu de la mem\u00f2ria<\/h3><h5 class=\"sc_title sc_title_regular subtitulosapartados \"><\/h5>[vc_column_text css=&#8221;&#8221;]<img loading=\"lazy\" decoding=\"async\" class=\"size-medium wp-image-231581 aligncenter\" src=\"https:\/\/www.elche.es\/wp-content\/uploads\/2023\/01\/00_Arxiu-memoria_General_1-2-1-800x424.jpg\" alt=\"\" width=\"800\" height=\"424\" srcset=\"https:\/\/www.elche.es\/wp-content\/uploads\/2023\/01\/00_Arxiu-memoria_General_1-2-1-800x424.jpg 800w, https:\/\/www.elche.es\/wp-content\/uploads\/2023\/01\/00_Arxiu-memoria_General_1-2-1-768x407.jpg 768w, https:\/\/www.elche.es\/wp-content\/uploads\/2023\/01\/00_Arxiu-memoria_General_1-2-1.jpg 1000w\" sizes=\"auto, (max-width: 800px) 100vw, 800px\" \/>La biblioteca Central Pere Ibarra custodia, des de 1999, el denominat \u201cArxiu de la Mem\u00f2ria<em>\u201d<\/em>. Es tracta d&#8217;un fons hist\u00f2ric, propietat d&#8217;Acci\u00f3 Cultural, que cont\u00e9 documents des de la II Rep\u00fablica, per\u00f2 fonamentalment del tardofranquisme i per\u00edode de la transici\u00f3 democr\u00e0tica en la Comunitat Valenciana, principalment, per\u00f2 tamb\u00e9 d&#8217;uns altres territoris de la pen\u00ednsula Ib\u00e8rica, com ara Catalunya o el Pa\u00eds Basc, entre d&#8217;altres.<\/p>\n<p><strong>CONTINGUT, HIST\u00d2RIA ARXIV\u00cdSTICA I DESCRIPCI\u00d3<\/strong><\/p>\n<p>CONTINGUT<\/p>\n<p>El fons est\u00e0 format b\u00e0sicament per publicacions peri\u00f2diques, monografies, opuscles, fulles volants (pamflets, etc.), retalls de premsa i documents interns de partits pol\u00edtics, sindicats i associacions c\u00edviques (ve\u00efnals, feministes, pacifistes, ecologistes, etc.). El gros del material est\u00e0 editat i fa refer\u00e8ncia als territoris de l&#8217;actual Comunitat Valenciana, amb una forta pres\u00e8ncia de la capital i de les comarques centrals de l&#8217;actual autonomia, per\u00f2 tamb\u00e9 destaca la documentaci\u00f3 referida a Catalunya, Pa\u00eds Basc i, de manera m\u00e9s secund\u00e0ria, la d&#8217;altres territoris peninsulars. Respecte de les dates, encara que hi ha documentaci\u00f3 anterior, la major part dels papers es poden datar entre la segona meitat de la d\u00e8cada dels anys seixanta del segle XX i finals dels anys huitanta d&#8217;este mateix segle.<\/p>\n<p>Les publicacions peri\u00f2diques constitu\u00efxen el major volum del fons (120,8 metres lineals). El gros el conformen butlletins i \u00f2rgans de difusi\u00f3 de partits pol\u00edtics i sindicats, encara que tamb\u00e9 abunden publicacions de car\u00e0cter pol\u00edtic, econ\u00f2mic o cultural d&#8217;\u00e0mplia difusi\u00f3 territorial o nacional (<em>Intervi\u00fa, El viejo topo, Cambio 16, Dinero, Cuadernos para el di\u00e1logo, El Temps, Serra d\u2019Or\u2026<\/em>), aix\u00ed com revistes estrangeres (<em>L\u2019Espresso, Der Spiegel, Newswek\u2026<\/em>). A m\u00e9s, hi ha bastants publicacions institucionals, bona part butlletins d&#8217;informaci\u00f3 municipal editats per diversos ajuntaments valencians. En total, 3127 t\u00edtols, encara que rarament hi ha col\u00b7leccions completes, abundant, contr\u00e0riament, els n\u00fameros solts.<\/p>\n<p>El segon bloc (11,7 metres lineals) est\u00e0 constitu\u00eft pels opuscles: publicacions de tota classe i tem\u00e0tica i, en general, breus; encara que tamb\u00e9 hi ha exemplars de publicacions peri\u00f2diques: \u00e9s el cas d&#8217;una s\u00e8rie de suplements de <em>Cuadernos para el di\u00e1logo<\/em>. A m\u00e9s, en esta part s&#8217;inclogu\u00e9 un xicotet conjunt de monografies, format per 195 unitats.<\/p>\n<p>El tercer bloc est\u00e0 constitu\u00eft per caixes de documents (29,05 metres lineals): fulles volants, documents interns de partits, sindicats i altres organitzacions, elements de propaganda, etc.<\/p>\n<p><img loading=\"lazy\" decoding=\"async\" class=\"size-medium wp-image-231578 alignnone\" src=\"https:\/\/www.elche.es\/wp-content\/uploads\/2023\/01\/Arxiu-memoria_1-800x221.jpg\" alt=\"\" width=\"800\" height=\"221\" srcset=\"https:\/\/www.elche.es\/wp-content\/uploads\/2023\/01\/Arxiu-memoria_1-800x221.jpg 800w, https:\/\/www.elche.es\/wp-content\/uploads\/2023\/01\/Arxiu-memoria_1-768x212.jpg 768w, https:\/\/www.elche.es\/wp-content\/uploads\/2023\/01\/Arxiu-memoria_1.jpg 1252w\" sizes=\"auto, (max-width: 800px) 100vw, 800px\" \/><\/p>\n<p>A m\u00e9s, una s\u00e8rie de carpetes reunix retalls de premsa, entre 1976 i 1983, sobre temes socials, pol\u00edtics i culturals del territori de la Comunitat Valenciana.<\/p>\n<p>Finalment, en l&#8217;any 2007, el PSAN (Partit Socialista d\u2019Alliberament Nacional), formaci\u00f3 pol\u00edtica independentista d&#8217;inspiraci\u00f3 marxista, ced\u00ed el seu arxiu documental per a ampliar l&#8217;Arxiu de la Mem\u00f2ria.<\/p>\n<p>HIST\u00d2RIA ARXIV\u00cdSTICA<\/p>\n<p>L&#8217;Arxiu de la Mem\u00f2ria constitu\u00efx el fons documental del denominat Centre d\u2019Estudis i Documentaci\u00f3 (CED). Este organisme pertany a Acci\u00f3 Cultural del Pa\u00eds Valenci\u00e0 i fou creat en la d\u00e8cada dels anys setanta del segle XX per iniciativa de Joaqu\u00edn Maldonado Almenar (1907-2009), dirigent d&#8217;Uni\u00f3 Democr\u00e0tica del Pa\u00eds Valenci\u00e0 i president de la Fundaci\u00f3 Ausi\u00e0s March, encarregada del manteniment d&#8217;este fons.<\/p>\n<p>L&#8217;objectiu fonamental d&#8217;este centre era preservar la mem\u00f2ria pol\u00edtica, cultural i social de la Comunitat Valenciana, mitjan\u00e7ant la recollida, classificaci\u00f3, catalogaci\u00f3, arxiu i recuperaci\u00f3 de material bibliogr\u00e0fic editat entre 1939-1977.<\/p>\n<p>La primera localitzaci\u00f3 d&#8217;este conjunt documental fou l&#8217;Ajuntament de Val\u00e8ncia, per\u00f2 posteriorment el material fou cedit en dep\u00f2sit a l&#8217;Institut d\u2019Estudis Catalans (IEC) que, al seu torn, el ced\u00ed al Centre d\u2019Estudis Hist\u00f2rics Internacionals de la Universitat de Barcelona (CEHI), on arribarien els documents a partir de setembre de 1991 i on es realitz\u00e0 una tasca d&#8217;ordenaci\u00f3 i descripci\u00f3 del material.<\/p>\n<p>DESCRIPCI\u00d3<\/p>\n<p>Quan el fons arriba a Elx, la descripci\u00f3 d&#8217;este es transferix al sistema AS-400. A banda d&#8217;aix\u00f2, tamb\u00e9 es pass\u00e0 a tres llibres d&#8217;Excel, que actualment constitu\u00efxen el suport de consulta d&#8217;esta documentaci\u00f3, i que es dividixen en publicacions peri\u00f2diques, opuscles i documents.<\/p>\n<p>Els llibres d&#8217;Excel per a la seua consulta en esta p\u00e0gina web s&#8217;han passat a PDF. El primer llibre, dedicat a la descripci\u00f3 de les publicacions peri\u00f2diques, es dividix en els seg\u00fcents camps: t\u00edtol o cap\u00e7alera de la publicaci\u00f3, signatura topogr\u00e0fica, lloc d&#8217;edici\u00f3, editor i n\u00fameros de la publicaci\u00f3.<\/p>\n<p>Els dos primers camps dels opuscles s\u00f3n de control i seguix la indicaci\u00f3 d&#8217;idioma, encap\u00e7alament (de la publicaci\u00f3 general que engloba l&#8217;opuscle, organisme o persona responsable), autor, col\u00b7laborador, t\u00edtol, lloc, editor, any, descripci\u00f3 f\u00edsica, notes, ISBN, refer\u00e8ncia (amb escasses anotacions, en general de context), descripci\u00f3 (mat\u00e8ries o paraules clau), identificaci\u00f3 (LCR, Franco, etc.), signatura topogr\u00e0fica i un \u00faltim codi de control.<\/p>\n<p>Per fi, els documents es descriuen a partir de la denominaci\u00f3 del partit pol\u00edtic o associaci\u00f3, anys extrems, signatura topogr\u00e0fica, nom (partit pol\u00edtic, associaci\u00f3, etc., responsable o autor dels documents), contingut (descripci\u00f3 somera, redu\u00efda normalment al t\u00edtol del document en q\u00fcesti\u00f3).<\/p>\n<p>A m\u00e9s, es poden consultar dos relacions m\u00e9s: la del fons del PSAN i els adhesius de l&#8217;Arxiu de la Mem\u00f2ria, que es recullen en PDF a banda.<\/p>\n<p><a href=\"https:\/\/www.elche.es\/wp-content\/uploads\/2023\/01\/01_Arxiu-de-la-memoria.-Publicacions-periodiques.pdf\"><img loading=\"lazy\" decoding=\"async\" class=\"alignnone size-medium wp-image-232174\" src=\"https:\/\/www.elche.es\/wp-content\/uploads\/2023\/01\/Tira-pegatinas-800x187.jpg\" alt=\"\" width=\"800\" height=\"187\" srcset=\"https:\/\/www.elche.es\/wp-content\/uploads\/2023\/01\/Tira-pegatinas-800x187.jpg 800w, https:\/\/www.elche.es\/wp-content\/uploads\/2023\/01\/Tira-pegatinas-768x180.jpg 768w, https:\/\/www.elche.es\/wp-content\/uploads\/2023\/01\/Tira-pegatinas.jpg 1243w\" sizes=\"auto, (max-width: 800px) 100vw, 800px\" \/><\/a><\/p>\n<p><a href=\"https:\/\/www.elche.es\/wp-content\/uploads\/2023\/01\/01_Arxiu-de-la-memoria.-Publicacions-periodiques.pdf\">Publicacions peri\u00f2diques<\/a><\/p>\n<p><a href=\"https:\/\/www.elche.es\/wp-content\/uploads\/2023\/01\/02_Arxiu-de-la-memoria.-Opuscles.pdf\" target=\"_blank\" rel=\"noopener\">Opuscles<\/a><\/p>\n<p><a href=\"https:\/\/www.elche.es\/wp-content\/uploads\/2023\/01\/03_Arxiu-de-la-memoria.-Documents.pdf\" target=\"_blank\" rel=\"noopener\">Documents<\/a><\/p>\n<p><a href=\"https:\/\/www.elche.es\/wp-content\/uploads\/2023\/01\/04_Arxiu_PSAN_Arxiu-de-la-Memoria.pdf\" target=\"_blank\" rel=\"noopener\">Arxiu del PSAN<\/a><\/p>\n<p><a href=\"https:\/\/www.elche.es\/wp-content\/uploads\/2023\/01\/05_Arxiu-de-la-Memoria_Relacio-adhesius.pdf\" target=\"_blank\" rel=\"noopener\">Adhesius<\/a>[\/vc_column_text][vc_column_text][\/vc_column_text][\/vc_column][\/vc_row][vc_row full_width=&#8221;stretch_row&#8221;][vc_column][vc_empty_space height=&#8221;62px&#8221;][\/vc_column][\/vc_row][vc_row][vc_column][vc_column_text][\/vc_column_text][\/vc_column][\/vc_row]<\/p>\n<\/div>","protected":false},"excerpt":{"rendered":"BIBLIOTEQUES Coneix-nos Utilitza la biblioteca Agenda Infantil i Juvenil Investiga Elx a la biblioteca Col\u00b7leccions especials Fons Antic Fons Local Premsa hist\u00f2rica Arxiu de mem\u00f2ria Fons personals FONDOS DIGITALIZADOS Hemeroteca [...]","protected":false},"author":139,"featured_media":0,"parent":325413,"menu_order":0,"comment_status":"closed","ping_status":"closed","template":"","meta":{"footnotes":""},"class_list":["post-325431","page","type-page","status-publish","hentry"],"_links":{"self":[{"href":"https:\/\/www.elche.es\/va\/wp-json\/wp\/v2\/pages\/325431","targetHints":{"allow":["GET"]}}],"collection":[{"href":"https:\/\/www.elche.es\/va\/wp-json\/wp\/v2\/pages"}],"about":[{"href":"https:\/\/www.elche.es\/va\/wp-json\/wp\/v2\/types\/page"}],"author":[{"embeddable":true,"href":"https:\/\/www.elche.es\/va\/wp-json\/wp\/v2\/users\/139"}],"replies":[{"embeddable":true,"href":"https:\/\/www.elche.es\/va\/wp-json\/wp\/v2\/comments?post=325431"}],"version-history":[{"count":3,"href":"https:\/\/www.elche.es\/va\/wp-json\/wp\/v2\/pages\/325431\/revisions"}],"predecessor-version":[{"id":326788,"href":"https:\/\/www.elche.es\/va\/wp-json\/wp\/v2\/pages\/325431\/revisions\/326788"}],"up":[{"embeddable":true,"href":"https:\/\/www.elche.es\/va\/wp-json\/wp\/v2\/pages\/325413"}],"wp:attachment":[{"href":"https:\/\/www.elche.es\/va\/wp-json\/wp\/v2\/media?parent=325431"}],"curies":[{"name":"wp","href":"https:\/\/api.w.org\/{rel}","templated":true}]}}