{"id":325433,"date":"2025-02-07T13:32:59","date_gmt":"2025-02-07T11:32:59","guid":{"rendered":"https:\/\/www.elche.es\/?page_id=325433"},"modified":"2025-03-21T14:46:39","modified_gmt":"2025-03-21T12:46:39","slug":"enllacos","status":"publish","type":"page","link":"https:\/\/www.elche.es\/va\/biblioteques-elx\/investiga\/enllacos\/","title":{"rendered":"Enlla\u00e7os"},"content":{"rendered":"<div class=\"wpb-content-wrapper\"><p>[vc_row full_width=&#8221;stretch_row&#8221; css=&#8221;.vc_custom_1611735193470{background-image: url(https:\/\/www.elche.es\/wp-content\/uploads\/2016\/10\/cabeceras_biblioteca.png?id=3541) !important;background-position: center !important;background-repeat: no-repeat !important;background-size: cover !important;}&#8221; el_id=&#8221;bloque_titulo&#8221; el_class=&#8221;slidersecciones&#8221;][vc_column][vc_custom_heading text=&#8221;BIBLIOTECAS&#8221; font_container=&#8221;tag:h2|text_align:center|color:%23ffffff&#8221; google_fonts=&#8221;font_family:Ubuntu%3A300%2C300italic%2Cregular%2Citalic%2C500%2C500italic%2C700%2C700italic|font_style:700%20bold%20regular%3A700%3Anormal&#8221; el_class=&#8221;sombraTitulo cabeceramovil&#8221;][\/vc_column][\/vc_row][vc_row][vc_column]<div class=\"templatera_shortcode\"><div id=\"bloque_menu_enlaces\" data-vc-full-width=\"true\" data-vc-full-width-init=\"false\" data-vc-stretch-content=\"true\" class=\"vc_row wpb_row vc_row-fluid bloque_menu_paginas bloquemnuestop abajoslider vc_custom_1631786392630 vc_row-has-fill vc_row-no-padding\"><div class=\"wpb_column vc_column_container vc_col-sm-12\"><div class=\"vc_column-inner\"><div class=\"wpb_wrapper\">\r\n        \r\n        <a class=\"menuVC\"  href=\"https:\/\/www.elche.es\/va\/biblioteques-elx\/coneix-nos\/\"> <span> Coneix-nos <\/span><\/a>\r\n        \r\n        <a class=\"menuVC\"  href=\"https:\/\/www.elche.es\/va\/biblioteques-elx\/utilitza-la-biblioteca\/\"> <span> Utilitza la biblioteca <\/span><\/a>\r\n        \r\n        <a class=\"menuVC\"  href=\"https:\/\/www.elche.es\/va\/biblioteques-elx\/agenda\/\"> <span> Agenda <\/span><\/a>\r\n        \r\n        <a class=\"menuVC\"  href=\"https:\/\/www.elche.es\/va\/biblioteques-elx\/infantil-i-juvenil\/\"> <span> Infantil i Juvenil <\/span><\/a>\r\n        \r\n        <a class=\"menuVC\"  href=\"https:\/\/www.elche.es\/va\/biblioteques-elx\/investiga\/\"> <span> Investiga <\/span><\/a>\r\n        \r\n        <a class=\"menuVC\"  href=\"https:\/\/www.elche.es\/va\/biblioteques-elx\/elx-a-la-biblioteca\/\"> <span> Elx a la biblioteca <\/span><\/a><\/div><\/div><\/div><\/div><div class=\"vc_row-full-width vc_clearfix\"><\/div>\r\n<\/div>[\/vc_column][\/vc_row][vc_row full_width=&#8221;stretch_row&#8221; css=&#8221;.vc_custom_1475484188729{background-color: #dddde0 !important;}&#8221;][vc_column offset=&#8221;vc_hidden-sm vc_hidden-xs&#8221;][vc_column_text]<nav aria-label=\"breadcrumbs\">\n            <div class=\"breadcrumb-container theme1\">\n                <ol>\n                                    <\/ol>\n            <\/div>\n        <\/nav>    <script type=\"application\/ld+json\">\n        {\n            \"@context\": \"http:\/\/schema.org\",\n            \"@type\": \"BreadcrumbList\",\n            \"itemListElement\": [\n                            ]\n        }\n    <\/script>\n    <style type=\"text\/css\">\n        .breadcrumb-container {\n            font-size: 13px;\n        }\n\n        .breadcrumb-container ul {\n            margin: 0;\n            padding: 0;\n        }\n\n        .breadcrumb-container li {\n            box-sizing: unset;\n            display: inline-block;\n            margin: 0;\n            padding: 0;\n        }\n\n        .breadcrumb-container li a {\n            box-sizing: unset;\n            padding: 0 10px;\n        }\n\n        .breadcrumb-container {\n            font-size: 3 !important;\n                    }\n\n        .breadcrumb-container li a {\n            color: #0a0a0a !important;\n            font-size: 3 !important;\n            line-height: 3 !important;\n                    }\n\n        .breadcrumb-container li .separator {\n            font-size: 3 !important;\n                    }\n\n        .breadcrumb-container li:last-child .separator {\n            display: none;\n        }\n    <\/style>\n    <style type=\"text\/css\">\n        .breadcrumb-container.theme1 li {\n            margin: 0;\n            padding: 0;\n        }\n        .breadcrumb-container.theme1 a {\n            background: ;\n            display: inline-block;\n            margin: 0 5px;\n            padding: 5px 10px;\n            text-decoration: none;\n        }\n    <\/style>\n        <style type=\"text\/css\">\n            <\/style>\n    <script>\n            <\/script>\n[\/vc_column_text][\/vc_column][\/vc_row][vc_row full_width=&#8221;stretch_row&#8221; el_class=&#8221;margintop40&#8243;][vc_column width=&#8221;1\/4&#8243;]<div class=\"templatera_shortcode\"><div class=\"vc_row wpb_row vc_row-fluid\"><div class=\"menulateral menulateralizq wpb_column vc_column_container vc_col-sm-12\"><div class=\"vc_column-inner\"><div class=\"wpb_wrapper\">\r\n        \r\n        <a class=\"menuVC\"  href=\"https:\/\/www.elche.es\/va\/biblioteques-elx\/investiga\/col-leccions-especials\/\"> <span> Col\u00b7leccions especials <\/span><\/a><div class=\"vc_row wpb_row vc_inner vc_row-fluid submenua noveo menu_bibliotecas vc_custom_1643618447375\"><div class=\"wpb_column vc_column_container vc_col-sm-12\"><div class=\"vc_column-inner\"><div class=\"wpb_wrapper\">\r\n        \r\n        <a class=\"menuVC\"  href=\"https:\/\/www.elche.es\/va\/biblioteques-elx\/investiga\/col-leccions-especials\/col-leccions-especials-fons-antic\/\"> <span> Fons Antic <\/span><\/a>\r\n        \r\n        <a class=\"menuVC\"  href=\"https:\/\/www.elche.es\/va\/biblioteques-elx\/investiga\/col-leccions-especials\/fons-local\/\"> <span> Fons Local <\/span><\/a>\r\n        \r\n        <a class=\"menuVC\"  href=\"https:\/\/www.elche.es\/va\/biblioteques-elx\/investiga\/col-leccions-especials\/premsa-historica\/\"> <span> Premsa hist\u00f2rica <\/span><\/a>\r\n        \r\n        <a class=\"menuVC\"  href=\"https:\/\/www.elche.es\/va\/biblioteques-elx\/investiga\/col-leccions-especials\/arxiu-de-memoria\/\"> <span> Arxiu de mem\u00f2ria <\/span><\/a>\r\n        \r\n        <a class=\"menuVC\"  href=\"https:\/\/www.elche.es\/va\/biblioteques-elx\/investiga\/col-leccions-especials\/fons-personals\/\"> <span> Fons personals <\/span><\/a><\/div><\/div><\/div><\/div><\/div><\/div><\/div><\/div><div class=\"vc_row wpb_row vc_row-fluid oculto\"><div class=\"menulateral menulateralizq wpb_column vc_column_container vc_col-sm-12\"><div class=\"vc_column-inner\"><div class=\"wpb_wrapper\">\r\n        \r\n        <a class=\"menuVC\"  href=\"https:\/\/www.elche.es\/bibliotecas\/investiga\/fondos-digitalizados\/\"> <span> FONDOS DIGITALIZADOS <\/span><\/a><div class=\"vc_row wpb_row vc_inner vc_row-fluid submenua noveo menu_actividades vc_custom_1643618427353\"><div class=\"wpb_column vc_column_container vc_col-sm-12\"><div class=\"vc_column-inner\"><div class=\"wpb_wrapper\">\r\n        \r\n        <a class=\"menuVC\"  href=\"#\"> <span> Hemeroteca digital <\/span><\/a>\r\n        \r\n        <a class=\"menuVC\"  href=\"https:\/\/www.elche.es\/biblioteca-digital\/\"> <span> Biblioteca digital <\/span><\/a>\r\n        \r\n        <a class=\"menuVC\"  href=\"https:\/\/www.elche.es\/biblioteca-digital-fondo-local\"> <span> Fondo local <\/span><\/a>\r\n        \r\n        <a class=\"menuVC\"  href=\"#\"> <span> Hermanos Ibarra <\/span><\/a>\r\n        \r\n        <a class=\"menuVC\"  href=\"https:\/\/www.elche.es\/digitalizados-fondo-antiguo\"> <span> Fondo antiguo <\/span><\/a>\r\n        \r\n        <a class=\"menuVC\"  href=\"https:\/\/www.elche.es\/fondos-digitalizados-descubriendo-las-colecciones\/\"> <span> Descubriendo las colecciones <\/span><\/a><\/div><\/div><\/div><\/div><\/div><\/div><\/div><\/div><div class=\"vc_row wpb_row vc_row-fluid\"><div class=\"menulateral menulateralizq wpb_column vc_column_container vc_col-sm-12\"><div class=\"vc_column-inner\"><div class=\"wpb_wrapper\">\r\n        \r\n        <a class=\"menuVC\"  href=\"https:\/\/www.elche.es\/va\/biblioteques-elx\/investiga\/enllacos\/\"> <span> Enlla\u00e7os <\/span><\/a><\/div><\/div><\/div><\/div>\r\n<\/div>[\/vc_column][vc_column width=&#8221;3\/4&#8243;]<h3 class=\"sc_title sc_title_regular margin_top_null margin_bottom_tiny margin_left_null\" style=\"````\">Webs recomanades<\/h3>\r\n        <p>\r\n        <span class=\"enlaces-titulo\"> La Biblioteca Valenciana Digital (BIVALDI) <\/span> <span><a class=\"enlaces-link\" target='_blank'href=\"https:\/\/bivaldi.gva.es\/es\/inicio\/inicio.do \">Veure enlla\u00e7<\/a><\/span>\r\n        <br>\r\n        <span class=\"enlaces-descripcion\">La Biblioteca Valenciana Digital (BIVALDI), recollida en l'article 14 de la Llei 4\/2011 de biblioteques de la Comunitat Valenciana, \u00e9s un repositori de documents digitals normalitzats en el qual s'inclouen tant les obres integrants del patrimoni bibliogr\u00e0fic i documental valenci\u00e0 de la Biblioteca Valenciana Nicolau Primitiu, qui la gestiona com a centre superior bibliotecari de la Generalitat, com les obres d'especial rellev\u00e0ncia per a la cultura valenciana.<\/span>\r\n        <\/p>\r\n        <hr class=\"enlaces-separador\">\r\n        \r\n        <p>\r\n        <span class=\"enlaces-titulo\"> Biblioteca Digital Hisp\u00e0nica <\/span> <span><a class=\"enlaces-link\" target='_blank'href=\"https:\/\/www.bne.es\/es\/catalogos\/biblioteca-digital-hispanica \">Veure enlla\u00e7<\/a><\/span>\r\n        <br>\r\n        <span class=\"enlaces-descripcion\">La Biblioteca Digital Hisp\u00e0nica, creada en el 2008, \u00e9s la biblioteca digital de la Biblioteca Nacional d'Espanya. Proporciona acc\u00e9s lliure i gratu\u00eft a milers de documents digitalitzats, entre els quals es compten llibres impresos entre els segles XV i XX, manuscrits, dibuixos, gravats, fullets, cartells, fotografies, mapes, atles, partitures, premsa hist\u00f2rica i gravacions sonores.<\/span>\r\n        <\/p>\r\n        <hr class=\"enlaces-separador\">\r\n        \r\n        <p>\r\n        <span class=\"enlaces-titulo\"> Europeana <\/span> <span><a class=\"enlaces-link\" target='_blank'href=\"https:\/\/www.europeana.eu\/es \">Veure enlla\u00e7<\/a><\/span>\r\n        <br>\r\n        <span class=\"enlaces-descripcion\">El portal Europeana actua com a punt d'acc\u00e9s \u00fanic a milions de recursos digitals d'arxius, museus, biblioteques i col\u00b7leccions audiovisuals europees. M\u00e9s de 2.200 institucions europees han contribu\u00eft a la creaci\u00f3 i desenvolupament d'Europeana, des del Rijksmuseum, la British Library o el Louvre fins a arxius regionals i museus locals de tots els membres de la Uni\u00f3 Europea. De la uni\u00f3 de les seues col\u00b7leccions sorg\u00ed Europeana, que permet explorar el patrimoni cultural i cient\u00edfic europeu, des de la prehist\u00f2ria fins a l'actualitat.<br \/>\nA Espanya, \u00e9s la Biblioteca Nacional l'encarregada de contribuir a la integraci\u00f3 de fons digitalitzats.<\/span>\r\n        <\/p>\r\n        <hr class=\"enlaces-separador\">\r\n        [\/vc_column][\/vc_row][vc_row full_width=&#8221;stretch_row&#8221;][vc_column][vc_empty_space height=&#8221;62px&#8221;][\/vc_column][\/vc_row]<\/p>\n<\/div>","protected":false},"excerpt":{"rendered":"BIBLIOTECAS Coneix-nos Utilitza la biblioteca Agenda Infantil i Juvenil Investiga Elx a la biblioteca Col\u00b7leccions especials Fons Antic Fons Local Premsa hist\u00f2rica Arxiu de mem\u00f2ria Fons personals FONDOS DIGITALIZADOS Hemeroteca [...]","protected":false},"author":139,"featured_media":0,"parent":325411,"menu_order":0,"comment_status":"closed","ping_status":"closed","template":"","meta":{"footnotes":""},"class_list":["post-325433","page","type-page","status-publish","hentry"],"_links":{"self":[{"href":"https:\/\/www.elche.es\/va\/wp-json\/wp\/v2\/pages\/325433","targetHints":{"allow":["GET"]}}],"collection":[{"href":"https:\/\/www.elche.es\/va\/wp-json\/wp\/v2\/pages"}],"about":[{"href":"https:\/\/www.elche.es\/va\/wp-json\/wp\/v2\/types\/page"}],"author":[{"embeddable":true,"href":"https:\/\/www.elche.es\/va\/wp-json\/wp\/v2\/users\/139"}],"replies":[{"embeddable":true,"href":"https:\/\/www.elche.es\/va\/wp-json\/wp\/v2\/comments?post=325433"}],"version-history":[{"count":5,"href":"https:\/\/www.elche.es\/va\/wp-json\/wp\/v2\/pages\/325433\/revisions"}],"predecessor-version":[{"id":329858,"href":"https:\/\/www.elche.es\/va\/wp-json\/wp\/v2\/pages\/325433\/revisions\/329858"}],"up":[{"embeddable":true,"href":"https:\/\/www.elche.es\/va\/wp-json\/wp\/v2\/pages\/325411"}],"wp:attachment":[{"href":"https:\/\/www.elche.es\/va\/wp-json\/wp\/v2\/media?parent=325433"}],"curies":[{"name":"wp","href":"https:\/\/api.w.org\/{rel}","templated":true}]}}