{"id":325435,"date":"2025-02-07T13:48:07","date_gmt":"2025-02-07T11:48:07","guid":{"rendered":"https:\/\/www.elche.es\/?page_id=325435"},"modified":"2025-02-10T10:51:47","modified_gmt":"2025-02-10T08:51:47","slug":"elx-a-la-biblioteca","status":"publish","type":"page","link":"https:\/\/www.elche.es\/va\/biblioteques-elx\/elx-a-la-biblioteca\/","title":{"rendered":"Elx a la biblioteca"},"content":{"rendered":"<div class=\"wpb-content-wrapper\"><p>[vc_row full_width=&#8221;stretch_row&#8221; css=&#8221;.vc_custom_1611735193470{background-image: url(https:\/\/www.elche.es\/wp-content\/uploads\/2016\/10\/cabeceras_biblioteca.png?id=3541) !important;background-position: center !important;background-repeat: no-repeat !important;background-size: cover !important;}&#8221; el_id=&#8221;bloque_titulo&#8221; el_class=&#8221;slidersecciones&#8221;][vc_column][vc_custom_heading text=&#8221;BIBLIOTEQUES&#8221; font_container=&#8221;tag:h2|text_align:center|color:%23ffffff&#8221; google_fonts=&#8221;font_family:Ubuntu%3A300%2C300italic%2Cregular%2Citalic%2C500%2C500italic%2C700%2C700italic|font_style:700%20bold%20regular%3A700%3Anormal&#8221; el_class=&#8221;sombraTitulo cabeceramovil&#8221;][\/vc_column][\/vc_row][vc_row][vc_column][\/vc_column][\/vc_row][vc_row full_width=&#8221;stretch_row&#8221; css=&#8221;.vc_custom_1475484188729{background-color: #dddde0 !important;}&#8221;][vc_column offset=&#8221;vc_hidden-sm vc_hidden-xs&#8221;][vc_column_text]<nav aria-label=\"breadcrumbs\">\n            <div class=\"breadcrumb-container theme1\">\n                <ol>\n                                    <\/ol>\n            <\/div>\n        <\/nav>    <script type=\"application\/ld+json\">\n        {\n            \"@context\": \"http:\/\/schema.org\",\n            \"@type\": \"BreadcrumbList\",\n            \"itemListElement\": [\n                            ]\n        }\n    <\/script>\n    <style type=\"text\/css\">\n        .breadcrumb-container {\n            font-size: 13px;\n        }\n\n        .breadcrumb-container ul {\n            margin: 0;\n            padding: 0;\n        }\n\n        .breadcrumb-container li {\n            box-sizing: unset;\n            display: inline-block;\n            margin: 0;\n            padding: 0;\n        }\n\n        .breadcrumb-container li a {\n            box-sizing: unset;\n            padding: 0 10px;\n        }\n\n        .breadcrumb-container {\n            font-size: 3 !important;\n                    }\n\n        .breadcrumb-container li a {\n            color: #0a0a0a !important;\n            font-size: 3 !important;\n            line-height: 3 !important;\n                    }\n\n        .breadcrumb-container li .separator {\n            font-size: 3 !important;\n                    }\n\n        .breadcrumb-container li:last-child .separator {\n            display: none;\n        }\n    <\/style>\n    <style type=\"text\/css\">\n        .breadcrumb-container.theme1 li {\n            margin: 0;\n            padding: 0;\n        }\n        .breadcrumb-container.theme1 a {\n            background: ;\n            display: inline-block;\n            margin: 0 5px;\n            padding: 5px 10px;\n            text-decoration: none;\n        }\n    <\/style>\n        <style type=\"text\/css\">\n            <\/style>\n    <script>\n            <\/script>\n[\/vc_column_text][\/vc_column][\/vc_row][vc_row full_width=&#8221;stretch_row&#8221; el_class=&#8221;margintop40&#8243;][vc_column]<h3 class=\"sc_title sc_title_regular margin_top_null margin_bottom_null margin_left_null\" style=\"````\">Elx a la biblioteca<\/h3>[vc_empty_space height=&#8221;62px&#8221;][vc_column_text]Les biblioteques municipals oferixen un ampli i variat patrimoni documental on aproximar-se a la hist\u00f2ria d&#8217;Elx. Parlem principalment de la <a href=\"https:\/\/www.elche.es\/va\/biblioteques-elx\/investiga\/col-leccions-especials\/fons-local\/\" target=\"_blank\" rel=\"noopener\">Secci\u00f3 Local<\/a>, on podem trobar informaci\u00f3 en qualsevol suport o format que estiga relacionat amb la ciutat, aix\u00ed com les obres publicades amb autoria il\u00b7licitana.<\/p>\n<p>A m\u00e9s, s&#8217;afegixen les <a href=\"https:\/\/www.elche.es\/va\/biblioteques-elx\/investiga\/col-leccions-especials\/fons-personals\/\" target=\"_blank\" rel=\"noopener\">donacions i col\u00b7leccions particulars<\/a> que alberga la biblioteca.<\/p>\n<p>Volem destacar amb els seg\u00fcents enlla\u00e7os i recursos bibliogr\u00e0fics una selecci\u00f3 de continguts recurrents en les consultes a la biblioteca.[\/vc_column_text][\/vc_column][\/vc_row][vc_row full_width=&#8221;stretch_row&#8221;][vc_column][vc_empty_space height=&#8221;62px&#8221;][\/vc_column][\/vc_row]<\/p>\n<\/div>","protected":false},"excerpt":{"rendered":"BIBLIOTEQUES Elx a la biblioteca Les biblioteques municipals oferixen un ampli i variat patrimoni documental on aproximar-se a la hist\u00f2ria d'Elx. Parlem principalment de la Secci\u00f3 Local, on podem trobar [...]","protected":false},"author":144,"featured_media":0,"parent":325232,"menu_order":0,"comment_status":"closed","ping_status":"closed","template":"","meta":{"footnotes":""},"class_list":["post-325435","page","type-page","status-publish","hentry"],"_links":{"self":[{"href":"https:\/\/www.elche.es\/va\/wp-json\/wp\/v2\/pages\/325435","targetHints":{"allow":["GET"]}}],"collection":[{"href":"https:\/\/www.elche.es\/va\/wp-json\/wp\/v2\/pages"}],"about":[{"href":"https:\/\/www.elche.es\/va\/wp-json\/wp\/v2\/types\/page"}],"author":[{"embeddable":true,"href":"https:\/\/www.elche.es\/va\/wp-json\/wp\/v2\/users\/144"}],"replies":[{"embeddable":true,"href":"https:\/\/www.elche.es\/va\/wp-json\/wp\/v2\/comments?post=325435"}],"version-history":[{"count":5,"href":"https:\/\/www.elche.es\/va\/wp-json\/wp\/v2\/pages\/325435\/revisions"}],"predecessor-version":[{"id":325611,"href":"https:\/\/www.elche.es\/va\/wp-json\/wp\/v2\/pages\/325435\/revisions\/325611"}],"up":[{"embeddable":true,"href":"https:\/\/www.elche.es\/va\/wp-json\/wp\/v2\/pages\/325232"}],"wp:attachment":[{"href":"https:\/\/www.elche.es\/va\/wp-json\/wp\/v2\/media?parent=325435"}],"curies":[{"name":"wp","href":"https:\/\/api.w.org\/{rel}","templated":true}]}}