{"id":325447,"date":"2025-02-07T14:05:00","date_gmt":"2025-02-07T12:05:00","guid":{"rendered":"https:\/\/www.elche.es\/?page_id=325447"},"modified":"2025-02-19T11:25:18","modified_gmt":"2025-02-19T09:25:18","slug":"pregunta-a-la-biblioteca","status":"publish","type":"page","link":"https:\/\/www.elche.es\/va\/biblioteques-elx\/pregunta-a-la-biblioteca\/","title":{"rendered":"Pregunta a la biblioteca"},"content":{"rendered":"<div class=\"wpb-content-wrapper\"><p>[vc_row full_width=&#8221;stretch_row&#8221; css=&#8221;.vc_custom_1611735193470{background-image: url(https:\/\/www.elche.es\/wp-content\/uploads\/2016\/10\/cabeceras_biblioteca.png?id=3541) !important;background-position: center !important;background-repeat: no-repeat !important;background-size: cover !important;}&#8221; el_id=&#8221;bloque_titulo&#8221; el_class=&#8221;slidersecciones&#8221;][vc_column][vc_custom_heading text=&#8221;BIBLIOTEQUES&#8221; font_container=&#8221;tag:h2|text_align:center|color:%23ffffff&#8221; google_fonts=&#8221;font_family:Ubuntu%3A300%2C300italic%2Cregular%2Citalic%2C500%2C500italic%2C700%2C700italic|font_style:700%20bold%20regular%3A700%3Anormal&#8221; el_class=&#8221;sombraTitulo cabeceramovil&#8221;][\/vc_column][\/vc_row][vc_row][vc_column][\/vc_column][\/vc_row][vc_row full_width=&#8221;stretch_row&#8221; css=&#8221;.vc_custom_1475484188729{background-color: #dddde0 !important;}&#8221;][vc_column offset=&#8221;vc_hidden-sm vc_hidden-xs&#8221;][vc_column_text]<nav aria-label=\"breadcrumbs\">\n            <div class=\"breadcrumb-container theme1\">\n                <ol>\n                                    <\/ol>\n            <\/div>\n        <\/nav>    <script type=\"application\/ld+json\">\n        {\n            \"@context\": \"http:\/\/schema.org\",\n            \"@type\": \"BreadcrumbList\",\n            \"itemListElement\": [\n                            ]\n        }\n    <\/script>\n    <style type=\"text\/css\">\n        .breadcrumb-container {\n            font-size: 13px;\n        }\n\n        .breadcrumb-container ul {\n            margin: 0;\n            padding: 0;\n        }\n\n        .breadcrumb-container li {\n            box-sizing: unset;\n            display: inline-block;\n            margin: 0;\n            padding: 0;\n        }\n\n        .breadcrumb-container li a {\n            box-sizing: unset;\n            padding: 0 10px;\n        }\n\n        .breadcrumb-container {\n            font-size: 3 !important;\n                    }\n\n        .breadcrumb-container li a {\n            color: #0a0a0a !important;\n            font-size: 3 !important;\n            line-height: 3 !important;\n                    }\n\n        .breadcrumb-container li .separator {\n            font-size: 3 !important;\n                    }\n\n        .breadcrumb-container li:last-child .separator {\n            display: none;\n        }\n    <\/style>\n    <style type=\"text\/css\">\n        .breadcrumb-container.theme1 li {\n            margin: 0;\n            padding: 0;\n        }\n        .breadcrumb-container.theme1 a {\n            background: ;\n            display: inline-block;\n            margin: 0 5px;\n            padding: 5px 10px;\n            text-decoration: none;\n        }\n    <\/style>\n        <style type=\"text\/css\">\n            <\/style>\n    <script>\n            <\/script>\n[\/vc_column_text][\/vc_column][\/vc_row][vc_row full_width=&#8221;stretch_row&#8221; el_class=&#8221;margintop40&#8243;][vc_column]<h3 class=\"sc_title sc_title_regular margin_top_null margin_bottom_null margin_left_null\" style=\"margin-bottom: 1.35em;\">Pregunta a la biblioteca<\/h3>[vc_empty_space height=&#8221;62px&#8221;][vc_column_text]<span style=\"font-size: 14pt;\"><strong>Pregunte, les biblioteques responen<\/strong><\/span><\/p>\n<p>Servici p\u00fablic d&#8217;informaci\u00f3 a trav\u00e9s d&#8217;Internet que s&#8217;oferix gratu\u00eftament i que t\u00e9 com a objectiu <strong>satisfer les necessitats i interessos informatius de tots els ciutadans<\/strong>.\u00a0<a href=\"https:\/\/www.pregunte.es\/consulta\/consulta.cmd?FORMULARIO=inicio&amp;ACCION=cambiarIdioma&amp;IDIOMA_EN_SESION=va_ES\" target=\"_blank\" rel=\"noopener\">Pregunte, les biblioteques responen<\/a> dona respostes concretes o refer\u00e8ncies perqu\u00e8 l&#8217;usuari busque per si mateix la informaci\u00f3 que necessita, No proporciona informaci\u00f3 elaborada com ara informes, treballs, etc.<\/p>\n<p>&nbsp;<\/p>\n<p><span style=\"font-size: 14pt;\"><strong>Contacta<\/strong><\/span><\/p>\n<p>Per a fer una consulta sobre la nostra biblioteca, pots posar-te en contacte amb nosaltres per tel\u00e8fon en el 966 658 125 o per correu electr\u00f2nic a biblioteca.central@elche.es.<\/p>\n<p>Si el que vols \u00e9s fer una consulta a una altra de les biblioteques de la xarxa d&#8217;Elx pots fer-ho <a href=\"https:\/\/www.elche.es\/va\/biblioteques-elx\/coneix-nos\/troba-la-teua-biblioteca\/\">ac\u00ed<\/a>.<\/p>\n<p>&nbsp;<\/p>\n<p><span style=\"font-size: 14pt;\"><strong>Suggeriments de compra o desiderates<\/strong><\/span><\/p>\n<p>Els usuaris de la biblioteca poden contribuir a la formaci\u00f3 de les col\u00b7leccions mitjan\u00e7ant la presentaci\u00f3 de suggeriments de compra de qualsevol document que no forme part de la col\u00b7lecci\u00f3 de la biblioteca.<\/p>\n<p>Les desiderates poden realitzar-se presencialment en cada biblioteca o a trav\u00e9s de la p\u00e0gina web del <a href=\"https:\/\/xlpv.gva.es\/cginet-bin\/abnetop\/\" target=\"_blank\" rel=\"noopener\">Cat\u00e0leg de la Xarxa Electr\u00f2nica de Lectura P\u00fablica Valenciana (XLPV)<\/a> amb el vostre usuari i contrasenya accedint a <strong>\u201cLa meua biblioteca\u201d.<\/strong>[\/vc_column_text][\/vc_column][\/vc_row][vc_row full_width=&#8221;stretch_row&#8221;][vc_column][vc_empty_space height=&#8221;62px&#8221;][\/vc_column][\/vc_row]<\/p>\n<\/div>","protected":false},"excerpt":{"rendered":"BIBLIOTEQUES Pregunta a la biblioteca Pregunte, les biblioteques responen Servici p\u00fablic d'informaci\u00f3 a trav\u00e9s d'Internet que s'oferix gratu\u00eftament i que t\u00e9 com a objectiu satisfer les necessitats i interessos informatius [...]","protected":false},"author":144,"featured_media":0,"parent":325232,"menu_order":0,"comment_status":"closed","ping_status":"closed","template":"","meta":{"footnotes":""},"class_list":["post-325447","page","type-page","status-publish","hentry"],"_links":{"self":[{"href":"https:\/\/www.elche.es\/va\/wp-json\/wp\/v2\/pages\/325447","targetHints":{"allow":["GET"]}}],"collection":[{"href":"https:\/\/www.elche.es\/va\/wp-json\/wp\/v2\/pages"}],"about":[{"href":"https:\/\/www.elche.es\/va\/wp-json\/wp\/v2\/types\/page"}],"author":[{"embeddable":true,"href":"https:\/\/www.elche.es\/va\/wp-json\/wp\/v2\/users\/144"}],"replies":[{"embeddable":true,"href":"https:\/\/www.elche.es\/va\/wp-json\/wp\/v2\/comments?post=325447"}],"version-history":[{"count":4,"href":"https:\/\/www.elche.es\/va\/wp-json\/wp\/v2\/pages\/325447\/revisions"}],"predecessor-version":[{"id":326670,"href":"https:\/\/www.elche.es\/va\/wp-json\/wp\/v2\/pages\/325447\/revisions\/326670"}],"up":[{"embeddable":true,"href":"https:\/\/www.elche.es\/va\/wp-json\/wp\/v2\/pages\/325232"}],"wp:attachment":[{"href":"https:\/\/www.elche.es\/va\/wp-json\/wp\/v2\/media?parent=325447"}],"curies":[{"name":"wp","href":"https:\/\/api.w.org\/{rel}","templated":true}]}}