{"id":326088,"date":"2025-02-13T15:07:45","date_gmt":"2025-02-13T13:07:45","guid":{"rendered":"https:\/\/www.elche.es\/captacio-i-gestio-de-fons-externs\/antifraude\/"},"modified":"2025-02-20T16:02:50","modified_gmt":"2025-02-20T14:02:50","slug":"antifraude","status":"publish","type":"page","link":"https:\/\/www.elche.es\/va\/captacio-i-gestio-de-fons-externs\/antifraude\/","title":{"rendered":"Medidas antifraude"},"content":{"rendered":"<div class=\"wpb-content-wrapper\"><p>[vc_row][vc_column][\/vc_column][\/vc_row][vc_row full_width=&#8221;stretch_row&#8221; css=&#8221;.vc_custom_1475484188729{background-color: #dddde0 !important;}&#8221;][vc_column][vc_column_text]<nav aria-label=\"breadcrumbs\">\n            <div class=\"breadcrumb-container theme1\">\n                <ol>\n                                    <\/ol>\n            <\/div>\n        <\/nav>    <script type=\"application\/ld+json\">\n        {\n            \"@context\": \"http:\/\/schema.org\",\n            \"@type\": \"BreadcrumbList\",\n            \"itemListElement\": [\n                            ]\n        }\n    <\/script>\n    <style type=\"text\/css\">\n        .breadcrumb-container {\n            font-size: 13px;\n        }\n\n        .breadcrumb-container ul {\n            margin: 0;\n            padding: 0;\n        }\n\n        .breadcrumb-container li {\n            box-sizing: unset;\n            display: inline-block;\n            margin: 0;\n            padding: 0;\n        }\n\n        .breadcrumb-container li a {\n            box-sizing: unset;\n            padding: 0 10px;\n        }\n\n        .breadcrumb-container {\n            font-size: 3 !important;\n                    }\n\n        .breadcrumb-container li a {\n            color: #0a0a0a !important;\n            font-size: 3 !important;\n            line-height: 3 !important;\n                    }\n\n        .breadcrumb-container li .separator {\n            font-size: 3 !important;\n                    }\n\n        .breadcrumb-container li:last-child .separator {\n            display: none;\n        }\n    <\/style>\n    <style type=\"text\/css\">\n        .breadcrumb-container.theme1 li {\n            margin: 0;\n            padding: 0;\n        }\n        .breadcrumb-container.theme1 a {\n            background: ;\n            display: inline-block;\n            margin: 0 5px;\n            padding: 5px 10px;\n            text-decoration: none;\n        }\n    <\/style>\n        <style type=\"text\/css\">\n            <\/style>\n    <script>\n            <\/script>\n[\/vc_column_text][\/vc_column][\/vc_row][vc_row][vc_column][vc_column_text css=&#8221;.vc_custom_1739445895132{margin-top: -80px !important;margin-bottom: 25px !important;}&#8221;]<\/p>\n<h3>Medidas antifraude<\/h3>\n<p>[\/vc_column_text][\/vc_column][\/vc_row][vc_row][vc_column][vc_column_text css=&#8221;&#8221;]El Ayuntamiento de Elche quiere transmitir su determinaci\u00f3n de abordar y combatir el fraude a trav\u00e9s de los siguientes elementos:[\/vc_column_text][vc_empty_space height=&#8221;8px&#8221;][\/vc_column][\/vc_row][vc_row][vc_column css=&#8221;.vc_custom_1739449494862{background-color: #eaeaea !important;}&#8221;][vc_column_text css=&#8221;.vc_custom_1739449838711{margin-top: -20px !important;margin-bottom: 0px !important;padding-top: -20px !important;padding-bottom: 20px !important;padding-left: 25px !important;}&#8221;]<\/p>\n<ul>\n<li>Desarrollando una cultura contra el fraude.<\/li>\n<li>Asignando responsabilidades en la lucha contra el fraude (grupo de trabajo).<\/li>\n<li>Informando sobre los mecanismos de notificaci\u00f3n ante la sospecha de casos de fraude.<\/li>\n<li>Impulsando la cooperaci\u00f3n entre los diferentes actores.<\/li>\n<\/ul>\n<p>[\/vc_column_text][\/vc_column][\/vc_row][vc_row][vc_column][vc_empty_space height=&#8221;20px&#8221;][vc_column_text css=&#8221;&#8221;]El objetivo de dicha pol\u00edtica es, por un lado, manifestar y difundir al m\u00e1ximo la voluntad de lucha contra el fraude; y, por otro, promover en el seno de las unidades de trabajo una conciencia colectiva consciente de los da\u00f1os que provoca el fraude dentro de las instituciones.[\/vc_column_text][vc_empty_space height=&#8221;8px&#8221;][\/vc_column][\/vc_row][vc_row][vc_column][vc_empty_space height=&#8221;20px&#8221;][vc_cta h2=&#8221;PLAN DE MEDIDAS ANTIFRAUDE&#8221; h4=&#8221;noviembre 2024&#8243; shape=&#8221;round&#8221; style=&#8221;flat&#8221; add_icon=&#8221;left&#8221; i_icon_fontawesome=&#8221;fas fa-file-alt&#8221; i_background_style=&#8221;rounded-less-outline&#8221; i_background_color=&#8221;blue&#8221; i_size=&#8221;xl&#8221; css=&#8221;&#8221; i_on_border=&#8221;true&#8221; i_link=&#8221;url:https%3A%2F%2Fwww.elche.es%2Fwp-content%2Fuploads%2F2025%2F01%2FPlan-Antifraude-3-Definitivo.pdf|target:_blank&#8221;][\/vc_cta][vc_empty_space height=&#8221;20px&#8221;][\/vc_column][\/vc_row][vc_row][vc_column css=&#8221;.vc_custom_1739454123542{margin-top: -10px !important;margin-bottom: 30px !important;padding-top: -10px !important;}&#8221;][vc_separator css=&#8221;&#8221;][\/vc_column][\/vc_row][vc_row][vc_column css=&#8221;.vc_custom_1739451581311{margin-top: -20px !important;margin-bottom: 0px !important;padding-top: -20px !important;}&#8221;][vc_empty_space height=&#8221;20px&#8221;][vc_cta h2=&#8221;BUZ\u00d3N ANTIFRAUDE&#8221; add_icon=&#8221;left&#8221; i_icon_fontawesome=&#8221;fas fa-envelope&#8221; i_background_style=&#8221;rounded-outline&#8221; i_background_color=&#8221;blue&#8221; i_size=&#8221;xl&#8221; css=&#8221;&#8221;]Para garantizar la confidencialidad, la Uni\u00f3n Europea y el Estado Espa\u00f1ol as\u00ed como la Generalitat Valenciana ponen a disposici\u00f3n de los ciudadanos las siguientes p\u00e1ginas web donde se puede hacer la correspondiente denuncia:<\/p>\n<p>&nbsp;<\/p>\n<ul>\n<li><a style=\"font-size: 16px;\" href=\"https:\/\/ec.europa.eu\/anti-fraud\/olaf-and-you\/report-fraud_es\" target=\"_blank\" rel=\"noopener\">Oficina Europea de lucha contra el fraude\u00a0&gt;<\/a><\/li>\n<li><a style=\"font-size: 16px; letter-spacing: 0.3px;\" href=\"https:\/\/www.igae.pap.hacienda.gob.es\/sitios\/igae\/es-ES\/snca\/Paginas\/inicio.aspx\" target=\"_blank\" rel=\"noopener\">Servicio Nacional de Coordinaci\u00f3n Antifraude (SNCA)<\/a><span style=\"font-size: 16px; background-color: var( --e-global-color-secondary ); color: var( --e-global-color-text ); letter-spacing: 0.3px;\">\u00a0&gt;<\/span><\/li>\n<li><a style=\"font-size: 16px; letter-spacing: 0.3px;\" href=\"https:\/\/www.antifraucv.es\/buzon-de-denuncias-2\/#pll_switcher\" target=\"_blank\" rel=\"noopener\">Agencia Valenciana Antifraude\u00a0&gt;<\/a><\/li>\n<\/ul>\n<p>[\/vc_cta][\/vc_column][\/vc_row][vc_row][vc_column css=&#8221;.vc_custom_1739454123542{margin-top: -10px !important;margin-bottom: 30px !important;padding-top: -10px !important;}&#8221;][vc_separator css=&#8221;&#8221;][\/vc_column][\/vc_row][vc_row][vc_column]<h4 class=\"sc_title sc_title_regular\" style=\"````\">C\u00f3mo se articula la protecci\u00f3n contra el fraude<\/h4>[\/vc_column][\/vc_row][vc_row][vc_column][vc_empty_space height=&#8221;20px&#8221;][vc_column_text css=&#8221;&#8221;]Por otro lado, el Ayuntamiento de Elche, como receptor de fondos europeos, ha suscrito una <em>Declaraci\u00f3n institucional de integridad y antifraude<\/em> en la que manifiesta su compromiso con los est\u00e1ndares m\u00e1s altos en el cumplimiento de las normas jur\u00eddicas, \u00e9ticas y morales, su adhesi\u00f3n a los m\u00e1s estrictos principios de integridad, objetividad y honestidad, de manera que su actividad sea percibida por todos los agentes que se relacionan con \u00e9l como opuesto al fraude y la corrupci\u00f3n en cualquiera de sus formas. Todos los miembros del Gobierno y la direcci\u00f3n asumen y comparten este compromiso.<\/p>\n<p>Para el cumplimiento de la gesti\u00f3n de Fondos Europeos se realiz\u00f3 un an\u00e1lisis de riesgos de fraude, que se revisa peri\u00f3dicamente, y se cre\u00f3 un Comit\u00e9 de Seguimiento de Medidas Antifraude. Por motivos de simplificaci\u00f3n administrativa dicho Comit\u00e9 ha sido integrado en la Comisi\u00f3n Antifraude creada para abordar el Plan de Medidas Antifraude que el Ayuntamiento de Elche ha aprobado para garantizar el correcto trabajo de lucha contra el fraude.<\/p>\n<p>Las funciones de la Comisi\u00f3n Antifraude son:<\/p>\n<ul>\n<li style=\"list-style-type: none;\">\n<ul style=\"list-style-type: square;\">\n<li>Asesorar sobre el cumplimiento de las medidas de integridad y antifraude.<\/li>\n<li>Proponer acciones formativas en materia de integridad, \u00e9tica, prevenci\u00f3n del fraude y la corrupci\u00f3n.<\/li>\n<li>Informar ante cualquier sospecha de fraude o irregularidad a la unidad responsable de su tramitaci\u00f3n.<\/li>\n<li>Tratamiento de las informaciones\/denuncias recibidas en relaci\u00f3n con conductas susceptibles de ser encuadradas en cualquiera de los supuestos de fraude o similares.<\/li>\n<li>Llevar un registro de los muestreos realizados, de las incidencias detectadas y de los expedientes informativos incoados y resueltos.<\/li>\n<li>Realizar los procesos de evaluaci\u00f3n de riesgos, as\u00ed como los procedimientos de detecci\u00f3n y correcci\u00f3n.<\/li>\n<li>Revisi\u00f3n anual del Plan de Medidas Antifraude.<\/li>\n<li>An\u00e1lisis y propuestas de mejora de la pol\u00edtica de lucha contra el fraude.<\/li>\n<\/ul>\n<\/li>\n<\/ul>\n<p>[\/vc_column_text][vc_empty_space height=&#8221;8px&#8221;][\/vc_column][\/vc_row][vc_row][vc_column][vc_empty_space height=&#8221;20px&#8221;][vc_separator css=&#8221;&#8221;][vc_empty_space height=&#8221;20px&#8221;][\/vc_column][\/vc_row][vc_row][vc_column css=&#8221;.vc_custom_1739451026744{background-color: #eaeaea !important;}&#8221;][vc_column_text css=&#8221;.vc_custom_1739453448691{margin-top: -20px !important;margin-bottom: 0px !important;padding-top: -20px !important;padding-bottom: 20px !important;}&#8221;]La Comisi\u00f3n Antifraude la componen:<\/p>\n<ul>\n<li style=\"list-style-type: none;\">\n<ul style=\"list-style-type: disc;\">\n<li>Coordinadora del \u00c1rea de Innovaci\u00f3n, Contrataci\u00f3n, Proyectos y Fondos P\u00fablicos.<\/li>\n<li>Jefa de Servicio de Fondos Europeos.<\/li>\n<li>Jefe del Servicio de Intervenci\u00f3n.<\/li>\n<li>Jefe del Servicio de Tesorer\u00eda.<\/li>\n<li>T\u00e9cnico de Gesti\u00f3n de Fondos.<\/li>\n<li>T\u00e9cnico Medio de Fondos Europeos (Secretario).<\/li>\n<\/ul>\n<\/li>\n<\/ul>\n<p>[\/vc_column_text][\/vc_column][\/vc_row][vc_row][vc_column][vc_empty_space height=&#8221;20px&#8221;][vc_column_text css=&#8221;&#8221;]En los casos o sospechas de fraude detectados, con car\u00e1cter general y a la mayor brevedad posible, se informar\u00e1 al \u00f3rgano gestor de los proyectos financiados con fondos europeos el cual, a su vez, lo pondr\u00e1 en conocimiento de la Comisi\u00f3n Antifraude.[\/vc_column_text][vc_empty_space height=&#8221;20px&#8221;][\/vc_column][\/vc_row][vc_row][vc_column width=&#8221;1\/2&#8243; css=&#8221;.vc_custom_1740054271049{margin-right: 10px !important;padding-right: 10px !important;background-color: #eaeaea !important;}&#8221;][vc_column_text css=&#8221;.vc_custom_1740053411462{margin-top: -20px !important;margin-bottom: 0px !important;padding-top: -20px !important;padding-bottom: 20px !important;}&#8221;]email: <a href=\"mailto:fondoseuropeos@elche.es\">fondoseuropeos@elche.es<\/a>[\/vc_column_text][\/vc_column][vc_column width=&#8221;1\/2&#8243; css=&#8221;.vc_custom_1740060175543{margin-right: 100px !important;margin-left: 10px !important;background-color: #eaeaea !important;}&#8221;][vc_column_text css=&#8221;.vc_custom_1740053744160{margin-top: -20px !important;margin-bottom: 0px !important;padding-top: -20px !important;padding-bottom: 20px !important;}&#8221;]tel\u00e9fono: 966 658 068[\/vc_column_text][\/vc_column][\/vc_row][vc_row][vc_column][vc_empty_space height=&#8221;20px&#8221;][vc_empty_space height=&#8221;20px&#8221;][\/vc_column][\/vc_row]<\/p>\n<\/div>","protected":false},"excerpt":{"rendered":"Medidas antifraude El Ayuntamiento de Elche quiere transmitir su determinaci\u00f3n de abordar y combatir el fraude a trav\u00e9s de los siguientes elementos: Desarrollando una cultura contra el fraude. Asignando responsabilidades [...]","protected":false},"author":131,"featured_media":0,"parent":204767,"menu_order":0,"comment_status":"closed","ping_status":"closed","template":"","meta":{"footnotes":""},"class_list":["post-326088","page","type-page","status-publish","hentry"],"_links":{"self":[{"href":"https:\/\/www.elche.es\/va\/wp-json\/wp\/v2\/pages\/326088","targetHints":{"allow":["GET"]}}],"collection":[{"href":"https:\/\/www.elche.es\/va\/wp-json\/wp\/v2\/pages"}],"about":[{"href":"https:\/\/www.elche.es\/va\/wp-json\/wp\/v2\/types\/page"}],"author":[{"embeddable":true,"href":"https:\/\/www.elche.es\/va\/wp-json\/wp\/v2\/users\/131"}],"replies":[{"embeddable":true,"href":"https:\/\/www.elche.es\/va\/wp-json\/wp\/v2\/comments?post=326088"}],"version-history":[{"count":5,"href":"https:\/\/www.elche.es\/va\/wp-json\/wp\/v2\/pages\/326088\/revisions"}],"predecessor-version":[{"id":326851,"href":"https:\/\/www.elche.es\/va\/wp-json\/wp\/v2\/pages\/326088\/revisions\/326851"}],"up":[{"embeddable":true,"href":"https:\/\/www.elche.es\/va\/wp-json\/wp\/v2\/pages\/204767"}],"wp:attachment":[{"href":"https:\/\/www.elche.es\/va\/wp-json\/wp\/v2\/media?parent=326088"}],"curies":[{"name":"wp","href":"https:\/\/api.w.org\/{rel}","templated":true}]}}