{"id":328850,"date":"2025-03-12T12:44:31","date_gmt":"2025-03-12T10:44:31","guid":{"rendered":"https:\/\/www.elche.es\/?page_id=328850"},"modified":"2025-05-09T13:33:05","modified_gmt":"2025-05-09T11:33:05","slug":"defensor-del-major","status":"publish","type":"page","link":"https:\/\/www.elche.es\/va\/mayores\/consell-de-majors\/defensor-del-major\/","title":{"rendered":"Defensor del major"},"content":{"rendered":"<div class=\"wpb-content-wrapper\"><p>[vc_row full_width=&#8221;stretch_row&#8221; css=&#8221;.vc_custom_1475488224066{background-color: #dddde0 !important;}&#8221;][vc_column][vc_column_text]<nav aria-label=\"breadcrumbs\">\n            <div class=\"breadcrumb-container theme1\">\n                <ol>\n                                    <\/ol>\n            <\/div>\n        <\/nav>    <script type=\"application\/ld+json\">\n        {\n            \"@context\": \"http:\/\/schema.org\",\n            \"@type\": \"BreadcrumbList\",\n            \"itemListElement\": [\n                            ]\n        }\n    <\/script>\n    <style type=\"text\/css\">\n        .breadcrumb-container {\n            font-size: 13px;\n        }\n\n        .breadcrumb-container ul {\n            margin: 0;\n            padding: 0;\n        }\n\n        .breadcrumb-container li {\n            box-sizing: unset;\n            display: inline-block;\n            margin: 0;\n            padding: 0;\n        }\n\n        .breadcrumb-container li a {\n            box-sizing: unset;\n            padding: 0 10px;\n        }\n\n        .breadcrumb-container {\n            font-size: 3 !important;\n                    }\n\n        .breadcrumb-container li a {\n            color: #0a0a0a !important;\n            font-size: 3 !important;\n            line-height: 3 !important;\n                    }\n\n        .breadcrumb-container li .separator {\n            font-size: 3 !important;\n                    }\n\n        .breadcrumb-container li:last-child .separator {\n            display: none;\n        }\n    <\/style>\n    <style type=\"text\/css\">\n        .breadcrumb-container.theme1 li {\n            margin: 0;\n            padding: 0;\n        }\n        .breadcrumb-container.theme1 a {\n            background: ;\n            display: inline-block;\n            margin: 0 5px;\n            padding: 5px 10px;\n            text-decoration: none;\n        }\n    <\/style>\n        <style type=\"text\/css\">\n            <\/style>\n    <script>\n            <\/script>\n[\/vc_column_text][\/vc_column][\/vc_row][vc_row][vc_column]<h1 class=\"sc_title sc_title_regular titulo-pagina margin_top_small\" style=\"````\">Defensor del major<\/h1>[\/vc_column][\/vc_row][vc_row][vc_column width=&#8221;1\/6&#8243;][vc_single_image image=&#8221;328835&#8243; img_size=&#8221;full&#8221; alignment=&#8221;center&#8221; css=&#8221;&#8221;][\/vc_column][vc_column width=&#8221;5\/6&#8243;][vc_column_text css=&#8221;.vc_custom_1741779632248{margin-bottom: 40px !important;}&#8221;]<strong>Carlos Monera<\/strong><\/p>\n<p>Residix a Elx des de fa 35 anys.<\/p>\n<p>Metge jubilat. Funcionari del Cos Facultatiu de Sanitat Penitenci\u00e0ria. Amb \u00e0mplia experi\u00e8ncia en grups d&#8217;alta vulnerabilitat social: drogodepend\u00e8ncia, desavantatge social, malaltia mental, dem\u00e8ncies, presos, pacients terminals, psicogeriatria.<\/p>\n<p>Coneix a fons els centres sociosanitaris. Ha sigut coordinador de Salut Mental de l&#8217;Hospital del Vinalop\u00f3 i responsable metge de diversos centres penitenciaris.<\/p>\n<p>Doctor en Medicina i Antropologia. Professor universitari honor\u00edfic de la UMH i de la UA.<\/p>\n<p><strong>\u201cEstar\u00e9 sempre al costat de les persones i institucions que ho donen tot pels dos esclavons m\u00e9s fr\u00e0gils de la humanitat: la inf\u00e0ncia i els ancians\u201d<\/strong>[\/vc_column_text][vc_column_text css=&#8221;.vc_custom_1746790385983{margin-bottom: 30px !important;}&#8221;]<b>Qu\u00e8 \u00e9s?<\/b><\/p>\n<p>El defensor\/a de les persones majors t\u00e9 com a missi\u00f3 prestar assessorament, informaci\u00f3, orientaci\u00f3, atenci\u00f3 i ajuda als majors de 60 anys del municipi d&#8217;Elx, aix\u00ed com a les associacions de majors en les seues relacions amb l&#8217;administraci\u00f3 municipal i la resta d&#8217;organismes i entitats dependents d&#8217;esta.<br \/>\nExercix les seues funcions amb total independ\u00e8ncia i autonomia i sense percebre cap retribuci\u00f3 per part de l&#8217;Ajuntament.<\/p>\n<p><strong>A qui va dirigit?<\/strong><\/p>\n<p>Qualsevol persona natural o jur\u00eddica amb inter\u00e9s leg\u00edtim, sempre que no haja transcorregut m\u00e9s d&#8217;un any des del fet.<\/p>\n<p><strong>Cita pr\u00e8via:<\/strong><\/p>\n<ul>\n<li>Casa del Major, Sant Isidre, 10, baix<\/li>\n<li>96 665 82 63<\/li>\n<li><a href=\"mailto:defensordelmayor@elche.es\">defensordelmayor@elche.es<\/a><\/li>\n<\/ul>\n<p>Tamb\u00e9 pot exposar la seua consulta mitjan\u00e7ant inst\u00e0ncia general a trav\u00e9s de registre.<\/p>\n<hr \/>\n<p>[\/vc_column_text]\r\n        <p>\r\n        <span class=\"enlaces-titulo\"> Reglament del defensor <\/span> <span><a class=\"enlaces-link\" target='_blank'href=\"https:\/\/www.elche.es\/mayores\/consejo-de-mayores\/reglamento-del-consejo-de-mayores\/ \">Veure enlla\u00e7<\/a><\/span>\r\n        <br>\r\n        <span class=\"enlaces-descripcion\"><\/span>\r\n        <\/p>\r\n        <hr class=\"enlaces-separador\">\r\n        [\/vc_column][\/vc_row][vc_row][vc_column][vc_empty_space][\/vc_column][\/vc_row]<\/p>\n<\/div>","protected":false},"excerpt":{"rendered":"<p>[vc_row full_width=&#8221;stretch_row&#8221; css=&#8221;.vc_custom_1475488224066{background-color: #dddde0 !important;}&#8221;][vc_column][vc_column_text][\/vc_column_text][\/vc_column][\/vc_row][vc_row][vc_column][\/vc_column][\/vc_row][vc_row][vc_column width=&#8221;1\/6&#8243;][vc_single_image image=&#8221;328835&#8243; img_size=&#8221;full&#8221; alignment=&#8221;center&#8221; css=&#8221;&#8221;][\/vc_column][vc_column width=&#8221;5\/6&#8243;][vc_column_text css=&#8221;.vc_custom_1741779632248{margin-bottom: 40px !important;}&#8221;]Carlos Monera Residix a Elx des de fa 35 anys. Metge jubilat. Funcionari del Cos Facultatiu de [&hellip;]<\/p>\n","protected":false},"author":139,"featured_media":0,"parent":16357,"menu_order":0,"comment_status":"closed","ping_status":"closed","template":"","meta":{"footnotes":""},"class_list":["post-328850","page","type-page","status-publish","hentry"],"_links":{"self":[{"href":"https:\/\/www.elche.es\/va\/wp-json\/wp\/v2\/pages\/328850","targetHints":{"allow":["GET"]}}],"collection":[{"href":"https:\/\/www.elche.es\/va\/wp-json\/wp\/v2\/pages"}],"about":[{"href":"https:\/\/www.elche.es\/va\/wp-json\/wp\/v2\/types\/page"}],"author":[{"embeddable":true,"href":"https:\/\/www.elche.es\/va\/wp-json\/wp\/v2\/users\/139"}],"replies":[{"embeddable":true,"href":"https:\/\/www.elche.es\/va\/wp-json\/wp\/v2\/comments?post=328850"}],"version-history":[{"count":5,"href":"https:\/\/www.elche.es\/va\/wp-json\/wp\/v2\/pages\/328850\/revisions"}],"predecessor-version":[{"id":335642,"href":"https:\/\/www.elche.es\/va\/wp-json\/wp\/v2\/pages\/328850\/revisions\/335642"}],"up":[{"embeddable":true,"href":"https:\/\/www.elche.es\/va\/wp-json\/wp\/v2\/pages\/16357"}],"wp:attachment":[{"href":"https:\/\/www.elche.es\/va\/wp-json\/wp\/v2\/media?parent=328850"}],"curies":[{"name":"wp","href":"https:\/\/api.w.org\/{rel}","templated":true}]}}