{"id":333320,"date":"2025-04-17T09:48:13","date_gmt":"2025-04-17T07:48:13","guid":{"rendered":"https:\/\/www.elche.es\/?page_id=333320"},"modified":"2025-04-17T12:39:25","modified_gmt":"2025-04-17T10:39:25","slug":"activitats-2","status":"publish","type":"page","link":"https:\/\/www.elche.es\/va\/diversitat-funcional\/activitats-2\/","title":{"rendered":"Activitats"},"content":{"rendered":"<div class=\"wpb-content-wrapper\"><p>[vc_row][vc_column]<div class=\"templatera_shortcode\"><div data-vc-full-width=\"true\" data-vc-full-width-init=\"false\" class=\"vc_row wpb_row vc_row-fluid slidersecciones vc_custom_1744801117945 vc_row-has-fill\"><div class=\"wpb_column vc_column_container vc_col-sm-12\"><div class=\"vc_column-inner\"><div class=\"wpb_wrapper\"><h2 style=\"color: #ffffff;text-align: center;font-family:Ubuntu;font-weight:700;font-style:normal\" class=\"vc_custom_heading vc_do_custom_heading sombraTitulo cabeceramovil\" >REGIDORIA DE DISCAPACITAT<\/h2><\/div><\/div><\/div><\/div><div class=\"vc_row-full-width vc_clearfix\"><\/div><div id=\"bloque_menu_enlaces\" data-vc-full-width=\"true\" data-vc-full-width-init=\"false\" data-vc-stretch-content=\"true\" class=\"vc_row wpb_row vc_row-fluid vc_custom_1475765564344 vc_row-has-fill vc_row-no-padding\"><div class=\"wpb_column vc_column_container vc_col-sm-12\"><div class=\"vc_column-inner\"><div class=\"wpb_wrapper\">\r\n        \r\n        <a class=\"menuVC\"  href=\"https:\/\/www.elche.es\/va\/diversitat-funcional\/tramits\/\"> <span> Tr\u00e0mits <\/span><\/a>\r\n        \r\n        <a class=\"menuVC\"  href=\"https:\/\/www.elche.es\/va\/diversitat-funcional\/consell-2\/\"> <span> Consell <\/span><\/a>\r\n        \r\n        <a class=\"menuVC\"  href=\"https:\/\/www.elche.es\/va\/participacio-ciutadana\/associacionisme\/directori-dassociacions\/\"> <span> Directori d'Associacions <\/span><\/a>\r\n        \r\n        <a class=\"menuVC\"  href=\"https:\/\/www.elche.es\/va\/diversitat-funcional\/activitats-2\/\"> <span> Activitats <\/span><\/a>\r\n        \r\n        <a class=\"menuVC\"  href=\"https:\/\/www.elche.es\/va\/elx-ciutat-accessible\/\"> <span> Accesibilitat <\/span><\/a><\/div><\/div><\/div><\/div><div class=\"vc_row-full-width vc_clearfix\"><\/div><\/div>[\/vc_column][\/vc_row][vc_row full_width=&#8221;stretch_row&#8221; css=&#8221;.vc_custom_1475488224066{background-color: #dddde0 !important;}&#8221;][vc_column][vc_column_text]<nav aria-label=\"breadcrumbs\">\n            <div class=\"breadcrumb-container theme1\">\n                <ol>\n                                    <\/ol>\n            <\/div>\n        <\/nav>    <script type=\"application\/ld+json\">\n        {\n            \"@context\": \"http:\/\/schema.org\",\n            \"@type\": \"BreadcrumbList\",\n            \"itemListElement\": [\n                            ]\n        }\n    <\/script>\n    <style type=\"text\/css\">\n        .breadcrumb-container {\n            font-size: 13px;\n        }\n\n        .breadcrumb-container ul {\n            margin: 0;\n            padding: 0;\n        }\n\n        .breadcrumb-container li {\n            box-sizing: unset;\n            display: inline-block;\n            margin: 0;\n            padding: 0;\n        }\n\n        .breadcrumb-container li a {\n            box-sizing: unset;\n            padding: 0 10px;\n        }\n\n        .breadcrumb-container {\n            font-size: 3 !important;\n                    }\n\n        .breadcrumb-container li a {\n            color: #0a0a0a !important;\n            font-size: 3 !important;\n            line-height: 3 !important;\n                    }\n\n        .breadcrumb-container li .separator {\n            font-size: 3 !important;\n                    }\n\n        .breadcrumb-container li:last-child .separator {\n            display: none;\n        }\n    <\/style>\n    <style type=\"text\/css\">\n        .breadcrumb-container.theme1 li {\n            margin: 0;\n            padding: 0;\n        }\n        .breadcrumb-container.theme1 a {\n            background: ;\n            display: inline-block;\n            margin: 0 5px;\n            padding: 5px 10px;\n            text-decoration: none;\n        }\n    <\/style>\n        <style type=\"text\/css\">\n            <\/style>\n    <script>\n            <\/script>\n[\/vc_column_text][\/vc_column][\/vc_row][vc_row][vc_column]<div class=\"sc_content content_wrap\"><div class=\"vc_empty_space\"   style=\"height: 32px\"><span class=\"vc_empty_space_inner\"><\/span><\/div><h3 class=\"sc_title sc_title_regular sc_align_center margin_top_tiny\" style=\"````text-align:center;\">Programa respir conciliaci\u00f3<\/h3><div class=\"vc_empty_space\"   style=\"height: 32px\"><span class=\"vc_empty_space_inner\"><\/span><\/div>\n\t<div class=\"wpb_text_column wpb_content_element\" >\n\t\t<div class=\"wpb_wrapper\">\n\t\t\t<p style=\"text-align: justify;\">L&#8217;Ajuntament d&#8217;Elx \u00e9s coneixedor de les dificultats per les quals una fam\u00edlia passa per a poder alleujar la sobrec\u00e0rrega\u00a0<span class=\"hiddenGrammarError\">tant<\/span>\u00a0f\u00edsica, mental com ara emocional. \u00c9s per aix\u00f2 que crea este programa, que es duu a terme durant tot l&#8217;any, amb la finalitat de conciliar la vida familiar i personal, que consistix a secundar de manera temporal la fam\u00edlia en la cura de la persona amb diversitat funcional.<\/p>\n\n\t\t<\/div>\n\t<\/div>\n<div class=\"vc_empty_space\"   style=\"height: 32px\"><span class=\"vc_empty_space_inner\"><\/span><\/div><div class=\"columns_wrap sc_columns columns_nofluid sc_columns_count_2\"><div class=\"column-1_2 sc_column_item sc_column_item_1 odd first\">\n\t<div class=\"wpb_text_column wpb_content_element\" >\n\t\t<div class=\"wpb_wrapper\">\n\t\t\t<div style=\"border: 2px black solid; padding: 10px; background-color: #f8f8ff;\">\n<p style=\"text-align: center;\"><span style=\"font-size: 14pt;\"><strong><span style=\"text-decoration: underline;\">Programa respir dissabtes<\/span><\/strong><\/span><\/p>\n<p style=\"text-align: center;\"><strong>Lloc:<\/strong> Centre C\u00edvic Francesc Cant\u00f3<\/p>\n<p style=\"text-align: center;\"><strong>Horari:<\/strong> 9-13 h<\/p>\n<p style=\"text-align: center;\"><strong>Dates:<\/strong> Octubre: 22 i 29<\/p>\n<p style=\"text-align: center;\">Novembre: 5, 12, 19 i 26<\/p>\n<p style=\"text-align: center;\">Desembre: 3, 10 i 17<\/p>\n<p style=\"text-align: center;\">Gener: 14, 21 i 28<\/p>\n<p style=\"text-align: center;\">Febrer: 4, 11, 18 i 25<\/p>\n<p style=\"text-align: center;\">Mar\u00e7: 4, 11, 18 i 25<\/p>\n<p style=\"text-align: center;\">Abril: 1, 22 i 29<\/p>\n<p style=\"text-align: center;\">Maig: 6, 13, 20 i 27<\/p>\n<p style=\"text-align: center;\">Juny: 3, 10 i 17<\/p>\n<\/div>\n<div style=\"border: 2px black solid; padding: 10px; margin-top: 20px; margin-bottom: 20px; background-color: #f8f8ff;\">\n<p style=\"text-align: center;\"><span style=\"font-size: 14pt;\"><strong><span style=\"text-decoration: underline;\">Programa conciliaci\u00f3 estiu<\/span><\/strong><\/span><\/p>\n<p style=\"text-align: center;\"><strong>Lloc:<\/strong> punt accessible en la platja dels Arenals del Sol<\/p>\n<p style=\"text-align: center;\"><strong>Horari:<\/strong> 9-14 h<\/p>\n<p style=\"text-align: center;\"><strong>Dates:<\/strong> mesos de juliol i agost<\/p>\n<\/div>\n\n\t\t<\/div>\n\t<\/div>\n<\/div><div class=\"column-1_2 sc_column_item sc_column_item_2 even\"><div class=\"vc_empty_space\"   style=\"height: 1px\"><span class=\"vc_empty_space_inner\"><\/span><\/div>\n\t<div  class=\"wpb_single_image wpb_content_element vc_align_&#8221;center&#8221; wpb_content_element\">\n\t\t\n\t\t<figure class=\"wpb_wrapper vc_figure\">\n\t\t\t<div class=\"vc_single_image-wrapper   vc_box_border_grey\"><\/div>\n\t\t<\/figure>\n\t<\/div>\n<\/div><\/div><\/div>[vc_empty_space][vc_empty_space][vc_empty_space][\/vc_column][\/vc_row]<\/p>\n<\/div>","protected":false},"excerpt":{"rendered":"REGIDORIA DE DISCAPACITAT Tr\u00e0mits Consell Directori d'Associacions Activitats Accesibilitat Programa respir conciliaci\u00f3 L'Ajuntament d'Elx \u00e9s coneixedor de les dificultats per les quals una fam\u00edlia passa per a poder alleujar la [...]","protected":false},"author":139,"featured_media":0,"parent":25026,"menu_order":0,"comment_status":"closed","ping_status":"closed","template":"","meta":{"footnotes":""},"class_list":["post-333320","page","type-page","status-publish","hentry"],"_links":{"self":[{"href":"https:\/\/www.elche.es\/va\/wp-json\/wp\/v2\/pages\/333320","targetHints":{"allow":["GET"]}}],"collection":[{"href":"https:\/\/www.elche.es\/va\/wp-json\/wp\/v2\/pages"}],"about":[{"href":"https:\/\/www.elche.es\/va\/wp-json\/wp\/v2\/types\/page"}],"author":[{"embeddable":true,"href":"https:\/\/www.elche.es\/va\/wp-json\/wp\/v2\/users\/139"}],"replies":[{"embeddable":true,"href":"https:\/\/www.elche.es\/va\/wp-json\/wp\/v2\/comments?post=333320"}],"version-history":[{"count":3,"href":"https:\/\/www.elche.es\/va\/wp-json\/wp\/v2\/pages\/333320\/revisions"}],"predecessor-version":[{"id":333599,"href":"https:\/\/www.elche.es\/va\/wp-json\/wp\/v2\/pages\/333320\/revisions\/333599"}],"up":[{"embeddable":true,"href":"https:\/\/www.elche.es\/va\/wp-json\/wp\/v2\/pages\/25026"}],"wp:attachment":[{"href":"https:\/\/www.elche.es\/va\/wp-json\/wp\/v2\/media?parent=333320"}],"curies":[{"name":"wp","href":"https:\/\/api.w.org\/{rel}","templated":true}]}}