{"id":335073,"date":"2025-05-06T14:12:41","date_gmt":"2025-05-06T12:12:41","guid":{"rendered":"https:\/\/www.elche.es\/?page_id=335073"},"modified":"2025-05-06T14:46:20","modified_gmt":"2025-05-06T12:46:20","slug":"videos-del-ple-municipal-i-de-la-junta-de-govern-local","status":"publish","type":"page","link":"https:\/\/www.elche.es\/va\/ajuntament-delx\/videos-del-ple-municipal-i-de-la-junta-de-govern-local\/","title":{"rendered":"V\u00eddeos del Ple Municipal i de la Junta de Govern Local"},"content":{"rendered":"<div class=\"wpb-content-wrapper\"><p>[vc_row full_width=&#8221;stretch_row&#8221; css=&#8221;.vc_custom_1664278174677{background-image: url(https:\/\/www.elche.es\/wp-content\/uploads\/2022\/08\/slider-general-ayto.jpg?id=210289) !important;background-position: center !important;background-repeat: no-repeat !important;background-size: cover !important;}&#8221; el_class=&#8221;slidersecciones&#8221;][vc_column][vc_custom_heading text=&#8221;AJUNTAMENT D&#8217;ELX&#8221; font_container=&#8221;tag:h2|text_align:center|color:%23ffffff&#8221; google_fonts=&#8221;font_family:Ubuntu%3A300%2C300italic%2Cregular%2Citalic%2C500%2C500italic%2C700%2C700italic|font_style:700%20bold%20regular%3A700%3Anormal&#8221; css=&#8221;&#8221; el_class=&#8221;sombraTitulo cabeceramovil&#8221;][\/vc_column][\/vc_row][vc_row][vc_column]<div class=\"templatera_shortcode\"><div id=\"bloque_menu_enlaces\" data-vc-full-width=\"true\" data-vc-full-width-init=\"false\" data-vc-stretch-content=\"true\" class=\"vc_row wpb_row vc_row-fluid bloquemnuestop vc_custom_1629977340156 vc_row-has-fill vc_row-no-padding\"><div class=\"wpb_column vc_column_container vc_col-sm-12\"><div class=\"vc_column-inner\"><div class=\"wpb_wrapper\">\r\n        \r\n        <a class=\"menuVC\"  href=\"https:\/\/www.elche.es\/va\/ajuntament-delx\/organizacio-municipal\/\"> <span> Organitzaci\u00f3 <\/span><\/a>\r\n        \r\n        <a class=\"menuVC\"  href=\"https:\/\/www.elche.es\/va\/ajuntament-delx\/corporacio-municipal\/\"> <span> Corporaci\u00f3 <\/span><\/a>\r\n        \r\n        <a class=\"menuVC\"  href=\"https:\/\/www.elche.es\/va\/ajuntament-delx\/composicio-del-govern-municipal\/\"> <span> El Ple <\/span><\/a>\r\n        \r\n        <a class=\"menuVC\"  href=\"https:\/\/www.elche.es\/va\/ajuntament-delx\/grups-politics\/\"> <span> Grups pol\u00edtics <\/span><\/a>\r\n        \r\n        <a class=\"menuVC\"  href=\"https:\/\/www.elche.es\/va\/ajuntament-delx\/societats-municipals\/\"> <span> Societats municipals <\/span><\/a>\r\n        \r\n        <a class=\"menuVC\"  href=\"https:\/\/www.elche.es\/va\/ajuntament-delx\/plans-i-programes\/\"> <span> Plans i programes <\/span><\/a>\r\n        \r\n        <a class=\"menuVC\"  href=\"https:\/\/www.elche.es\/va\/ajuntament-delx\/informacion-sobre-actuaciones-de-los-miembros-de-la-oposicion-relacionadas-con-el-control-de-gobierno\/\"> <span> Control de govern <\/span><\/a>\r\n        \r\n        <a class=\"menuVC\"  href=\"https:\/\/www.elche.es\/va\/ajuntament-delx\/resolucions-judicials\/\"> <span> Resolucions judicials <\/span><\/a>\r\n        \r\n        <a class=\"menuVC\"  href=\"https:\/\/www.elche.es\/va\/agenda-institucional\/\"> <span> Agenda institucional <\/span><\/a><\/div><\/div><\/div><\/div><div class=\"vc_row-full-width vc_clearfix\"><\/div>\r\n<\/div>[\/vc_column][\/vc_row][vc_row full_width=&#8221;stretch_row&#8221; css=&#8221;.vc_custom_1652186533838{background-color: #dddde0 !important;}&#8221;][vc_column][vc_column_text]<nav aria-label=\"breadcrumbs\">\n            <div class=\"breadcrumb-container theme1\">\n                <ol>\n                                    <\/ol>\n            <\/div>\n        <\/nav>    <script type=\"application\/ld+json\">\n        {\n            \"@context\": \"http:\/\/schema.org\",\n            \"@type\": \"BreadcrumbList\",\n            \"itemListElement\": [\n                            ]\n        }\n    <\/script>\n    <style type=\"text\/css\">\n        .breadcrumb-container {\n            font-size: 13px;\n        }\n\n        .breadcrumb-container ul {\n            margin: 0;\n            padding: 0;\n        }\n\n        .breadcrumb-container li {\n            box-sizing: unset;\n            display: inline-block;\n            margin: 0;\n            padding: 0;\n        }\n\n        .breadcrumb-container li a {\n            box-sizing: unset;\n            padding: 0 10px;\n        }\n\n        .breadcrumb-container {\n            font-size: 3 !important;\n                    }\n\n        .breadcrumb-container li a {\n            color: #0a0a0a !important;\n            font-size: 3 !important;\n            line-height: 3 !important;\n                    }\n\n        .breadcrumb-container li .separator {\n            font-size: 3 !important;\n                    }\n\n        .breadcrumb-container li:last-child .separator {\n            display: none;\n        }\n    <\/style>\n    <style type=\"text\/css\">\n        .breadcrumb-container.theme1 li {\n            margin: 0;\n            padding: 0;\n        }\n        .breadcrumb-container.theme1 a {\n            background: ;\n            display: inline-block;\n            margin: 0 5px;\n            padding: 5px 10px;\n            text-decoration: none;\n        }\n    <\/style>\n        <style type=\"text\/css\">\n            <\/style>\n    <script>\n            <\/script>\n[\/vc_column_text][\/vc_column][\/vc_row][vc_row type=&#8221;1&#8243; style=&#8221;regular&#8221; align=&#8221;none&#8221; font_size=&#8221;&#8221; font_weight=&#8221;inherit&#8221; color=&#8221;&#8221; icon=&#8221;inherit&#8221; image=&#8221;none&#8221; picture=&#8221;&#8221; image_size=&#8221;small&#8221; position=&#8221;left&#8221; id=&#8221;&#8221; class=&#8221;titulo-pagina&#8221; animation=&#8221;none&#8221; top=&#8221;small&#8221; bottom=&#8221;inherit&#8221; left=&#8221;inherit&#8221; right=&#8221;inherit&#8221; css=&#8221;.vc_custom_1737021615740{margin-top: 40px !important;}&#8221;][vc_column]<h1 class=\"sc_title sc_title_regular titulo-pagina margin_top_small\" style=\"````\">Informaci\u00f3 del Ple Municipal<\/h1>[vc_empty_space][\/vc_column][\/vc_row][vc_row css=&#8221;.vc_custom_1737021629647{margin-bottom: 120px !important;}&#8221;][vc_column width=&#8221;1\/2&#8243; css=&#8221;.vc_custom_1737021558923{padding-right: 30px !important;padding-left: 30px !important;}&#8221;][vc_icon icon_fontawesome=&#8221;fas fa-video&#8221; color=&#8221;black&#8221; size=&#8221;lg&#8221; align=&#8221;center&#8221; css=&#8221;&#8221; link=&#8221;url:https%3A%2F%2Fsesiones.elche.es%2Fsesiones|target:_blank|rel:nofollow&#8221;][vc_column_text css=&#8221;&#8221;]<\/p>\n<h4 style=\"text-align: center;\"><a href=\"https:\/\/sesiones.elche.es\/sesiones\" target=\"_blank\" rel=\"noopener\">V\u00eddeos dels Plens Municipals<br \/>\nfins al 2022<\/a><\/h4>\n<p>[\/vc_column_text][\/vc_column][vc_column width=&#8221;1\/2&#8243; css=&#8221;.vc_custom_1737021569425{padding-right: 30px !important;padding-left: 30px !important;}&#8221;][vc_icon icon_fontawesome=&#8221;fas fa-video&#8221; color=&#8221;black&#8221; size=&#8221;lg&#8221; align=&#8221;center&#8221; css=&#8221;&#8221; link=&#8221;url:https%3A%2F%2Fwww.youtube.com%2Fplaylist%3Flist%3DPLL7aRccIha_KWMpTcyEgiZ6I154-JG2rn|target:_blank|rel:nofollow&#8221;][vc_column_text css=&#8221;&#8221;]<\/p>\n<h4 style=\"text-align: center;\"><a href=\"https:\/\/www.youtube.com\/playlist?list=PLL7aRccIha_KWMpTcyEgiZ6I154-JG2rn\" target=\"_blank\" rel=\"noopener\">V\u00eddeos dels Plens Municipals<br \/>\ndes del 2023<\/a><\/h4>\n<p>[\/vc_column_text][\/vc_column][\/vc_row]<\/p>\n<\/div>","protected":false},"excerpt":{"rendered":"AJUNTAMENT D'ELX Organitzaci\u00f3 Corporaci\u00f3 El Ple Grups pol\u00edtics Societats municipals Plans i programes Control de govern Resolucions judicials Agenda institucional Informaci\u00f3 del Ple Municipal V\u00eddeos dels Plens Municipals fins al [...]","protected":false},"author":139,"featured_media":0,"parent":6804,"menu_order":0,"comment_status":"closed","ping_status":"closed","template":"","meta":{"footnotes":""},"class_list":["post-335073","page","type-page","status-publish","hentry"],"_links":{"self":[{"href":"https:\/\/www.elche.es\/va\/wp-json\/wp\/v2\/pages\/335073","targetHints":{"allow":["GET"]}}],"collection":[{"href":"https:\/\/www.elche.es\/va\/wp-json\/wp\/v2\/pages"}],"about":[{"href":"https:\/\/www.elche.es\/va\/wp-json\/wp\/v2\/types\/page"}],"author":[{"embeddable":true,"href":"https:\/\/www.elche.es\/va\/wp-json\/wp\/v2\/users\/139"}],"replies":[{"embeddable":true,"href":"https:\/\/www.elche.es\/va\/wp-json\/wp\/v2\/comments?post=335073"}],"version-history":[{"count":5,"href":"https:\/\/www.elche.es\/va\/wp-json\/wp\/v2\/pages\/335073\/revisions"}],"predecessor-version":[{"id":335121,"href":"https:\/\/www.elche.es\/va\/wp-json\/wp\/v2\/pages\/335073\/revisions\/335121"}],"up":[{"embeddable":true,"href":"https:\/\/www.elche.es\/va\/wp-json\/wp\/v2\/pages\/6804"}],"wp:attachment":[{"href":"https:\/\/www.elche.es\/va\/wp-json\/wp\/v2\/media?parent=335073"}],"curies":[{"name":"wp","href":"https:\/\/api.w.org\/{rel}","templated":true}]}}