{"id":337366,"date":"2025-05-29T12:29:07","date_gmt":"2025-05-29T10:29:07","guid":{"rendered":"https:\/\/www.elche.es\/?page_id=337366"},"modified":"2025-07-17T08:21:27","modified_gmt":"2025-07-17T06:21:27","slug":"elche-una-mirada-de-mujer","status":"publish","type":"page","link":"https:\/\/www.elche.es\/va\/concejalia-de-mujer\/elche-una-mirada-de-mujer\/","title":{"rendered":"Elche, una mirada de Mujer"},"content":{"rendered":"<div class=\"wpb-content-wrapper\"><p>[vc_row full_width=&#8221;stretch_row_content_no_spaces&#8221; css=&#8221;.vc_custom_1663588492163{background-position: center !important;background-repeat: no-repeat !important;background-size: cover !important;}&#8221; el_class=&#8221;cuadrocabecerafoto&#8221;][vc_column][vc_single_image image=&#8221;337296&#8243; img_size=&#8221;full&#8221; alignment=&#8221;center&#8221; css=&#8221;&#8221; el_class=&#8221;cabecerasolofoto&#8221;][\/vc_column][\/vc_row][vc_row][vc_column]<div class=\"templatera_shortcode\"><div id=\"bloque_menu_enlaces\" data-vc-full-width=\"true\" data-vc-full-width-init=\"false\" data-vc-stretch-content=\"true\" class=\"vc_row wpb_row vc_row-fluid bloquemnuestop vc_custom_1621935189952 vc_row-has-fill vc_row-no-padding\"><div class=\"centrado-texto wpb_column vc_column_container vc_col-sm-12\"><div class=\"vc_column-inner\"><div class=\"wpb_wrapper\">\r\n        \r\n        <a class=\"menuVC\"  href=\"https:\/\/www.elche.es\/va\/inici-home-elx\/concejalia-de-mujer\/\"> <span> Regidoria de Dona <\/span><\/a>\r\n        \r\n        <a class=\"menuVC\"  href=\"https:\/\/www.elche.es\/va\/inici-home-elx\/concejalia-de-mujer\/casa-de-la-dona-copia\/\"> <span> Casa de la Dona <\/span><\/a>\r\n        \r\n        <a class=\"menuVC\"  href=\"https:\/\/www.elche.es\/va\/inici-home-elx\/concejalia-de-mujer\/s-a-i-m\/\"> <span> SAIM <\/span><\/a>\r\n        \r\n        <a class=\"menuVC\"  href=\"https:\/\/www.elche.es\/va\/concejalia-de-mujer\/elche-una-mirada-de-mujer\/\"> <span> Podcast <\/span><\/a><\/div><\/div><\/div><\/div><div class=\"vc_row-full-width vc_clearfix\"><\/div><\/div>[\/vc_column][\/vc_row][vc_row full_width=&#8221;stretch_row&#8221; css=&#8221;.vc_custom_1475484188729{background-color: #dddde0 !important;}&#8221;][vc_column offset=&#8221;vc_hidden-sm vc_hidden-xs&#8221;][vc_column_text]<nav aria-label=\"breadcrumbs\">\n            <div class=\"breadcrumb-container theme1\">\n                <ol>\n                                    <\/ol>\n            <\/div>\n        <\/nav>    <script type=\"application\/ld+json\">\n        {\n            \"@context\": \"http:\/\/schema.org\",\n            \"@type\": \"BreadcrumbList\",\n            \"itemListElement\": [\n                            ]\n        }\n    <\/script>\n    <style type=\"text\/css\">\n        .breadcrumb-container {\n            font-size: 13px;\n        }\n\n        .breadcrumb-container ul {\n            margin: 0;\n            padding: 0;\n        }\n\n        .breadcrumb-container li {\n            box-sizing: unset;\n            display: inline-block;\n            margin: 0;\n            padding: 0;\n        }\n\n        .breadcrumb-container li a {\n            box-sizing: unset;\n            padding: 0 10px;\n        }\n\n        .breadcrumb-container {\n            font-size: 3 !important;\n                    }\n\n        .breadcrumb-container li a {\n            color: #0a0a0a !important;\n            font-size: 3 !important;\n            line-height: 3 !important;\n                    }\n\n        .breadcrumb-container li .separator {\n            font-size: 3 !important;\n                    }\n\n        .breadcrumb-container li:last-child .separator {\n            display: none;\n        }\n    <\/style>\n    <style type=\"text\/css\">\n        .breadcrumb-container.theme1 li {\n            margin: 0;\n            padding: 0;\n        }\n        .breadcrumb-container.theme1 a {\n            background: ;\n            display: inline-block;\n            margin: 0 5px;\n            padding: 5px 10px;\n            text-decoration: none;\n        }\n    <\/style>\n        <style type=\"text\/css\">\n            <\/style>\n    <script>\n            <\/script>\n[\/vc_column_text][\/vc_column][\/vc_row][vc_row full_width=&#8221;stretch_row&#8221; css=&#8221;.vc_custom_1475764105820{background-color: #ffffff !important;}&#8221;][vc_column]<h1 class=\"sc_title sc_title_regular titulo-pagina margin_top_small\" style=\"````\">Elx, una mirada de Dona<\/h1>[vc_column_text css=&#8221;&#8221;]Un espai creat per a tu, perqu\u00e8 pugues con\u00e9ixer de primera m\u00e0 i a trav\u00e9s de les hist\u00f2ries i testimonis de diferents protagonistes, totes les iniciatives i projectes que es desenvolupen des de l\u2019Excm. Ajuntament d\u2019Elx en mat\u00e8ria de sensibilitzaci\u00f3, informaci\u00f3, assessorament i promoci\u00f3 de la igualtat d\u2019oportunitats entre dones i homes.[\/vc_column_text][vc_empty_space height=&#8221;52px&#8221;][\/vc_column][\/vc_row][vc_row][vc_column]<h5 class=\"sc_title sc_title_regular subtitulosapartados \" style=\"````\"><\/p>\n<p style=\"text-align: center;\"><strong>Episodi 1<\/strong><\/p>\n<p><\/h5>[vc_column_text css=&#8221;&#8221;]<\/p>\n<hr \/>\n<p>[\/vc_column_text][vc_empty_space height=&#8221;15px&#8221;][vc_row_inner][vc_column_inner width=&#8221;1\/3&#8243;][vc_single_image image=&#8221;337289&#8243; img_size=&#8221;166&#215;71&#8243; alignment=&#8221;center&#8221; onclick=&#8221;custom_link&#8221; img_link_target=&#8221;_blank&#8221; css=&#8221;&#8221; link=&#8221;https:\/\/open.spotify.com\/episode\/3ZeE10NHiY1HO63ifR95oo?si=OZiJsTdpT8qMQ2DUkXpOfQ&amp;nd=1&amp;dlsi=31b5b26e03d9438b&#8221;][\/vc_column_inner][vc_column_inner width=&#8221;1\/3&#8243;][vc_single_image image=&#8221;337291&#8243; img_size=&#8221;166&#215;71&#8243; alignment=&#8221;center&#8221; onclick=&#8221;custom_link&#8221; img_link_target=&#8221;_blank&#8221; css=&#8221;&#8221; link=&#8221;https:\/\/www.youtube.com\/watch?v=WX2armQyPek&amp;list=PL524oJQMvdflclkEu-fzXBFNMfc5gkcz6&amp;index=1&amp;t=323s&#8221;][\/vc_column_inner][vc_column_inner width=&#8221;1\/3&#8243;][vc_single_image image=&#8221;337294&#8243; img_size=&#8221;166&#215;71&#8243; alignment=&#8221;center&#8221; onclick=&#8221;custom_link&#8221; img_link_target=&#8221;_blank&#8221; css=&#8221;&#8221; link=&#8221;https:\/\/www.ivoox.com\/elche-mirada-mujer-ep1-mayo-audios-mp3_rf_147178836_1.html&#8221;][\/vc_column_inner][\/vc_row_inner][\/vc_column][\/vc_row][vc_row][vc_column][vc_empty_space height=&#8221;62px&#8221;][\/vc_column][\/vc_row]<\/p>\n<\/div>","protected":false},"excerpt":{"rendered":"Regidoria de Dona Casa de la Dona SAIM Podcast Elx, una mirada de Dona Un espai creat per a tu, perqu\u00e8 pugues con\u00e9ixer de primera m\u00e0 i a trav\u00e9s de [...]","protected":false},"author":167,"featured_media":0,"parent":312855,"menu_order":0,"comment_status":"closed","ping_status":"closed","template":"","meta":{"footnotes":""},"class_list":["post-337366","page","type-page","status-publish","hentry"],"_links":{"self":[{"href":"https:\/\/www.elche.es\/va\/wp-json\/wp\/v2\/pages\/337366","targetHints":{"allow":["GET"]}}],"collection":[{"href":"https:\/\/www.elche.es\/va\/wp-json\/wp\/v2\/pages"}],"about":[{"href":"https:\/\/www.elche.es\/va\/wp-json\/wp\/v2\/types\/page"}],"author":[{"embeddable":true,"href":"https:\/\/www.elche.es\/va\/wp-json\/wp\/v2\/users\/167"}],"replies":[{"embeddable":true,"href":"https:\/\/www.elche.es\/va\/wp-json\/wp\/v2\/comments?post=337366"}],"version-history":[{"count":7,"href":"https:\/\/www.elche.es\/va\/wp-json\/wp\/v2\/pages\/337366\/revisions"}],"predecessor-version":[{"id":341214,"href":"https:\/\/www.elche.es\/va\/wp-json\/wp\/v2\/pages\/337366\/revisions\/341214"}],"up":[{"embeddable":true,"href":"https:\/\/www.elche.es\/va\/wp-json\/wp\/v2\/pages\/312855"}],"wp:attachment":[{"href":"https:\/\/www.elche.es\/va\/wp-json\/wp\/v2\/media?parent=337366"}],"curies":[{"name":"wp","href":"https:\/\/api.w.org\/{rel}","templated":true}]}}