{"id":338164,"date":"2025-06-05T23:22:36","date_gmt":"2025-06-05T21:22:36","guid":{"rendered":"https:\/\/www.elche.es\/?page_id=338164"},"modified":"2026-01-09T10:25:46","modified_gmt":"2026-01-09T08:25:46","slug":"autobusos-urbans","status":"publish","type":"page","link":"https:\/\/www.elche.es\/va\/autobusos-urbans\/","title":{"rendered":"AUTOBUSOS URBANS"},"content":{"rendered":"<div class=\"wpb-content-wrapper\"><p>[vc_row full_width=&#8221;stretch_row_content_no_spaces&#8221; css=&#8221;.vc_custom_1663588492163{background-position: center !important;background-repeat: no-repeat !important;background-size: cover !important;}&#8221; el_class=&#8221;cuadrocabecerafoto&#8221;][vc_column][vc_single_image image=&#8221;349754&#8243; img_size=&#8221;full&#8221; alignment=&#8221;center&#8221; css=&#8221;&#8221; el_class=&#8221;cabecerasolofoto&#8221;][\/vc_column][\/vc_row][vc_row full_width=&#8221;stretch_row&#8221; css=&#8221;.vc_custom_1749153781502{padding-top: 20px !important;padding-right: 20px !important;padding-bottom: 20px !important;padding-left: 20px !important;background-color: #bee00f !important;}&#8221;][vc_column width=&#8221;1\/6&#8243;][\/vc_column][vc_column width=&#8221;2\/3&#8243;]<h1 class=\"sc_title sc_title_regular titulo-pagina margin_top_small\" style=\"````\">BONS AUTOBUSOS URBANS D&#8217;ELX<\/h1>[vc_column_text css=&#8221;&#8221;]Fins al 31 de desembre de 2026[\/vc_column_text][\/vc_column][vc_column width=&#8221;1\/6&#8243;][\/vc_column][\/vc_row][vc_row full_width=&#8221;stretch_row_content_no_spaces&#8221; css=&#8221;.vc_custom_1663588492163{background-position: center !important;background-repeat: no-repeat !important;background-size: cover !important;}&#8221; el_class=&#8221;cuadrocabecerafoto&#8221;][vc_column][vc_empty_space][\/vc_column][\/vc_row][vc_row][vc_column width=&#8221;1\/2&#8243;][vc_single_image image=&#8221;338176&#8243; img_size=&#8221;full&#8221; alignment=&#8221;right&#8221; css=&#8221;&#8221;][vc_column_text css=&#8221;&#8221;]<strong>MENORS DE 15 ANYS GRATU\u00cfT<\/strong><\/p>\n<p data-start=\"0\" data-end=\"164\">Per a l\u2019acreditaci\u00f3 de la gratu\u00eftat infantil fins als 14 anys (menors de 15 anys), els usuaris hauran de disposar de la TARGETA DE MOBILITAT \u201cBUS LLIURE\u201d municipal.<\/p>\n<p data-start=\"166\" data-end=\"334\" data-is-last-node=\"\" data-is-only-node=\"\">Si ja disposen de la targeta BUS LLIURE en vigor, s\u2019aplicar\u00e0 autom\u00e0ticament el descompte; si la tenen caducada, hauran de renovar-la per tal d\u2019aplicar aquest descompte.<\/p>\n<p>[\/vc_column_text][\/vc_column][vc_column width=&#8221;1\/2&#8243;][vc_single_image image=&#8221;338178&#8243; img_size=&#8221;full&#8221; alignment=&#8221;right&#8221; css=&#8221;&#8221;][vc_column_text css=&#8221;&#8221;]<strong>DE 15 FINS A 25 ANYS -50%<\/strong><\/p>\n<p data-start=\"0\" data-end=\"176\">Per a l\u2019acreditaci\u00f3 del 50 % de descompte fins als 14 anys (majors de 14 i menors de 26 anys), els usuaris hauran de disposar de la TARGETA DE MOBILITAT \u201cBUS LLIURE\u201d municipal.<\/p>\n<p data-start=\"178\" data-end=\"346\" data-is-last-node=\"\" data-is-only-node=\"\">Si ja disposen de la targeta BUS LLIURE en vigor, s\u2019aplicar\u00e0 autom\u00e0ticament el descompte; si la tenen caducada, hauran de renovar-la per tal d\u2019aplicar aquest descompte.<\/p>\n<p>[\/vc_column_text][\/vc_column][\/vc_row][vc_row full_width=&#8221;stretch_row_content&#8221; css=&#8221;.vc_custom_1742822555429{margin-top: 30px !important;}&#8221;][vc_column width=&#8221;1\/6&#8243;][\/vc_column][vc_column width=&#8221;2\/3&#8243;][vc_row_inner el_class=&#8221;bloquesrefugio&#8221;][vc_column_inner width=&#8221;1\/4&#8243;][vc_column_text css=&#8221;.vc_custom_1749194609214{margin-top: 15px !important;}&#8221;]<\/p>\n<p class=\"titulosrefugio\">COM ES FA?<\/p>\n<p>[\/vc_column_text][\/vc_column_inner][vc_column_inner width=&#8221;3\/4&#8243;][vc_column_text css=&#8221;&#8221; el_class=&#8221;bloquetestorefugio&#8221;]<\/p>\n<p data-start=\"0\" data-end=\"58\">Si ja t\u00e9 la targeta BUS LLIURE en vigor, no ha de fer res.<\/p>\n<p data-start=\"60\" data-end=\"99\">Si la t\u00e9 caducada, haur\u00e0 de renovar-la.<\/p>\n<p data-start=\"101\" data-end=\"157\">Si no t\u00e9 la targeta BUS LLIURE, haur\u00e0 de sol\u00b7licitar-la.<\/p>\n<p data-start=\"159\" data-end=\"238\" data-is-last-node=\"\" data-is-only-node=\"\"><strong>Des del bot\u00f3 seg\u00fcent pot accedir a tota la informaci\u00f3 de la targeta BUS LLIURE.<\/strong><\/p>\n<p>[\/vc_column_text]<a href=\"#idsolicita\" class=\"sc_button sc_button_square sc_button_style_border style_dark sc_button_size_small btnredoc margin_top_small  sc_button_iconed icon-doc-light\" style=\"````color:#0a0a0a;background-color:#ffffff; border-color:#ffffff;\">VEURE TRAMITACI\u00d3<\/a>[\/vc_column_inner][\/vc_row_inner][vc_row_inner el_class=&#8221;bloquesrefugio&#8221;][vc_column_inner width=&#8221;1\/4&#8243;][vc_column_text css=&#8221;.vc_custom_1749194648054{margin-top: 15px !important;}&#8221;]<\/p>\n<p class=\"titulosrefugio\">ALTRES BONS<\/p>\n<p>[\/vc_column_text][\/vc_column_inner][vc_column_inner width=&#8221;3\/4&#8243;][vc_column_text css=&#8221;&#8221; el_class=&#8221;bloquetestorefugio&#8221;]<\/p>\n<article class=\"text-token-text-primary w-full\" dir=\"auto\" data-testid=\"conversation-turn-12\" data-scroll-anchor=\"true\">\n<div class=\"text-base my-auto mx-auto py-5 [--thread-content-margin:--spacing(4)] @[37rem]:[--thread-content-margin:--spacing(6)] @[72rem]:[--thread-content-margin:--spacing(16)] px-(--thread-content-margin)\">\n<div class=\"[--thread-content-max-width:32rem] @[34rem]:[--thread-content-max-width:40rem] @[64rem]:[--thread-content-max-width:48rem] mx-auto flex max-w-(--thread-content-max-width) flex-1 text-base gap-4 md:gap-5 lg:gap-6 group\/turn-messages focus-visible:outline-hidden\" tabindex=\"-1\">\n<div class=\"group\/conversation-turn relative flex w-full min-w-0 flex-col agent-turn\">\n<div class=\"relative flex-col gap-1 md:gap-3\">\n<div class=\"flex max-w-full flex-col grow\">\n<div class=\"min-h-8 text-message relative flex w-full flex-col items-end gap-2 text-start break-words whitespace-normal [.text-message+&amp;]:mt-5\" dir=\"auto\" data-message-author-role=\"assistant\" data-message-id=\"c39f722b-7be9-47fc-b440-a15d5440daa3\" data-message-model-slug=\"gpt-4o\">\n<div class=\"flex w-full flex-col gap-1 empty:hidden first:pt-[3px]\">\n<div class=\"markdown prose dark:prose-invert w-full break-words light\">\n<p data-start=\"0\" data-end=\"86\" data-is-last-node=\"\" data-is-only-node=\"\">Estos bons s\u2019aplicaran a la tarifa actual de cada bo durant el per\u00edode indicat.<\/p>\n<p data-start=\"0\" data-end=\"86\" data-is-last-node=\"\" data-is-only-node=\"\"><strong>40%<\/strong> ORDINARI<br \/>\n<strong>40%<\/strong> FAM\u00cdLIA NOMBROSA<br \/>\n<strong>50%<\/strong>\u00a0ESCOLAR\/JOVE<br \/>\n<strong>40%<\/strong>\u00a0MENSUAL<br \/>\n<strong>50%<\/strong>\u00a0BUS LLIURE<\/p>\n<\/div>\n<\/div>\n<\/div>\n<\/div>\n<\/div>\n<\/div>\n<\/div>\n<\/div>\n<\/article>\n<p>[\/vc_column_text][\/vc_column_inner][\/vc_row_inner][\/vc_column][vc_column width=&#8221;1\/6&#8243;][\/vc_column][\/vc_row][vc_row css=&#8221;.vc_custom_1749156619276{padding-top: 50px !important;padding-bottom: 40px !important;}&#8221; el_class=&#8221;cuadrostandar&#8221; el_id=&#8221;idsolicita&#8221;][vc_column][vc_column_text css=&#8221;&#8221;]<\/p>\n<hr \/>\n<p>[\/vc_column_text][vc_empty_space]<h3 class=\"sc_title sc_title_regular sc_align_left margin_top_tiny\" style=\"````text-align:left;\"><\/p>\n<article class=\"text-token-text-primary w-full\" dir=\"auto\" data-testid=\"conversation-turn-20\" data-scroll-anchor=\"true\">\n<div class=\"text-base my-auto mx-auto py-5 [--thread-content-margin:--spacing(4)] @[37rem]:[--thread-content-margin:--spacing(6)] @[72rem]:[--thread-content-margin:--spacing(16)] px-(--thread-content-margin)\">\n<div class=\"[--thread-content-max-width:32rem] @[34rem]:[--thread-content-max-width:40rem] @[64rem]:[--thread-content-max-width:48rem] mx-auto flex max-w-(--thread-content-max-width) flex-1 text-base gap-4 md:gap-5 lg:gap-6 group\/turn-messages focus-visible:outline-hidden\" tabindex=\"-1\">\n<div class=\"group\/conversation-turn relative flex w-full min-w-0 flex-col agent-turn\">\n<div class=\"relative flex-col gap-1 md:gap-3\">\n<div class=\"flex max-w-full flex-col grow\">\n<div class=\"min-h-8 text-message relative flex w-full flex-col items-end gap-2 text-start break-words whitespace-normal [.text-message+&amp;]:mt-5\" dir=\"auto\" data-message-author-role=\"assistant\" data-message-id=\"3188dabd-d93b-40ca-b279-e11ba6cbcbc8\" data-message-model-slug=\"gpt-4o\">\n<div class=\"flex w-full flex-col gap-1 empty:hidden first:pt-[3px]\">\n<div class=\"markdown prose dark:prose-invert w-full break-words light\">\n<p data-start=\"0\" data-end=\"49\" data-is-last-node=\"\" data-is-only-node=\"\">Sol\u00b7licitud de la targeta de mobilitat BUS LLIURE<\/p>\n<\/div>\n<\/div>\n<\/div>\n<\/div>\n<\/div>\n<\/div>\n<\/div>\n<\/div>\n<\/article>\n<p><\/h3>[vc_column_text css=&#8221;&#8221;]<\/p>\n<p data-start=\"0\" data-end=\"91\">Una vegada expedida la targeta, esta s\u2019activar\u00e0 quan el seu titular abone la tarifa vigent.<\/p>\n<p data-start=\"93\" data-end=\"235\" data-is-last-node=\"\" data-is-only-node=\"\">Transcorregut el termini de resoluci\u00f3, la targeta estar\u00e0 disponible per a recollir-la a la caseta d\u2019Auesa, situada al carrer Doctor Caro.<\/p>\n<p>[\/vc_column_text][vc_empty_space]<blockquote class=\"sc_quote sc_quote_style_bordered\" style=\"````\"><p><\/p>\n<article class=\"text-token-text-primary w-full\" dir=\"auto\" data-testid=\"conversation-turn-24\" data-scroll-anchor=\"true\">\n<div class=\"text-base my-auto mx-auto py-5 [--thread-content-margin:--spacing(4)] @[37rem]:[--thread-content-margin:--spacing(6)] @[72rem]:[--thread-content-margin:--spacing(16)] px-(--thread-content-margin)\">\n<div class=\"[--thread-content-max-width:32rem] @[34rem]:[--thread-content-max-width:40rem] @[64rem]:[--thread-content-max-width:48rem] mx-auto flex max-w-(--thread-content-max-width) flex-1 text-base gap-4 md:gap-5 lg:gap-6 group\/turn-messages focus-visible:outline-hidden\" tabindex=\"-1\">\n<div class=\"group\/conversation-turn relative flex w-full min-w-0 flex-col agent-turn\">\n<div class=\"relative flex-col gap-1 md:gap-3\">\n<div class=\"flex max-w-full flex-col grow\">\n<div class=\"min-h-8 text-message relative flex w-full flex-col items-end gap-2 text-start break-words whitespace-normal [.text-message+&amp;]:mt-5\" dir=\"auto\" data-message-author-role=\"assistant\" data-message-id=\"b5171f00-9f19-4d36-9e13-6997230520fb\" data-message-model-slug=\"gpt-4o\">\n<div class=\"flex w-full flex-col gap-1 empty:hidden first:pt-[3px]\">\n<div class=\"markdown prose dark:prose-invert w-full break-words light\">\n<h4 data-start=\"0\" data-end=\"58\">Pot realitzar els tr\u00e0mits en l\u00ednia o de manera presencial<span style=\"font-size: 22px;\">:<\/span><\/h4>\n<\/div>\n<\/div>\n<\/div>\n<\/div>\n<\/div>\n<\/div>\n<\/div>\n<\/div>\n<\/article>\n<p><\/p><\/blockquote>[vc_empty_space][vc_column_text css=&#8221;&#8221;]<\/p>\n<h5 style=\"font-size: 18px;\"><strong>&#8211; Tramitaci\u00f3 en l\u00ednia des de la seu electr\u00f2nica:<\/strong><\/h5>\n<p>[\/vc_column_text]<a href=\"https:\/\/sede.elche.es\/sta\/CarpetaPublic\/doEvent?APP_CODE=STA&PAGE_CODE=CATALOGO&DETALLE=6269000000913743907922\" target=\"_blank\" class=\"sc_button sc_button_square sc_button_style_border style_dark sc_button_size_small btnredoc margin_top_small  sc_button_iconed icon-doc-light\" style=\"````color:#0a0a0a;background-color:#ffffff; border-color:#ffffff;\">SOL\u00b7LICITUD DE NOVA TARGETA<\/a><a href=\"https:\/\/sede.elche.es\/sta\/CarpetaPublic\/doEvent?APP_CODE=STA&PAGE_CODE=CATALOGO&DETALLE=6269000000913833507922\" target=\"_blank\" class=\"sc_button sc_button_square sc_button_style_border style_dark sc_button_size_small btnredoc margin_top_small  sc_button_iconed icon-doc-light\" style=\"````color:#0a0a0a;background-color:#ffffff; border-color:#ffffff;\">SOL\u00b7LICITUD RENOVACI\u00d3 TARGETA<\/a><a href=\"https:\/\/sede.elche.es\/sta\/CarpetaPublic\/doEvent?APP_CODE=STA&PAGE_CODE=CATALOGO&DETALLE=6269000000913826607922\" target=\"_blank\" class=\"sc_button sc_button_square sc_button_style_border style_dark sc_button_size_small btnredoc margin_top_small  sc_button_iconed icon-doc-light\" style=\"````color:#0a0a0a;background-color:#ffffff; border-color:#ffffff;\">SOL\u00b7LICITUD DE DUPLICAT DE TARGETA<\/a>[vc_empty_space][vc_empty_space][vc_column_text css=&#8221;&#8221;]<\/p>\n<h5 style=\"font-size: 18px;\"><strong>&#8211; De manera presencial, entregant la sol\u00b7licitud i la documentaci\u00f3 requerida en qualsevol de les oficines OMAC.<\/strong><\/h5>\n<p>[\/vc_column_text]<a href=\"https:\/\/www.elche.es\/oficina-municipal-de-atencion-ciudadana-omac\/directorio-de-oficinas\/\" target=\"_blank\" class=\"sc_button sc_button_square sc_button_style_border style_dark sc_button_size_small btnredoc margin_top_small  sc_button_iconed icon-doc-light\" style=\"````color:#0a0a0a;background-color:#ffffff; border-color:#ffffff;\">SOL\u00b7LICITUD DE CITA A OMAC<\/a>[vc_empty_space height=&#8221;20px&#8221;]\r\n        <p>\r\n        <span class=\"enlaces-titulo\"> Impr\u00e9s de sol\u00b7licitud <\/span> <span><a class=\"enlaces-link\" target='_blank'href=\"https:\/\/sede.elche.es\/sta\/docs\/GetDocumentServlet?CUD=14154575551730531644&amp;HASH_CUD=7fff470aabbc9a92ffe3ecde3ea6b1382afcdca6&amp;APP_CODE=STA \">Veure enlla\u00e7<\/a><\/span>\r\n        <br>\r\n        <span class=\"enlaces-descripcion\">Es tracta d\u2019un document autoemplenable, per la qual cosa s\u2019haur\u00e0 d\u2019emplenar a l\u2019ordinador abans d'imprimir-lo.<\/span>\r\n        <\/p>\r\n        <hr class=\"enlaces-separador\">\r\n        <blockquote class=\"sc_quote sc_quote_style_bordered\" style=\"````\"><p><\/p>\n<h4 style=\"font-size: 22px;\">Documentaci\u00f3:<\/h4>\n<p><\/p><\/blockquote>[vc_column_text css=&#8221;&#8221;]<strong>&#8211; Si est\u00e0 empadronat a Elx, el tr\u00e0mit es fa com sempre amb la documentaci\u00f3 que apareix en la sol\u00b7licitud.<\/strong><\/p>\n<ul>\n<li>Una fotografia de carnet amb fons blanc indicant en el revers el nom complet del menor..<\/li>\n<li>Justificante del pago de la tasa. <a href=\"https:\/\/aplicaciones.elche.es\/Autoliquidaciones\/?idSubConcepto=23\" target=\"_blank\" rel=\"noopener\">Pagar TAXA<\/a><\/li>\n<li>DNI del\/de la titular de la targeta o del\/de la representant legal (si el\/la titular \u00e9s menor d\u2019edat).<\/li>\n<li>Majors de 16 i menors de 26 anys: certificat de matriculaci\u00f3 en el curs actual expedit pel centre escolar per a ensenyaments reglats o ensenyaments amb un nombre m\u00ednim de 900 hores lectives.<\/li>\n<\/ul>\n<p><strong>&#8211; SI NO EST\u00c0 EMPADRONAT A ELX:<\/strong><\/p>\n<ul>\n<li>Una fotograf\u00eda de carnet con fondo blanco indicando en el reverso el nombre completo del menor.<\/li>\n<li>Justificant del pagament de la taxa. <a href=\"https:\/\/aplicaciones.elche.es\/Autoliquidaciones\/?idSubConcepto=23\" target=\"_blank\" rel=\"noopener\">PAGAR TAXA<\/a><\/li>\n<li>DNI del pare\/mare\/tutor legal, DNI del xiquet\/a o llibre de fam\u00edlia.<\/li>\n<\/ul>\n<p>La validesa de la targeta per a no empadronats ser\u00e0 de l\u20191 de juliol al 31 de desembre de 2025, excepte per als xiquets\/es que complisquen els 15 anys entre l\u201901\/07\/2025 i el 31\/12\/2025, en aquest cas la data de validesa ser\u00e0 el dia anterior a complir els 15 anys, \u00e9s a dir, fins que els complisquen.<\/p>\n<p>&nbsp;<\/p>\n<p>&nbsp;<\/p>\n<p>&nbsp;<\/p>\n<ul data-start=\"443\" data-end=\"479\">\n<li data-start=\"443\" data-end=\"479\">\n<p data-start=\"445\" data-end=\"479\"><strong data-start=\"445\" data-end=\"477\">SI NO EST\u00c0 EMPADRONAT A ELX:<\/strong><\/p>\n<\/li>\n<\/ul>\n<p data-start=\"481\" data-end=\"695\">Una fotografia de carnet amb fons blanc indicant en el revers el nom complet del menor.<br data-start=\"568\" data-end=\"571\" \/>Justificant del pagament de la taxa. <strong data-start=\"608\" data-end=\"622\">PAGAR TAXA<\/strong><br data-start=\"622\" data-end=\"625\" \/>DNI del pare\/mare\/tutor legal, DNI del xiquet\/a o llibre de fam\u00edlia.<\/p>\n<p>[\/vc_column_text][vc_empty_space][\/vc_column][\/vc_row][vc_row][vc_column width=&#8221;1\/4&#8243;][\/vc_column][vc_column width=&#8221;1\/2&#8243;][vc_single_image image=&#8221;338189&#8243; img_size=&#8221;full&#8221; alignment=&#8221;center&#8221; css=&#8221;&#8221;][vc_empty_space][\/vc_column][vc_column width=&#8221;1\/4&#8243;][\/vc_column][\/vc_row]<\/p>\n<\/div>","protected":false},"excerpt":{"rendered":"<p>[vc_row full_width=&#8221;stretch_row_content_no_spaces&#8221; css=&#8221;.vc_custom_1663588492163{background-position: center !important;background-repeat: no-repeat !important;background-size: cover !important;}&#8221; el_class=&#8221;cuadrocabecerafoto&#8221;][vc_column][vc_single_image image=&#8221;349754&#8243; img_size=&#8221;full&#8221; alignment=&#8221;center&#8221; css=&#8221;&#8221; el_class=&#8221;cabecerasolofoto&#8221;][\/vc_column][\/vc_row][vc_row full_width=&#8221;stretch_row&#8221; css=&#8221;.vc_custom_1749153781502{padding-top: 20px !important;padding-right: 20px !important;padding-bottom: 20px !important;padding-left: 20px !important;background-color: #bee00f !important;}&#8221;][vc_column width=&#8221;1\/6&#8243;][\/vc_column][vc_column width=&#8221;2\/3&#8243;][vc_column_text css=&#8221;&#8221;]Fins [&hellip;]<\/p>\n","protected":false},"author":160,"featured_media":0,"parent":0,"menu_order":0,"comment_status":"closed","ping_status":"closed","template":"","meta":{"footnotes":""},"class_list":["post-338164","page","type-page","status-publish","hentry"],"_links":{"self":[{"href":"https:\/\/www.elche.es\/va\/wp-json\/wp\/v2\/pages\/338164","targetHints":{"allow":["GET"]}}],"collection":[{"href":"https:\/\/www.elche.es\/va\/wp-json\/wp\/v2\/pages"}],"about":[{"href":"https:\/\/www.elche.es\/va\/wp-json\/wp\/v2\/types\/page"}],"author":[{"embeddable":true,"href":"https:\/\/www.elche.es\/va\/wp-json\/wp\/v2\/users\/160"}],"replies":[{"embeddable":true,"href":"https:\/\/www.elche.es\/va\/wp-json\/wp\/v2\/comments?post=338164"}],"version-history":[{"count":9,"href":"https:\/\/www.elche.es\/va\/wp-json\/wp\/v2\/pages\/338164\/revisions"}],"predecessor-version":[{"id":349757,"href":"https:\/\/www.elche.es\/va\/wp-json\/wp\/v2\/pages\/338164\/revisions\/349757"}],"wp:attachment":[{"href":"https:\/\/www.elche.es\/va\/wp-json\/wp\/v2\/media?parent=338164"}],"curies":[{"name":"wp","href":"https:\/\/api.w.org\/{rel}","templated":true}]}}