{"id":33906,"date":"2017-09-20T12:18:48","date_gmt":"2017-09-20T11:18:48","guid":{"rendered":"http:\/\/www.elche.es\/va\/?page_id=33906"},"modified":"2018-02-05T14:16:26","modified_gmt":"2018-02-05T13:16:26","slug":"tecnic-informacio-turistica","status":"publish","type":"page","link":"https:\/\/www.elche.es\/va\/turisme\/oferta-publica-docupacio-visitelche\/tecnic-informacio-turistica\/","title":{"rendered":"T\u00e8cnic informaci\u00f3 tur\u00edstica"},"content":{"rendered":"<div class=\"wpb-content-wrapper\"><p>[vc_row full_width=&#8221;stretch_row&#8221; css=&#8221;.vc_custom_1475488224066{background-color: #dddde0 !important;}&#8221;][vc_column][vc_column_text]<nav aria-label=\"breadcrumbs\">\n            <div class=\"breadcrumb-container theme1\">\n                <ol>\n                                    <\/ol>\n            <\/div>\n        <\/nav>    <script type=\"application\/ld+json\">\n        {\n            \"@context\": \"http:\/\/schema.org\",\n            \"@type\": \"BreadcrumbList\",\n            \"itemListElement\": [\n                            ]\n        }\n    <\/script>\n    <style type=\"text\/css\">\n        .breadcrumb-container {\n            font-size: 13px;\n        }\n\n        .breadcrumb-container ul {\n            margin: 0;\n            padding: 0;\n        }\n\n        .breadcrumb-container li {\n            box-sizing: unset;\n            display: inline-block;\n            margin: 0;\n            padding: 0;\n        }\n\n        .breadcrumb-container li a {\n            box-sizing: unset;\n            padding: 0 10px;\n        }\n\n        .breadcrumb-container {\n            font-size: 3 !important;\n                    }\n\n        .breadcrumb-container li a {\n            color: #0a0a0a !important;\n            font-size: 3 !important;\n            line-height: 3 !important;\n                    }\n\n        .breadcrumb-container li .separator {\n            font-size: 3 !important;\n                    }\n\n        .breadcrumb-container li:last-child .separator {\n            display: none;\n        }\n    <\/style>\n    <style type=\"text\/css\">\n        .breadcrumb-container.theme1 li {\n            margin: 0;\n            padding: 0;\n        }\n        .breadcrumb-container.theme1 a {\n            background: ;\n            display: inline-block;\n            margin: 0 5px;\n            padding: 5px 10px;\n            text-decoration: none;\n        }\n    <\/style>\n        <style type=\"text\/css\">\n            <\/style>\n    <script>\n            <\/script>\n[\/vc_column_text][\/vc_column][\/vc_row][vc_row css=&#8221;.vc_custom_1475488264405{padding-bottom: 40px !important;}&#8221; el_id=&#8221;bloque_basica&#8221;][vc_column width=&#8221;2\/3&#8243;][vc_custom_heading text=&#8221;PERSONAL T\u00c8CNIC D&#8217;INFORMACI\u00d3 TUR\u00cdSTICA&#8221; font_container=&#8221;tag:h4|text_align:left&#8221; use_theme_fonts=&#8221;yes&#8221; el_class=&#8221;enlaces-titulo-cabecera&#8221; css=&#8221;.vc_custom_1505906180639{padding-top: 30px !important;padding-bottom: 20px !important;}&#8221;][vc_column_text]<\/p>\n<table border=\"0\" width=\"100%\">\n<tbody>\n<tr style=\"font-size: 12px;font-family: Arial, Helvetica, sans-serif\">\n<td style=\"font-weight: bold\" colspan=\"2\">\u00a0\u00a0<em>Nombre de places<\/em><\/td>\n<td style=\"text-align: left\" colspan=\"2\">6<\/td>\n<\/tr>\n<tr style=\"font-size: 12px;font-family: Arial, Helvetica, sans-serif\">\n<td style=\"font-weight: bold\" colspan=\"2\">\u00a0\u00a0<em>Classificaci\u00f3<\/em><\/td>\n<td style=\"text-align: left\" colspan=\"2\">\u00a0C1<\/td>\n<\/tr>\n<tr style=\"font-size: 12px;font-family: Arial, Helvetica, sans-serif\">\n<td style=\"font-weight: bold\" colspan=\"2\">\u00a0\u00a0<em>Acc\u00e9s<\/em><\/td>\n<td style=\"text-align: left\" colspan=\"2\">Promoci\u00f3 interna<\/td>\n<\/tr>\n<tr style=\"font-family: Arial, Helvetica, sans-serif\">\n<td colspan=\"2\"><span style=\"color: ##005700;font-size: 14px\"><strong>BASES DE LA CONVOCAT\u00d2RIA<\/strong><\/span><\/td>\n<td style=\"text-align: right;font-size: 12px\" colspan=\"2\"><a href=\"https:\/\/www.elche.es\/wp-content\/uploads\/2017\/09\/BOP-Alicante-Bases-Promoci\u00f3n-Interna-T\u00e9cnicos-Informaci\u00f3n-Tur\u00edstica-C1.pdf\">Desc\u00e0rrega de les bases &gt;<\/a><\/td>\n<\/tr>\n<tr style=\"font-size: 14px;font-family: Arial, Helvetica, sans-serif\">\n<td colspan=\"2\"><span style=\"color: ##005700;font-size: 14px\"><strong>INST\u00c0NCIES<\/strong><\/span><\/td>\n<td style=\"text-align: right\" colspan=\"2\">Desc\u00e0rrega de la inst\u00e0ncia &gt;<\/td>\n<\/tr>\n<tr style=\"font-size: 12px;font-family: Arial, Helvetica, sans-serif\">\n<td style=\"font-weight: bold\" colspan=\"2\">\u00a0\u00a0Termini d&#8217;inst\u00e0ncies<\/td>\n<td style=\"text-align: left\" width=\"300\">del 8 al 27 d&#8217;Agost<\/td>\n<td style=\"text-align: right\" width=\"150\"><\/td>\n<\/tr>\n<tr style=\"font-family: Arial, Helvetica, sans-serif\">\n<td style=\"color: ##005700;font-size: 14px\" colspan=\"2\"><strong>RELACI\u00d3 PROVISIONAL D&#8217;ASPIRANTS<\/strong><\/td>\n<td style=\"text-align: right;font-size: 12px\" colspan=\"2\"><a href=\"https:\/\/www.elche.es\/wp-content\/uploads\/2017\/09\/Rel.-provisional-admitidos-promocion-interna-C1.pdf\">Veure llista provisional &gt;<\/a><\/td>\n<\/tr>\n<tr style=\"font-size: 12px;font-family: Arial, Helvetica, sans-serif\">\n<td style=\"font-weight: bold\" colspan=\"2\">\u00a0\u00a0Fi termini reclamacions<\/td>\n<td style=\"text-align: left\">\u00a0Veure bases de la convocat\u00f2ria<\/td>\n<td style=\"text-align: right\"><\/td>\n<\/tr>\n<tr style=\"font-family: Arial, Helvetica, sans-serif\">\n<td colspan=\"2\"><span style=\"color: ##005700;font-size: 14px\"><strong>COMPOSICI\u00d3 DEL TRIBUNAL I RELACI\u00d3 DEFINITIVA D&#8217;ASPIRANTS<\/strong><\/span><\/td>\n<td style=\"text-align: right;font-size: 12px\" colspan=\"2\"><a href=\"https:\/\/www.elche.es\/wp-content\/uploads\/2017\/09\/Tribunal-Calificador-promocion-interna-C1.pdf\">Veure composici\u00f3 &gt;<\/a><\/p>\n<p><a href=\"https:\/\/www.elche.es\/wp-content\/uploads\/2017\/10\/Lista-definitiva-promocion-interna-C1.pdf\">Veure relaci\u00f3 definitiva d&#8217;aspirantes admiesos i exclosos <\/a>&gt;<\/td>\n<\/tr>\n<\/tbody>\n<\/table>\n<table border=\"0\" width=\"100%\">\n<tbody>\n<tr style=\"font-size: 14px;font-family: Arial, Helvetica, sans-serif\">\n<td style=\"font-size: 14px;font-weight: bold\" width=\"347\"><span style=\"color: ##005700;font-size: 14px\"><strong>DATES D&#8217;EXAMEN<\/strong><\/span><\/td>\n<td width=\"100\">DIA<\/td>\n<td width=\"100\">HORA<\/td>\n<td width=\"311\">LLOC<\/td>\n<\/tr>\n<tr style=\"font-size: 12px;font-family: Arial, Helvetica, sans-serif\">\n<td style=\"font-weight: bold\">\u00a0\u00a0<em>Exercici &#8211; Mem\u00f2ria<\/em><\/td>\n<td style=\"text-align: left\">\u00a016-11-2017<\/td>\n<td style=\"text-align: left\">\u00a09:00<\/td>\n<td style=\"text-align: center\">Centre de Congressos Ciutat d\u00b4Elx<\/td>\n<\/tr>\n<tr style=\"font-size: 12px;font-family: Arial, Helvetica, sans-serif\">\n<td style=\"font-weight: bold\">\u00a0 <em>Exercici <\/em><em>2<\/em><\/td>\n<td style=\"text-align: left\">\u00a019-02-2018<\/td>\n<td style=\"text-align: left\">\u00a09:00<\/td>\n<td style=\"text-align: center\">\u00a0Centre de Congressos Ciutat d\u00b4Elx<\/td>\n<\/tr>\n<tr style=\"font-size: 12px;font-family: Arial, Helvetica, sans-serif\">\n<td style=\"font-weight: bold\">\u00a0 <em>Exercici <\/em><em>3<\/em><\/td>\n<td style=\"text-align: left\"><\/td>\n<td style=\"text-align: left\"><\/td>\n<td style=\"text-align: left\"><\/td>\n<\/tr>\n<tr style=\"font-size: 12px;font-family: Arial, Helvetica, sans-serif\">\n<td style=\"font-weight: bold\">\u00a0 <em>Exercici <\/em><em>4<\/em><\/td>\n<td style=\"text-align: left\"><\/td>\n<td style=\"text-align: left\"><\/td>\n<td style=\"text-align: left\"><\/td>\n<\/tr>\n<tr style=\"font-size: 12px;font-family: Arial, Helvetica, sans-serif\">\n<td style=\"font-weight: bold\">\u00a0 <em>Exercici <\/em><em>5<\/em><\/td>\n<td style=\"text-align: left\"><\/td>\n<td style=\"text-align: left\"><\/td>\n<td style=\"text-align: left\"><\/td>\n<\/tr>\n<\/tbody>\n<\/table>\n<table border=\"0\" width=\"100%\">\n<tbody>\n<tr style=\"font-family: Arial, Helvetica, sans-serif\">\n<td style=\"font-size: 14px;font-weight: bold\" width=\"347\"><span style=\"color: ##005700;font-size: 14px\"><strong>SOLUCIONS ALS Q\u00dcESTIONARIS<\/strong><\/span><\/td>\n<td style=\"font-size: 12px;text-align: right\"><\/td>\n<\/tr>\n<\/tbody>\n<\/table>\n<table border=\"0\" width=\"100%\">\n<tbody>\n<tr style=\"font-size: 14px;font-family: Arial, Helvetica, sans-serif\">\n<td style=\"font-size: 14px;font-weight: bold\" width=\"347\"><span style=\"color: ##005700;font-size: 14px\"><strong>QUALIFICACIONS<\/strong><\/span><\/td>\n<td><\/td>\n<\/tr>\n<tr style=\"font-size: 12px;font-family: Arial, Helvetica, sans-serif\">\n<td style=\"font-weight: bold\">\u00a0 <em>Exercici <\/em><em>1\u00a0<\/em><\/td>\n<td style=\"text-align: right\"><\/td>\n<\/tr>\n<tr style=\"font-size: 12px;font-family: Arial, Helvetica, sans-serif\">\n<td style=\"font-weight: bold\">\u00a0 <em>Exercici <\/em><em>2<\/em><\/td>\n<td style=\"text-align: right\"><\/td>\n<\/tr>\n<tr style=\"font-size: 12px;font-family: Arial, Helvetica, sans-serif\">\n<td style=\"font-weight: bold\">\u00a0 <em>Exercici <\/em><em>3<\/em><\/td>\n<td style=\"text-align: right\"><\/td>\n<\/tr>\n<tr style=\"font-size: 12px;font-family: Arial, Helvetica, sans-serif\">\n<td style=\"font-weight: bold\">\u00a0 <em>Exercici <\/em><em>4<\/em><\/td>\n<td style=\"text-align: right\"><\/td>\n<\/tr>\n<tr style=\"font-size: 12px;font-family: Arial, Helvetica, sans-serif\">\n<td style=\"font-weight: bold\">\u00a0 <em>Exercici <\/em><em>5<\/em><\/td>\n<td style=\"text-align: right\"><\/td>\n<\/tr>\n<tr style=\"font-size: 12px;font-family: Arial, Helvetica, sans-serif\">\n<td style=\"font-weight: bold\">\u00a0\u00a0<em>Concurs de m\u00e8rits<\/em><\/td>\n<td style=\"text-align: right\"><\/td>\n<\/tr>\n<tr style=\"font-size: 12px;font-family: Arial, Helvetica, sans-serif\">\n<td style=\"font-weight: bold\">\u00a0\u00a0QUALIFICACION\u00a0<em>FINAL<\/em><\/td>\n<td style=\"text-align: right\"><\/td>\n<\/tr>\n<\/tbody>\n<\/table>\n<table border=\"0\" width=\"100%\">\n<tbody>\n<tr style=\"font-size: 14px;font-family: Arial, Helvetica, sans-serif\">\n<td style=\"font-weight: bold\"><span style=\"color: ##005700;font-size: 14px\"><strong>OBSERVACIONS<\/strong><\/span><\/td>\n<\/tr>\n<tr style=\"font-size: 14px;font-family: Arial, Helvetica, sans-serif\">\n<td style=\"text-align: justify;font-size: 12px\" colspan=\"3\" height=\"48\">ELS ASPIRANTS ANIRAN A LES PROVES PROVISTOS DEL DNI, LLAPIS, GOMA D&#8217;ESBORRAR I BOL\u00cdGRAF.<\/p>\n<p>&nbsp;<\/td>\n<\/tr>\n<\/tbody>\n<\/table>\n<p>[\/vc_column_text][\/vc_column][vc_column width=&#8221;1\/3&#8243; css=&#8221;.vc_custom_1474385237096{padding-top: 50px !important;padding-bottom: 50px !important;}&#8221;][vc_widget_sidebar sidebar_id=&#8221;sidebar_custom_2&#8243;][\/vc_column][\/vc_row]<\/p>\n<\/div>","protected":false},"excerpt":{"rendered":"<p>[vc_row full_width=&#8221;stretch_row&#8221; css=&#8221;.vc_custom_1475488224066{background-color: #dddde0 !important;}&#8221;][vc_column][vc_column_text][\/vc_column_text][\/vc_column][\/vc_row][vc_row css=&#8221;.vc_custom_1475488264405{padding-bottom: 40px !important;}&#8221; el_id=&#8221;bloque_basica&#8221;][vc_column width=&#8221;2\/3&#8243;][vc_custom_heading text=&#8221;PERSONAL T\u00c8CNIC D&#8217;INFORMACI\u00d3 TUR\u00cdSTICA&#8221; font_container=&#8221;tag:h4|text_align:left&#8221; use_theme_fonts=&#8221;yes&#8221; el_class=&#8221;enlaces-titulo-cabecera&#8221; css=&#8221;.vc_custom_1505906180639{padding-top: 30px !important;padding-bottom: 20px !important;}&#8221;][vc_column_text] \u00a0\u00a0Nombre de places 6 \u00a0\u00a0Classificaci\u00f3 \u00a0C1 \u00a0\u00a0Acc\u00e9s Promoci\u00f3 [&hellip;]<\/p>\n","protected":false},"author":131,"featured_media":0,"parent":33914,"menu_order":0,"comment_status":"closed","ping_status":"closed","template":"","meta":{"footnotes":""},"class_list":["post-33906","page","type-page","status-publish","hentry"],"_links":{"self":[{"href":"https:\/\/www.elche.es\/va\/wp-json\/wp\/v2\/pages\/33906","targetHints":{"allow":["GET"]}}],"collection":[{"href":"https:\/\/www.elche.es\/va\/wp-json\/wp\/v2\/pages"}],"about":[{"href":"https:\/\/www.elche.es\/va\/wp-json\/wp\/v2\/types\/page"}],"author":[{"embeddable":true,"href":"https:\/\/www.elche.es\/va\/wp-json\/wp\/v2\/users\/131"}],"replies":[{"embeddable":true,"href":"https:\/\/www.elche.es\/va\/wp-json\/wp\/v2\/comments?post=33906"}],"version-history":[{"count":0,"href":"https:\/\/www.elche.es\/va\/wp-json\/wp\/v2\/pages\/33906\/revisions"}],"up":[{"embeddable":true,"href":"https:\/\/www.elche.es\/va\/wp-json\/wp\/v2\/pages\/33914"}],"wp:attachment":[{"href":"https:\/\/www.elche.es\/va\/wp-json\/wp\/v2\/media?parent=33906"}],"curies":[{"name":"wp","href":"https:\/\/api.w.org\/{rel}","templated":true}]}}