{"id":33914,"date":"2017-09-20T12:25:09","date_gmt":"2017-09-20T11:25:09","guid":{"rendered":"http:\/\/www.elche.es\/va\/?page_id=33914"},"modified":"2025-04-08T12:21:53","modified_gmt":"2025-04-08T10:21:53","slug":"oferta-publica-docupacio-visitelche","status":"publish","type":"page","link":"https:\/\/www.elche.es\/va\/turisme\/oferta-publica-docupacio-visitelche\/","title":{"rendered":"oferta p\u00fablica d&#8217;ocupaci\u00f3 visitelche"},"content":{"rendered":"<div class=\"wpb-content-wrapper\"><p>[vc_row full_width=&#8221;stretch_row&#8221; css=&#8221;.vc_custom_1475488224066{background-color: #dddde0 !important;}&#8221;][vc_column][vc_column_text]<nav aria-label=\"breadcrumbs\">\n            <div class=\"breadcrumb-container theme1\">\n                <ol>\n                                    <\/ol>\n            <\/div>\n        <\/nav>    <script type=\"application\/ld+json\">\n        {\n            \"@context\": \"http:\/\/schema.org\",\n            \"@type\": \"BreadcrumbList\",\n            \"itemListElement\": [\n                            ]\n        }\n    <\/script>\n    <style type=\"text\/css\">\n        .breadcrumb-container {\n            font-size: 13px;\n        }\n\n        .breadcrumb-container ul {\n            margin: 0;\n            padding: 0;\n        }\n\n        .breadcrumb-container li {\n            box-sizing: unset;\n            display: inline-block;\n            margin: 0;\n            padding: 0;\n        }\n\n        .breadcrumb-container li a {\n            box-sizing: unset;\n            padding: 0 10px;\n        }\n\n        .breadcrumb-container {\n            font-size: 3 !important;\n                    }\n\n        .breadcrumb-container li a {\n            color: #0a0a0a !important;\n            font-size: 3 !important;\n            line-height: 3 !important;\n                    }\n\n        .breadcrumb-container li .separator {\n            font-size: 3 !important;\n                    }\n\n        .breadcrumb-container li:last-child .separator {\n            display: none;\n        }\n    <\/style>\n    <style type=\"text\/css\">\n        .breadcrumb-container.theme1 li {\n            margin: 0;\n            padding: 0;\n        }\n        .breadcrumb-container.theme1 a {\n            background: ;\n            display: inline-block;\n            margin: 0 5px;\n            padding: 5px 10px;\n            text-decoration: none;\n        }\n    <\/style>\n        <style type=\"text\/css\">\n            <\/style>\n    <script>\n            <\/script>\n[\/vc_column_text][\/vc_column][\/vc_row][vc_row css=&#8221;.vc_custom_1475488264405{padding-bottom: 40px !important;}&#8221; el_id=&#8221;bloque_basica&#8221;][vc_column]<h3 class=\"sc_title sc_title_regular margin_top_tiny\">OFERTA P\u00daBLICA D&#8217;OCUPACI\u00d3<\/h3>[vc_column_text css=&#8221;.vc_custom_1664971170556{padding-bottom: 20px !important;}&#8221;]Informaci\u00f3 sobre els procediments selectius de VISITELCHE[\/vc_column_text][\/vc_column][\/vc_row][vc_row css=&#8221;.vc_custom_1475488264405{padding-bottom: 40px !important;}&#8221;][vc_column]<div class=\"sc_accordion margin_bottom_small\" style=\"````\" data-active=\"98\"><div class=\"sc_accordion_item odd first\"><h5 class=\"sc_accordion_title\"><span class=\"sc_accordion_icon icon-users-group in_begin\"><\/span><span class=\"sc_accordion_icon in_end sc_accordion_icon_closed icon-plus\"><\/span><span class=\"sc_accordion_icon in_end sc_accordion_icon_opened icon-minus\"><\/span>OPOSICIONES. PROCESOSO SELECTIVOS DE LA OFERTA P\u00daBLICA DE EMPLEO DE VISITELCHE<\/h5><div class=\"sc_accordion_content\" style=\"````\">[vc_column_text css=&#8221;&#8221;]Actualmente no existe ning\u00fan proceso selectivo.[\/vc_column_text][vc_empty_space]<\/div><\/div><div class=\"sc_accordion_item even\"><h5 class=\"sc_accordion_title\"><span class=\"sc_accordion_icon icon-users-group in_begin\"><\/span><span class=\"sc_accordion_icon in_end sc_accordion_icon_closed icon-plus\"><\/span><span class=\"sc_accordion_icon in_end sc_accordion_icon_opened icon-minus\"><\/span>OPOSICIONES. BOLSAS DE TRABAJO DE VISITELCHE<\/h5><div class=\"sc_accordion_content\" style=\"````\">[vc_column_text css=&#8221;&#8221;]\n<table id=\"tablepress-147\" class=\"tablepress tablepress-id-147\">\n<thead>\n<tr class=\"row-1\">\n\t<th class=\"column-1\">ESTADO<\/th><th class=\"column-2\">DENOMINACI\u00d3N<\/th><th class=\"column-3\">MODALIDAD<\/th><th class=\"column-4\">TIPO PRUEBA<\/th>\n<\/tr>\n<\/thead>\n<tbody class=\"row-striping row-hover\">\n<tr class=\"row-2\">\n\t<td class=\"column-1\">Abierta<br \/>\nDel 22\/04\/2025 hasta el d\u00eda 07\/05\/2025<\/td><td class=\"column-2\"><a target=\"_blank\" href=\"https:\/\/www.elche.es\/turismo\/auxiliar-de-turismo-visitelche\/\">AUXILIAR DE TURISMO (BOLSA)<\/a><\/td><td class=\"column-3\"><\/td><td class=\"column-4\"><\/td>\n<\/tr>\n<\/tbody>\n<\/table>\n<!-- #tablepress-147 from cache -->[\/vc_column_text][vc_empty_space]<\/div><\/div><div class=\"sc_accordion_item odd\"><h5 class=\"sc_accordion_title\"><span class=\"sc_accordion_icon icon-users-group in_begin\"><\/span><span class=\"sc_accordion_icon in_end sc_accordion_icon_closed icon-plus\"><\/span><span class=\"sc_accordion_icon in_end sc_accordion_icon_opened icon-minus\"><\/span>(ESTABILIZACI\u00d3) OPOSICIONES. PROCESOSO SELECTIVOS DE LA OFERTA P\u00daBLICA DE EMPLEO EXTRAORDINAR\u00cdA DE VISITELCHE<\/h5><div class=\"sc_accordion_content\" style=\"````\">[vc_column_text css=&#8221;.vc_custom_1744107658326{padding-bottom: 20px !important;}&#8221;]Informaci\u00f3 sobre els procediments selectius corresponents als processos d\u2019estabilitzaci\u00f3 del personal inter\u00ed de VisitElx:[\/vc_column_text]\r\n        <p>\r\n        <span class=\"enlaces-titulo\"> BASES GENERALS D'ESTABILITZACI\u00d3 D'OCUPACI\u00d3 TEMPORAL VISITELCHE <\/span> <span><a class=\"enlaces-link\" target='_blank'href=\"https:\/\/www.elche.es\/wp-content\/uploads\/2022\/08\/Publicacion-Bases-Generales-Visitelche.pdf \">Veure enlla\u00e7<\/a><\/span>\r\n        <br>\r\n        <span class=\"enlaces-descripcion\"><\/span>\r\n        <\/p>\r\n        <hr class=\"enlaces-separador\">\r\n        [vc_column_text]<\/p>\n<hr \/>\n<p>Simulador servei prestats. C\u00e0lcul de dies entre dues dates.<br \/>\nRecorde que en aquest c\u00e0lcul no es t\u00e9 en compte el dia final.[\/vc_column_text][vc_raw_html el_id=&#8221;calpc&#8221;]JTNDaWZyYW1lJTIwc3JjJTNEJTIyaHR0cHMlM0ElMkYlMkZ3d3cuZWxjaGUuZXMlMkZkb2MlMkZjYWxjdWxvX2RpYXMucGhwJTNGbGclM0R2YSUyMiUyMHdpZHRoJTNEJTIyMTAwJTI1JTIyJTIwaGVpZ2h0JTNEJTIyNDAwJTIyJTIwc3R5bGUlM0QlMjJ3aWR0aCUzQSUyMDEwMCUyNSUzQiUyMGhlaWdodCUzQTI4MHB4JTNCJTIyJTNFJTNDJTJGaWZyYW1lJTNF[\/vc_raw_html][vc_raw_html el_id=&#8221;calmovil&#8221;]JTNDaWZyYW1lJTIwc3JjJTNEJTIyaHR0cHMlM0ElMkYlMkZ3d3cuZWxjaGUuZXMlMkZkb2MlMkZjYWxjdWxvX2RpYXNfbW92aWwucGhwJTNGbGclM0R2YSUyMiUyMHdpZHRoJTNEJTIyMTAwJTI1JTIyJTIwaGVpZ2h0JTNEJTIyNDAwJTIyJTIwc3R5bGUlM0QlMjJ3aWR0aCUzQSUyMDEwMCUyNSUzQiUyMGhlaWdodCUzQTI4MHB4JTNCJTIyJTNFJTNDJTJGaWZyYW1lJTNF[\/vc_raw_html][vc_column_text]\n<table id=\"tablepress-115\" class=\"tablepress tablepress-id-115\">\n<thead>\n<tr class=\"row-1\">\n\t<th class=\"column-1\">ESTADO<\/th><th class=\"column-2\">DENOMINACI\u00d3N<\/th><th class=\"column-3\">MODALIDAD<\/th><th class=\"column-4\">TIPO PRUEBA<\/th>\n<\/tr>\n<\/thead>\n<tbody class=\"row-striping row-hover\">\n<tr class=\"row-2\">\n\t<td class=\"column-1\">Cerrado Plazo Instancia<br \/>\n19\/12\/2022 \u2212 17\/01\/2023<\/td><td class=\"column-2\"><a href=\"https:\/\/www.elche.es\/turismo\/oferta-publica-de-empleo-visitelche\/ayudante-de-servicios-multiples-1-c-m-estabilizacion\/\" target=\"_blank\" rel=\"noopener\">AYUDANTE DE SERVICIOS M\u00daLTIPLES<\/a><\/td><td class=\"column-3\">Estabilizaci\u00f3n<\/td><td class=\"column-4\">Concurso<\/td>\n<\/tr>\n<tr class=\"row-3\">\n\t<td class=\"column-1\">Cerrado Plazo Instancia<br \/>\n19\/12\/2022 \u2212 17\/01\/2023<\/td><td class=\"column-2\"><a href=\"https:\/\/www.elche.es\/turismo\/oferta-publica-de-empleo-visitelche\/auxiliar-de-turismo-4-c-m-estabilizacion\/\" target=\"_blank\" rel=\"noopener\">AUXILIAR DE TURISMO<\/a><\/td><td class=\"column-3\">Estabilizaci\u00f3n<\/td><td class=\"column-4\">Concurso<\/td>\n<\/tr>\n<tr class=\"row-4\">\n\t<td class=\"column-1\">Cerrado Plazo Instancia<br \/>\n19\/12\/2022 \u2212 17\/01\/2023<\/td><td class=\"column-2\"><a href=\"https:\/\/www.elche.es\/turismo\/oferta-publica-de-empleo-visitelche\/tecnica-o-de-instalaciones-turisticas-1-c-m-estabilizacion\/\" target=\"_blank\" rel=\"noopener\">T\u00c9CNICA\/O DE INSTALACIONES TUR\u00cdSTICAS<\/a><\/td><td class=\"column-3\">Estabilizaci\u00f3n<\/td><td class=\"column-4\">Concurso<\/td>\n<\/tr>\n<tr class=\"row-5\">\n\t<td class=\"column-1\">Cerrado Plazo Instancia<br \/>\n19\/12\/2022 \u2212 17\/01\/2023<\/td><td class=\"column-2\"><a href=\"https:\/\/www.elche.es\/turismo\/oferta-publica-de-empleo-visitelche\/jefa-e-unidad-servicios-turisticos-1-c-m-estabilizacion\/\" target=\"_blank\" rel=\"noopener\">JEFA\/E UNIDAD SERVICIOS TUR\u00cdSTICOS<\/a><\/td><td class=\"column-3\">Estabilizaci\u00f3n<\/td><td class=\"column-4\">Concurso<\/td>\n<\/tr>\n<tr class=\"row-6\">\n\t<td class=\"column-1\">Cerrado Plazo Instancia<br \/>\n19\/12\/2022 \u2212 17\/01\/2023<\/td><td class=\"column-2\"><a href=\"https:\/\/www.elche.es\/turismo\/oferta-publica-de-empleo-visitelche\/tecnica-o-de-turismo-en-marketing-1-c-m-estabilizacion\/\" target=\"_blank\" rel=\"noopener\">T\u00c9CNICA\/O DE TURISMO EN MARKETING<\/a><\/td><td class=\"column-3\">Estabilizaci\u00f3n<\/td><td class=\"column-4\">Concurso<\/td>\n<\/tr>\n<tr class=\"row-7\">\n\t<td class=\"column-1\">Cerrado Plazo Instancia<br \/>\n19\/12\/2022 \u2212 17\/01\/2023<\/td><td class=\"column-2\"><a href=\"https:\/\/www.elche.es\/turismo\/oferta-publica-de-empleo-visitelche\/tecnica-o-de-gestion-estabilizacion\/\" target=\"_blank\" rel=\"noopener\">T\u00c9CNICA\/O DE GESTI\u00d3N<\/a><\/td><td class=\"column-3\">Estabilizaci\u00f3n<\/td><td class=\"column-4\">Concurso<\/td>\n<\/tr>\n<\/tbody>\n<\/table>\n<!-- #tablepress-115 from cache -->[\/vc_column_text]<\/div><\/div><\/div>[vc_column_text][\/vc_column_text][\/vc_column][\/vc_row][vc_row css=&#8221;.vc_custom_1475488264405{padding-bottom: 40px !important;}&#8221;][vc_column][\/vc_column][\/vc_row][vc_row][vc_column][vc_empty_space height=&#8221;52px&#8221;][\/vc_column][\/vc_row]<\/p>\n<\/div>","protected":false},"excerpt":{"rendered":"<p>[vc_row full_width=&#8221;stretch_row&#8221; css=&#8221;.vc_custom_1475488224066{background-color: #dddde0 !important;}&#8221;][vc_column][vc_column_text][\/vc_column_text][\/vc_column][\/vc_row][vc_row css=&#8221;.vc_custom_1475488264405{padding-bottom: 40px !important;}&#8221; el_id=&#8221;bloque_basica&#8221;][vc_column][vc_column_text css=&#8221;.vc_custom_1664971170556{padding-bottom: 20px !important;}&#8221;]Informaci\u00f3 sobre els procediments selectius de VISITELCHE[\/vc_column_text][\/vc_column][\/vc_row][vc_row css=&#8221;.vc_custom_1475488264405{padding-bottom: 40px !important;}&#8221;][vc_column][vc_column_text][\/vc_column_text][\/vc_column][\/vc_row][vc_row css=&#8221;.vc_custom_1475488264405{padding-bottom: 40px !important;}&#8221;][vc_column][\/vc_column][\/vc_row][vc_row][vc_column][vc_empty_space height=&#8221;52px&#8221;][\/vc_column][\/vc_row]<\/p>\n","protected":false},"author":131,"featured_media":0,"parent":6889,"menu_order":2,"comment_status":"closed","ping_status":"closed","template":"","meta":{"footnotes":""},"class_list":["post-33914","page","type-page","status-publish","hentry"],"_links":{"self":[{"href":"https:\/\/www.elche.es\/va\/wp-json\/wp\/v2\/pages\/33914","targetHints":{"allow":["GET"]}}],"collection":[{"href":"https:\/\/www.elche.es\/va\/wp-json\/wp\/v2\/pages"}],"about":[{"href":"https:\/\/www.elche.es\/va\/wp-json\/wp\/v2\/types\/page"}],"author":[{"embeddable":true,"href":"https:\/\/www.elche.es\/va\/wp-json\/wp\/v2\/users\/131"}],"replies":[{"embeddable":true,"href":"https:\/\/www.elche.es\/va\/wp-json\/wp\/v2\/comments?post=33914"}],"version-history":[{"count":2,"href":"https:\/\/www.elche.es\/va\/wp-json\/wp\/v2\/pages\/33914\/revisions"}],"predecessor-version":[{"id":332058,"href":"https:\/\/www.elche.es\/va\/wp-json\/wp\/v2\/pages\/33914\/revisions\/332058"}],"up":[{"embeddable":true,"href":"https:\/\/www.elche.es\/va\/wp-json\/wp\/v2\/pages\/6889"}],"wp:attachment":[{"href":"https:\/\/www.elche.es\/va\/wp-json\/wp\/v2\/media?parent=33914"}],"curies":[{"name":"wp","href":"https:\/\/api.w.org\/{rel}","templated":true}]}}