{"id":34343,"date":"2017-09-26T13:13:52","date_gmt":"2017-09-26T12:13:52","guid":{"rendered":"http:\/\/www.elche.es\/va\/?page_id=34343"},"modified":"2019-04-18T13:04:18","modified_gmt":"2019-04-18T12:04:18","slug":"la01","status":"publish","type":"page","link":"https:\/\/www.elche.es\/va\/edusi\/la01\/","title":{"rendered":"LA01"},"content":{"rendered":"<div class=\"wpb-content-wrapper\"><p>[vc_row][vc_column]<h5 class=\"sc_title sc_title_regular margin_top_tiny margin_bottom_tiny\"><\/p>\n<h3 style=\"font-size: 30px\"><strong>LA.01. Accesibilitat i millora de l&#8217;Administraci\u00f3 Electr\u00f2nica<\/strong><\/h3>\n<p><\/h5>[vc_column_text]<\/p>\n<h4 style=\"font-size: 20px\"><strong>Objectiu Espec\u00edfic POCS<\/strong><\/h4>\n<p>OE 2.3.3. Promoure les TIC en Estrat\u00e8gies de desenvolupament urb\u00e0 integrat a trav\u00e9s d&#8217;actuacions en Administraci\u00f3 Electr\u00f2nica Local i <em>Smart Cities <\/em>(ciutat intel\u00b7ligent)<\/p>\n<hr style=\"color: #00a997\" size=\"1\" \/>\n<h4 style=\"font-size: 20px\"><strong>Problema\/es urb\u00e0\/ans a abordar<\/strong><\/h4>\n<p>P7. Bretxa digital i desigualtats socioecon\u00f2miques<\/p>\n<hr style=\"color: #00a997\" size=\"1\" \/>\n<h4 style=\"font-size: 20px\"><strong>Repte\/s urb\u00e0\/ans relacionats<\/strong><\/h4>\n<ol>\n<li>RE. Reptes econ\u00f2mics<\/li>\n<li>RS. Reptes socials<\/li>\n<\/ol>\n<hr style=\"color: #00a997\" size=\"1\" \/>\n<h4 style=\"font-size: 20px\"><strong>Descripci\u00f3<\/strong><\/h4>\n<p>\u00c9s un dret b\u00e0sic de la ciutadania el poder relacionar-se de forma \u00e0gil i senzilla amb l&#8217;Administraci\u00f3, a trav\u00e9s d&#8217;una pol\u00edtica de simplificaci\u00f3 de tr\u00e0mits administratius i d&#8217;eliminaci\u00f3 de barreres burocr\u00e0tiques, amb serveis p\u00fablics de qualitat, en els quals les TIC juguen aquest paper essencial. L&#8217;e-Administraci\u00f3 permet acostar l&#8217;Ajuntament a les ve\u00efnes i als ve\u00efns. A m\u00e9s contribueix a la participaci\u00f3 directa de la ciutadania, aix\u00ed com a les seues associacions. Alhora, aquests serveis contribueixen a evitar els despla\u00e7aments (reducci\u00f3 d&#8217;emissions de CO2), el consum de paper i estalvia temps a les empreses. M\u00e9s enll\u00e0, es generen dades que permeten con\u00e9ixer millor les persones usu\u00e0ries i, en conseq\u00fc\u00e8ncia, millorar la manera de prestar els serveis. Finalment, la realitzaci\u00f3 d&#8217;actuacions transversals espec\u00edfiques pot afavorir l&#8217;acc\u00e9s a les TIC a col\u00b7lectius amb dificultats, en condicions d&#8217;igualtat, tenint en compte la perspectiva de g\u00e8nere.<\/p>\n<hr style=\"color: #00a997\" size=\"1\" \/>\n<h4 style=\"font-size: 20px\"><strong>Tipologia d&#8217;operacions (relaci\u00f3 no exhaustiva)<\/strong><\/h4>\n<p>&#8211; An\u00e0lisi i modificaci\u00f3 de l&#8217;estructura organitzativa sobre la base de principis de racionalitat, efic\u00e0cia i efici\u00e8ncia. Unificaci\u00f3 i consolidaci\u00f3 de les comunicacions electr\u00f2niques.<\/p>\n<p>&#8211; Publicaci\u00f3 del cat\u00e0leg de procediments i serveis de l&#8217;Administraci\u00f3 a trav\u00e9s del Portal de la Seu Electr\u00f2nica. Desenvolupament dels Esquemes Nacionals de Seguretat i Interoperabilitat.<\/p>\n<p>&#8211; Alfabetitzaci\u00f3 digital de col\u00b7lectius en situaci\u00f3 de vulnerabilitat socioecon\u00f2mica. Realitzaci\u00f3 de tallers formatius de car\u00e0cter intergeneracional i intercultural relacionats amb les TIC. Dotaci\u00f3 de la infraestructura necess\u00e0ria per a la realitzaci\u00f3 de tallers i activitats formatives basades en les TIC que fomenten la prevenci\u00f3 de la viol\u00e8ncia de g\u00e8nere i la igualtat de tracte.<\/p>\n<p>&#8211; Desenvolupament de serveis electr\u00f2nics personalitzats, flexibles i tra\u00e7ables, recolzats en criteris d&#8217;accessibilitat i usabilitat. Establiment d&#8217;indicadors de mesurament i objectius del nivell de servei dels procediments i serveis de l&#8217;Administraci\u00f3. Desenvolupament d&#8217;aplicacions a trav\u00e9s de les TIC per a fomentar la participaci\u00f3 directa de la ciutadania en les iniciatives municipals.<\/p>\n<p>&#8211; Implementaci\u00f3 de nous canals d&#8217;\u00fas per la ciutadania per a facilitar la informaci\u00f3, com a aplicacions m\u00f2bils, xarxes socials, telepres\u00e8ncia, etc.<\/p>\n<p>&#8211; Participaci\u00f3 en el desenvolupament de serveis transfronterers d&#8217;Administraci\u00f3 Electr\u00f2nica.<\/p>\n<p>&#8211; Establiment de mesures espec\u00edfiques d&#8217;estalvi energ\u00e8tic en els Centres de Procesament de dades de l&#8217;Administraci\u00f3.<\/p>\n<hr style=\"color: #00a997\" size=\"1\" \/>\n<h4 style=\"font-size: 20px\"><strong>Objectiu\/s Estrat\u00e8gic\/s<\/strong><\/h4>\n<p>OE1. Desenvolupar el model d&#8217;Elx Ciutat Intel\u00b7ligent, i promoure la gesti\u00f3 autom\u00e0tica i eficient d&#8217;infraestructures, equipaments i serveis urbans. A m\u00e9s, transversalment s&#8217;abordar\u00e0 l&#8217;OE4. Repensar la ciutat des de la Igualtat de G\u00e8nere<\/p>\n<hr style=\"color: #00a997\" size=\"1\" \/>\n<h4 style=\"font-size: 20px\"><strong>Objetiu\/s Operatiu\/s<\/strong><\/h4>\n<p>OE1.OO1. Millorar l&#8217;e-Administraci\u00f3 i adoptar solucions digitals per a una prestaci\u00f3 eficient dels serveis p\u00fablics<\/p>\n<p>OE1.OO2. Reduir la bretxa digital<\/p>\n<hr style=\"color: #00a997\" size=\"1\" \/>\n<h4 style=\"font-size: 20px\"><strong>Resultats esperats<\/strong><\/h4>\n<p>Impulsar una administraci\u00f3 electr\u00f2nica eficient, amb la unificaci\u00f3 dels procediments administratius. Facilitar l&#8217;acc\u00e9s mitjan\u00e7ant el Portal de la Seu Electr\u00f2nica, automatitzar els processos i introduir la signatura electr\u00f2nica. Crear serveis p\u00fablics personalitzats i assegurar la seua tra\u00e7abilitat. Impulsar l&#8217;estalvi energ\u00e8tic en els Centres de Procesament de dades. Utilitzar les TIC per a reduir la petjada mediambiental. Impulsar els programes d&#8217;alfabetitzaci\u00f3 digital. Avan\u00e7ar en la igualtat de g\u00e8nere en la Societat de la Informaci\u00f3.<\/p>\n<hr style=\"color: #00a997\" size=\"1\" \/>\n<h4 style=\"font-size: 20px\"><strong>Destinataris\/\u00e0ries finals<\/strong><\/h4>\n<p>Els ve\u00efns i les ve\u00efnes de la ciutat d&#8217;Elx en el seu conjunt,\u00a0a m\u00e9s de persones usu\u00e0ries de serveis p\u00fablics digitals, visitants, empreses i demandants de formaci\u00f3 en alfabetitzaci\u00f3 digital<\/p>\n<hr style=\"color: #00a997\" size=\"1\" \/>\n<h4 style=\"font-size: 20px\"><strong>Adequaci\u00f3 als resultats obtinguts en el DAFO<\/strong><\/h4>\n<p>Es corregeixen les Febleses: D19, D55, D56, D57, D58, D59, D61, D62, D65, D68<\/p>\n<p>Es neutralitzen les Amenaces: A31, A33, A34, A35, A36, A37<\/p>\n<p>S&#8217;utilitzen les Fortaleses: F44, F45, F46, F47, F48, F49, F50<\/p>\n<p>S&#8217;aprofiten les Oportunitats: O4, O39, O40, O41, O42, O43, O48, O49, O50<\/p>\n<hr style=\"color: #00a997\" size=\"1\" \/>\n<h4 style=\"font-size: 20px\"><strong>Valoraci\u00f3 ciutadana<\/strong><\/h4>\n<p>L&#8217;Objectiu Operatiu OE1.001 ha sigut qualificat en els mecanismes de participaci\u00f3 ciutadana amb un &#8220;grau d&#8217;import\u00e0ncia&#8221; alt o molt alt pel 64% dels membres participants de les Entitats i Associacions Ve\u00efnals, i per un 77% dels del Consell Social de la Ciutat. L&#8217;Objectiu Operatiu OE1.002 ha sigut qualificat en els mecanismes de participaci\u00f3 ciutadana amb un &#8220;grau d&#8217;import\u00e0ncia&#8221; alt o molt alt pel 64% dels membres participants de les Entitats i Associacions Ve\u00efnals, i per un 55% dels del Consell Social de la Ciutat. L&#8217;Objectiu estrat\u00e8gic OE4 t\u00e9 un &#8220;grau d&#8217;import\u00e0ncia&#8221; alt o molt alt per al 75% dels membres participants de les Entitats i Associacions Ve\u00efnals, i per un 45% dels del Consell Social. El problema urb\u00e0 P7 t\u00e9 un &#8220;grau d&#8217;incid\u00e8ncia&#8221; alt o molt alt per un 64% dels membres participants de les Entitats i Associacions Ve\u00efnals i per un 75% dels del Consell Social. Podem afirmar per tant que, per al conjunt de la ciutadania, aquesta l\u00ednia d&#8217;actuaci\u00f3 t\u00e9 una import\u00e0ncia elevada per a escometre un problema urb\u00e0 local amb una incid\u00e8ncia elevada. D&#8217;altra banda, en les consultes, enquestes, tallers sectorials i transversals, i altres mecanismes de participaci\u00f3 ciutadana no es realitzen demandes significatives en relaci\u00f3 a l&#8217;administraci\u00f3 electr\u00f2nica (sobretot s\u00f3n ambientals, clim\u00e0tiques i socials), si b\u00e9 l&#8217;an\u00e0lisi t\u00e8cnica realitzada, l&#8217;experi\u00e8ncia, l&#8217;oportunitat i exig\u00e8ncies de la redacci\u00f3 de la *EDUSI, aix\u00ed com el seu car\u00e0cter multiplicador, determinen la conveni\u00e8ncia d&#8217;aquesta l\u00ednia d&#8217;actuaci\u00f3.<\/p>\n<hr style=\"color: #00a997\" size=\"1\" \/>\n<h4 style=\"font-size: 20px\"><strong>Criteris de selecci\u00f3 de les operacions<\/strong><\/h4>\n<h5 style=\"font-size: 17px\"><strong><u>Criteris d&#8217;admisibilitat<\/u><\/strong><\/h5>\n<p><strong>Criteris generals:<\/strong><\/p>\n<p>Hauran de respectar-se els principis generals definits en els articles 7 i 8 del Reglament (UE) n\u00fam. 1303\/2013 (no discriminaci\u00f3, igualtat de g\u00e8nere i desenvolupament sostenible) i complir la legislaci\u00f3 europea i nacional. L&#8217;admissibilitat de les operacions haur\u00e0 d&#8217;estar regida pels principis d&#8217;igualtat entre beneficiaris, efici\u00e8ncia, efic\u00e0cia i sostenibilitat de les operacions, transpar\u00e8ncia dels criteris de selecci\u00f3, capacitat dels beneficiaris per a implementar i estrat\u00e8gia per alineament amb altres operacions i instruments. A m\u00e9s, les operacions hauran de contribuir a l&#8217;estrat\u00e8gia, contribuir al programa operatiu, abordar els problemes d&#8217;una forma integrada i mostrar vincles clars amb altres intervencions o projectes coexistents. Els seus gestors hauran de demostrar experi\u00e8ncia i capacitat. En el seu disseny s&#8217;haur\u00e0 d&#8217;haver involucrat la poblaci\u00f3 i els agents locals.<\/p>\n<p>La dotaci\u00f3 d&#8217;equipament de les depend\u00e8ncies municipals i plataformes, incloses les plataformes per a la gesti\u00f3 de <em>smart cities<\/em>, estar\u00e0 supeditada a la seua necessitat per a la posada en marxa d&#8217;aplicacions municipals i projectes inclosos en l&#8217;EDUSI. La simple dotaci\u00f3 d&#8217;equipament no ser\u00e0 finan\u00e7able. Els projectes de digitalitzaci\u00f3 de patrimoni cultural enfocats al turisme hauran d&#8217;emmarcar-se en actuacions de dinamitzaci\u00f3 tur\u00edstica emmarcades en l&#8217;EDUSI.<\/p>\n<p><strong>Criteris espec\u00edfics:<\/strong>\u00a0Pla Nacional de Ciutats Intel\u00b7ligents. Lleis 39\/2015 i 40\/2015 (Administraci\u00f3 Electr\u00f2nica)<\/p>\n<h5 style=\"font-size: 17px\"><strong><u>Criteris de prioritzaci\u00f3<\/u><\/strong><\/h5>\n<p>Es potenciaran operacions que tinguen una major incid\u00e8ncia per a la consecuci\u00f3 dels objectius de resultat i productivitat, que afavorisquen un major nombre de persones, que arriben als col\u00b7lectius menys afavorits i m\u00e9s vulnerables, que siguen sostenibles en el temps, simples en la gesti\u00f3, integradors amb altres actuacions i amb objectius tem\u00e0tics, amb menors riscos d&#8217;implementaci\u00f3, que tinguen en compte les diferents necessitats de dones i d&#8217;homes, una major demanda i participaci\u00f3 de la ciutadania durant la seua implementaci\u00f3 i que contribu\u00efsquen en major mesura al POCS.<\/p>\n<h5 style=\"font-size: 17px\"><strong><u>Procediments de selecci\u00f3<\/u><\/strong><\/h5>\n<p>1) Comit\u00e9 d&#8217;experts en gesti\u00f3 administrativa i noves tecnologies, incloent especialistes des de la perspectiva de g\u00e8nere<\/p>\n<p>2) Tallers transversals amb la participaci\u00f3 dels agents locals interessats<\/p>\n<p>3) Licitacions obertes mitjan\u00e7ant Convocat\u00f2ries P\u00fabliques per a la contractaci\u00f3 de serveis i subministraments (subjectes als procediments de la Llei de Contractes del Sector P\u00fablic i directives europees d&#8217;aplicaci\u00f3)<\/p>\n<p>4) Accions de sensibilitzaci\u00f3 per a la captaci\u00f3 de les persones m\u00e9s vulnerables, tenint en compte la perspectiva de g\u00e8nere, treballant les resist\u00e8ncies a l&#8217;acc\u00e9s a les noves tecnologies<\/p>\n<p>5) Implementaci\u00f3 dels cursos i tallers i avaluaci\u00f3 d&#8217;aquests amb el suport del voluntariat juvenil per a majors, a m\u00e9s de les empreses contractades<\/p>\n<h5 style=\"font-size: 17px\"><strong><u>\u00c0rees de l&#8217;Ajuntament i agents involucrats<\/u><\/strong><\/h5>\n<p>Els agents participants en el seguiment de l&#8217;execuci\u00f3 d&#8217;aquesta l\u00ednia d&#8217;actuaci\u00f3 s\u00f3n: les \u00c0rees d&#8217;Innovaci\u00f3, Modernitzaci\u00f3 i Desenvolupament Tecnol\u00f2gic, Urbanisme i Territori, aix\u00ed com Benestar Social, amb la participaci\u00f3 del Consell Social de la Ciutat, el Comit\u00e9 de Direcci\u00f3 del Pla Estrat\u00e8gic Elx 2030 i els restants Consells Municipals. Comptaran amb el suport de les \u00c0rees.<\/p>\n<hr size=\"1\" \/>\n<p>[\/vc_column_text]<div class=\"sc_table\" style=\"width:100%;\"><\/p>\n<h4 style=\"font-size: 20px\"><strong>Pressupost\u00a0i fonts de finan\u00e7ament<\/strong><\/h4>\n<table border=\"0\" cellspacing=\"0\" cellpadding=\"0\">\n<tbody>\n<tr>\n<td style=\"font-size: 1px\" colspan=\"11\"><\/td>\n<\/tr>\n<tr>\n<td colspan=\"6\" width=\"480\">\n<p style=\"font-size: 14px\" align=\"center\"><strong>Pressupost<\/strong><\/p>\n<\/td>\n<td colspan=\"4\" width=\"320\">\n<p style=\"font-size: 14px\" align=\"center\"><strong>Fonts de finan\u00e7ament<\/strong><\/p>\n<\/td>\n<td rowspan=\"3\" width=\"80\">\n<p style=\"font-size: 14px\" align=\"center\"><strong>% del Pressupost de L.A. s\/EDUSI total<\/strong><\/p>\n<\/td>\n<\/tr>\n<tr>\n<td colspan=\"2\" rowspan=\"2\">\n<p style=\"font-size: 14px\" align=\"center\"><strong>Operacions<\/strong><\/p>\n<\/td>\n<td colspan=\"2\" rowspan=\"2\">\n<p style=\"font-size: 14px\" align=\"center\"><strong>Imputaci\u00f3 Gastos Gesti\u00f3 (3%)<\/strong><\/p>\n<\/td>\n<td colspan=\"2\" rowspan=\"2\">\n<p style=\"font-size: 14px\" align=\"center\"><strong>GASTO TOTAL<\/strong><\/p>\n<\/td>\n<td colspan=\"2\">\n<p style=\"font-size: 14px\" align=\"center\"><strong>Ajuntament d\u2019Elx<\/strong><\/p>\n<\/td>\n<td colspan=\"2\">\n<p style=\"font-size: 14px\" align=\"center\"><strong>FEDER<\/strong><\/p>\n<\/td>\n<\/tr>\n<tr>\n<td colspan=\"2\" valign=\"top\">\n<p style=\"font-size: 14px\" align=\"center\"><strong>(50%)<\/strong><\/p>\n<\/td>\n<td colspan=\"2\" valign=\"top\">\n<p style=\"font-size: 14px\" align=\"center\"><strong>(50%)<\/strong><\/p>\n<\/td>\n<\/tr>\n<tr>\n<td colspan=\"2\" nowrap=\"nowrap\">\n<p style=\"font-size: 14px\" align=\"center\">1.209.500,00<\/p>\n<\/td>\n<td colspan=\"2\" nowrap=\"nowrap\">\n<p style=\"font-size: 14px\" align=\"center\">36.285,00<\/p>\n<\/td>\n<td colspan=\"2\" nowrap=\"nowrap\">\n<p style=\"font-size: 14px\" align=\"center\"><strong>1.245.785,00<\/strong><\/p>\n<\/td>\n<td colspan=\"2\" nowrap=\"nowrap\">\n<p style=\"font-size: 14px\" align=\"center\">622.892,50<\/p>\n<\/td>\n<td colspan=\"2\" nowrap=\"nowrap\">\n<p style=\"font-size: 14px\" align=\"center\">622.892,50<\/p>\n<\/td>\n<td nowrap=\"nowrap\" width=\"80\">\n<p style=\"font-size: 14px\" align=\"center\">4,15%<\/p>\n<\/td>\n<\/tr>\n<tr>\n<td style=\"font-size: 1px\" colspan=\"11\"><\/td>\n<\/tr>\n<\/tbody>\n<\/table>\n<h4 style=\"font-size: 20px\"><strong>Planificaci\u00f3 temporal (senda financera)<\/strong><\/h4>\n<table border=\"0\" cellspacing=\"0\" cellpadding=\"0\">\n<tbody>\n<tr>\n<td style=\"font-size: 1px\" colspan=\"11\"><\/td>\n<\/tr>\n<tr>\n<td width=\"80\">\n<p style=\"font-size: 14px\" align=\"center\"><strong>2014<\/strong><\/p>\n<\/td>\n<td width=\"80\">\n<p style=\"font-size: 14px\" align=\"center\"><strong>2015<\/strong><\/p>\n<\/td>\n<td width=\"80\">\n<p style=\"font-size: 14px\" align=\"center\"><strong>2016<\/strong><\/p>\n<\/td>\n<td width=\"80\">\n<p style=\"font-size: 14px\" align=\"center\"><strong>2017<\/strong><\/p>\n<\/td>\n<td width=\"80\">\n<p style=\"font-size: 14px\" align=\"center\"><strong>2018<\/strong><\/p>\n<\/td>\n<td width=\"80\">\n<p style=\"font-size: 14px\" align=\"center\"><strong>2019<\/strong><\/p>\n<\/td>\n<td width=\"80\">\n<p style=\"font-size: 14px\" align=\"center\"><strong>2020<\/strong><\/p>\n<\/td>\n<td width=\"80\">\n<p style=\"font-size: 14px\" align=\"center\"><strong>2021<\/strong><\/p>\n<\/td>\n<td width=\"80\">\n<p style=\"font-size: 14px\" align=\"center\"><strong>2022<\/strong><\/p>\n<\/td>\n<td width=\"80\">\n<p style=\"font-size: 14px\" align=\"center\"><strong>2023<\/strong><\/p>\n<\/td>\n<td width=\"80\">\n<p style=\"font-size: 14px\" align=\"center\"><strong>TOTAL<\/strong><\/p>\n<\/td>\n<\/tr>\n<tr>\n<td nowrap=\"nowrap\" width=\"80\"><\/td>\n<td nowrap=\"nowrap\" width=\"80\"><\/td>\n<td nowrap=\"nowrap\" width=\"80\"><\/td>\n<td nowrap=\"nowrap\" width=\"80\">\n<p style=\"font-size: 14px\" align=\"center\">442.385,00<\/p>\n<\/td>\n<td nowrap=\"nowrap\" width=\"80\">\n<p style=\"font-size: 14px\" align=\"center\">154.500,00<\/p>\n<\/td>\n<td nowrap=\"nowrap\" width=\"80\">\n<p style=\"font-size: 14px\" align=\"center\">154.500,00<\/p>\n<\/td>\n<td nowrap=\"nowrap\" width=\"80\">\n<p style=\"font-size: 14px\" align=\"center\">154.500,00<\/p>\n<\/td>\n<td nowrap=\"nowrap\" width=\"80\">\n<p style=\"font-size: 14px\" align=\"center\">154.500,00<\/p>\n<\/td>\n<td nowrap=\"nowrap\" width=\"80\">\n<p style=\"font-size: 14px\" align=\"center\">185.400,00<\/p>\n<\/td>\n<td nowrap=\"nowrap\" width=\"80\"><\/td>\n<td nowrap=\"nowrap\" width=\"80\">\n<p style=\"font-size: 14px\" align=\"center\"><strong>1.245.785,00<\/strong><\/p>\n<\/td>\n<\/tr>\n<tr>\n<td style=\"font-size: 1px\" colspan=\"11\"><\/td>\n<\/tr>\n<\/tbody>\n<\/table>\n<h4 style=\"font-size: 20px\"><strong>Indicador\/s de productivitat<\/strong><\/h4>\n<table border=\"0\" cellspacing=\"0\" cellpadding=\"0\">\n<tbody>\n<tr>\n<td style=\"font-size: 1px\" colspan=\"11\"><\/td>\n<\/tr>\n<tr>\n<td colspan=\"5\" nowrap=\"nowrap\">\n<p style=\"font-size: 14px\" align=\"center\"><strong>Indicador<\/strong><\/p>\n<\/td>\n<td colspan=\"2\" nowrap=\"nowrap\">\n<p style=\"font-size: 14px\" align=\"center\"><strong>Valor actual<\/strong><\/p>\n<\/td>\n<td colspan=\"2\" nowrap=\"nowrap\">\n<p style=\"font-size: 14px\" align=\"center\"><strong>Fita a 2019<\/strong><\/p>\n<\/td>\n<td colspan=\"2\" nowrap=\"nowrap\" width=\"96\">\n<p style=\"font-size: 14px\" align=\"center\"><strong>Objectiu 2023<\/strong><\/p>\n<\/td>\n<\/tr>\n<tr>\n<td colspan=\"5\">\n<p style=\"font-size: 14px\">E024. Persones usu\u00e0ries que tenen acc\u00e9s o estan cobertes per aplicacions\/serveis d\u2019Administraci\u00f3 electr\u00f2nica (Nombre)<\/p>\n<\/td>\n<td colspan=\"2\">\n<p style=\"font-size: 14px\" align=\"center\">0<\/p>\n<\/td>\n<td colspan=\"2\">\n<p style=\"font-size: 14px\" align=\"center\">80.000<\/p>\n<\/td>\n<td colspan=\"2\">\n<p style=\"font-size: 14px\" align=\"center\">200.000<\/p>\n<\/td>\n<\/tr>\n<tr>\n<td colspan=\"5\">\n<p style=\"font-size: 14px\">E024a. Nombre de procediments teletramitables que es creen o milloren amb l\u2019operaci\u00f3 (Nombre)<\/p>\n<\/td>\n<td colspan=\"2\">\n<p style=\"font-size: 14px\" align=\"center\">0<\/p>\n<\/td>\n<td colspan=\"2\">\n<p style=\"font-size: 14px\" align=\"center\">600<\/p>\n<\/td>\n<td colspan=\"2\">\n<p style=\"font-size: 14px\" align=\"center\">800<\/p>\n<\/td>\n<\/tr>\n<tr>\n<td colspan=\"5\">\n<p style=\"font-size: 14px\">E052. Nombre d\u2019usuaris de l\u2019aplicaci\u00f3\/servei p\u00fablic digital, d\u2019alfabetitzaci\u00f3 digital, d\u2019e-aprenentatge o d\u2019i-inclusi\u00f3 (Usuaris)<\/p>\n<\/td>\n<td colspan=\"2\">\n<p style=\"font-size: 14px\" align=\"center\">0<\/p>\n<\/td>\n<td colspan=\"2\">\n<p style=\"font-size: 14px\" align=\"center\">1.000<\/p>\n<\/td>\n<td colspan=\"2\">\n<p style=\"font-size: 14px\" align=\"center\">20.000<\/p>\n<\/td>\n<\/tr>\n<tr>\n<td colspan=\"5\">\n<p style=\"font-size: 14px\">E062. Persones benefici\u00e0ries per actuacions de formaci\u00f3 d\u2019alfabetitzaci\u00f3 digital i e-aprenentatge (Nombre)<\/p>\n<\/td>\n<td colspan=\"2\">\n<p style=\"font-size: 14px\" align=\"center\">0<\/p>\n<\/td>\n<td colspan=\"2\">\n<p style=\"font-size: 14px\" align=\"center\">5.000<\/p>\n<\/td>\n<td colspan=\"2\">\n<p style=\"font-size: 14px\" align=\"center\">10.000<\/p>\n<\/td>\n<\/tr>\n<tr>\n<td style=\"font-size: 1px\" colspan=\"11\"><\/td>\n<\/tr>\n<\/tbody>\n<\/table>\n<p><\/div>[vc_empty_space][\/vc_column][\/vc_row]<\/p>\n<\/div>","protected":false},"excerpt":{"rendered":"<p>[vc_row][vc_column][vc_column_text] Objectiu Espec\u00edfic POCS OE 2.3.3. Promoure les TIC en Estrat\u00e8gies de desenvolupament urb\u00e0 integrat a trav\u00e9s d&#8217;actuacions en Administraci\u00f3 Electr\u00f2nica Local i Smart Cities (ciutat intel\u00b7ligent) Problema\/es urb\u00e0\/ans a [&hellip;]<\/p>\n","protected":false},"author":131,"featured_media":0,"parent":10263,"menu_order":0,"comment_status":"closed","ping_status":"closed","template":"","meta":{"footnotes":""},"class_list":["post-34343","page","type-page","status-publish","hentry"],"_links":{"self":[{"href":"https:\/\/www.elche.es\/va\/wp-json\/wp\/v2\/pages\/34343","targetHints":{"allow":["GET"]}}],"collection":[{"href":"https:\/\/www.elche.es\/va\/wp-json\/wp\/v2\/pages"}],"about":[{"href":"https:\/\/www.elche.es\/va\/wp-json\/wp\/v2\/types\/page"}],"author":[{"embeddable":true,"href":"https:\/\/www.elche.es\/va\/wp-json\/wp\/v2\/users\/131"}],"replies":[{"embeddable":true,"href":"https:\/\/www.elche.es\/va\/wp-json\/wp\/v2\/comments?post=34343"}],"version-history":[{"count":0,"href":"https:\/\/www.elche.es\/va\/wp-json\/wp\/v2\/pages\/34343\/revisions"}],"up":[{"embeddable":true,"href":"https:\/\/www.elche.es\/va\/wp-json\/wp\/v2\/pages\/10263"}],"wp:attachment":[{"href":"https:\/\/www.elche.es\/va\/wp-json\/wp\/v2\/media?parent=34343"}],"curies":[{"name":"wp","href":"https:\/\/api.w.org\/{rel}","templated":true}]}}