{"id":34590,"date":"2017-09-27T14:55:54","date_gmt":"2017-09-27T13:55:54","guid":{"rendered":"http:\/\/www.elche.es\/va\/edusi\/la07\/"},"modified":"2019-05-03T13:03:43","modified_gmt":"2019-05-03T12:03:43","slug":"la07","status":"publish","type":"page","link":"https:\/\/www.elche.es\/va\/edusi\/la07\/","title":{"rendered":"LA07"},"content":{"rendered":"<div class=\"wpb-content-wrapper\"><p>[vc_row][vc_column]<h5 class=\"sc_title sc_title_regular margin_top_tiny margin_bottom_tiny\"><\/p>\n<h3 style=\"font-size: 30px\"><strong>LA.07. Regeneraci\u00f3 f\u00edsica i social d&#8217;habitatges i equipaments p\u00fablics en barris vulnerables<\/strong><\/h3>\n<p><\/h5>[vc_column_text]<\/p>\n<h4 style=\"font-size: 20px\"><strong>Objectiu Espec\u00edfic POCS<\/strong><\/h4>\n<p>OE 9.8.2. Regeneraci\u00f3 f\u00edsica, econ\u00f2mica i social de l&#8217;entorn urb\u00e0 en \u00e0rees urbanes desfavorides a trav\u00e9s d&#8217;estrat\u00e8gies urbanes integrades.<\/p>\n<hr style=\"color: #00a997\" size=\"1\" \/>\n<h4 style=\"font-size: 20px\"><strong>Problema\/es urb\u00e0\/ns a abordar<\/strong><\/h4>\n<p>P6. Infrahabitatge i degradaci\u00f3 edificat\u00f2ria.<\/p>\n<hr style=\"color: #00a997\" size=\"1\" \/>\n<h4 style=\"font-size: 20px\"><strong>Repte\/s urb\u00e0\/ns relacionats<\/strong><\/h4>\n<ol>\n<li>RD. Reptes demogr\u00e0fics.<\/li>\n<li>RS. Reptes socials.<\/li>\n<\/ol>\n<hr style=\"color: #00a997\" size=\"1\" \/>\n<h4 style=\"font-size: 20px\"><strong>Descripci\u00f3<\/strong><\/h4>\n<p>Un gran percentatge dels edificis dels barris vulnerables il\u00b7licitans es troben en condicions molt prec\u00e0ries, amb infrahabitatges i sense els equipaments m\u00e9s b\u00e0sics i elementals. Aquesta l\u00ednia d&#8217;actuaci\u00f3 pret\u00e9n, d&#8217;una banda, dotar d&#8217;ajudes financeres a persones amb molt baixos recursos per a la rehabilitaci\u00f3 edificat\u00f2ria o el manteniment de la seguretat i salubritat dels seus habitatges. D&#8217;altra banda, es proposa realitzar un edifici intergeneracional per a la conviv\u00e8ncia de persones majors (en situaci\u00f3 de depend\u00e8ncia i\/o soledat) amb joves. En tercer lloc, es preveu un programa per a la inserci\u00f3 laboral de persones en risc d&#8217;exclusi\u00f3. Finalment, la creaci\u00f3 d&#8217;equipaments diversos (biblioteca, centre de dia, formaci\u00f3 professional, etc.) en aquestes zones pret\u00e9n superar els problemes de conviv\u00e8ncia ve\u00efnal, marginalitat i segregaci\u00f3 social d&#8217;aquests barris, equilibrant les oportunitats de desenvolupament i de qualitat de vida entre els diferents districtes de la ciutat.<\/p>\n<hr style=\"color: #00a997\" size=\"1\" \/>\n<h4 style=\"font-size: 20px\"><strong>Tipologia d&#8217;operacions (relaci\u00f3 no exhaustiva)<\/strong><\/h4>\n<p>&#8211; Pla Municipal d&#8217;ajudes per a la rehabilitaci\u00f3 edificat\u00f2ria en barris i col\u00b7lectius amb vulnerabilitat socioecon\u00f2mica. Ajudes per al manteniment de condicions de seguretat, salubritat i adorn p\u00fablic d&#8217;edificis i demolicions.<\/p>\n<p>&#8211; Creaci\u00f3 d&#8217;un edifici intergeneracional destinat a solucions habitacionals, en r\u00e8gim d&#8217;arrendament, sobre una parcel\u00b7la p\u00fablica municipal en un barri d&#8217;alta vulnerabilitat.<\/p>\n<p>&#8211; Creaci\u00f3 d&#8217;un centre social i cultural orientat a grups desfavorits, majors, minories \u00e8tniques, dones, etc., tenint en compte la perspectiva de g\u00e8nere, sobre un local situat en un barri d&#8217;alta vulnerabilitat.<\/p>\n<p>&#8211; Creaci\u00f3 d&#8217;una oficina d&#8217;informaci\u00f3 i orientaci\u00f3 a persones amb discapacitat.<\/p>\n<p>&#8211; Programa per a la creaci\u00f3 d&#8217;ocupaci\u00f3 i inserci\u00f3 laboral de persones en situaci\u00f3 de risc de pobresa i\/o exclusi\u00f3 social.<\/p>\n<p>&#8211; Creaci\u00f3 d&#8217;un centre de dia per a majors i persones dependents, que facilite la conciliaci\u00f3 de la vida laboral, familiar i personal de dones i homes.<\/p>\n<p>&#8211; Creaci\u00f3 d&#8217;una biblioteca i un centre d&#8217;inserci\u00f3 laboral per a persones amb problemes d&#8217;addiccions i altres col\u00b7lectius vulnerables.<\/p>\n<p>&#8211; Creaci\u00f3 d&#8217;un centre de formaci\u00f3 professional, viver d&#8217;empreses i d&#8217;orientaci\u00f3 a emprenedors\/es, que tinga en compte la capacitat emprenedora de les dones.<\/p>\n<hr style=\"color: #00a997\" size=\"1\" \/>\n<h4 style=\"font-size: 20px\"><strong>Objectiu\/s Estrat\u00e8gic\/s<\/strong><\/h4>\n<p>OE3. Desenvolupar el model d&#8217;Elx Ciutat Solid\u00e0ria. A m\u00e9s, transversalment s&#8217;abordar\u00e0 l&#8217;OE4. Repensar la ciutat des de la igualtat de g\u00e8nere.<\/p>\n<hr style=\"color: #00a997\" size=\"1\" \/>\n<h4 style=\"font-size: 20px\"><strong>Objectiu\/s Operatiu\/s<\/strong><\/h4>\n<p>OE3.OO2. Donar suport als col\u00b7lectius desfavorits per al gaudi d&#8217;un habitatge digne i adequat.<\/p>\n<hr style=\"color: #00a997\" size=\"1\" \/>\n<h4 style=\"font-size: 20px\"><strong>Resultats esperats<\/strong><\/h4>\n<p>Millora de les condicions del parc edificatori dels barris vulnerables il\u00b7licitans. Promoure la interrelaci\u00f3 de majors i de joves. Afavorir la integraci\u00f3 social d&#8217;aquests barris, mitjan\u00e7ant accions de capacitaci\u00f3 professional, inserci\u00f3 laboral o conviv\u00e8ncia ve\u00efnal. Dotar de noves infraestructures i equipaments els referits barris per a oferir nous serveis p\u00fablics, singularment, als sectors poblacionals m\u00e9s vulnerables, tenint en compte la perspectiva de g\u00e8nere.<\/p>\n<hr style=\"color: #00a997\" size=\"1\" \/>\n<h4 style=\"font-size: 20px\"><strong>Destinataris finals<\/strong><\/h4>\n<p>Els ve\u00efns i ve\u00efnes residents en els barris vulnerables il\u00b7licitans definits en l&#8217;\u00e0mbit d&#8217;actuaci\u00f3 de l&#8217;EDUSI, en primer lloc. Addicionalment, ciutadans i ciutadanes de col\u00b7lectius desfavorits residents en altres barris.<\/p>\n<hr style=\"color: #00a997\" size=\"1\" \/>\n<h4 style=\"font-size: 20px\"><strong>Adequaci\u00f3 als\u00a0 resultats obtinguts en el DAFO<\/strong><\/h4>\n<p>Es corregeixen les febleses: D1, D2, D3, D4, D5, D6, D7, D8, D10, D12, D13, D14, D15, D16, D30, D1, D32, D33, D34.<\/p>\n<p>Es neutralitzen les amenaces: A1, A2, A3, A4, A5, A6, A7, A8, A9, A12, A13.<\/p>\n<p>S&#8217;utilitzen les fortaleses: F1, F2, F3, F4, F6, F7, F12, F13, F17.<\/p>\n<p>S&#8217;aprofiten les oportunitats: O1, O2, O3, O5, O6, O7, O9.<\/p>\n<hr style=\"color: #00a997\" size=\"1\" \/>\n<h4 style=\"font-size: 20px\"><strong>Valoraci\u00f3 ciutadana<\/strong><\/h4>\n<p>L&#8217;Objectiu Operatiu OE3.002 ha sigut qualificat en els mecanismes de participaci\u00f3 ciutadana amb un &#8220;grau d&#8217;import\u00e0ncia&#8221; alt o molt alt pel 57% dels membres participants de les Entitats i Associacions Ve\u00efnals, i per un 72% dels del Consell Social de la Ciutat. L&#8217;Objectiu estrat\u00e8gic OE4 t\u00e9 un &#8220;grau d&#8217;import\u00e0ncia&#8221; alt o molt alt per al 75% dels membres participants de les Entitats i Associacions Ve\u00efnals, i per a un 45% dels del Consell Social. El problema urb\u00e0 P6 t\u00e9 un &#8220;grau d&#8217;incid\u00e8ncia&#8221; alt o molt alt per a un 43% dels membres participants de les Entitats i Associacions Ve\u00efnals i per a un 45% dels del Consell Social. Podem afirmar per tant que, per al conjunt de la ciutadania, aquesta l\u00ednia d&#8217;actuaci\u00f3 t\u00e9 una import\u00e0ncia mitjana per a escometre un problema urb\u00e0 local amb una incid\u00e8ncia mitjana. Per part seua, en els tallers realitzats, q\u00fcestions com la rehabilitaci\u00f3 i reconstrucci\u00f3 d&#8217;habitatges p\u00fablics, l&#8217;eliminaci\u00f3 d&#8217;infrahabitatges, la posada en marxa d&#8217;un programa d&#8217;ajudes espec\u00edfic per a la problem\u00e0tica residencial existent en els barris vulnerables o la creaci\u00f3 de dotacions p\u00fabliques per a realitzar accions de tipus social cap a col\u00b7lectius desfavorits s\u00f3n demandes priorit\u00e0ries per al conjunt de la ciutadania.<\/p>\n<hr style=\"color: #00a997\" size=\"1\" \/>\n<h4 style=\"font-size: 20px\"><strong>Criteris de selecci\u00f3 de les operacions<\/strong><\/h4>\n<h5 style=\"font-size: 17px\"><strong><u>Criteris d&#8217;admissibilitat<\/u><\/strong><\/h5>\n<p><strong>Criteris generals:<\/strong>\u00a0Hauran de respectar-se els principis generals definits en els articles 7 i 8 del Reglament (UE) n\u00fam. 1303\/2013 (no discriminaci\u00f3, igualtat de g\u00e8nere i desenvolupament sostenible) i complir la legislaci\u00f3 europea i nacional. L&#8217;admissibilitat de les operacions haur\u00e0 d&#8217;estar regida pels principis d&#8217;igualtat entre beneficiaris\/\u00e0ries, efici\u00e8ncia, efic\u00e0cia i sostenibilitat de les operacions, transpar\u00e8ncia dels criteris de selecci\u00f3, capacitat dels\/les beneficiaris\/\u00e0ries per a implementar i estrat\u00e8gia per alineament amb altres operacions i instruments. A m\u00e9s, les operacions hauran de contribuir a l&#8217;estrat\u00e8gia, contribuir al programa operatiu, abordar els problemes d&#8217;una forma integrada i mostrar vincles clars amb altres intervencions o projectes coexistents. Els\/les seus\/es gestors\/es hauran de demostrar experi\u00e8ncia i capacitat. En el seu disseny haur\u00e0 d&#8217;haver-se involucrat a la poblaci\u00f3 i els agents locals.<\/p>\n<p><strong>Criteris espec\u00edfics:<\/strong> Normativa urban\u00edstica i edificat\u00f2ria i en mat\u00e8ria de foment de l&#8217;ocupaci\u00f3 i formaci\u00f3 professional, nacional, auton\u00f2mica i local d&#8217;aplicaci\u00f3.<\/p>\n<h5 style=\"font-size: 17px\"><strong><u>Criteris de prioritzaci\u00f3<\/u><\/strong><\/h5>\n<p>Es potenciaran operacions que tinguen una major incid\u00e8ncia per a la consecuci\u00f3 dels objectius de resultat i productivitat, que afavorisquen a un major nombre de persones, que aconseguisquen els col\u00b7lectius menys afavorits i m\u00e9s vulnerables, que siguen sostenibles en el temps, simples en la gesti\u00f3, integradors amb altres actuacions i objectius tem\u00e0tics, amb menors riscos d&#8217;implementaci\u00f3, que tinguen en compte les diferents necessitats de dones i d&#8217;homes, una major demanda i participaci\u00f3 de la ciutadania durant la seua implementaci\u00f3 i que contribu\u00efsquen en major mesura al POCS.<\/p>\n<h5 style=\"font-size: 17px\"><strong><u>Procediments de selecci\u00f3<\/u><\/strong><\/h5>\n<p>1) Comit\u00e9 d&#8217;experts\/es en la mat\u00e8ria i especialistes des de la perspectiva de g\u00e8nere.<\/p>\n<p>2) Tallers transversals amb la participaci\u00f3 dels agents locals interessats.<\/p>\n<p>3) Pressupostos participatius.<\/p>\n<p>4) Licitacions obertes mitjan\u00e7ant convocat\u00f2ries p\u00fabliques per a la contractaci\u00f3 de serveis i subministraments (subjectes als procediments de la Llei de Contractes del Sector P\u00fablic i directives europees d&#8217;aplicaci\u00f3).<\/p>\n<h5 style=\"font-size: 17px\">\u00c0rees de l&#8217;Ajuntament i agents involucrats<\/h5>\n<p>Els agents participants en el seguiment de l&#8217;execuci\u00f3 d&#8217;aquesta l\u00ednia d&#8217;actuaci\u00f3 s\u00f3n: urbanisme i territori. \u00c0rea d&#8217;ordenaci\u00f3 urbana i infraestructures. Benestar social. Amb la participaci\u00f3 del Consell Social de la Ciutat, el Comit\u00e9 de Direcci\u00f3 del Pla Estrat\u00e8gic Elx 2030 i els restants consells municipals. Comptaran amb el suport de les \u00e0rees transversals enumerades en l&#8217;apartat 7.4.<\/p>\n<hr size=\"1\" \/>\n<p>[\/vc_column_text]<div class=\"sc_table\" style=\"width:100%;\"><\/p>\n<h4 style=\"font-size: 20px\"><strong>Pressupost i fonts de finan\u00e7ament<\/strong><\/h4>\n<table border=\"0\" cellspacing=\"0\" cellpadding=\"0\">\n<tbody>\n<tr>\n<td style=\"font-size: 1px\" colspan=\"11\"><\/td>\n<\/tr>\n<tr>\n<td colspan=\"6\" width=\"480\">\n<p style=\"font-size: 14px\" align=\"center\"><strong>Pressupost<\/strong><\/p>\n<\/td>\n<td colspan=\"4\" width=\"320\">\n<p style=\"font-size: 14px\" align=\"center\"><strong>Fonts de finan\u00e7ament<\/strong><\/p>\n<\/td>\n<td rowspan=\"3\" width=\"80\">\n<p style=\"font-size: 14px\" align=\"center\"><strong>% del Pressupost de L.A. s\/EDUSI total<\/strong><\/p>\n<\/td>\n<\/tr>\n<tr>\n<td colspan=\"2\" rowspan=\"2\">\n<p style=\"font-size: 14px\" align=\"center\"><strong>Operacions<\/strong><\/p>\n<\/td>\n<td colspan=\"2\" rowspan=\"2\">\n<p style=\"font-size: 14px\" align=\"center\"><strong>Imputaci\u00f3 Gtos. Gesti\u00f3 (3%)<\/strong><\/p>\n<\/td>\n<td colspan=\"2\" rowspan=\"2\">\n<p style=\"font-size: 14px\" align=\"center\"><strong>GASTO TOTAL<\/strong><\/p>\n<\/td>\n<td colspan=\"2\">\n<p style=\"font-size: 14px\" align=\"center\"><strong>Ajuntament d\u2019Elx<\/strong><\/p>\n<\/td>\n<td colspan=\"2\">\n<p style=\"font-size: 14px\" align=\"center\"><strong>FEDER<\/strong><\/p>\n<\/td>\n<\/tr>\n<tr>\n<td colspan=\"2\" valign=\"top\">\n<p style=\"font-size: 14px\" align=\"center\"><strong>(50%)<\/strong><\/p>\n<\/td>\n<td colspan=\"2\" valign=\"top\">\n<p style=\"font-size: 14px\" align=\"center\"><strong>(50%)<\/strong><\/p>\n<\/td>\n<\/tr>\n<tr>\n<td colspan=\"2\" nowrap=\"nowrap\">\n<p style=\"font-size: 14px\" align=\"center\">7.200.000,00<\/p>\n<\/td>\n<td colspan=\"2\" nowrap=\"nowrap\">\n<p style=\"font-size: 14px\" align=\"center\">216.000,00<\/p>\n<\/td>\n<td colspan=\"2\" nowrap=\"nowrap\">\n<p style=\"font-size: 14px\" align=\"center\"><strong>7.416.000,00<\/strong><\/p>\n<\/td>\n<td colspan=\"2\" nowrap=\"nowrap\">\n<p style=\"font-size: 14px\" align=\"center\">3.708.000,00<\/p>\n<\/td>\n<td colspan=\"2\" nowrap=\"nowrap\">\n<p style=\"font-size: 14px\" align=\"center\">3.708.000,00<\/p>\n<\/td>\n<td nowrap=\"nowrap\" width=\"80\">\n<p style=\"font-size: 14px\" align=\"center\">24,72%<\/p>\n<\/td>\n<\/tr>\n<tr>\n<td style=\"font-size: 1px\" colspan=\"11\"><\/td>\n<\/tr>\n<\/tbody>\n<\/table>\n<h4 style=\"font-size: 20px\"><strong>Planificaci\u00f3 temporal (senda financera)<\/strong><\/h4>\n<table border=\"0\" cellspacing=\"0\" cellpadding=\"0\">\n<tbody>\n<tr>\n<td style=\"font-size: 1px\" colspan=\"11\"><\/td>\n<\/tr>\n<tr>\n<td width=\"80\">\n<p style=\"font-size: 14px\" align=\"center\"><strong>2014<\/strong><\/p>\n<\/td>\n<td width=\"80\">\n<p style=\"font-size: 14px\" align=\"center\"><strong>2015<\/strong><\/p>\n<\/td>\n<td width=\"80\">\n<p style=\"font-size: 14px\" align=\"center\"><strong>2016<\/strong><\/p>\n<\/td>\n<td width=\"80\">\n<p style=\"font-size: 14px\" align=\"center\"><strong>2017<\/strong><\/p>\n<\/td>\n<td width=\"80\">\n<p style=\"font-size: 14px\" align=\"center\"><strong>2018<\/strong><\/p>\n<\/td>\n<td width=\"80\">\n<p style=\"font-size: 14px\" align=\"center\"><strong>2019<\/strong><\/p>\n<\/td>\n<td width=\"80\">\n<p style=\"font-size: 14px\" align=\"center\"><strong>2020<\/strong><\/p>\n<\/td>\n<td width=\"80\">\n<p style=\"font-size: 14px\" align=\"center\"><strong>2021<\/strong><\/p>\n<\/td>\n<td width=\"80\">\n<p style=\"font-size: 14px\" align=\"center\"><strong>2022<\/strong><\/p>\n<\/td>\n<td width=\"80\">\n<p style=\"font-size: 14px\" align=\"center\"><strong>2023<\/strong><\/p>\n<\/td>\n<td width=\"80\">\n<p style=\"font-size: 14px\" align=\"center\"><strong>TOTAL<\/strong><\/p>\n<\/td>\n<\/tr>\n<tr>\n<td nowrap=\"nowrap\" width=\"80\"><\/td>\n<td nowrap=\"nowrap\" width=\"80\"><\/td>\n<td nowrap=\"nowrap\" width=\"80\"><\/td>\n<td nowrap=\"nowrap\" width=\"80\">\n<p style=\"font-size: 14px\" align=\"center\">618.000,00<\/p>\n<\/td>\n<td nowrap=\"nowrap\" width=\"80\">\n<p style=\"font-size: 14px\" align=\"center\">618.000,00<\/p>\n<\/td>\n<td nowrap=\"nowrap\" width=\"80\">\n<p style=\"font-size: 14px\" align=\"center\">2.163.000,00<\/p>\n<\/td>\n<td nowrap=\"nowrap\" width=\"80\">\n<p style=\"font-size: 14px\" align=\"center\">2.163.000,00<\/p>\n<\/td>\n<td nowrap=\"nowrap\" width=\"80\">\n<p style=\"font-size: 14px\" align=\"center\">618.000,00<\/p>\n<\/td>\n<td nowrap=\"nowrap\" width=\"80\">\n<p style=\"font-size: 14px\" align=\"center\">618.000,00<\/p>\n<\/td>\n<td nowrap=\"nowrap\" width=\"80\">\n<p style=\"font-size: 14px\" align=\"center\">618.000,00<\/p>\n<\/td>\n<td nowrap=\"nowrap\" width=\"80\">\n<p style=\"font-size: 14px\" align=\"center\"><strong>7.416.000,00<\/strong><\/p>\n<\/td>\n<\/tr>\n<tr>\n<td style=\"font-size: 1px\" colspan=\"11\"><\/td>\n<\/tr>\n<\/tbody>\n<\/table>\n<h4 style=\"font-size: 20px\"><strong>Indicador\/s de productivitat<\/strong><\/h4>\n<table border=\"0\" cellspacing=\"0\" cellpadding=\"0\">\n<tbody>\n<tr>\n<td style=\"font-size: 1px\" colspan=\"11\"><\/td>\n<\/tr>\n<tr>\n<td colspan=\"5\" nowrap=\"nowrap\">\n<p style=\"font-size: 14px\" align=\"center\"><strong>Indicador<\/strong><\/p>\n<\/td>\n<td colspan=\"2\" nowrap=\"nowrap\">\n<p style=\"font-size: 14px\" align=\"center\"><strong>Valor actual<\/strong><\/p>\n<\/td>\n<td colspan=\"2\" nowrap=\"nowrap\">\n<p style=\"font-size: 14px\" align=\"center\"><strong>Fita a 2019<\/strong><\/p>\n<\/td>\n<td colspan=\"2\" nowrap=\"nowrap\" width=\"96\">\n<p style=\"font-size: 14px\" align=\"center\"><strong>Objectiu 2023<\/strong><\/p>\n<\/td>\n<\/tr>\n<tr>\n<td colspan=\"5\">\n<p style=\"font-size: 14px\">E059. Persones beneficiades per operacions de regeneraci\u00f3 f\u00edsica, econ\u00f2mica i social de l\u2019entorn urb\u00e0, incloses en projectes pertanyents a estrat\u00e8gies urbanes integrades. (Nombre).<\/p>\n<\/td>\n<td colspan=\"2\">\n<p style=\"font-size: 14px\" align=\"center\">0<\/p>\n<\/td>\n<td colspan=\"2\">\n<p style=\"font-size: 14px\" align=\"center\">25.000<\/p>\n<\/td>\n<td colspan=\"2\">\n<p style=\"font-size: 14px\" align=\"center\">75.000<\/p>\n<\/td>\n<\/tr>\n<tr>\n<td colspan=\"5\">\n<p style=\"font-size: 14px\">C040. Habitatges rehabilitats en zones urbanes. (Habitatges).<\/p>\n<\/td>\n<td colspan=\"2\">\n<p style=\"font-size: 14px\" align=\"center\">150<\/p>\n<\/td>\n<td colspan=\"2\">\n<p style=\"font-size: 14px\" align=\"center\">650<\/p>\n<\/td>\n<td colspan=\"2\">\n<p style=\"font-size: 14px\" align=\"center\">2.000<\/p>\n<\/td>\n<\/tr>\n<tr>\n<td style=\"font-size: 1px\" colspan=\"11\"><\/td>\n<\/tr>\n<\/tbody>\n<\/table>\n<p><\/div>[vc_empty_space][\/vc_column][\/vc_row]<\/p>\n<\/div>","protected":false},"excerpt":{"rendered":"<p>[vc_row][vc_column][vc_column_text] Objectiu Espec\u00edfic POCS OE 9.8.2. Regeneraci\u00f3 f\u00edsica, econ\u00f2mica i social de l&#8217;entorn urb\u00e0 en \u00e0rees urbanes desfavorides a trav\u00e9s d&#8217;estrat\u00e8gies urbanes integrades. Problema\/es urb\u00e0\/ns a abordar P6. Infrahabitatge i [&hellip;]<\/p>\n","protected":false},"author":131,"featured_media":0,"parent":10263,"menu_order":0,"comment_status":"closed","ping_status":"closed","template":"","meta":{"footnotes":""},"class_list":["post-34590","page","type-page","status-publish","hentry"],"_links":{"self":[{"href":"https:\/\/www.elche.es\/va\/wp-json\/wp\/v2\/pages\/34590","targetHints":{"allow":["GET"]}}],"collection":[{"href":"https:\/\/www.elche.es\/va\/wp-json\/wp\/v2\/pages"}],"about":[{"href":"https:\/\/www.elche.es\/va\/wp-json\/wp\/v2\/types\/page"}],"author":[{"embeddable":true,"href":"https:\/\/www.elche.es\/va\/wp-json\/wp\/v2\/users\/131"}],"replies":[{"embeddable":true,"href":"https:\/\/www.elche.es\/va\/wp-json\/wp\/v2\/comments?post=34590"}],"version-history":[{"count":0,"href":"https:\/\/www.elche.es\/va\/wp-json\/wp\/v2\/pages\/34590\/revisions"}],"up":[{"embeddable":true,"href":"https:\/\/www.elche.es\/va\/wp-json\/wp\/v2\/pages\/10263"}],"wp:attachment":[{"href":"https:\/\/www.elche.es\/va\/wp-json\/wp\/v2\/media?parent=34590"}],"curies":[{"name":"wp","href":"https:\/\/api.w.org\/{rel}","templated":true}]}}