{"id":349787,"date":"2026-01-09T13:25:35","date_gmt":"2026-01-09T11:25:35","guid":{"rendered":"https:\/\/www.elche.es\/mobilitat\/us-de-patinets-a-elx\/"},"modified":"2026-01-12T11:34:52","modified_gmt":"2026-01-12T09:34:52","slug":"us-de-patinets-a-elx","status":"publish","type":"page","link":"https:\/\/www.elche.es\/va\/mobilitat\/us-de-patinets-a-elx\/","title":{"rendered":"\u00das de patinets a Elx"},"content":{"rendered":"<div class=\"wpb-content-wrapper\"><p>[vc_row full_width=&#8221;stretch_row_content_no_spaces&#8221; css=&#8221;.vc_custom_1663588492163{background-position: center !important;background-repeat: no-repeat !important;background-size: cover !important;}&#8221; el_class=&#8221;cuadrocabecerafoto&#8221;][vc_column][vc_single_image image=&#8221;349860&#8243; img_size=&#8221;full&#8221; alignment=&#8221;center&#8221; css=&#8221;&#8221; el_class=&#8221;cabecerasolofoto&#8221;][\/vc_column][\/vc_row][vc_row full_width=&#8221;stretch_row&#8221; css=&#8221;.vc_custom_1475488224066{background-color: #dddde0 !important;}&#8221;][vc_column][vc_column_text]<nav aria-label=\"breadcrumbs\">\n            <div class=\"breadcrumb-container theme1\">\n                <ol>\n                                    <\/ol>\n            <\/div>\n        <\/nav>    <script type=\"application\/ld+json\">\n        {\n            \"@context\": \"http:\/\/schema.org\",\n            \"@type\": \"BreadcrumbList\",\n            \"itemListElement\": [\n                            ]\n        }\n    <\/script>\n    <style type=\"text\/css\">\n        .breadcrumb-container {\n            font-size: 13px;\n        }\n\n        .breadcrumb-container ul {\n            margin: 0;\n            padding: 0;\n        }\n\n        .breadcrumb-container li {\n            box-sizing: unset;\n            display: inline-block;\n            margin: 0;\n            padding: 0;\n        }\n\n        .breadcrumb-container li a {\n            box-sizing: unset;\n            padding: 0 10px;\n        }\n\n        .breadcrumb-container {\n            font-size: 3 !important;\n                    }\n\n        .breadcrumb-container li a {\n            color: #0a0a0a !important;\n            font-size: 3 !important;\n            line-height: 3 !important;\n                    }\n\n        .breadcrumb-container li .separator {\n            font-size: 3 !important;\n                    }\n\n        .breadcrumb-container li:last-child .separator {\n            display: none;\n        }\n    <\/style>\n    <style type=\"text\/css\">\n        .breadcrumb-container.theme1 li {\n            margin: 0;\n            padding: 0;\n        }\n        .breadcrumb-container.theme1 a {\n            background: ;\n            display: inline-block;\n            margin: 0 5px;\n            padding: 5px 10px;\n            text-decoration: none;\n        }\n    <\/style>\n        <style type=\"text\/css\">\n            <\/style>\n    <script>\n            <\/script>\n[\/vc_column_text][\/vc_column][\/vc_row][vc_row css=&#8221;.vc_custom_1475488264405{padding-bottom: 40px !important;}&#8221; el_id=&#8221;bloque_basica&#8221;][vc_column]<h3 class=\"sc_title sc_title_regular margin_top_tiny margin_bottom_null\" style=\"````\">Nova ordenan\u00e7a de circulaci\u00f3<\/h3><h5 class=\"sc_title sc_title_regular subtitulosapartados margin_top_null\" style=\"````\">Vehicles de Mobilitat Personal (VMP)<\/p>\n<p>ORDENAN\u00c7A REGULADORA \u00daS DE VEHICLES PER A LA MOBILITAT INDIVIDUAL<br \/>\nVIGENT DES DE L&#8217;1 GENER2026<\/h5>[vc_column_text css=&#8221;&#8221;]ORDENAN\u00c7A REGULADORA \u00daS DE VEHICLES PER A LA MOBILITAT INDIVIDUAL<br \/>\nVIGENT DES DE L&#8217;1 GENER 2026<\/p>\n<div class=\"wpb_text_column wpb_content_element\">\n<div class=\"wpb_wrapper\">\n<p><strong>NORMES GENERALS<\/strong><\/p>\n<ul>\n<li>Edat m\u00ednima per a conduir un VMP: 14 anys.<\/li>\n<li>Circulaci\u00f3 obligat\u00f2ria per via ciclista o, en la seua abs\u00e8ncia, per la cal\u00e7ada, sempre prohibit per vorera bici.<\/li>\n<li>Prohibit circular per voreres i zones per als vianants.<\/li>\n<li>Prohibit usar auriculars o el m\u00f2bil mentres es condu\u00efx.<\/li>\n<li>No es pot circular sota els efectes de l&#8217;alcohol o drogues.<\/li>\n<li>Sempre una persona per vehicle.<\/li>\n<li>Creuar passos de vianants baixant del vehicle.<\/li>\n<\/ul>\n<p><strong>Seguretat i equipament<\/strong><\/p>\n<ul>\n<li>Usuaris de VMP: totes les edats obligatori.<\/li>\n<li>Usuaris bicicleta o patinet convencional: obligatori menors de 16 anys.<\/li>\n<li>Llums i elements reflectors obligatoris de nit o amb baixa visibilitat.<\/li>\n<li>\u00das obligatori de timbre o senyal ac\u00fastic<\/li>\n<li>Asseguran\u00e7a de responsabilitat civil obligatori per a VMP.<\/li>\n<li>Els vehicles han de tindre certificat de circulaci\u00f3 (segons normativa DGT).<\/li>\n<\/ul>\n<p><strong>Estacionament<\/strong><\/p>\n<ul>\n<li>Nom\u00e9s en aparcaments senyalitzats per a bicicletes i VMP.<\/li>\n<li>Prohibit deixar el vehicle obstaculitzant voreres o accessos.<\/li>\n<\/ul>\n<p><strong>Senyalitzacions a tindre en compte<\/strong><\/p>\n<p>&#8211; Cediu el pas:<br \/>\n&#x1f449; Heu de frenar i deixar passar els vehicles o vianants que ja circulen per la via. Nom\u00e9s avanceu quan estiga lliure i siga segur.<\/p>\n<p>&#8211; Prohibit girar a la dreta:<br \/>\n&#x1f449; Indica que no es pot girar en eixe sentit en l&#8217;encreuament o intersecci\u00f3. Has de seguir recte o girar nom\u00e9s en les direccions permeses.<\/p>\n<p>&#8211; Stop:<br \/>\n&#x1f449; \u00c9s obligatori detindre&#8217;s per complet abans de la l\u00ednia o encreuament, encara que no vinga ning\u00fa. Despr\u00e9s, continua nom\u00e9s quan siga segur.<\/p>\n<p>-Obligaci\u00f3<br \/>\n&#x1f449; Indica que s&#8217;ha de seguir la direcci\u00f3 que indica el senyal.<\/p>\n<p>&#8211; Sem\u00e0for per a bicicletes<\/p>\n<\/div>\n<\/div>\n<p>[\/vc_column_text][vc_empty_space height=&#8221;15px&#8221;][\/vc_column][\/vc_row][vc_row][vc_column][vc_btn title=&#8221;DESCARREGAR GUIA R\u00c0PIDA&#8221; color=&#8221;peacoc&#8221; align=&#8221;left&#8221; i_icon_fontawesome=&#8221;far fa-file-alt&#8221; css=&#8221;&#8221; add_icon=&#8221;true&#8221; link=&#8221;url:https%3A%2F%2Fwww.elche.es%2Fwp-content%2Fuploads%2F2026%2F01%2Fguia-rapida-vmp-elche-VAL.pdf&#8221;][vc_column_text css=&#8221;&#8221;]<\/p>\n<p>&nbsp;<\/p>\n<hr \/>\n<p>&nbsp;<\/p>\n<p>[\/vc_column_text][vc_empty_space][\/vc_column][\/vc_row][vc_row css=&#8221;.vc_custom_1765270540646{margin-bottom: 30px !important;}&#8221;][vc_column]<h5 class=\"sc_title sc_title_regular subtitulosapartados margin_top_null margin_bottom_null\" style=\"````\"><strong>INFRACCIONS<\/strong><\/h5>[vc_column_text css=&#8221;.vc_custom_1765286193252{margin-bottom: 15px !important;}&#8221;]<\/p>\n<ol>\n<li>Les accions i omissions que vulneren les normes establides en la present Ordenan\u00e7a seran qualificades com a infraccions lleus, greus i molt greus.<\/li>\n<li>Les responsabilitats administratives que es deriven de la comissi\u00f3 d&#8217;una infracci\u00f3 seran compatibles amb l&#8217;exig\u00e8ncia a l&#8217;infractor de la reposici\u00f3 de la situaci\u00f3 alterada per este al seu estat originari, aix\u00ed com amb la indemnitzaci\u00f3 dels danys i perju\u00eds causats, que ser\u00e0 indemnitzada i exigida per l&#8217;\u00f2rgan al qual corresponga l&#8217;exercici de la potestat sancionadora.<\/li>\n<\/ol>\n<p>[\/vc_column_text][vc_tta_accordion spacing=&#8221;5&#8243; gap=&#8221;5&#8243; active_section=&#8221;999999999&#8243; collapsible_all=&#8221;true&#8221; css=&#8221;.vc_custom_1763990668865{margin-top: 20px !important;}&#8221;][vc_tta_section title=&#8221;INFRACCIONS LLEUS&#8221; tab_id=&#8221;1763622801319-5f75e64d-4711&#8243;][vc_column_text css=&#8221;&#8221;]<strong>Es consideraran infraccions lleus les seg\u00fcents conductes:<\/strong><\/p>\n<ol style=\"list-style-type: lower-alpha;\">\n<li>Creuar un vianant per un carril-bici o pista-bici per un lloc no senyalitzat per a aix\u00f2 i\/o transitar o romandre en estes vies ciclistes.<\/li>\n<li>Transitar o romandre un vianant per una vorera-bici, excepte en els sup\u00f2sits previstos en esta ordenan\u00e7a.<\/li>\n<li>Transitar o romandre un vianant per una via ciclista que no siga una senda pedalable i obstaculitzar la circulaci\u00f3 dels usuaris d&#8217;esta via.<\/li>\n<li>No advertir el conductor la resta d&#8217;usuaris de la via sobre les maniobres que s&#8217;efectuen amb el bra\u00e7.<\/li>\n<li>Incomplir les normes d&#8217;esta ordenan\u00e7a que no es qualifiquen expressament com a infraccions greus o molt greus en els articles seg\u00fcents.<\/li>\n<\/ol>\n<p>[\/vc_column_text][\/vc_tta_section][vc_tta_section title=&#8221;INFRACCIONS GREUS&#8221; tab_id=&#8221;1763984014068-f011da3f-ad57&#8243;][vc_column_text css=&#8221;&#8221;]<strong>Es consideraran infraccions greus les seg\u00fcents conductes:<\/strong><\/p>\n<ol style=\"list-style-type: lower-alpha;\">\n<li>Circular amb la bicicleta recolzada nom\u00e9s en una roda, o subjectant-se a vehicles en marxa.<\/li>\n<li>Conduir bicicletes convencionals, bicicletes el\u00e8ctriques i vehicles de mobilitat personal travessant un pas de vianants sense pas pedalable adossat.<\/li>\n<li>Detindre&#8217;s el conductor d&#8217;un vehicle dels enumerats en l&#8217;article 1 d&#8217;esta Ordenan\u00e7a en una via ciclista i obstaculitzar la circulaci\u00f3 d&#8217;altres usuaris de la via.<\/li>\n<li>Circular una bicicleta per espais reservats als vianants sense adequar la velocitat al pas d&#8217;estos o superant els 10 km\/h i\/o realitzant maniobres que puguen afectar la seguretat dels vianants i\/o sense respectar la dist\u00e0ncia de separaci\u00f3 entre estos i la bicicleta d &#8216;1,5m.<\/li>\n<li>No respectar el conductor d&#8217;un vehicle de motor la prioritat de pas d&#8217;un ciclista de conformitat amb les normes generals de prefer\u00e8ncia de pas.<\/li>\n<li>Circular i\/o detindre&#8217;s en les vies ciclistes, i obstaculitzar la circulaci\u00f3, un vehicle de motor o ciclomotor.<\/li>\n<li>Realitzar un vehicle de motor o un ciclomotor un avan\u00e7ament posant en perill o entorpint la circulaci\u00f3 d&#8217;un ciclista o vehicle de mobilitat personal o conjunt d&#8217;ells.<\/li>\n<li>Circular un vehicle de motor o un ciclomotor darrere d&#8217;un ciclista sense mantindre la dist\u00e0ncia de seguretat reglament\u00e0ria.<\/li>\n<li>Portar obertes les portes un vehicle motoritzat o obrir-les abans de la seua completa immobilitzaci\u00f3 o sense haver-se cerciorat pr\u00e8viament que la seua obertura no implica perill o entorpiment a altres usuaris de la via.<\/li>\n<li>Utilitzaci\u00f3 de remolc per una unitat ciclista fora dels casos o condicions establides legalment i reglament\u00e0ria.<\/li>\n<li>Circular bicicletes convencionals, bicicletes el\u00e8ctriques i vehicles de mobilitat personal amb un seient addicional no homologat o fora dels casos permesos legalment i reglament\u00e0ria.<\/li>\n<li>Conduir bicicletes convencionals, bicicletes el\u00e8ctriques i vehicles de mobilitat personal en voreres o en altres zones en qu\u00e8 es troba prohibit conforme a esta Ordenan\u00e7a.<\/li>\n<li>Conduir un vehicle de mobilitat personal sense el segur requerit per esta Ordenan\u00e7a.<\/li>\n<li>Mancar les persones jur\u00eddiques dedicades al transport professional de persones o mercaderies i activitats econ\u00f2miques de vehicles de mobilitat personal, bicicletes o un altre cicle d&#8217;una asseguran\u00e7a de responsabilitat civil que cobrisca els danys a tercers, considerant-se tals els passatgers en el cas de transport de persones, i\/o sense disposar de la corresponent autoritzaci\u00f3 municipal.<\/li>\n<li>Conduir un vehicle dels regulats en la present Ordenan\u00e7a sense casc de protecci\u00f3, quan este resulte obligatori conforme a la present Ordenan\u00e7a.<\/li>\n<li>Circular m\u00e9s d&#8217;una persona en els vehicles de mobilitat personal.<\/li>\n<li>Conduir un vehicle de mobilitat personal sense tindre l&#8217;edat m\u00ednima establida en la present Ordenan\u00e7a.<\/li>\n<\/ol>\n<p>[\/vc_column_text][\/vc_tta_section][vc_tta_section title=&#8221;INFRACCIONS MOLT GREUS&#8221; tab_id=&#8221;1763984034693-d0e84370-b892&#8243;][vc_column_text css=&#8221;&#8221;]<strong>Es consideraran infraccions molt greus les seg\u00fcents conductes:<\/strong><\/p>\n<ol style=\"list-style-type: lower-alpha;\">\n<li>Conduir bicicletes convencionals, bicicletes el\u00e8ctriques i vehicles de mobilitat personal de manera temer\u00e0ria, provocant circumst\u00e0ncies de risc greu propi o per a tercers, i que puguen posar en perill a la resta d&#8217;usuaris\/as de la via.<\/li>\n<li>La conducci\u00f3 amb taxes d&#8217;alcohol superiors a les que reglament\u00e0riament s&#8217;establisquen o amb pres\u00e8ncia en l&#8217;organisme de drogues.<\/li>\n<li>Alterar les caracter\u00edstiques t\u00e8cniques, tant mec\u00e0niques com electr\u00f2niques, dels vehicles de mobilitat personal, de tal forma que augmente la seua velocitat m\u00e0xima.<\/li>\n<li>Circular amb un vehicle que manque de l&#8217;autoritzaci\u00f3 administrativa corresponent, amb una autoritzaci\u00f3 que no siga v\u00e0lida per no complir els requisits exigits reglament\u00e0riament o incomplint les condicions de l&#8217;autoritzaci\u00f3 administrativa que n&#8217;habilita la circulaci\u00f3.<\/li>\n<li>Conduir un vehicle de mobilitat personal sense l&#8217;asseguran\u00e7a requerida per esta Ordenan\u00e7a, en atenci\u00f3 a la gravetat del perju\u00ed causat, si \u00e9s el cas, la duraci\u00f3 de la falta d&#8217;assegurament i la reiteraci\u00f3 de la mateixa infracci\u00f3.<\/li>\n<li>L&#8217;incompliment de l&#8217;obligaci\u00f3 de tots els conductors de vehicles regulats en esta Ordenan\u00e7a a sotmetre&#8217;s a les proves per a la detecci\u00f3 d&#8217;alcohol o de pres\u00e8ncia de drogues que es practiquen pels agents de l&#8217;autoritat encarregats de la vigil\u00e0ncia del tr\u00e0nsit en l&#8217;exercici de les funcions que tenen encomanades.<\/li>\n<\/ol>\n<p>[\/vc_column_text][\/vc_tta_section][\/vc_tta_accordion][\/vc_column][\/vc_row][vc_row][vc_column][vc_btn title=&#8221;ORDENAN\u00c7A REGULADORA \u00daS DE VEHICLES PER A LA MOBILITAT INDIVIDUAL&#8221; style=&#8221;outline&#8221; color=&#8221;inverse&#8221; align=&#8221;left&#8221; i_icon_fontawesome=&#8221;fas fa-check-circle&#8221; css=&#8221;&#8221; add_icon=&#8221;true&#8221; link=&#8221;url:https%3A%2F%2Fwww.elche.es%2Fwp-content%2Fuploads%2F2025%2F12%2FOM_VMP-Elche-2025.pdf|&#8221;][\/vc_column][\/vc_row]<\/p>\n<\/div>","protected":false},"excerpt":{"rendered":"<p>[vc_row full_width=&#8221;stretch_row_content_no_spaces&#8221; css=&#8221;.vc_custom_1663588492163{background-position: center !important;background-repeat: no-repeat !important;background-size: cover !important;}&#8221; el_class=&#8221;cuadrocabecerafoto&#8221;][vc_column][vc_single_image image=&#8221;349860&#8243; img_size=&#8221;full&#8221; alignment=&#8221;center&#8221; css=&#8221;&#8221; el_class=&#8221;cabecerasolofoto&#8221;][\/vc_column][\/vc_row][vc_row full_width=&#8221;stretch_row&#8221; css=&#8221;.vc_custom_1475488224066{background-color: #dddde0 !important;}&#8221;][vc_column][vc_column_text][\/vc_column_text][\/vc_column][\/vc_row][vc_row css=&#8221;.vc_custom_1475488264405{padding-bottom: 40px !important;}&#8221; el_id=&#8221;bloque_basica&#8221;][vc_column][vc_column_text css=&#8221;&#8221;]ORDENAN\u00c7A REGULADORA \u00daS DE VEHICLES PER A [&hellip;]<\/p>\n","protected":false},"author":139,"featured_media":0,"parent":6723,"menu_order":0,"comment_status":"closed","ping_status":"closed","template":"","meta":{"footnotes":""},"class_list":["post-349787","page","type-page","status-publish","hentry"],"_links":{"self":[{"href":"https:\/\/www.elche.es\/va\/wp-json\/wp\/v2\/pages\/349787","targetHints":{"allow":["GET"]}}],"collection":[{"href":"https:\/\/www.elche.es\/va\/wp-json\/wp\/v2\/pages"}],"about":[{"href":"https:\/\/www.elche.es\/va\/wp-json\/wp\/v2\/types\/page"}],"author":[{"embeddable":true,"href":"https:\/\/www.elche.es\/va\/wp-json\/wp\/v2\/users\/139"}],"replies":[{"embeddable":true,"href":"https:\/\/www.elche.es\/va\/wp-json\/wp\/v2\/comments?post=349787"}],"version-history":[{"count":10,"href":"https:\/\/www.elche.es\/va\/wp-json\/wp\/v2\/pages\/349787\/revisions"}],"predecessor-version":[{"id":349875,"href":"https:\/\/www.elche.es\/va\/wp-json\/wp\/v2\/pages\/349787\/revisions\/349875"}],"up":[{"embeddable":true,"href":"https:\/\/www.elche.es\/va\/wp-json\/wp\/v2\/pages\/6723"}],"wp:attachment":[{"href":"https:\/\/www.elche.es\/va\/wp-json\/wp\/v2\/media?parent=349787"}],"curies":[{"name":"wp","href":"https:\/\/api.w.org\/{rel}","templated":true}]}}